{"id":2418,"date":"2018-09-10T18:58:45","date_gmt":"2018-09-10T21:58:45","guid":{"rendered":"http:\/\/sites.usp.br\/prolam\/?page_id=2418"},"modified":"2019-04-01T08:40:14","modified_gmt":"2019-04-01T11:40:14","slug":"programacao","status":"publish","type":"page","link":"https:\/\/sites.usp.br\/prolam\/programacao\/","title":{"rendered":"Hor\u00e1rios das Atividades"},"content":{"rendered":"<p>Hor\u00e1rio das atividades do<br \/>\nI Congresso Internacional Pensamento e Pesquisa sobre a Am\u00e9rica Latina<br \/>\nIII Simp\u00f3sio Internacional Pensar e Repensar a Am\u00e9rica Latina.<\/p>\n<p><a href=\"https:\/\/sites.usp.br\/prolam\/wp-content\/uploads\/sites\/35\/2019\/04\/quadro-da-programa\u00e7\u00e3o.jpg\"><img loading=\"lazy\" decoding=\"async\" class=\"alignnone size-medium wp-image-4245\" src=\"https:\/\/sites.usp.br\/prolam\/wp-content\/uploads\/sites\/35\/2019\/04\/quadro-da-programa\u00e7\u00e3o-300x219.jpg\" alt=\"\" width=\"300\" height=\"219\" srcset=\"https:\/\/sites.usp.br\/prolam\/wp-content\/uploads\/sites\/35\/2019\/04\/quadro-da-programa\u00e7\u00e3o-300x219.jpg 300w, https:\/\/sites.usp.br\/prolam\/wp-content\/uploads\/sites\/35\/2019\/04\/quadro-da-programa\u00e7\u00e3o-768x559.jpg 768w, https:\/\/sites.usp.br\/prolam\/wp-content\/uploads\/sites\/35\/2019\/04\/quadro-da-programa\u00e7\u00e3o-1024x746.jpg 1024w, https:\/\/sites.usp.br\/prolam\/wp-content\/uploads\/sites\/35\/2019\/04\/quadro-da-programa\u00e7\u00e3o-412x300.jpg 412w, https:\/\/sites.usp.br\/prolam\/wp-content\/uploads\/sites\/35\/2019\/04\/quadro-da-programa\u00e7\u00e3o-400x291.jpg 400w\" sizes=\"auto, (max-width: 300px) 100vw, 300px\" \/><\/a><\/p>\n<p>(amplie a tabela com um\u00a0 click em cima do gr\u00e1fico)<\/p>\n<p><!--more-->Acompanhe conosco as principais atividades do <span style=\"text-decoration: underline;\"><strong><a href=\"https:\/\/sites.usp.br\/prolam\/congresso-internacional-pensamento-e-pesquisa-sobre-america-latina\/\">I Congresso Internacional Pensamento e Pesquisa sobre a Am\u00e9rica Latina<\/a><\/strong><\/span> e do<span style=\"text-decoration: underline;\"><strong><a href=\"https:\/\/sites.usp.br\/prolam\/iii-simposio-internacional-pensar-e-repensar-america-latina\/\"> III Simp\u00f3sio Internacional Pensar e Repensar a Am\u00e9rica Latina<\/a><\/strong><\/span><\/p>\n<p><strong><a href=\"http:\/\/sites.usp.br\/prolam\/programacao\/conferencias\/\">Confer\u00eancias<\/a><\/strong><\/p>\n<p><strong><a href=\"http:\/\/sites.usp.br\/prolam\/programacao\/mesas-redondas\/\">Mesas Redondas<\/a><\/strong><\/p>\n<p><strong><a href=\"https:\/\/sites.usp.br\/prolam\/forum-permanente\/\">F\u00f3rum dos Programas de P\u00f3s-gradua\u00e7\u00e3o<\/a><\/strong><\/p>\n<p><strong><a href=\"http:\/\/sites.usp.br\/prolam\/programacao\/cursos-de-curta-duracao\/\">Cursos de Curta Dura\u00e7\u00e3o<\/a><\/strong><\/p>\n<p><strong><a href=\"http:\/\/sites.usp.br\/prolam\/programacao\/seminarios-de-pesquisa\/\">Semin\u00e1rios de Pesquisa<\/a><\/strong><\/p>\n<p><strong><a href=\"http:\/\/sites.usp.br\/prolam\/programacao\/lancamento-de-livros\/\">Lan\u00e7amento de Livros<\/a><\/strong><\/p>","protected":false},"excerpt":{"rendered":"<p>Hor\u00e1rio das atividades do I Congresso Internacional Pensamento e Pesquisa sobre a Am\u00e9rica Latina III Simp\u00f3sio Internacional Pensar e Repensar a Am\u00e9rica Latina. (amplie a tabela com um\u00a0 click em cima do gr\u00e1fico)<\/p>\n","protected":false},"author":318,"featured_media":0,"parent":0,"menu_order":4,"comment_status":"closed","ping_status":"closed","template":"","meta":{"footnotes":"","_links_to":"","_links_to_target":""},"class_list":["post-2418","page","type-page","status-publish","hentry"],"_links":{"self":[{"href":"https:\/\/sites.usp.br\/prolam\/wp-json\/wp\/v2\/pages\/2418","targetHints":{"allow":["GET"]}}],"collection":[{"href":"https:\/\/sites.usp.br\/prolam\/wp-json\/wp\/v2\/pages"}],"about":[{"href":"https:\/\/sites.usp.br\/prolam\/wp-json\/wp\/v2\/types\/page"}],"author":[{"embeddable":true,"href":"https:\/\/sites.usp.br\/prolam\/wp-json\/wp\/v2\/users\/318"}],"replies":[{"embeddable":true,"href":"https:\/\/sites.usp.br\/prolam\/wp-json\/wp\/v2\/comments?post=2418"}],"version-history":[{"count":4,"href":"https:\/\/sites.usp.br\/prolam\/wp-json\/wp\/v2\/pages\/2418\/revisions"}],"predecessor-version":[{"id":4246,"href":"https:\/\/sites.usp.br\/prolam\/wp-json\/wp\/v2\/pages\/2418\/revisions\/4246"}],"wp:attachment":[{"href":"https:\/\/sites.usp.br\/prolam\/wp-json\/wp\/v2\/media?parent=2418"}],"curies":[{"name":"wp","href":"https:\/\/api.w.org\/{rel}","templated":true}]}}