{"id":2428,"date":"2018-09-10T19:06:10","date_gmt":"2018-09-10T22:06:10","guid":{"rendered":"http:\/\/sites.usp.br\/prolam\/?page_id=2428"},"modified":"2019-06-03T09:14:01","modified_gmt":"2019-06-03T12:14:01","slug":"seminarios-de-pesquisa","status":"publish","type":"page","link":"https:\/\/sites.usp.br\/prolam\/programacao\/seminarios-de-pesquisa\/","title":{"rendered":"Semin\u00e1rios de Pesquisa"},"content":{"rendered":"<p><strong><span style=\"color: #ff0000;\">ATEN\u00c7\u00c3O: O prazo de dep\u00f3sito de trabalhos completos foi prorrogado!!!<\/span><br \/>\n<span style=\"color: #ff0000;\">Nova data: 15 de junho de 2019<\/span><br \/>\nPara colocar seu trabalho completo entre nos <span style=\"color: #0000ff;\"><a style=\"color: #0000ff;\" href=\"https:\/\/sites.usp.br\/prolam\/?page_id=3440\">Anais<\/a><\/span>.<br \/>\n<\/strong><!--more--><\/p>\n<p><b>Confira os conte\u00fados dos <\/b><strong>Semin\u00e1rios de Pesquisa<\/strong><b>\u00a0(SP) do<br \/>\nI Congresso Internacional Pensamento e Pesquisa sobre a Am\u00e9rica Latina<br \/>\n(I CIPPAL)<\/b><\/p>\n<p style=\"text-align: right;\"><a href=\"https:\/\/sites.usp.br\/prolam\/wp-content\/uploads\/sites\/35\/2019\/05\/CADERNO-DE-RESUMOS_III-SIMP%C3%93SIO-PENSAR-E-REPENSAR-A-AM%C3%89RICA-LATINA.pdf\"><span style=\"color: #0000ff;\"><strong>Caderno de resumos (ISBN) (e-book)<\/strong><\/span><\/a><br \/>\n<span style=\"text-decoration: underline; color: #0000ff;\"><a style=\"color: #0000ff;\" href=\"https:\/\/sites.usp.br\/prolam\/wp-content\/uploads\/sites\/35\/2019\/05\/PROGRAMA%C3%87%C3%83O-CIPPAL_SIPPAL2.pdf\"><strong>Programa\u00e7\u00e3o geral<\/strong><\/a><br \/>\n<\/span><span style=\"color: #0000ff;\"><a style=\"color: #0000ff;\" href=\"http:\/\/conferencias.fflch.usp.br\/cippal\/Inscricoes\/schedConf\/schedule\"><span style=\"text-decoration: underline;\"><strong>Salas e Hor\u00e1rios\u00a0<\/strong><\/span><\/a><\/span>(Agenda geral)<span style=\"text-decoration: underline; color: #0000ff;\"><br \/>\n<\/span><\/p>\n<p><strong>SEMIN\u00c1RIO 1<\/strong><br \/>\n<a href=\"http:\/\/sites.usp.br\/prolam\/?page_id=2554\"><strong><span style=\"color: #000080;\"><span style=\"color: #0000ff;\">Emancipa\u00e7\u00e3o Social na Am\u00e9rica Latina: Lutas sociais, lutas pol\u00edticas e lutas intelectuais<\/span><\/span><\/strong><\/a><\/p>\n<p style=\"text-align: right;\"><a href=\"https:\/\/sites.usp.br\/prolam\/seminario-de-pesquisa-1-trabalhos-aprovados\/\"><span style=\"color: #3366ff;\"><span style=\"text-decoration: underline;\">Trabalhos aprovados<\/span><\/span><\/a><br \/>\nSalas: 118 (Ci\u00eancias Pol\u00edticas), 266 (Lapel\/Letras)<\/p>\n<p><strong>SEMIN\u00c1RIO 2<\/strong><br \/>\n<a href=\"http:\/\/sites.usp.br\/prolam\/?page_id=2556\"><strong><span style=\"color: #0000ff;\">Pensamento Pol\u00edtico e Social na Am\u00e9rica Latina<\/span><\/strong><\/a><\/p>\n<p style=\"text-align: right;\"><a href=\"https:\/\/sites.usp.br\/prolam\/seminario-de-pesquisa-2-trabalhos-aprovados\/\"><span style=\"color: #3366ff;\"><span style=\"text-decoration: underline;\">Trabalhos aprovados<\/span><\/span><\/a><br \/>\nSalas: 12 (Hist\u00f3ria), 130 (Letras), 131 (Letras)<\/p>\n<p><strong>SEMIN\u00c1RIO 3<br \/>\n<\/strong><a style=\"font-weight: 300;\" href=\"http:\/\/sites.usp.br\/prolam\/?page_id=2558\"><strong><span style=\"color: #0000ff;\">Afrolatinoam\u00e9rica e Caribe: racializa\u00e7\u00e3o, insurg\u00eancias pol\u00edticas e epist\u00eamicas<\/span><\/strong><\/a><\/p>\n<p style=\"text-align: right;\"><a href=\"https:\/\/sites.usp.br\/prolam\/seminario-de-pesquisa-3-trabalhos-aprovados\/\"><span style=\"color: #3366ff;\"><span style=\"text-decoration: underline;\">Trabalhos aprovados<\/span><\/span><\/a><br \/>\nSalas: 10 (Hist\u00f3ria), 10 (Geografia)<\/p>\n<p><strong>SEMIN\u00c1RIO 4<\/strong><br \/>\n<a href=\"http:\/\/sites.usp.br\/prolam\/?page_id=2560\"><strong><span style=\"color: #0000ff;\">Marxismo em movimento: interpreta\u00e7\u00f5es e experi\u00eancias de resist\u00eancia na atual conjuntura latino-americana<\/span><\/strong><\/a><\/p>\n<p style=\"text-align: right;\"><a href=\"https:\/\/sites.usp.br\/prolam\/seminario-de-pesquisa-4-trabalhos-aprovados\/\"><span style=\"color: #3366ff;\"><span style=\"text-decoration: underline;\">Trabalhos aprovados<\/span><\/span><\/a><br \/>\nSala: 19 (Hist\u00f3ria)<\/p>\n<p><strong>SEMIN\u00c1RIO 5<\/strong><br \/>\n<a href=\"http:\/\/sites.usp.br\/prolam\/?page_id=2562\"><strong><span style=\"color: #0000ff;\">Diversidade de G\u00eanero e Diversidade Sexual na Am\u00e9rica Latina<\/span><\/strong><\/a><\/p>\n<p style=\"text-align: right;\"><span style=\"color: #3366ff;\"><a style=\"color: #3366ff;\" href=\"https:\/\/sites.usp.br\/prolam\/seminario-de-pesquisa-5-trabalhos-aprovados\/\"><span style=\"text-decoration: underline;\">Trabalhos aprovados<\/span><\/a><br \/>\n<span style=\"color: #000000;\">Salas: 21 (Hist\u00f3ria), 23 (Hist\u00f3ria), 103 (Letras)<\/span><\/span><\/p>\n<p><strong>SEMIN\u00c1RIO 6<\/strong><br \/>\n<a href=\"http:\/\/sites.usp.br\/prolam\/?page_id=2564\"><strong><span style=\"color: #0000ff;\">Estado e Atores Institucionais de Integra\u00e7\u00e3o Regional<\/span><\/strong><\/a><\/p>\n<p style=\"text-align: right;\"><span style=\"color: #3366ff;\"><a style=\"color: #3366ff;\" href=\"https:\/\/sites.usp.br\/prolam\/seminario-de-pesquisa-6-trabalhos-aprovados\/\"><span style=\"text-decoration: underline;\">Trabalhos aprovados<\/span><\/a><br \/>\n<span style=\"color: #000000;\">Salas: 11 (Geografia), 11 (Hist\u00f3ria)<\/span><\/span><\/p>\n<p><strong>SEMIN\u00c1RIO 7<\/strong><br \/>\n<a href=\"http:\/\/sites.usp.br\/prolam\/?page_id=2566\"><strong><span style=\"color: #0000ff;\">Hist\u00f3ria das Rela\u00e7\u00f5es Internacionais na Am\u00e9rica Latina<\/span><\/strong><\/a><\/p>\n<p style=\"text-align: right;\"><span style=\"color: #3366ff;\"><a style=\"color: #3366ff;\" href=\"https:\/\/sites.usp.br\/prolam\/seminario-de-pesquisa-6-trabalhos-aprovados\/\"><span style=\"text-decoration: underline;\">Trabalhos aprovados<\/span><\/a><br \/>\n<span style=\"color: #000000;\">Salas: 113 (Sociais), 223 (Letras), 261 (Lapel\/Letras)<\/span><\/span><\/p>\n<p><strong>SEMIN\u00c1RIO 8<br \/>\n<\/strong><a href=\"http:\/\/sites.usp.br\/prolam\/?page_id=2599\"><strong><span style=\"color: #0000ff;\">Pol\u00edtica Externa e Rela\u00e7\u00f5es Internacionais da Am\u00e9rica Latina<\/span><\/strong><\/a><\/p>\n<p style=\"text-align: right;\"><span style=\"color: #3366ff;\"><a style=\"color: #3366ff;\" href=\"https:\/\/sites.usp.br\/prolam\/seminario-de-pesquisa-8-trabalhos-aprovados\/\"><span style=\"text-decoration: underline;\">Trabalho aprovado<\/span><\/a><br \/>\n<span style=\"color: #000000;\">Sala: 8 (Geografia)<\/span><\/span><\/p>\n<p><strong>SEMIN\u00c1RIO 9<\/strong><br \/>\n<a href=\"http:\/\/sites.usp.br\/prolam\/?page_id=2568\"><strong><span style=\"color: #0000ff;\">Psicologia, Sociedade e Educa\u00e7\u00e3o na Am\u00e9rica Latina<\/span><\/strong><\/a><\/p>\n<p style=\"text-align: right;\"><span style=\"color: #3366ff;\"><a style=\"color: #3366ff;\" href=\"https:\/\/sites.usp.br\/prolam\/seminario-de-pesquisa-9-trabalhos-aprovados\/\"><span style=\"text-decoration: underline;\">Trabalhos aprovados<\/span><\/a><br \/>\n<span style=\"color: #000000;\">Salas: 16 (Hist\u00f3ria), 131 (Letras), 132 (Letras)<\/span><\/span><\/p>\n<p><strong>SEMIN\u00c1RIO 10<br \/>\n<\/strong><a href=\"http:\/\/sites.usp.br\/prolam\/?page_id=2570\"><strong><span style=\"color: #0000ff;\">Repensando a Am\u00e9rica Latina atrav\u00e9s da \u00f3tica dos deslocamentos, despossess\u00e3o e viol\u00eancias<\/span><\/strong><\/a><\/p>\n<p style=\"text-align: right;\"><span style=\"color: #3366ff;\"><a style=\"color: #3366ff;\" href=\"https:\/\/sites.usp.br\/prolam\/seminario-de-pesquisa-10-trabalhos-aprovados\/\"><span style=\"text-decoration: underline;\">Trabalhos aprovados<\/span><\/a><br \/>\n<span style=\"color: #000000;\">Salas: 12 (Sociais), 108 (Letras)<\/span><\/span><\/p>\n<p><strong>SEMIN\u00c1RIO 11<\/strong><br \/>\n<a href=\"http:\/\/sites.usp.br\/prolam\/?page_id=2572\"><strong><span style=\"color: #0000ff;\">Avan\u00e7os e Retrocessos na Am\u00e9rica Latina: Democracias, Ditaduras e Direitos Humanos\u00a0<\/span><\/strong><\/a><\/p>\n<p style=\"text-align: right;\"><span style=\"color: #3366ff;\"><a style=\"color: #3366ff;\" href=\"https:\/\/sites.usp.br\/prolam\/seminario-de-pesquisa-11-trabalhos-aprovados\/\"><span style=\"text-decoration: underline;\">Trabalhos Aprovados<\/span><\/a><br \/>\n<span style=\"color: #000000;\">Salas: 103 (Letras), 10 (Ci\u00eancias Pol\u00edticas)<\/span><\/span><\/p>\n<p><strong>SEMIN\u00c1RIO 12<\/strong><br \/>\n<a href=\"http:\/\/sites.usp.br\/prolam\/?page_id=2574\"><strong><span style=\"color: #0000ff;\">Povos Ind\u00edgenas na Am\u00e9rica Latina: Formas de Exist\u00eancia, Descoloniza\u00e7\u00e3o e Cosmopol\u00edtica<\/span><\/strong><\/a><\/p>\n<p style=\"text-align: right;\"><span style=\"color: #3366ff;\"><a style=\"color: #3366ff;\" href=\"https:\/\/sites.usp.br\/prolam\/seminario-de-pesquisa-12-trabalhos-aprovados\/\"><span style=\"text-decoration: underline;\">Trabalhos aprovados<\/span><\/a><br \/>\n<span style=\"color: #000000;\">Salas: 262 (Lapel\/Letras), 100 (Sociais)<\/span><\/span><\/p>\n<p><strong>SEMIN\u00c1RIO 13<br \/>\n<\/strong><a href=\"http:\/\/sites.usp.br\/prolam\/?page_id=2576\"><strong><span style=\"color: #0000ff;\">Combate \u00e0 Corrup\u00e7\u00e3o no Contexto Latino-americano<\/span><\/strong><\/a><\/p>\n<p style=\"text-align: right;\"><span style=\"color: #3366ff;\"><a style=\"color: #3366ff;\" href=\"https:\/\/sites.usp.br\/prolam\/seminario-de-pesquisa-13-trabalhos-aprovados\/\"><span style=\"text-decoration: underline;\">Trabalhos aprovados<\/span><\/a><br \/>\n<span style=\"color: #000000;\">Sala: 10 (Hist\u00f3ria)<\/span><\/span><\/p>\n<p><strong>SEMIN\u00c1RIO 14<br \/>\n<\/strong><a href=\"http:\/\/sites.usp.br\/prolam\/?page_id=2579\"><strong><span style=\"color: #0000ff;\">O Campo e a Cidade na Am\u00e9rica Latina<\/span><\/strong><\/a><\/p>\n<p style=\"text-align: right;\"><span style=\"color: #3366ff;\"><a style=\"color: #3366ff;\" href=\"https:\/\/sites.usp.br\/prolam\/seminario-de-pesquisa-14-trabalhos-aprovados\/\"><span style=\"text-decoration: underline;\">Trabalhos aprovados<\/span><\/a><br \/>\n<span style=\"color: #000000;\">Salas: 104 (Letras), Aud. F. Braudel (Hist\u00f3ria)<\/span><\/span><\/p>\n<p><strong>SEMIN\u00c1RIO 15<\/strong><br \/>\n<a href=\"http:\/\/sites.usp.br\/prolam\/?page_id=2581\"><strong><span style=\"color: #0000ff;\">Habitat, Cidadania e Participa\u00e7\u00e3o em Am\u00e9rica Latina<\/span><\/strong><\/a><\/p>\n<p style=\"text-align: right;\"><span style=\"color: #3366ff;\"><a style=\"color: #3366ff;\" href=\"https:\/\/sites.usp.br\/prolam\/seminario-de-pesquisa-15-trabalhos-aprovados\/\"><span style=\"text-decoration: underline;\">Trabalhos aprovados<\/span><\/a><br \/>\n<span style=\"color: #000000;\">Salas: 15 (Hist\u00f3ria), 263 (Lapel\/Letras)<\/span><\/span><\/p>\n<p><strong>SEMIN\u00c1RIO 16<br \/>\n<\/strong><a href=\"http:\/\/sites.usp.br\/prolam\/?page_id=2583\"><strong><span style=\"color: #0000ff;\">O Patrim\u00f4nio Cultural\u00a0 Latino-americano nas M\u00eddias\u00a0: Identidades, Integra\u00e7\u00e3o\u00a0 e Desenvolvimento<\/span><\/strong><\/a><\/p>\n<p style=\"text-align: right;\"><span style=\"color: #3366ff;\"><a style=\"color: #3366ff;\" href=\"https:\/\/sites.usp.br\/prolam\/seminario-pesquisa-16-trabalhos-aprovados\/\"><span style=\"text-decoration: underline;\">Trabalhos aprovados<\/span><\/a><br \/>\n<span style=\"color: #000000;\">Salas: 19 (Hist\u00f3ria), 106 (Letras)<\/span><\/span><\/p>\n<p><strong>SEMIN\u00c1RIO 17<br \/>\n<\/strong><a href=\"http:\/\/sites.usp.br\/prolam\/?page_id=2585\"><strong><span style=\"color: #0000ff;\">Hist\u00f3ria, Literatura e Sociedade na Am\u00e9rica Latina<\/span><\/strong><\/a><\/p>\n<p style=\"text-align: right;\"><span style=\"color: #3366ff;\"><a style=\"color: #3366ff;\" href=\"https:\/\/sites.usp.br\/prolam\/seminario-de-pesquisa-17-trabalho-aprovados\/\"><span style=\"text-decoration: underline;\">Trabalhos aprovados<\/span><\/a><br \/>\n<span style=\"color: #000000;\">Salas:\u00a013\/Ilana (Hist\u00f3ria), 111 (Letras), 134 (Letras)<\/span><\/span><\/p>\n<p><strong>SEMIN\u00c1RIO 18<br \/>\n<\/strong><a href=\"http:\/\/sites.usp.br\/prolam\/?page_id=2587\"><strong><span style=\"color: #0000ff;\">Arte e Pr\u00e1ticas Culturais na Am\u00e9rica Latina<\/span><\/strong><\/a><\/p>\n<p style=\"text-align: right;\"><span style=\"color: #3366ff;\"><a style=\"color: #3366ff;\" href=\"https:\/\/sites.usp.br\/prolam\/seminario-de-pesquisa-17-trabalho-aprovados\/\"><span style=\"text-decoration: underline;\">Trabalhos aprovados<\/span><\/a><br \/>\n<span style=\"color: #000000;\">Salas: 101 (Sociais), 102 (Sociais), 111 (Sociais)<\/span><br \/>\n<span style=\"color: #000000;\">102 (Letras), 107 (Letras)<\/span><\/span><\/p>\n<p><strong>SEMIN\u00c1RIO 19<br \/>\n<\/strong><a href=\"http:\/\/sites.usp.br\/prolam\/?page_id=2589\"><strong><span style=\"color: #0000ff;\">Est\u00e9tica, Filosofia, Cinema na Am\u00e9rica Latina<\/span><\/strong><\/a><\/p>\n<p style=\"text-align: right;\"><span style=\"color: #3366ff;\"><a style=\"color: #3366ff;\" href=\"https:\/\/sites.usp.br\/prolam\/seminario-de-pesquisa-19-trabalhos-aprovados\/\"><span style=\"text-decoration: underline;\">Trabalhos aprovados<\/span><\/a><br \/>\n<span style=\"color: #000000;\">Sala: V\u00eddeo (Geografia)<\/span><\/span><\/p>\n<p><strong>SEMIN\u00c1RIO 20<br \/>\n<\/strong><a href=\"http:\/\/sites.usp.br\/prolam\/?page_id=2591\"><strong><span style=\"color: #0000ff;\">Novas Rela\u00e7\u00f5es de Trabalho e Direitos Sociais<\/span><\/strong><\/a><\/p>\n<p style=\"text-align: right;\"><span style=\"color: #3366ff;\"><a style=\"color: #3366ff;\" href=\"https:\/\/sites.usp.br\/prolam\/seminario-de-pesquisa-20-trabalhos-aprovados\/\"><span style=\"text-decoration: underline;\">Trabalhos aprovados<\/span><\/a><br \/>\n<span style=\"color: #000000;\">Sala: 11 (Hist\u00f3ria)<\/span><\/span><\/p>\n<p><strong>SEMIN\u00c1RIO 21<br \/>\n<\/strong><a href=\"http:\/\/sites.usp.br\/prolam\/?page_id=2593\"><strong><span style=\"color: #0000ff;\">Neopopulismo, Populismo e trabalhismo na Am\u00e9rica Latina: perman\u00eancias e rupturas.<\/span><\/strong><\/a><\/p>\n<p style=\"text-align: right;\"><span style=\"color: #3366ff;\"><a style=\"color: #3366ff;\" href=\"https:\/\/sites.usp.br\/prolam\/seminario-de-pesquisa-21-trabalhos-aprovados\/\"><span style=\"text-decoration: underline;\">Trabalhos aprovados<\/span><\/a><br \/>\n<span style=\"color: #000000;\">Salas: 10 (Hist\u00f3ria), 19 (Hist\u00f3ria)<\/span><\/span><\/p>\n<p><strong>SEMIN\u00c1RIO 22<br \/>\n<\/strong><a href=\"http:\/\/sites.usp.br\/prolam\/?page_id=2595\"><strong><span style=\"color: #0000ff;\">Economia Pol\u00edtica na Am\u00e9rica Latina<\/span><\/strong><\/a><\/p>\n<p style=\"text-align: right;\"><span style=\"color: #3366ff;\"><a style=\"color: #3366ff;\" href=\"https:\/\/sites.usp.br\/prolam\/seminario-de-pesquisa-22-trabalhos-aprovados\/\"><span style=\"text-decoration: underline;\">Trabalhos aprovados<\/span><\/a><br \/>\n<span style=\"color: #000000;\">Salas: 12 (Hist\u00f3ria), 21 (Hist\u00f3ria)<\/span><\/span><\/p>\n<p><strong>SEMIN\u00c1RIO 23<br \/>\n<\/strong><a href=\"http:\/\/sites.usp.br\/prolam\/?page_id=2597\"><strong><span style=\"color: #0000ff;\">Pol\u00edticas P\u00fablicas e Neoliberalismo na Am\u00e9rica Latina: novas din\u00e2micas no s\u00e9culo XXI<\/span><\/strong><\/a><\/p>\n<p style=\"text-align: right;\"><span style=\"color: #3366ff;\"><a style=\"color: #3366ff;\" href=\"https:\/\/sites.usp.br\/prolam\/seminario-de-pesquisa-23-trabalhos-aprovados\/\"><span style=\"text-decoration: underline;\">Trabalhos aprovados<\/span><\/a><br \/>\n<span style=\"color: #000000;\">Sala: 6 (Geografia)<\/span><\/span><\/p>\n<p><strong>SEMIN\u00c1RIO 24<br \/>\n<\/strong><strong><a href=\"http:\/\/sites.usp.br\/prolam\/?page_id=2942&amp;preview=true\"><span style=\"color: #0000ff;\">Democracia e Direitos na Am\u00e9rica Latina: crises, consolida\u00e7\u00e3o e luta por direitos<\/span><\/a><\/strong><\/p>\n<p style=\"text-align: right;\"><span style=\"color: #3366ff;\"><a style=\"color: #3366ff;\" href=\"https:\/\/sites.usp.br\/prolam\/4498-2\/\"><span style=\"text-decoration: underline;\">Trabalhos aprovados<\/span><\/a><br \/>\n<span style=\"color: #000000;\">Sala: 10 (Geografia)<\/span><\/span><\/p>\n<p><strong>SEMIN\u00c1RIO 25<br \/>\n<\/strong><a href=\"http:\/\/sites.usp.br\/prolam\/?page_id=1620\"><strong><span style=\"color: #0000ff;\">Di\u00e1logos sobre o patrim\u00f4nio cultural latino-americano: pr\u00e1ticas, agentes, circuitos<\/span><\/strong><\/a><\/p>\n<p style=\"text-align: right;\"><a href=\"https:\/\/sites.usp.br\/prolam\/seminario-de-pesquisa-25-trabalhos-aprovados\/\"><span style=\"color: #3366ff;\"><span style=\"text-decoration: underline;\">Trabalhos aprovados<\/span><\/span><\/a><br \/>\nSala: 11 (Geografia)<\/p>\n<p><\/p>","protected":false},"excerpt":{"rendered":"<p>ATEN\u00c7\u00c3O: O prazo de dep\u00f3sito de trabalhos completos foi prorrogado!!! Nova data: 15 de junho de 2019 Para colocar seu trabalho completo entre nos Anais.<\/p>\n","protected":false},"author":318,"featured_media":0,"parent":2418,"menu_order":0,"comment_status":"closed","ping_status":"closed","template":"","meta":{"footnotes":"","_links_to":"","_links_to_target":""},"class_list":["post-2428","page","type-page","status-publish","hentry"],"_links":{"self":[{"href":"https:\/\/sites.usp.br\/prolam\/wp-json\/wp\/v2\/pages\/2428","targetHints":{"allow":["GET"]}}],"collection":[{"href":"https:\/\/sites.usp.br\/prolam\/wp-json\/wp\/v2\/pages"}],"about":[{"href":"https:\/\/sites.usp.br\/prolam\/wp-json\/wp\/v2\/types\/page"}],"author":[{"embeddable":true,"href":"https:\/\/sites.usp.br\/prolam\/wp-json\/wp\/v2\/users\/318"}],"replies":[{"embeddable":true,"href":"https:\/\/sites.usp.br\/prolam\/wp-json\/wp\/v2\/comments?post=2428"}],"version-history":[{"count":6,"href":"https:\/\/sites.usp.br\/prolam\/wp-json\/wp\/v2\/pages\/2428\/revisions"}],"predecessor-version":[{"id":4790,"href":"https:\/\/sites.usp.br\/prolam\/wp-json\/wp\/v2\/pages\/2428\/revisions\/4790"}],"up":[{"embeddable":true,"href":"https:\/\/sites.usp.br\/prolam\/wp-json\/wp\/v2\/pages\/2418"}],"wp:attachment":[{"href":"https:\/\/sites.usp.br\/prolam\/wp-json\/wp\/v2\/media?parent=2428"}],"curies":[{"name":"wp","href":"https:\/\/api.w.org\/{rel}","templated":true}]}}