{"id":2433,"date":"2018-09-10T19:08:40","date_gmt":"2018-09-10T22:08:40","guid":{"rendered":"http:\/\/sites.usp.br\/prolam\/?page_id=2433"},"modified":"2019-05-02T07:27:54","modified_gmt":"2019-05-02T10:27:54","slug":"lancamento-de-livros","status":"publish","type":"page","link":"https:\/\/sites.usp.br\/prolam\/programacao\/lancamento-de-livros\/","title":{"rendered":"Sess\u00e3o de Lan\u00e7amento de Livros e noite de Aut\u00f3grafos"},"content":{"rendered":"<p><span style=\"color: #008000;\"><strong>Local: Audit\u00f3rio Milton Santos (Geografia)<\/strong><\/span><br \/>\n<span style=\"color: #008000;\"><strong>\u00a0 \u00a0 \u00a0 \u00a0 \u00a0 \u00a0 Faculdade de Filosofia, Letras e Ci\u00eancias Humanas (FFLCH)<\/strong><\/span><br \/>\n<span style=\"color: #008000;\"><strong>\u00a0 \u00a0 \u00a0 \u00a0 \u00a0 \u00a0 Universidade de S\u00e3o Paulo<br \/>\n<\/strong><\/span><span style=\"color: #008000;\"><strong>Data: 7 de maio de 2019 \u00e0s 19h\u00a0<\/strong><\/span><\/p>\n<p><strong>Confira abaixo as obras que ser\u00e3o lan\u00e7adas!<\/strong><\/p>\n<p><a href=\"https:\/\/sites.usp.br\/prolam\/wp-content\/uploads\/sites\/35\/2019\/04\/Livro-1-1.jpg\"><img loading=\"lazy\" decoding=\"async\" class=\"alignnone size-medium wp-image-4549\" src=\"https:\/\/sites.usp.br\/prolam\/wp-content\/uploads\/sites\/35\/2019\/04\/Livro-1-1-300x169.jpg\" alt=\"\" width=\"300\" height=\"169\" srcset=\"https:\/\/sites.usp.br\/prolam\/wp-content\/uploads\/sites\/35\/2019\/04\/Livro-1-1-300x169.jpg 300w, https:\/\/sites.usp.br\/prolam\/wp-content\/uploads\/sites\/35\/2019\/04\/Livro-1-1-768x432.jpg 768w, https:\/\/sites.usp.br\/prolam\/wp-content\/uploads\/sites\/35\/2019\/04\/Livro-1-1-1024x576.jpg 1024w, https:\/\/sites.usp.br\/prolam\/wp-content\/uploads\/sites\/35\/2019\/04\/Livro-1-1-500x281.jpg 500w, https:\/\/sites.usp.br\/prolam\/wp-content\/uploads\/sites\/35\/2019\/04\/Livro-1-1-310x174.jpg 310w, https:\/\/sites.usp.br\/prolam\/wp-content\/uploads\/sites\/35\/2019\/04\/Livro-1-1-400x225.jpg 400w, https:\/\/sites.usp.br\/prolam\/wp-content\/uploads\/sites\/35\/2019\/04\/Livro-1-1.jpg 1280w\" sizes=\"auto, (max-width: 300px) 100vw, 300px\" \/><\/a><\/p>\n<p><a href=\"https:\/\/sites.usp.br\/prolam\/wp-content\/uploads\/sites\/35\/2019\/04\/Livro-13.jpg\"><img loading=\"lazy\" decoding=\"async\" class=\"alignnone size-medium wp-image-4562\" src=\"https:\/\/sites.usp.br\/prolam\/wp-content\/uploads\/sites\/35\/2019\/04\/Livro-13-300x169.jpg\" alt=\"\" width=\"300\" height=\"169\" srcset=\"https:\/\/sites.usp.br\/prolam\/wp-content\/uploads\/sites\/35\/2019\/04\/Livro-13-300x169.jpg 300w, https:\/\/sites.usp.br\/prolam\/wp-content\/uploads\/sites\/35\/2019\/04\/Livro-13-768x432.jpg 768w, https:\/\/sites.usp.br\/prolam\/wp-content\/uploads\/sites\/35\/2019\/04\/Livro-13-1024x576.jpg 1024w, https:\/\/sites.usp.br\/prolam\/wp-content\/uploads\/sites\/35\/2019\/04\/Livro-13-500x281.jpg 500w, https:\/\/sites.usp.br\/prolam\/wp-content\/uploads\/sites\/35\/2019\/04\/Livro-13-310x174.jpg 310w, https:\/\/sites.usp.br\/prolam\/wp-content\/uploads\/sites\/35\/2019\/04\/Livro-13-400x225.jpg 400w, https:\/\/sites.usp.br\/prolam\/wp-content\/uploads\/sites\/35\/2019\/04\/Livro-13.jpg 1280w\" sizes=\"auto, (max-width: 300px) 100vw, 300px\" \/><\/a> <a href=\"https:\/\/sites.usp.br\/prolam\/wp-content\/uploads\/sites\/35\/2019\/04\/Livro-12.jpg\"><img loading=\"lazy\" decoding=\"async\" class=\"alignnone size-medium wp-image-4561\" src=\"https:\/\/sites.usp.br\/prolam\/wp-content\/uploads\/sites\/35\/2019\/04\/Livro-12-300x169.jpg\" alt=\"\" width=\"300\" height=\"169\" srcset=\"https:\/\/sites.usp.br\/prolam\/wp-content\/uploads\/sites\/35\/2019\/04\/Livro-12-300x169.jpg 300w, https:\/\/sites.usp.br\/prolam\/wp-content\/uploads\/sites\/35\/2019\/04\/Livro-12-768x432.jpg 768w, https:\/\/sites.usp.br\/prolam\/wp-content\/uploads\/sites\/35\/2019\/04\/Livro-12-1024x576.jpg 1024w, https:\/\/sites.usp.br\/prolam\/wp-content\/uploads\/sites\/35\/2019\/04\/Livro-12-500x281.jpg 500w, https:\/\/sites.usp.br\/prolam\/wp-content\/uploads\/sites\/35\/2019\/04\/Livro-12-310x174.jpg 310w, https:\/\/sites.usp.br\/prolam\/wp-content\/uploads\/sites\/35\/2019\/04\/Livro-12-400x225.jpg 400w, https:\/\/sites.usp.br\/prolam\/wp-content\/uploads\/sites\/35\/2019\/04\/Livro-12.jpg 1280w\" sizes=\"auto, (max-width: 300px) 100vw, 300px\" \/><\/a><a href=\"https:\/\/sites.usp.br\/prolam\/wp-content\/uploads\/sites\/35\/2019\/04\/Livro-21.jpg\"><img loading=\"lazy\" decoding=\"async\" class=\"alignnone size-medium wp-image-4636\" src=\"https:\/\/sites.usp.br\/prolam\/wp-content\/uploads\/sites\/35\/2019\/04\/Livro-21-300x169.jpg\" alt=\"\" width=\"300\" height=\"169\" srcset=\"https:\/\/sites.usp.br\/prolam\/wp-content\/uploads\/sites\/35\/2019\/04\/Livro-21-300x169.jpg 300w, https:\/\/sites.usp.br\/prolam\/wp-content\/uploads\/sites\/35\/2019\/04\/Livro-21-768x432.jpg 768w, https:\/\/sites.usp.br\/prolam\/wp-content\/uploads\/sites\/35\/2019\/04\/Livro-21-1024x576.jpg 1024w, https:\/\/sites.usp.br\/prolam\/wp-content\/uploads\/sites\/35\/2019\/04\/Livro-21-500x281.jpg 500w, https:\/\/sites.usp.br\/prolam\/wp-content\/uploads\/sites\/35\/2019\/04\/Livro-21-310x174.jpg 310w, https:\/\/sites.usp.br\/prolam\/wp-content\/uploads\/sites\/35\/2019\/04\/Livro-21-400x225.jpg 400w, https:\/\/sites.usp.br\/prolam\/wp-content\/uploads\/sites\/35\/2019\/04\/Livro-21.jpg 1280w\" sizes=\"auto, (max-width: 300px) 100vw, 300px\" \/><\/a><a href=\"https:\/\/sites.usp.br\/prolam\/wp-content\/uploads\/sites\/35\/2019\/05\/Livro-23.jpg\"><img loading=\"lazy\" decoding=\"async\" class=\"alignnone size-medium wp-image-4640\" src=\"https:\/\/sites.usp.br\/prolam\/wp-content\/uploads\/sites\/35\/2019\/05\/Livro-23-300x169.jpg\" alt=\"\" width=\"300\" height=\"169\" srcset=\"https:\/\/sites.usp.br\/prolam\/wp-content\/uploads\/sites\/35\/2019\/05\/Livro-23-300x169.jpg 300w, https:\/\/sites.usp.br\/prolam\/wp-content\/uploads\/sites\/35\/2019\/05\/Livro-23-768x432.jpg 768w, https:\/\/sites.usp.br\/prolam\/wp-content\/uploads\/sites\/35\/2019\/05\/Livro-23-1024x576.jpg 1024w, https:\/\/sites.usp.br\/prolam\/wp-content\/uploads\/sites\/35\/2019\/05\/Livro-23-500x281.jpg 500w, https:\/\/sites.usp.br\/prolam\/wp-content\/uploads\/sites\/35\/2019\/05\/Livro-23-310x174.jpg 310w, https:\/\/sites.usp.br\/prolam\/wp-content\/uploads\/sites\/35\/2019\/05\/Livro-23-400x225.jpg 400w, https:\/\/sites.usp.br\/prolam\/wp-content\/uploads\/sites\/35\/2019\/05\/Livro-23.jpg 1280w\" sizes=\"auto, (max-width: 300px) 100vw, 300px\" \/><\/a><\/p>\n<p><a href=\"https:\/\/sites.usp.br\/prolam\/wp-content\/uploads\/sites\/35\/2019\/04\/Livro-11-1.jpg\"><img loading=\"lazy\" decoding=\"async\" class=\"alignnone size-medium wp-image-4559\" src=\"https:\/\/sites.usp.br\/prolam\/wp-content\/uploads\/sites\/35\/2019\/04\/Livro-11-1-300x169.jpg\" alt=\"\" width=\"300\" height=\"169\" srcset=\"https:\/\/sites.usp.br\/prolam\/wp-content\/uploads\/sites\/35\/2019\/04\/Livro-11-1-300x169.jpg 300w, https:\/\/sites.usp.br\/prolam\/wp-content\/uploads\/sites\/35\/2019\/04\/Livro-11-1-768x432.jpg 768w, https:\/\/sites.usp.br\/prolam\/wp-content\/uploads\/sites\/35\/2019\/04\/Livro-11-1-1024x576.jpg 1024w, https:\/\/sites.usp.br\/prolam\/wp-content\/uploads\/sites\/35\/2019\/04\/Livro-11-1-500x281.jpg 500w, https:\/\/sites.usp.br\/prolam\/wp-content\/uploads\/sites\/35\/2019\/04\/Livro-11-1-310x174.jpg 310w, https:\/\/sites.usp.br\/prolam\/wp-content\/uploads\/sites\/35\/2019\/04\/Livro-11-1-400x225.jpg 400w, https:\/\/sites.usp.br\/prolam\/wp-content\/uploads\/sites\/35\/2019\/04\/Livro-11-1.jpg 1280w\" sizes=\"auto, (max-width: 300px) 100vw, 300px\" \/><\/a> <a href=\"https:\/\/sites.usp.br\/prolam\/wp-content\/uploads\/sites\/35\/2019\/04\/Livro-10-1.jpg\"><img loading=\"lazy\" decoding=\"async\" class=\"alignnone size-medium wp-image-4558\" src=\"https:\/\/sites.usp.br\/prolam\/wp-content\/uploads\/sites\/35\/2019\/04\/Livro-10-1-300x169.jpg\" alt=\"\" width=\"300\" height=\"169\" srcset=\"https:\/\/sites.usp.br\/prolam\/wp-content\/uploads\/sites\/35\/2019\/04\/Livro-10-1-300x169.jpg 300w, https:\/\/sites.usp.br\/prolam\/wp-content\/uploads\/sites\/35\/2019\/04\/Livro-10-1-768x432.jpg 768w, https:\/\/sites.usp.br\/prolam\/wp-content\/uploads\/sites\/35\/2019\/04\/Livro-10-1-1024x576.jpg 1024w, https:\/\/sites.usp.br\/prolam\/wp-content\/uploads\/sites\/35\/2019\/04\/Livro-10-1-500x281.jpg 500w, https:\/\/sites.usp.br\/prolam\/wp-content\/uploads\/sites\/35\/2019\/04\/Livro-10-1-310x174.jpg 310w, https:\/\/sites.usp.br\/prolam\/wp-content\/uploads\/sites\/35\/2019\/04\/Livro-10-1-400x225.jpg 400w, https:\/\/sites.usp.br\/prolam\/wp-content\/uploads\/sites\/35\/2019\/04\/Livro-10-1.jpg 1280w\" sizes=\"auto, (max-width: 300px) 100vw, 300px\" \/><\/a> <a href=\"https:\/\/sites.usp.br\/prolam\/wp-content\/uploads\/sites\/35\/2019\/04\/Livro-9-1.jpg\"><img loading=\"lazy\" decoding=\"async\" class=\"alignnone size-medium wp-image-4557\" src=\"https:\/\/sites.usp.br\/prolam\/wp-content\/uploads\/sites\/35\/2019\/04\/Livro-9-1-300x169.jpg\" alt=\"\" width=\"300\" height=\"169\" srcset=\"https:\/\/sites.usp.br\/prolam\/wp-content\/uploads\/sites\/35\/2019\/04\/Livro-9-1-300x169.jpg 300w, https:\/\/sites.usp.br\/prolam\/wp-content\/uploads\/sites\/35\/2019\/04\/Livro-9-1-768x432.jpg 768w, https:\/\/sites.usp.br\/prolam\/wp-content\/uploads\/sites\/35\/2019\/04\/Livro-9-1-1024x576.jpg 1024w, https:\/\/sites.usp.br\/prolam\/wp-content\/uploads\/sites\/35\/2019\/04\/Livro-9-1-500x281.jpg 500w, https:\/\/sites.usp.br\/prolam\/wp-content\/uploads\/sites\/35\/2019\/04\/Livro-9-1-310x174.jpg 310w, https:\/\/sites.usp.br\/prolam\/wp-content\/uploads\/sites\/35\/2019\/04\/Livro-9-1-400x225.jpg 400w, https:\/\/sites.usp.br\/prolam\/wp-content\/uploads\/sites\/35\/2019\/04\/Livro-9-1.jpg 1280w\" sizes=\"auto, (max-width: 300px) 100vw, 300px\" \/><\/a> <a href=\"https:\/\/sites.usp.br\/prolam\/wp-content\/uploads\/sites\/35\/2019\/04\/Livro-8-1.jpg\"><img loading=\"lazy\" decoding=\"async\" class=\"alignnone size-medium wp-image-4556\" src=\"https:\/\/sites.usp.br\/prolam\/wp-content\/uploads\/sites\/35\/2019\/04\/Livro-8-1-300x169.jpg\" alt=\"\" width=\"300\" height=\"169\" srcset=\"https:\/\/sites.usp.br\/prolam\/wp-content\/uploads\/sites\/35\/2019\/04\/Livro-8-1-300x169.jpg 300w, https:\/\/sites.usp.br\/prolam\/wp-content\/uploads\/sites\/35\/2019\/04\/Livro-8-1-768x432.jpg 768w, https:\/\/sites.usp.br\/prolam\/wp-content\/uploads\/sites\/35\/2019\/04\/Livro-8-1-1024x576.jpg 1024w, https:\/\/sites.usp.br\/prolam\/wp-content\/uploads\/sites\/35\/2019\/04\/Livro-8-1-500x281.jpg 500w, https:\/\/sites.usp.br\/prolam\/wp-content\/uploads\/sites\/35\/2019\/04\/Livro-8-1-310x174.jpg 310w, https:\/\/sites.usp.br\/prolam\/wp-content\/uploads\/sites\/35\/2019\/04\/Livro-8-1-400x225.jpg 400w, https:\/\/sites.usp.br\/prolam\/wp-content\/uploads\/sites\/35\/2019\/04\/Livro-8-1.jpg 1280w\" sizes=\"auto, (max-width: 300px) 100vw, 300px\" \/><\/a><a href=\"https:\/\/sites.usp.br\/prolam\/wp-content\/uploads\/sites\/35\/2019\/04\/Livro-22.jpg\"><img loading=\"lazy\" decoding=\"async\" class=\"alignnone size-medium wp-image-4635\" src=\"https:\/\/sites.usp.br\/prolam\/wp-content\/uploads\/sites\/35\/2019\/04\/Livro-22-300x169.jpg\" alt=\"\" width=\"300\" height=\"169\" srcset=\"https:\/\/sites.usp.br\/prolam\/wp-content\/uploads\/sites\/35\/2019\/04\/Livro-22-300x169.jpg 300w, https:\/\/sites.usp.br\/prolam\/wp-content\/uploads\/sites\/35\/2019\/04\/Livro-22-768x432.jpg 768w, https:\/\/sites.usp.br\/prolam\/wp-content\/uploads\/sites\/35\/2019\/04\/Livro-22-1024x576.jpg 1024w, https:\/\/sites.usp.br\/prolam\/wp-content\/uploads\/sites\/35\/2019\/04\/Livro-22-500x281.jpg 500w, https:\/\/sites.usp.br\/prolam\/wp-content\/uploads\/sites\/35\/2019\/04\/Livro-22-310x174.jpg 310w, https:\/\/sites.usp.br\/prolam\/wp-content\/uploads\/sites\/35\/2019\/04\/Livro-22-400x225.jpg 400w, https:\/\/sites.usp.br\/prolam\/wp-content\/uploads\/sites\/35\/2019\/04\/Livro-22.jpg 1280w\" sizes=\"auto, (max-width: 300px) 100vw, 300px\" \/><\/a> <a href=\"https:\/\/sites.usp.br\/prolam\/wp-content\/uploads\/sites\/35\/2019\/04\/Livro-7-1.jpg\"><img loading=\"lazy\" decoding=\"async\" class=\"alignnone size-medium wp-image-4555\" src=\"https:\/\/sites.usp.br\/prolam\/wp-content\/uploads\/sites\/35\/2019\/04\/Livro-7-1-300x169.jpg\" alt=\"\" width=\"300\" height=\"169\" srcset=\"https:\/\/sites.usp.br\/prolam\/wp-content\/uploads\/sites\/35\/2019\/04\/Livro-7-1-300x169.jpg 300w, https:\/\/sites.usp.br\/prolam\/wp-content\/uploads\/sites\/35\/2019\/04\/Livro-7-1-768x432.jpg 768w, https:\/\/sites.usp.br\/prolam\/wp-content\/uploads\/sites\/35\/2019\/04\/Livro-7-1-1024x576.jpg 1024w, https:\/\/sites.usp.br\/prolam\/wp-content\/uploads\/sites\/35\/2019\/04\/Livro-7-1-500x281.jpg 500w, https:\/\/sites.usp.br\/prolam\/wp-content\/uploads\/sites\/35\/2019\/04\/Livro-7-1-310x174.jpg 310w, https:\/\/sites.usp.br\/prolam\/wp-content\/uploads\/sites\/35\/2019\/04\/Livro-7-1-400x225.jpg 400w, https:\/\/sites.usp.br\/prolam\/wp-content\/uploads\/sites\/35\/2019\/04\/Livro-7-1.jpg 1280w\" sizes=\"auto, (max-width: 300px) 100vw, 300px\" \/><\/a> <a href=\"https:\/\/sites.usp.br\/prolam\/wp-content\/uploads\/sites\/35\/2019\/04\/Livro-6-1.jpg\"><img loading=\"lazy\" decoding=\"async\" class=\"alignnone size-medium wp-image-4554\" src=\"https:\/\/sites.usp.br\/prolam\/wp-content\/uploads\/sites\/35\/2019\/04\/Livro-6-1-300x169.jpg\" alt=\"\" width=\"300\" height=\"169\" srcset=\"https:\/\/sites.usp.br\/prolam\/wp-content\/uploads\/sites\/35\/2019\/04\/Livro-6-1-300x169.jpg 300w, https:\/\/sites.usp.br\/prolam\/wp-content\/uploads\/sites\/35\/2019\/04\/Livro-6-1-768x432.jpg 768w, https:\/\/sites.usp.br\/prolam\/wp-content\/uploads\/sites\/35\/2019\/04\/Livro-6-1-1024x576.jpg 1024w, https:\/\/sites.usp.br\/prolam\/wp-content\/uploads\/sites\/35\/2019\/04\/Livro-6-1-500x281.jpg 500w, https:\/\/sites.usp.br\/prolam\/wp-content\/uploads\/sites\/35\/2019\/04\/Livro-6-1-310x174.jpg 310w, https:\/\/sites.usp.br\/prolam\/wp-content\/uploads\/sites\/35\/2019\/04\/Livro-6-1-400x225.jpg 400w, https:\/\/sites.usp.br\/prolam\/wp-content\/uploads\/sites\/35\/2019\/04\/Livro-6-1.jpg 1280w\" sizes=\"auto, (max-width: 300px) 100vw, 300px\" \/><\/a> <a href=\"https:\/\/sites.usp.br\/prolam\/wp-content\/uploads\/sites\/35\/2019\/04\/Livro-5-1.jpg\"><img loading=\"lazy\" decoding=\"async\" class=\"alignnone size-medium wp-image-4553\" src=\"https:\/\/sites.usp.br\/prolam\/wp-content\/uploads\/sites\/35\/2019\/04\/Livro-5-1-300x169.jpg\" alt=\"\" width=\"300\" height=\"169\" srcset=\"https:\/\/sites.usp.br\/prolam\/wp-content\/uploads\/sites\/35\/2019\/04\/Livro-5-1-300x169.jpg 300w, https:\/\/sites.usp.br\/prolam\/wp-content\/uploads\/sites\/35\/2019\/04\/Livro-5-1-768x432.jpg 768w, https:\/\/sites.usp.br\/prolam\/wp-content\/uploads\/sites\/35\/2019\/04\/Livro-5-1-1024x576.jpg 1024w, https:\/\/sites.usp.br\/prolam\/wp-content\/uploads\/sites\/35\/2019\/04\/Livro-5-1-500x281.jpg 500w, https:\/\/sites.usp.br\/prolam\/wp-content\/uploads\/sites\/35\/2019\/04\/Livro-5-1-310x174.jpg 310w, https:\/\/sites.usp.br\/prolam\/wp-content\/uploads\/sites\/35\/2019\/04\/Livro-5-1-400x225.jpg 400w, https:\/\/sites.usp.br\/prolam\/wp-content\/uploads\/sites\/35\/2019\/04\/Livro-5-1.jpg 1280w\" sizes=\"auto, (max-width: 300px) 100vw, 300px\" \/><\/a> <a href=\"https:\/\/sites.usp.br\/prolam\/wp-content\/uploads\/sites\/35\/2019\/04\/Livro-4-1.jpg\"><img loading=\"lazy\" decoding=\"async\" class=\"alignnone size-medium wp-image-4552\" src=\"https:\/\/sites.usp.br\/prolam\/wp-content\/uploads\/sites\/35\/2019\/04\/Livro-4-1-300x169.jpg\" alt=\"\" width=\"300\" height=\"169\" srcset=\"https:\/\/sites.usp.br\/prolam\/wp-content\/uploads\/sites\/35\/2019\/04\/Livro-4-1-300x169.jpg 300w, https:\/\/sites.usp.br\/prolam\/wp-content\/uploads\/sites\/35\/2019\/04\/Livro-4-1-768x432.jpg 768w, https:\/\/sites.usp.br\/prolam\/wp-content\/uploads\/sites\/35\/2019\/04\/Livro-4-1-1024x576.jpg 1024w, https:\/\/sites.usp.br\/prolam\/wp-content\/uploads\/sites\/35\/2019\/04\/Livro-4-1-500x281.jpg 500w, https:\/\/sites.usp.br\/prolam\/wp-content\/uploads\/sites\/35\/2019\/04\/Livro-4-1-310x174.jpg 310w, https:\/\/sites.usp.br\/prolam\/wp-content\/uploads\/sites\/35\/2019\/04\/Livro-4-1-400x225.jpg 400w, https:\/\/sites.usp.br\/prolam\/wp-content\/uploads\/sites\/35\/2019\/04\/Livro-4-1.jpg 1280w\" sizes=\"auto, (max-width: 300px) 100vw, 300px\" \/><\/a> <a href=\"https:\/\/sites.usp.br\/prolam\/wp-content\/uploads\/sites\/35\/2019\/04\/Livro-20-1.jpg\"><img loading=\"lazy\" decoding=\"async\" class=\"alignnone size-medium wp-image-4548\" src=\"https:\/\/sites.usp.br\/prolam\/wp-content\/uploads\/sites\/35\/2019\/04\/Livro-20-1-300x169.jpg\" alt=\"\" width=\"300\" height=\"169\" srcset=\"https:\/\/sites.usp.br\/prolam\/wp-content\/uploads\/sites\/35\/2019\/04\/Livro-20-1-300x169.jpg 300w, https:\/\/sites.usp.br\/prolam\/wp-content\/uploads\/sites\/35\/2019\/04\/Livro-20-1-768x432.jpg 768w, https:\/\/sites.usp.br\/prolam\/wp-content\/uploads\/sites\/35\/2019\/04\/Livro-20-1-1024x576.jpg 1024w, https:\/\/sites.usp.br\/prolam\/wp-content\/uploads\/sites\/35\/2019\/04\/Livro-20-1-500x281.jpg 500w, https:\/\/sites.usp.br\/prolam\/wp-content\/uploads\/sites\/35\/2019\/04\/Livro-20-1-310x174.jpg 310w, https:\/\/sites.usp.br\/prolam\/wp-content\/uploads\/sites\/35\/2019\/04\/Livro-20-1-400x225.jpg 400w, https:\/\/sites.usp.br\/prolam\/wp-content\/uploads\/sites\/35\/2019\/04\/Livro-20-1.jpg 1280w\" sizes=\"auto, (max-width: 300px) 100vw, 300px\" \/><\/a> <a href=\"https:\/\/sites.usp.br\/prolam\/wp-content\/uploads\/sites\/35\/2019\/04\/Livro-19-1.jpg\"><img loading=\"lazy\" decoding=\"async\" class=\"alignnone size-medium wp-image-4547\" src=\"https:\/\/sites.usp.br\/prolam\/wp-content\/uploads\/sites\/35\/2019\/04\/Livro-19-1-300x169.jpg\" alt=\"\" width=\"300\" height=\"169\" srcset=\"https:\/\/sites.usp.br\/prolam\/wp-content\/uploads\/sites\/35\/2019\/04\/Livro-19-1-300x169.jpg 300w, https:\/\/sites.usp.br\/prolam\/wp-content\/uploads\/sites\/35\/2019\/04\/Livro-19-1-768x432.jpg 768w, https:\/\/sites.usp.br\/prolam\/wp-content\/uploads\/sites\/35\/2019\/04\/Livro-19-1-1024x576.jpg 1024w, https:\/\/sites.usp.br\/prolam\/wp-content\/uploads\/sites\/35\/2019\/04\/Livro-19-1-500x281.jpg 500w, https:\/\/sites.usp.br\/prolam\/wp-content\/uploads\/sites\/35\/2019\/04\/Livro-19-1-310x174.jpg 310w, https:\/\/sites.usp.br\/prolam\/wp-content\/uploads\/sites\/35\/2019\/04\/Livro-19-1-400x225.jpg 400w, https:\/\/sites.usp.br\/prolam\/wp-content\/uploads\/sites\/35\/2019\/04\/Livro-19-1.jpg 1280w\" sizes=\"auto, (max-width: 300px) 100vw, 300px\" \/><\/a> <a href=\"https:\/\/sites.usp.br\/prolam\/wp-content\/uploads\/sites\/35\/2019\/04\/Livro-18-1.jpg\"><img loading=\"lazy\" decoding=\"async\" class=\"alignnone size-medium wp-image-4546\" src=\"https:\/\/sites.usp.br\/prolam\/wp-content\/uploads\/sites\/35\/2019\/04\/Livro-18-1-300x169.jpg\" alt=\"\" width=\"300\" height=\"169\" srcset=\"https:\/\/sites.usp.br\/prolam\/wp-content\/uploads\/sites\/35\/2019\/04\/Livro-18-1-300x169.jpg 300w, https:\/\/sites.usp.br\/prolam\/wp-content\/uploads\/sites\/35\/2019\/04\/Livro-18-1-768x432.jpg 768w, https:\/\/sites.usp.br\/prolam\/wp-content\/uploads\/sites\/35\/2019\/04\/Livro-18-1-1024x576.jpg 1024w, https:\/\/sites.usp.br\/prolam\/wp-content\/uploads\/sites\/35\/2019\/04\/Livro-18-1-500x281.jpg 500w, https:\/\/sites.usp.br\/prolam\/wp-content\/uploads\/sites\/35\/2019\/04\/Livro-18-1-310x174.jpg 310w, https:\/\/sites.usp.br\/prolam\/wp-content\/uploads\/sites\/35\/2019\/04\/Livro-18-1-400x225.jpg 400w, https:\/\/sites.usp.br\/prolam\/wp-content\/uploads\/sites\/35\/2019\/04\/Livro-18-1.jpg 1280w\" sizes=\"auto, (max-width: 300px) 100vw, 300px\" \/><\/a> <a href=\"https:\/\/sites.usp.br\/prolam\/wp-content\/uploads\/sites\/35\/2019\/04\/Livro-17-1.jpg\"><img loading=\"lazy\" decoding=\"async\" class=\"alignnone size-medium wp-image-4545\" src=\"https:\/\/sites.usp.br\/prolam\/wp-content\/uploads\/sites\/35\/2019\/04\/Livro-17-1-300x169.jpg\" alt=\"\" width=\"300\" height=\"169\" srcset=\"https:\/\/sites.usp.br\/prolam\/wp-content\/uploads\/sites\/35\/2019\/04\/Livro-17-1-300x169.jpg 300w, https:\/\/sites.usp.br\/prolam\/wp-content\/uploads\/sites\/35\/2019\/04\/Livro-17-1-768x432.jpg 768w, https:\/\/sites.usp.br\/prolam\/wp-content\/uploads\/sites\/35\/2019\/04\/Livro-17-1-1024x576.jpg 1024w, https:\/\/sites.usp.br\/prolam\/wp-content\/uploads\/sites\/35\/2019\/04\/Livro-17-1-500x281.jpg 500w, https:\/\/sites.usp.br\/prolam\/wp-content\/uploads\/sites\/35\/2019\/04\/Livro-17-1-310x174.jpg 310w, https:\/\/sites.usp.br\/prolam\/wp-content\/uploads\/sites\/35\/2019\/04\/Livro-17-1-400x225.jpg 400w, https:\/\/sites.usp.br\/prolam\/wp-content\/uploads\/sites\/35\/2019\/04\/Livro-17-1.jpg 1280w\" sizes=\"auto, (max-width: 300px) 100vw, 300px\" \/><\/a> <a href=\"https:\/\/sites.usp.br\/prolam\/wp-content\/uploads\/sites\/35\/2019\/04\/Livro-16-1.jpg\"><img loading=\"lazy\" decoding=\"async\" class=\"alignnone size-medium wp-image-4544\" src=\"https:\/\/sites.usp.br\/prolam\/wp-content\/uploads\/sites\/35\/2019\/04\/Livro-16-1-300x169.jpg\" alt=\"\" width=\"300\" height=\"169\" srcset=\"https:\/\/sites.usp.br\/prolam\/wp-content\/uploads\/sites\/35\/2019\/04\/Livro-16-1-300x169.jpg 300w, https:\/\/sites.usp.br\/prolam\/wp-content\/uploads\/sites\/35\/2019\/04\/Livro-16-1-768x432.jpg 768w, https:\/\/sites.usp.br\/prolam\/wp-content\/uploads\/sites\/35\/2019\/04\/Livro-16-1-1024x576.jpg 1024w, https:\/\/sites.usp.br\/prolam\/wp-content\/uploads\/sites\/35\/2019\/04\/Livro-16-1-500x281.jpg 500w, https:\/\/sites.usp.br\/prolam\/wp-content\/uploads\/sites\/35\/2019\/04\/Livro-16-1-310x174.jpg 310w, https:\/\/sites.usp.br\/prolam\/wp-content\/uploads\/sites\/35\/2019\/04\/Livro-16-1-400x225.jpg 400w, https:\/\/sites.usp.br\/prolam\/wp-content\/uploads\/sites\/35\/2019\/04\/Livro-16-1.jpg 1280w\" sizes=\"auto, (max-width: 300px) 100vw, 300px\" \/><\/a> <a href=\"https:\/\/sites.usp.br\/prolam\/wp-content\/uploads\/sites\/35\/2019\/04\/Livro-15-1.jpg\"><img loading=\"lazy\" decoding=\"async\" class=\"alignnone size-medium wp-image-4543\" src=\"https:\/\/sites.usp.br\/prolam\/wp-content\/uploads\/sites\/35\/2019\/04\/Livro-15-1-300x169.jpg\" alt=\"\" width=\"300\" height=\"169\" srcset=\"https:\/\/sites.usp.br\/prolam\/wp-content\/uploads\/sites\/35\/2019\/04\/Livro-15-1-300x169.jpg 300w, https:\/\/sites.usp.br\/prolam\/wp-content\/uploads\/sites\/35\/2019\/04\/Livro-15-1-768x432.jpg 768w, https:\/\/sites.usp.br\/prolam\/wp-content\/uploads\/sites\/35\/2019\/04\/Livro-15-1-1024x576.jpg 1024w, https:\/\/sites.usp.br\/prolam\/wp-content\/uploads\/sites\/35\/2019\/04\/Livro-15-1-500x281.jpg 500w, https:\/\/sites.usp.br\/prolam\/wp-content\/uploads\/sites\/35\/2019\/04\/Livro-15-1-310x174.jpg 310w, https:\/\/sites.usp.br\/prolam\/wp-content\/uploads\/sites\/35\/2019\/04\/Livro-15-1-400x225.jpg 400w, https:\/\/sites.usp.br\/prolam\/wp-content\/uploads\/sites\/35\/2019\/04\/Livro-15-1.jpg 1280w\" sizes=\"auto, (max-width: 300px) 100vw, 300px\" \/><\/a> <a href=\"https:\/\/sites.usp.br\/prolam\/wp-content\/uploads\/sites\/35\/2019\/04\/Livro-14-1.jpg\"><img loading=\"lazy\" decoding=\"async\" class=\"alignnone size-medium wp-image-4542\" src=\"https:\/\/sites.usp.br\/prolam\/wp-content\/uploads\/sites\/35\/2019\/04\/Livro-14-1-300x169.jpg\" alt=\"\" width=\"300\" height=\"169\" srcset=\"https:\/\/sites.usp.br\/prolam\/wp-content\/uploads\/sites\/35\/2019\/04\/Livro-14-1-300x169.jpg 300w, https:\/\/sites.usp.br\/prolam\/wp-content\/uploads\/sites\/35\/2019\/04\/Livro-14-1-768x432.jpg 768w, https:\/\/sites.usp.br\/prolam\/wp-content\/uploads\/sites\/35\/2019\/04\/Livro-14-1-1024x576.jpg 1024w, https:\/\/sites.usp.br\/prolam\/wp-content\/uploads\/sites\/35\/2019\/04\/Livro-14-1-500x281.jpg 500w, https:\/\/sites.usp.br\/prolam\/wp-content\/uploads\/sites\/35\/2019\/04\/Livro-14-1-310x174.jpg 310w, https:\/\/sites.usp.br\/prolam\/wp-content\/uploads\/sites\/35\/2019\/04\/Livro-14-1-400x225.jpg 400w, https:\/\/sites.usp.br\/prolam\/wp-content\/uploads\/sites\/35\/2019\/04\/Livro-14-1.jpg 1280w\" sizes=\"auto, (max-width: 300px) 100vw, 300px\" \/><\/a><a href=\"https:\/\/sites.usp.br\/prolam\/wp-content\/uploads\/sites\/35\/2019\/04\/Livro-2-1.jpg\"><img loading=\"lazy\" decoding=\"async\" class=\"alignnone size-medium wp-image-4550\" src=\"https:\/\/sites.usp.br\/prolam\/wp-content\/uploads\/sites\/35\/2019\/04\/Livro-2-1-300x169.jpg\" alt=\"\" width=\"300\" height=\"169\" srcset=\"https:\/\/sites.usp.br\/prolam\/wp-content\/uploads\/sites\/35\/2019\/04\/Livro-2-1-300x169.jpg 300w, https:\/\/sites.usp.br\/prolam\/wp-content\/uploads\/sites\/35\/2019\/04\/Livro-2-1-768x432.jpg 768w, https:\/\/sites.usp.br\/prolam\/wp-content\/uploads\/sites\/35\/2019\/04\/Livro-2-1-1024x576.jpg 1024w, https:\/\/sites.usp.br\/prolam\/wp-content\/uploads\/sites\/35\/2019\/04\/Livro-2-1-500x281.jpg 500w, https:\/\/sites.usp.br\/prolam\/wp-content\/uploads\/sites\/35\/2019\/04\/Livro-2-1-310x174.jpg 310w, https:\/\/sites.usp.br\/prolam\/wp-content\/uploads\/sites\/35\/2019\/04\/Livro-2-1-400x225.jpg 400w, https:\/\/sites.usp.br\/prolam\/wp-content\/uploads\/sites\/35\/2019\/04\/Livro-2-1.jpg 1280w\" sizes=\"auto, (max-width: 300px) 100vw, 300px\" \/><\/a><\/p>\n<p>&nbsp;<\/p>","protected":false},"excerpt":{"rendered":"<p>Local: Audit\u00f3rio Milton Santos (Geografia) \u00a0 \u00a0 \u00a0 \u00a0 \u00a0 \u00a0 Faculdade de Filosofia, Letras e Ci\u00eancias Humanas (FFLCH) \u00a0 \u00a0 \u00a0 \u00a0 \u00a0 \u00a0 Universidade de S\u00e3o Paulo Data: 7 de maio de 2019 \u00e0s 19h\u00a0 Confira abaixo as &hellip; <a href=\"https:\/\/sites.usp.br\/prolam\/programacao\/lancamento-de-livros\/\">Continue reading <span class=\"meta-nav\">&rarr;<\/span><\/a><\/p>\n","protected":false},"author":318,"featured_media":0,"parent":2418,"menu_order":0,"comment_status":"closed","ping_status":"closed","template":"","meta":{"footnotes":"","_links_to":"","_links_to_target":""},"class_list":["post-2433","page","type-page","status-publish","hentry"],"_links":{"self":[{"href":"https:\/\/sites.usp.br\/prolam\/wp-json\/wp\/v2\/pages\/2433","targetHints":{"allow":["GET"]}}],"collection":[{"href":"https:\/\/sites.usp.br\/prolam\/wp-json\/wp\/v2\/pages"}],"about":[{"href":"https:\/\/sites.usp.br\/prolam\/wp-json\/wp\/v2\/types\/page"}],"author":[{"embeddable":true,"href":"https:\/\/sites.usp.br\/prolam\/wp-json\/wp\/v2\/users\/318"}],"replies":[{"embeddable":true,"href":"https:\/\/sites.usp.br\/prolam\/wp-json\/wp\/v2\/comments?post=2433"}],"version-history":[{"count":5,"href":"https:\/\/sites.usp.br\/prolam\/wp-json\/wp\/v2\/pages\/2433\/revisions"}],"predecessor-version":[{"id":4642,"href":"https:\/\/sites.usp.br\/prolam\/wp-json\/wp\/v2\/pages\/2433\/revisions\/4642"}],"up":[{"embeddable":true,"href":"https:\/\/sites.usp.br\/prolam\/wp-json\/wp\/v2\/pages\/2418"}],"wp:attachment":[{"href":"https:\/\/sites.usp.br\/prolam\/wp-json\/wp\/v2\/media?parent=2433"}],"curies":[{"name":"wp","href":"https:\/\/api.w.org\/{rel}","templated":true}]}}