{"id":2522,"date":"2018-09-13T18:43:26","date_gmt":"2018-09-13T21:43:26","guid":{"rendered":"http:\/\/sites.usp.br\/prolam\/?page_id=2522"},"modified":"2019-05-05T11:20:11","modified_gmt":"2019-05-05T14:20:11","slug":"apresentacao-cultural","status":"publish","type":"page","link":"https:\/\/sites.usp.br\/prolam\/programacao\/apresentacao-cultural\/","title":{"rendered":"Apresenta\u00e7\u00f5es musicais"},"content":{"rendered":"<p><\/p>\n<div>Al\u00e9m da <a href=\"https:\/\/sites.usp.br\/prolam\/programacao\/feira-de-livro\/\"><strong><span style=\"color: #0000ff;\">Feira de Livros Latino-americanos<\/span><\/strong><\/a> e<br \/>\nda <strong><a href=\"https:\/\/sites.usp.br\/prolam\/programacao\/lancamento-de-livros\/\"><span style=\"color: #0000ff;\">Sess\u00e3o de Lan\u00e7amento de Livros e Autores<\/span><\/a><\/strong>,<br \/>\nacompanhe a <strong>Programa\u00e7\u00e3o Cultural do I Congresso Internacional Pensamento e Pesquisa sobre a Am\u00e9rica Latina<\/strong> com as <em><strong>Apresenta\u00e7\u00f5es Culturais<\/strong><\/em><\/div>\n<div><\/div>\n<p><!--more--><\/p>\n<div><\/div>\n<div><span style=\"color: #008000;\"><b>Segunda, 6 de maio, 16h na Cerim\u00f4nia de Abertura, Audit\u00f3rio Nicolau Sevcenko (FFLCH\/USP)<br \/>\n<\/b><\/span><\/div>\n<div><b>\u00a0<\/b><\/div>\n<div>\n<ul>\n<li><b><i>Los Cambamberos<\/i><\/b><\/li>\n<\/ul>\n<div>\n<blockquote>\n<div>Cambamberos \u00e9 um grupo de <span class=\"il\">m\u00fasica<\/span> e dan\u00e7a formado por musicistas e acad\u00eamicos de diferentes regi\u00f5es da Col\u00f4mbia residentes no Brasil, que apresentam a rica diversidade cultural e musical da Col\u00f4mbia atrav\u00e9s de um show que mistura ritmos afros com ritmos ind\u00edgenas das regi\u00f5es do litoral pac\u00edfico e do litoral Caribe colombiano. <em>Cumbia,<\/em> <em>porro,<\/em> <em>bullerengue, puya, kilele,<\/em> <em>son chocoano<\/em> fazem parte da performance de <span class=\"il\">m\u00fasica<\/span> e dan\u00e7a que pretendem mostrar ao p\u00fablico a alegria e a identidade de algumas das principais festas populares j\u00e1 tradicionais na Col\u00f4mbia como o &#8220;Carnaval de Barranquilla&#8221; ou o &#8220;Festival Petronio Alvarez&#8221;.<\/div>\n<div style=\"text-align: right;\"><em>Conhe\u00e7a Los Cambamberos no <a href=\"https:\/\/www.facebook.com\/cambamberos\/\"><span style=\"color: #0000ff;\">facebook<\/span><\/a><\/em><\/div>\n<\/blockquote>\n<\/div>\n<div><\/div>\n<div><a href=\"https:\/\/sites.usp.br\/prolam\/wp-content\/uploads\/sites\/35\/2019\/04\/Cambambeos.jpg\"><img loading=\"lazy\" decoding=\"async\" class=\"alignnone wp-image-4598 size-thumbnail\" src=\"https:\/\/sites.usp.br\/prolam\/wp-content\/uploads\/sites\/35\/2019\/04\/Cambambeos-150x150.jpg\" alt=\"\" width=\"150\" height=\"150\" srcset=\"https:\/\/sites.usp.br\/prolam\/wp-content\/uploads\/sites\/35\/2019\/04\/Cambambeos-150x150.jpg 150w, https:\/\/sites.usp.br\/prolam\/wp-content\/uploads\/sites\/35\/2019\/04\/Cambambeos-45x45.jpg 45w, https:\/\/sites.usp.br\/prolam\/wp-content\/uploads\/sites\/35\/2019\/04\/Cambambeos-200x200.jpg 200w\" sizes=\"auto, (max-width: 150px) 100vw, 150px\" \/><\/a><\/div>\n<\/div>\n<div><\/div>\n<p><!--more--><\/p>\n<div><\/div>\n<div><b>\u00a0<\/b><span style=\"color: #008000;\"><b>Ter\u00e7a, 7 de maio,17h no Audit\u00f3rio Milton Santos<br \/>\n<\/b><\/span><\/div>\n<ul>\n<li><em>Osvaldo Casta\u00f1eda<\/em><\/li>\n<\/ul>\n<div>\n<blockquote>\n<div style=\"text-align: left;\">Argentino, m\u00fasico e psicopedagogo musical. Pesquisa m\u00fasicas e ritmos afroamer\u00edndios e m\u00fasicas latino-americanas.<\/div>\n<div style=\"text-align: left;\">Apresentar\u00e1 m\u00fasicas de Atahualpa Yupanqui, Mercedes Sosa e Violeta Parra, al\u00e9m de Milongas Argentinas.<\/div>\n<div style=\"text-align: left;\">Estar\u00e1 acompanhado de Chico, no tambor uruguaio!!!<\/div>\n<\/blockquote>\n<\/div>\n<div><a href=\"https:\/\/sites.usp.br\/prolam\/wp-content\/uploads\/sites\/35\/2019\/05\/Osvaldo.jpg\"><img loading=\"lazy\" decoding=\"async\" class=\"alignnone wp-image-4706 size-thumbnail\" src=\"https:\/\/sites.usp.br\/prolam\/wp-content\/uploads\/sites\/35\/2019\/05\/Osvaldo-150x150.jpg\" alt=\"\" width=\"150\" height=\"150\" srcset=\"https:\/\/sites.usp.br\/prolam\/wp-content\/uploads\/sites\/35\/2019\/05\/Osvaldo-150x150.jpg 150w, https:\/\/sites.usp.br\/prolam\/wp-content\/uploads\/sites\/35\/2019\/05\/Osvaldo-45x45.jpg 45w, https:\/\/sites.usp.br\/prolam\/wp-content\/uploads\/sites\/35\/2019\/05\/Osvaldo-200x200.jpg 200w\" sizes=\"auto, (max-width: 150px) 100vw, 150px\" \/><\/a><\/div>\n<div><\/div>\n<p><!--more--><\/p>\n<div><span style=\"color: #008000;\"><b>Quinta, 9 de maio, 17h na Cerim\u00f4nia de Encerramento, Audit\u00f3rio Milton Santos (FFLCH\/USP)<\/b><\/span><\/div>\n<div>\n<div>\n<ul>\n<li><b><i>Renata Espoz Jerez\u00a0<\/i><\/b><\/li>\n<\/ul>\n<div><\/div>\n<blockquote>\n<div>Renata Espoz Jerez \u00e9 cantautora chilena, mulher viajante entre Chile e Brasil, entre outros pa\u00edses, hoje residente na cidade de S\u00e3o Paulo. Com seu projeto pessoal, <em>Resostenido,<\/em> Renata cruza fronteiras entre o pop folk e a can\u00e7\u00e3o latino-americana de forma vers\u00e1til e pr\u00f3pria.<\/div>\n<\/blockquote>\n<\/div>\n<div style=\"text-align: right;\">Conhe\u00e7a Renata Jerez no <a href=\"https:\/\/www.facebook.com\/Resostenidomusica\/\"><span style=\"color: #0000ff;\">facebook<\/span><\/a><\/div>\n<div><\/div>\n<div><a href=\"https:\/\/sites.usp.br\/prolam\/wp-content\/uploads\/sites\/35\/2019\/04\/Resostenido.jpg\"><img loading=\"lazy\" decoding=\"async\" class=\"alignnone wp-image-4597 size-thumbnail\" src=\"https:\/\/sites.usp.br\/prolam\/wp-content\/uploads\/sites\/35\/2019\/04\/Resostenido-150x150.jpg\" alt=\"\" width=\"150\" height=\"150\" srcset=\"https:\/\/sites.usp.br\/prolam\/wp-content\/uploads\/sites\/35\/2019\/04\/Resostenido-150x150.jpg 150w, https:\/\/sites.usp.br\/prolam\/wp-content\/uploads\/sites\/35\/2019\/04\/Resostenido-300x300.jpg 300w, https:\/\/sites.usp.br\/prolam\/wp-content\/uploads\/sites\/35\/2019\/04\/Resostenido-45x45.jpg 45w, https:\/\/sites.usp.br\/prolam\/wp-content\/uploads\/sites\/35\/2019\/04\/Resostenido-200x200.jpg 200w, https:\/\/sites.usp.br\/prolam\/wp-content\/uploads\/sites\/35\/2019\/04\/Resostenido-400x400.jpg 400w, https:\/\/sites.usp.br\/prolam\/wp-content\/uploads\/sites\/35\/2019\/04\/Resostenido.jpg 720w\" sizes=\"auto, (max-width: 150px) 100vw, 150px\" \/><\/a><\/div>\n<div><\/div>\n<\/div>\n<p><!--more--><\/p>\n<div><span style=\"color: #008000;\"><b>Sexta, 10 de maio, Festa no\u00a0Centro Cultural Butant\u00e3, 21h<br \/>\n<\/b><\/span><\/div>\n<div><\/div>\n<div><span style=\"color: #008000;\"><b>GRANDE FESTA DE ENCERRAMENTO do I CIPPAL\/III SIPPAL com<br \/>\n<em>Los Primos<\/em><br \/>\n<\/b><\/span><\/div>\n<div><\/div>\n<div>\n<blockquote>\n<div>Los Primos somos uma banda que se criou em 2018, entre churrascos, fernets e chimarr\u00f5es, com um s\u00f3 objetivo, trazer o ritmo da Cumbia para o Brasil. Com sons das &#8220;quebradas&#8221; argentinas, chilenas e colombianas, buscamos trazer alegria aos brasileiros. Nossa personalidade l\u00fadica cria mistura de ritmos, <span class=\"il\">m\u00fasicas<\/span> e melodias. Somos filhos da Am\u00e9rica Latina, villeros da Vila Gomes, somos Los Primos de Brasil.<\/div>\n<div><em>Ingresso: R$ 10,00<\/em><\/div>\n<\/blockquote>\n<\/div>\n<div><\/div>\n<div><a href=\"https:\/\/sites.usp.br\/prolam\/wp-content\/uploads\/sites\/35\/2019\/04\/CCB_Los-Primos.jpg\"><img loading=\"lazy\" decoding=\"async\" class=\"alignnone wp-image-4599 size-medium\" src=\"https:\/\/sites.usp.br\/prolam\/wp-content\/uploads\/sites\/35\/2019\/04\/CCB_Los-Primos-300x114.jpg\" alt=\"\" width=\"300\" height=\"114\" srcset=\"https:\/\/sites.usp.br\/prolam\/wp-content\/uploads\/sites\/35\/2019\/04\/CCB_Los-Primos-300x114.jpg 300w, https:\/\/sites.usp.br\/prolam\/wp-content\/uploads\/sites\/35\/2019\/04\/CCB_Los-Primos-768x292.jpg 768w, https:\/\/sites.usp.br\/prolam\/wp-content\/uploads\/sites\/35\/2019\/04\/CCB_Los-Primos-500x190.jpg 500w, https:\/\/sites.usp.br\/prolam\/wp-content\/uploads\/sites\/35\/2019\/04\/CCB_Los-Primos-400x152.jpg 400w, https:\/\/sites.usp.br\/prolam\/wp-content\/uploads\/sites\/35\/2019\/04\/CCB_Los-Primos.jpg 820w\" sizes=\"auto, (max-width: 300px) 100vw, 300px\" \/><\/a><\/div>\n<div>Veja os detalhes no <a href=\"https:\/\/www.facebook.com\/events\/670866106680693\/?ti=as\"><span style=\"color: #0000ff;\">facebook<\/span><\/a><\/div>\n<div>Conhe\u00e7a o <a href=\"https:\/\/www.facebook.com\/centroculturabutanta\/\"><span style=\"color: #0000ff;\">Centro Cultural Butant\u00e3<\/span><\/a><\/div>\n<div><span style=\"color: #0000ff;\"><a style=\"color: #0000ff;\" href=\"https:\/\/l.facebook.com\/l.php?u=http%3A%2F%2Fshare.here.com%2Fr%2Fmylocation%2Fe-eyJuYW1lIjoiQ2VudHJvIEN1bHR1cmFsIEJ1dGFudFx1MDBlMyIsImFkZHJlc3MiOiJBdi4gQ29yaWZldSBkZSBBemV2ZWRvICBNYXJxdWVzLCAxODgyLCBTXHUwMGUzbyBQYXVsbyIsImxhdGl0dWRlIjotMjMuNTczNTg2NDUzMjI2LCJsb25naXR1ZGUiOi00Ni43MzE5OTQ0NTQ5NjQsInByb3ZpZGVyTmFtZSI6ImZhY2Vib29rIiwicHJvdmlkZXJJZCI6MTcwMDE1NTEzNjg4NTU1M30%3D%3Flink%3Daddresses%26fb_locale%3Dpt_BR%26ref%3Dfacebook&amp;h=AT1_gBcVXV2jubJHmuTNEfoG9PVEfIorph2R29oBuX8Y9Erdw9CupwZrPiJhVTKs0yWgnhijDFuzJ-2qYVewVxCAaALBTaQgquxodLNE9Jn1l_k6ZzuXSLNRgcZgRtylO2kLXbNbyx5CDkVrAlKIpLK1DRfYSVfrYpgeRw\" target=\"_blank\" rel=\"noopener nofollow\" data-lynx-mode=\"asynclazy\">Como chegar<\/a><\/span> ao Centro Cultural Butant\u00e3<\/div>\n<div>\n<div class=\"_2pi9 _2pi2\">\n<div class=\"clearfix _ikh\">\n<div class=\"_4bl7\"><img decoding=\"async\" class=\"_3-91 _1579 img\" src=\"https:\/\/static.xx.fbcdn.net\/rsrc.php\/v3\/yh\/r\/3wLZ4ZTwcGb.png\" alt=\"Highlights info row image\" \/><\/div>\n<div class=\"_4bl9\">\n<div class=\"_2wzd\">Av. Corifeu de Azevedo Marques, 1880<br \/>\n05582-001 S\u00e3o Paulo<\/div>\n<\/div>\n<\/div>\n<\/div>\n<div class=\"_2pi9 _2pi2\">\n<div class=\"clearfix _ikh\">\n<div class=\"_4bl7\"><img decoding=\"async\" class=\"_3-91 _1579 img\" src=\"https:\/\/static.xx.fbcdn.net\/rsrc.php\/v3\/yS\/r\/bAdbW4hAAxe.png\" alt=\"Highlights info row image\" \/><\/div>\n<div class=\"_4bl9\">\n<div>(11) 98100-5365<\/div>\n<\/div>\n<\/div>\n<\/div>\n<\/div>\n<div><\/div>\n<p><!--more--><\/p>\n<div>Conhe\u00e7a tamb\u00e9m as atividades Cient\u00edficas e Culturais na USP:<\/div>\n<div><a href=\"http:\/\/www.uspvirtual.usp.br\/index2.html?src=http:\/\/www.usp.br\/coralusp\"><strong><span style=\"color: #0000ff;\">CORALUSP<\/span><\/strong><\/a>&#8211; Coral da Universidade de S\u00e3o Paulo integrado por alunxs e funcion\u00e1rixs da USP.<\/div>\n<div><strong><span style=\"color: #0000ff;\"><a style=\"color: #0000ff;\" href=\"http:\/\/www.uspvirtual.usp.br\/index2.html?src=http:\/\/www.usp.br\/mariantonia\/\">Centro Universit\u00e1rio Maria Ant\u00f4nia &#8211;<\/a><\/span><\/strong> Centro de Exposi\u00e7\u00f5es, Cursos e Confer\u00eancias<\/div>\n<div><a href=\"http:\/\/www.osusp.prceu.usp.br\/programacao-de-concertos\/\"><strong><span style=\"color: #0000ff;\">OSUSP<\/span><\/strong><\/a> &#8211; Orquestra Sinf\u00f4nica da USP<\/div>\n<div><span style=\"color: #0000ff;\"><a style=\"color: #0000ff;\" href=\"http:\/\/www.uspvirtual.usp.br\/index2.html?src=http:\/\/www.usp.br\/cinusp\"><strong><span style=\"color: #0000ff;\">CINUSP<\/span><\/strong><\/a><\/span> &#8211; Cinema da USP<\/div>\n<div><span style=\"color: #0000ff;\"><strong>TUSP<\/strong><\/span> &#8211; Teatro Universit\u00e1rio da USP<br \/>\n<strong><span style=\"color: #0000ff;\"><a style=\"color: #0000ff;\" href=\"http:\/\/www.ib.usp.br\/dep-botanica-mais-informacoes\/herbario.html\">Herb\u00e1rio da Biologia<\/a> <\/span><\/strong>&#8211; Instituto de Biologia<\/div>\n<div>\n<p><strong>Fora da Cidade Universit\u00e1ria<\/strong><\/p>\n<p><strong><span style=\"color: #0000ff;\"><a style=\"color: #0000ff;\" href=\"https:\/\/masp.org.br\/exposicoes\">MASP- EXPOSI\u00c7\u00c3O TARSILA POPULAR<\/a><\/span><\/strong><br \/>\nAvenida Paulista 1578, Bela Vista &#8211; Regi\u00e3o Centro Museu de Arte de S\u00e3o Paulo &#8211; MASP<\/p>\n<p><span style=\"color: #0000ff;\"><strong><a style=\"color: #0000ff;\" href=\"http:\/\/www.sescsp.org.br\/unidades\/10_PINHEIROS\/#\/content=programacao\">Sesc Pinheiros<\/a><\/strong><\/span><br \/>\nRua Paes Leme, 195, Pinheiros<\/p>\n<p><span style=\"color: #0000ff;\"><a style=\"color: #0000ff;\" href=\"http:\/\/www.mac.usp.br\/mac\/\"><strong>MAC &#8211; Museu de Arte Contempor\u00e2nea<\/strong><\/a><\/span><br \/>\nAv. Pedro \u00c1lvares Cabral, 1301<\/p>\n<\/div>\n<div><\/div>\n<p><\/p>","protected":false},"excerpt":{"rendered":"<p>Al\u00e9m da Feira de Livros Latino-americanos e da Sess\u00e3o de Lan\u00e7amento de Livros e Autores, acompanhe a Programa\u00e7\u00e3o Cultural do I Congresso Internacional Pensamento e Pesquisa sobre a Am\u00e9rica Latina com as Apresenta\u00e7\u00f5es Culturais<\/p>\n","protected":false},"author":318,"featured_media":0,"parent":2418,"menu_order":0,"comment_status":"closed","ping_status":"closed","template":"","meta":{"footnotes":"","_links_to":"","_links_to_target":""},"class_list":["post-2522","page","type-page","status-publish","hentry"],"_links":{"self":[{"href":"https:\/\/sites.usp.br\/prolam\/wp-json\/wp\/v2\/pages\/2522","targetHints":{"allow":["GET"]}}],"collection":[{"href":"https:\/\/sites.usp.br\/prolam\/wp-json\/wp\/v2\/pages"}],"about":[{"href":"https:\/\/sites.usp.br\/prolam\/wp-json\/wp\/v2\/types\/page"}],"author":[{"embeddable":true,"href":"https:\/\/sites.usp.br\/prolam\/wp-json\/wp\/v2\/users\/318"}],"replies":[{"embeddable":true,"href":"https:\/\/sites.usp.br\/prolam\/wp-json\/wp\/v2\/comments?post=2522"}],"version-history":[{"count":4,"href":"https:\/\/sites.usp.br\/prolam\/wp-json\/wp\/v2\/pages\/2522\/revisions"}],"predecessor-version":[{"id":4712,"href":"https:\/\/sites.usp.br\/prolam\/wp-json\/wp\/v2\/pages\/2522\/revisions\/4712"}],"up":[{"embeddable":true,"href":"https:\/\/sites.usp.br\/prolam\/wp-json\/wp\/v2\/pages\/2418"}],"wp:attachment":[{"href":"https:\/\/sites.usp.br\/prolam\/wp-json\/wp\/v2\/media?parent=2522"}],"curies":[{"name":"wp","href":"https:\/\/api.w.org\/{rel}","templated":true}]}}