{"id":270,"date":"2014-06-14T19:29:06","date_gmt":"2014-06-14T21:29:06","guid":{"rendered":"http:\/\/sites.usp.br\/prolam\/?page_id=270"},"modified":"2021-07-03T12:07:28","modified_gmt":"2021-07-03T15:07:28","slug":"apresentacao-3","status":"publish","type":"page","link":"https:\/\/sites.usp.br\/prolam\/apresentacao-3\/","title":{"rendered":"I Congresso Internacional Pensamento e Pesquisa sobre a Am\u00e9rica Latina &#8211; III Simp\u00f3sio Internacional Pensar e Repensar a Am\u00e9rica Latina"},"content":{"rendered":"<p><\/p>\n<p style=\"text-align: justify;\">Em 2014, o <em><strong>Programa de P\u00f3s-gradua\u00e7\u00e3o Integra\u00e7\u00e3o da Am\u00e9rica Latina <\/strong><\/em>da<em><strong> Universidade de S\u00e3o Paulo (<span style=\"color: #00ccff;\"><a style=\"color: #00ccff;\" href=\"http:\/\/www.prolam.usp.br\/\">PROLAM\/USP<\/a><\/span>)<\/strong> <\/em>criou o <strong><em>I Simp\u00f3sio Internacional Pensar e Repensar a Am\u00e9rica Latina<\/em> <\/strong>com o objetivo de difundir a produ\u00e7\u00e3o de conhecimento sobre a regi\u00e3o nos campos da pol\u00edtica, da economia, da sociologia, da comunica\u00e7\u00e3o, da cultura, da educa\u00e7\u00e3o, dos direitos e das rela\u00e7\u00f5es internacionais. Tamb\u00e9m seguimos com a proposta de reunir estudantes de p\u00f3s-gradua\u00e7\u00e3o e pesquisadores do Brasil e de outros pa\u00edses, versando sobre problem\u00e1ticas da regi\u00e3o a partir de perspectivas te\u00f3ricas sens\u00edveis para a especificidade regional.<\/p>\n<p>Com isto, buscava-se articular la\u00e7os acad\u00eamicos entre redes de pesquisadores latino-americanistas do Brasil e com colegas provenientes de institui\u00e7\u00f5es de outros pa\u00edses americanos ou do mundo afora. Depois do \u00eaxito desta primeira experi\u00eancia, em 2016 realizou-se o II Simp\u00f3sio.<\/p>\n<p style=\"text-align: justify;\"><strong>Sobre o Evento de 2019<\/strong>: A experi\u00eancia de dois Simp\u00f3sios anteriores permitiu verificar que atualmente no Brasil h\u00e1 uma demanda crescente de pesquisadores e estudiosos sobre a Am\u00e9rica Latina, que n\u00e3o encontram espa\u00e7os ou interlocutores dentro do pa\u00eds para debater suas preocupa\u00e7\u00f5es intelectuais.<\/p>\n<p>Enquanto no cen\u00e1rio internacional<a name=\"_ftnref1\"><\/a>\u00a0h\u00e1 v\u00e1rios eventos sobre a Am\u00e9rica Latina, com perspectivas interdisciplinares e importante presen\u00e7a dos pesquisadores de diversos pa\u00edses, no Brasil os eventos sobre a regi\u00e3o s\u00e3o relativamente poucos, quando comparados com o potencial de produ\u00e7\u00e3o, e nem sempre atravessam as diversas \u00e1reas de conhecimento das ci\u00eancias sociais, das humanidades e das artes num \u00fanico evento.<\/p>\n<p style=\"text-align: justify;\">Tal car\u00eancia de espa\u00e7os espec\u00edficos para pensar a Am\u00e9rica Latina a partir do Brasil destoa assim com a tradi\u00e7\u00e3o de intelectuais que, desde meados do s\u00e9culo passado e principalmente nas d\u00e9cadas de 1960 e 1970, contribu\u00edram de modo muito prof\u00edcuo com projetos intelectuais sobre a Am\u00e9rica Latina.\u00a0Desta semente emanou, por exemplo, uma rica tradi\u00e7\u00e3o de pensadores sobre a depend\u00eancia econ\u00f4mica e pol\u00edtica regional em cujo n\u00facleo se concentravam pensadores como Florestan Fernandes, Fernando Henrique Cardoso, Oct\u00e1vio Ianni, Francisco Weffort, Theot\u00f3nio dos Santos, V\u00e2nia Bambirra, Rui Mauro Marini, entre muitos outros autores de renome internacional.<\/p>\n<p style=\"text-align: justify;\">O evento do <span style=\"color: #00ccff;\"><a style=\"color: #00ccff;\" href=\"http:\/\/www.prolam.usp.br\/\"><strong>PROLAM\/USP<\/strong><\/a><\/span> vem contribuir para suprir, inicialmente, a car\u00eancia de espa\u00e7os interdisciplinares de encontro e debate dos projetos intelectuais sobre a Am\u00e9rica Latina que se produzem no Brasil. Em segundo lugar, prop\u00f5e-se a articular os pensadores brasileiros com aqueles intelectuais provenientes de outros pa\u00edses da regi\u00e3o e do mundo que desejem estabelecer di\u00e1logos interdisciplinares e cient\u00edficos com os pesquisadores brasileiros.<\/p>\n<p style=\"text-align: justify;\">O <span style=\"color: #00ccff;\"><a style=\"color: #00ccff;\" href=\"http:\/\/www.prolam.usp.br\/\"><strong>PROLAM\/USP<\/strong><\/a> <\/span>em 2018 cumpre 30 anos de exist\u00eancia, por este motivo, este evento \u00e9 uma grande oportunidade de comemorar com nossos colegas latino-americanistas de todo o mundo.<\/p>\n<p style=\"text-align: justify;\">A acolhida e aprova\u00e7\u00e3o dos participantes do I e II Simp\u00f3sios teve como consequ\u00eancia o desdobramento do evento em duas atividades cient\u00edficas articuladas, a primeira \u2013 o <strong>III Simp\u00f3sio<\/strong>&#8211; com foco na produ\u00e7\u00e3o de pensamento sobre os principais desafios de se interpretar a Am\u00e9rica Latina; a segunda \u2013 <strong>I Congresso<\/strong> \u2013 sobre diversos temas, disciplinas e problem\u00e1ticas a ser estudadas sobre a Am\u00e9rica Latina:<\/p>\n<p style=\"text-align: justify;\">O <strong><em>III Simp\u00f3sio Internacional Pensar e Repensar a Am\u00e9rica Latina<\/em><\/strong> traz\u00a0 <span style=\"text-decoration: underline;\"><strong><a href=\"https:\/\/sites.usp.br\/prolam\/programacao\/conferencias\/\"><em><span style=\"color: #00ccff; text-decoration: underline;\">CONFERENCISTAS<\/span><\/em><\/a><\/strong><\/span> e Palestrantes em <span style=\"color: #00ccff;\"><em><span style=\"text-decoration: underline;\"><strong><a style=\"color: #00ccff; text-decoration: underline;\" href=\"https:\/\/sites.usp.br\/prolam\/programacao\/mesas-redondas\/\">MESAS REDONDAS<\/a><\/strong><\/span><\/em><\/span> de reconhecido nome e destaque internacional por suas pesquisas ou produ\u00e7\u00e3o de conhecimento sobre a Am\u00e9rica Latina. O foco desta parte do evento \u00e9 conhecer e debater o pensamento social e em humanidades produzido sobre a Am\u00e9rica Latina.<\/p>\n<p style=\"text-align: justify;\">O <strong><em>I Congresso<\/em><\/strong> <strong><em>Internacional Pensamento e Pesquisa sobre a Am\u00e9rica Latina<\/em><\/strong> criar\u00e1 o cen\u00e1rio para as apresenta\u00e7\u00f5es das pesquisas dos participantes latino-americanistas brasileiros e estrangeiros que trar\u00e3o seus trabalhos e reflex\u00f5es em tem\u00e1ticas heterog\u00eaneas sobre a regi\u00e3o.<\/p>\n<p style=\"text-align: justify;\">Tamb\u00e9m receber\u00e1 o <strong><em>F\u00f3rum Permanente de Programas de P\u00f3s-Gradua\u00e7\u00e3o em Am\u00e9rica Latina<\/em>, <\/strong>atividade itinerante incentivada pela equipe do <span style=\"color: #00ccff;\"><strong><em><a style=\"color: #00ccff;\" href=\"http:\/\/www.prolam.usp.br\/\">PROLAM\/USP<\/a><\/em><\/strong><\/span> e que reunir\u00e1 a cada dois anos aos pesquisadores dos Programas de P\u00f3s-gradua\u00e7\u00e3o em estudos sobre a Am\u00e9rica Latina do Brasil.<\/p>\n<p style=\"text-align: justify;\">Realizaremos, ainda no espa\u00e7o do Congresso, atividades de forma\u00e7\u00e3o nos <span style=\"text-decoration: underline; color: #00ccff;\"><strong><em><a style=\"color: #00ccff; text-decoration: underline;\" href=\"https:\/\/sites.usp.br\/prolam\/curso-de-curta-duracao\/\">CURSOS DE CURTA DURA\u00c7\u00c3O<\/a><\/em><\/strong><\/span>, um<span style=\"color: #00ccff;\">\u00a0<span style=\"text-decoration: underline;\"><strong><em><a style=\"color: #00ccff; text-decoration: underline;\" href=\"https:\/\/sites.usp.br\/prolam\/programacao\/lancamento-de-livros\/\">LAN\u00c7AMENTO<\/a><\/em><\/strong><\/span><\/span> de t\u00edtulos novos de autores sobre a Am\u00e9rica Latina e<span style=\"color: #00ccff;\">\u00a0<span style=\"text-decoration: underline;\"><a style=\"color: #00ccff; text-decoration: underline;\" href=\"https:\/\/sites.usp.br\/prolam\/programacao\/apresentacao-cultural\/\"><strong><em>APRESENTA\u00c7\u00d5ES CULTURAIS<\/em><\/strong><\/a><\/span>.<\/span> Finalmente, a <span style=\"text-decoration: underline; color: #00ccff;\"><strong><em><a style=\"color: #00ccff; text-decoration: underline;\" href=\"https:\/\/sites.usp.br\/prolam\/programacao\/feira-de-livro\/\">FEIRA DE LIVROS<\/a> <\/em><\/strong><\/span>ter\u00e1 editoras brasileiras e de outros pa\u00edses com t\u00edtulos de obras cl\u00e1ssicos e contempor\u00e2neas sobre a regi\u00e3o.<\/p>\n<p style=\"text-align: justify;\">Confira a\u00a0nossa <span style=\"text-decoration: underline;\"><strong><em><a href=\"http:\/\/sites.usp.br\/prolam\/programacao\/\"><span style=\"color: #00ccff; text-decoration: underline;\">PROGRAMA\u00c7\u00c3O<\/span> <\/a><\/em><\/strong><\/span>e venha participar (inscri\u00e7\u00f5es<span style=\"text-decoration: underline; color: #00ccff;\"><strong><em><a style=\"color: #00ccff; text-decoration: underline;\" href=\"http:\/\/sites.usp.br\/prolam\/inscricoes-e-prazos\/\"> AQUI<\/a><\/em><\/strong><\/span>) do evento e da nossa comemora\u00e7\u00e3o!<\/p>\n<p style=\"text-align: justify;\">Acompanhe as novidades do evento em nossa <span style=\"color: #00ccff;\"><strong><em><a style=\"color: #00ccff;\" href=\"https:\/\/www.facebook.com\/Simp%C3%B3sio-Internacional-Pensar-e-Repensar-a-Am%C3%A9rica-Latina-906247512724894\/\">p\u00e1gina no Facebook<\/a><\/em><\/strong><\/span>.<\/p>\n<p style=\"text-align: justify;\"><span style=\"text-decoration: underline; color: #00ccff;\"><em><strong><a style=\"color: #00ccff; text-decoration: underline;\" href=\"https:\/\/sites.usp.br\/prolam\/comissao-organizadora\/\">COMISS\u00c3O DE ORGANIZA\u00c7\u00c3O DO I CONGRESSO INTERNACIONAL PENSAMENTO E PESQUISA SOBRE A AM\u00c9RICA LATINA E O III SIMP\u00d3SIO INTERNACIONAL PENSAR E REPENSAR A AM\u00c9RICA LATINA<\/a><\/strong><\/em><\/span><\/p>\n<p><\/p>","protected":false},"excerpt":{"rendered":"<p>Em 2014, o Programa de P\u00f3s-gradua\u00e7\u00e3o Integra\u00e7\u00e3o da Am\u00e9rica Latina da Universidade de S\u00e3o Paulo (PROLAM\/USP) criou o I Simp\u00f3sio Internacional Pensar e Repensar a Am\u00e9rica Latina com o objetivo de difundir a produ\u00e7\u00e3o de conhecimento sobre a regi\u00e3o nos &hellip; <a href=\"https:\/\/sites.usp.br\/prolam\/apresentacao-3\/\">Continue reading <span class=\"meta-nav\">&rarr;<\/span><\/a><\/p>\n","protected":false},"author":45,"featured_media":0,"parent":0,"menu_order":4,"comment_status":"closed","ping_status":"closed","template":"","meta":{"footnotes":"","_links_to":"","_links_to_target":""},"class_list":["post-270","page","type-page","status-publish","hentry"],"_links":{"self":[{"href":"https:\/\/sites.usp.br\/prolam\/wp-json\/wp\/v2\/pages\/270","targetHints":{"allow":["GET"]}}],"collection":[{"href":"https:\/\/sites.usp.br\/prolam\/wp-json\/wp\/v2\/pages"}],"about":[{"href":"https:\/\/sites.usp.br\/prolam\/wp-json\/wp\/v2\/types\/page"}],"author":[{"embeddable":true,"href":"https:\/\/sites.usp.br\/prolam\/wp-json\/wp\/v2\/users\/45"}],"replies":[{"embeddable":true,"href":"https:\/\/sites.usp.br\/prolam\/wp-json\/wp\/v2\/comments?post=270"}],"version-history":[{"count":6,"href":"https:\/\/sites.usp.br\/prolam\/wp-json\/wp\/v2\/pages\/270\/revisions"}],"predecessor-version":[{"id":5315,"href":"https:\/\/sites.usp.br\/prolam\/wp-json\/wp\/v2\/pages\/270\/revisions\/5315"}],"wp:attachment":[{"href":"https:\/\/sites.usp.br\/prolam\/wp-json\/wp\/v2\/media?parent=270"}],"curies":[{"name":"wp","href":"https:\/\/api.w.org\/{rel}","templated":true}]}}