{"id":3049,"date":"2018-10-15T21:51:09","date_gmt":"2018-10-16T00:51:09","guid":{"rendered":"http:\/\/sites.usp.br\/prolam\/?page_id=3049"},"modified":"2018-11-08T00:06:02","modified_gmt":"2018-11-08T03:06:02","slug":"congresso-internacional-pensamento-e-pesquisa-sobre-america-latina","status":"publish","type":"page","link":"https:\/\/sites.usp.br\/prolam\/congresso-internacional-pensamento-e-pesquisa-sobre-america-latina\/","title":{"rendered":"I Congresso Internacional Pensamento e Pesquisa sobre a Am\u00e9rica Latina"},"content":{"rendered":"<p><strong>I Congresso Internacional Pensamento e Pesquisa\u00a0sobre Am\u00e9rica Latina<\/strong><\/p>\n<p>A experi\u00eancia de dois Simp\u00f3sios em 2014 e 2016 permitiu verificar que atualmente no Brasil h\u00e1 uma demanda crescente de pesquisadores e estudiosos sobre a Am\u00e9rica Latina, que n\u00e3o encontram espa\u00e7os ou interlocutores dentro do pa\u00eds para debater suas preocupa\u00e7\u00f5es intelectuais.<\/p>\n<p>Enquanto no cen\u00e1rio internacional<a name=\"_ftnref1\"><\/a>\u00a0h\u00e1 v\u00e1rios eventos sobre a Am\u00e9rica Latina, com perspectivas interdisciplinares e importante presen\u00e7a dos pesquisadores de diversos pa\u00edses, no Brasil os eventos sobre a regi\u00e3o s\u00e3o relativamente poucos, quando comparados com o potencial de produ\u00e7\u00e3o, e nem sempre atravessam as diversas \u00e1reas de conhecimento das ci\u00eancias sociais, das humanidades e das artes num \u00fanico evento.<\/p>\n<p>Tal car\u00eancia de espa\u00e7os espec\u00edficos para pensar a Am\u00e9rica Latina a partir do Brasil destoa assim com a tradi\u00e7\u00e3o de intelectuais que, desde meados do s\u00e9culo passado e principalmente nas d\u00e9cadas de 1960 e 1970, contribu\u00edram de modo muito prof\u00edcuo com projetos intelectuais sobre a Am\u00e9rica Latina. Desta semente emanou, por exemplo, uma rica tradi\u00e7\u00e3o de pensadores sobre a depend\u00eancia econ\u00f4mica e pol\u00edtica regional em cujo n\u00facleo se concentravam pensadores como Florestan Fernandes, Fernando Henrique Cardoso, Oct\u00e1vio Ianni, Francisco Weffort, Theot\u00f3nio dos Santos, V\u00e2nia Bambirra, Rui Mauro Marini, entre muitos outros autores de renome internacional.<\/p>\n<p>O evento do <strong><a href=\"http:\/\/www.prolam.usp.br\/\">PROLAM\/USP<\/a><\/strong> vem contribuir para suprir, inicialmente, a car\u00eancia de espa\u00e7os interdisciplinares de encontro e debate dos projetos intelectuais sobre a Am\u00e9rica Latina que se produzem no Brasil. Em segundo lugar, prop\u00f5e-se a articular os pensadores brasileiros com aqueles intelectuais provenientes de outros pa\u00edses da regi\u00e3o e do mundo que desejem estabelecer di\u00e1logos interdisciplinares e cient\u00edficos com os pesquisadores brasileiros.<\/p>\n<p>O <strong><a href=\"http:\/\/www.prolam.usp.br\/\">PROLAM\/USP<\/a><\/strong> em 2018 cumpre 30 anos de exist\u00eancia, por este motivo, este evento \u00e9 uma grande oportunidade de comemorar com nossos colegas latino-americanistas de todo o mundo.<\/p>\n<p>O <em><strong>I Congresso<\/strong><\/em> <em><strong>Internacional Pensamento e Pesquisa sobre a Am\u00e9rica Latina<\/strong><\/em> criar\u00e1 o cen\u00e1rio para as apresenta\u00e7\u00f5es das pesquisas dos participantes latino-americanistas brasileiros e estrangeiros que trar\u00e3o seus trabalhos e reflex\u00f5es em tem\u00e1ticas heterog\u00eaneas sobre a regi\u00e3o.<\/p>\n<p>Tamb\u00e9m receber\u00e1 o <em><strong>F\u00f3rum Permanente de Programas de P\u00f3s-Gradua\u00e7\u00e3o em Am\u00e9rica Latina<\/strong><\/em><strong>, <\/strong>atividade itinerante incentivada pela equipe do <strong><em><a href=\"http:\/\/www.prolam.usp.br\/\">PROLAM\/USP<\/a><\/em><\/strong> e que reunir\u00e1\u00a0regularmente aos pesquisadores dos Programas de P\u00f3s-gradua\u00e7\u00e3o em estudos sobre a Am\u00e9rica Latina do Brasil.<\/p>\n<p>Realizaremos, ainda no espa\u00e7o do Congresso, atividades de forma\u00e7\u00e3o nos <strong><em><a href=\"https:\/\/sites.usp.br\/prolam\/ministrante-de-cursos-de-curta-duracao\/\">CURSOS DE CURTA DURA\u00c7\u00c3O<\/a><\/em><\/strong>, um\u00a0<strong><em><a href=\"https:\/\/sites.usp.br\/prolam\/programacao\/lancamento-de-livros\/\">LAN\u00c7AMENTO<\/a><\/em><\/strong> de t\u00edtulos novos de autores sobre a Am\u00e9rica Latina e\u00a0<em><strong><u><a href=\"https:\/\/sites.usp.br\/prolam\/programacao\/apresentacao-cultural\/\">APRESENTA\u00c7\u00d5ES CULTURAIS<\/a><\/u><\/strong><\/em>. Finalmente, a <strong><em><a href=\"https:\/\/sites.usp.br\/prolam\/programacao\/feira-de-livro\/\">FEIRA DE LIVROS<\/a><\/em><\/strong> ter\u00e1 editoras brasileiras e de outros pa\u00edses com t\u00edtulos de obras cl\u00e1ssicos e contempor\u00e2neas sobre a regi\u00e3o.<\/p>\n<p>Confira a\u00a0nossa <strong><em><a href=\"http:\/\/sites.usp.br\/prolam\/programacao\/\">PROGRAMA\u00c7\u00c3O <\/a><\/em><\/strong>e venha participar (inscri\u00e7\u00f5es<strong><em><a href=\"http:\/\/sites.usp.br\/prolam\/inscricoes-e-prazos\/\"> AQUI<\/a><\/em><\/strong>) do evento e da nossa comemora\u00e7\u00e3o!<\/p>\n<p>Acompanhe as novidades do evento em nossa <strong><em><a href=\"https:\/\/www.facebook.com\/Simp%C3%B3sio-Internacional-Pensar-e-Repensar-a-Am%C3%A9rica-Latina-906247512724894\/\">p\u00e1gina no Facebook<\/a><\/em><\/strong>.<\/p>\n<p><strong><em><a href=\"https:\/\/sites.usp.br\/prolam\/comissao-organizadora\/\">COMISS\u00c3O DE ORGANIZA\u00c7\u00c3O DO I CONGRESSO INTERNACIONAL PENSAMENTO E PESQUISA SOBRE A AM\u00c9RICA LATINA<\/a>.<\/em><\/strong><\/p>","protected":false},"excerpt":{"rendered":"<p>I Congresso Internacional Pensamento e Pesquisa\u00a0sobre Am\u00e9rica Latina A experi\u00eancia de dois Simp\u00f3sios em 2014 e 2016 permitiu verificar que atualmente no Brasil h\u00e1 uma demanda crescente de pesquisadores e estudiosos sobre a Am\u00e9rica Latina, que n\u00e3o encontram espa\u00e7os ou &hellip; <a href=\"https:\/\/sites.usp.br\/prolam\/congresso-internacional-pensamento-e-pesquisa-sobre-america-latina\/\">Continue reading <span class=\"meta-nav\">&rarr;<\/span><\/a><\/p>\n","protected":false},"author":45,"featured_media":0,"parent":0,"menu_order":5,"comment_status":"closed","ping_status":"closed","template":"","meta":{"footnotes":"","_links_to":"","_links_to_target":""},"class_list":["post-3049","page","type-page","status-publish","hentry"],"_links":{"self":[{"href":"https:\/\/sites.usp.br\/prolam\/wp-json\/wp\/v2\/pages\/3049","targetHints":{"allow":["GET"]}}],"collection":[{"href":"https:\/\/sites.usp.br\/prolam\/wp-json\/wp\/v2\/pages"}],"about":[{"href":"https:\/\/sites.usp.br\/prolam\/wp-json\/wp\/v2\/types\/page"}],"author":[{"embeddable":true,"href":"https:\/\/sites.usp.br\/prolam\/wp-json\/wp\/v2\/users\/45"}],"replies":[{"embeddable":true,"href":"https:\/\/sites.usp.br\/prolam\/wp-json\/wp\/v2\/comments?post=3049"}],"version-history":[{"count":4,"href":"https:\/\/sites.usp.br\/prolam\/wp-json\/wp\/v2\/pages\/3049\/revisions"}],"predecessor-version":[{"id":3296,"href":"https:\/\/sites.usp.br\/prolam\/wp-json\/wp\/v2\/pages\/3049\/revisions\/3296"}],"wp:attachment":[{"href":"https:\/\/sites.usp.br\/prolam\/wp-json\/wp\/v2\/media?parent=3049"}],"curies":[{"name":"wp","href":"https:\/\/api.w.org\/{rel}","templated":true}]}}