{"id":3059,"date":"2018-10-18T14:42:50","date_gmt":"2018-10-18T17:42:50","guid":{"rendered":"http:\/\/sites.usp.br\/prolam\/?page_id=3059"},"modified":"2018-10-26T20:08:05","modified_gmt":"2018-10-26T23:08:05","slug":"forum-permanente","status":"publish","type":"page","link":"https:\/\/sites.usp.br\/prolam\/forum-permanente\/","title":{"rendered":"F\u00f3rum Permanente dos Programas de P\u00f3s-gradua\u00e7\u00e3o em Am\u00e9rica Latina"},"content":{"rendered":"<p>O <strong>F\u00f3rum de Programas de P\u00f3s-gradua\u00e7\u00e3o<\/strong> especializados em estudos sobre a <strong>Am\u00e9rica Latina<\/strong> tem como objetivo ser um espa\u00e7o e ponto de partido de uma a\u00e7\u00e3o permanente e itinerante para o encontro dos Programas de p\u00f3s-gradua\u00e7\u00e3o latino-americanistas do Brasil. No <strong>F\u00f3rum<\/strong> poder\u00e3o se debater quest\u00f5es pertinentes ao desenvolvimento dos Programas, divulgar as linhas de pesquisa, conhecer as equipes e grupos de pesquisadores, bem como debater as principais dificuldade de pesquisar a problem\u00e1tica latino-americana a partir de perspectivas interdisciplinares no campo das ci\u00eancias sociais e das humanidades no Brasil.<\/p>\n<p>A meta do <strong>F\u00f3rum<\/strong> \u00e9 definir estrat\u00e9gias de fortalecimento dos estudos sobre a Am\u00e9rica Latina no Brasil, criar agendas comuns para a viabilizar a pesquisa e favorecer a qualifica\u00e7\u00e3o das pesquisas dos membros do F\u00f3rum. Com isto, se consolidar\u00e1 tamb\u00e9m uma rede de pesquisadores latino-americanistas brasileiros nos Programas de P\u00f3s-gradua\u00e7\u00e3o do Brasil.<\/p>\n<p>Participar\u00e3o no <strong>F\u00f3rum<\/strong> Programas de P\u00f3s-gradua\u00e7\u00e3o em \u00e1reas humanas e ci\u00eancias sociais da Universidade da Integra\u00e7\u00e3o Latino-americana (<strong>UNILA<\/strong>), o Programa Interdisciplinar em Estudos Latino-americanos (<strong>PPG\/IELA\/UNB<\/strong>), o Programa em Desenvolvimento Territorial da Am\u00e9rica Latina (<strong>TerritoriAL\/UNESP<\/strong>), a Faculdade Latino-americana de Ci\u00eancias Sociais (<strong>FLACSO-Brasil<\/strong>) e o Programa de P\u00f3s-gradua\u00e7\u00e3o em Integra\u00e7\u00e3o da Am\u00e9rica Latina (<strong>PROLAM\/USP<\/strong>).<\/p>\n<p>Acompanhe as atividades do F\u00f3rum!<\/p>\n<p><a href=\"http:\/\/sites.usp.br\/prolam\/wp-content\/uploads\/sites\/35\/2018\/09\/MR_05-2.jpg\"><img loading=\"lazy\" decoding=\"async\" class=\"alignnone wp-image-2983 size-full\" src=\"http:\/\/sites.usp.br\/prolam\/wp-content\/uploads\/sites\/35\/2018\/09\/MR_05-2.jpg\" alt=\"\" width=\"1280\" height=\"720\" srcset=\"https:\/\/sites.usp.br\/prolam\/wp-content\/uploads\/sites\/35\/2018\/09\/MR_05-2.jpg 1280w, https:\/\/sites.usp.br\/prolam\/wp-content\/uploads\/sites\/35\/2018\/09\/MR_05-2-300x169.jpg 300w, https:\/\/sites.usp.br\/prolam\/wp-content\/uploads\/sites\/35\/2018\/09\/MR_05-2-768x432.jpg 768w, https:\/\/sites.usp.br\/prolam\/wp-content\/uploads\/sites\/35\/2018\/09\/MR_05-2-1024x576.jpg 1024w, https:\/\/sites.usp.br\/prolam\/wp-content\/uploads\/sites\/35\/2018\/09\/MR_05-2-500x281.jpg 500w, https:\/\/sites.usp.br\/prolam\/wp-content\/uploads\/sites\/35\/2018\/09\/MR_05-2-310x174.jpg 310w, https:\/\/sites.usp.br\/prolam\/wp-content\/uploads\/sites\/35\/2018\/09\/MR_05-2-400x225.jpg 400w\" sizes=\"auto, (max-width: 1280px) 100vw, 1280px\" \/><\/a><\/p>","protected":false},"excerpt":{"rendered":"<p>O F\u00f3rum de Programas de P\u00f3s-gradua\u00e7\u00e3o especializados em estudos sobre a Am\u00e9rica Latina tem como objetivo ser um espa\u00e7o e ponto de partido de uma a\u00e7\u00e3o permanente e itinerante para o encontro dos Programas de p\u00f3s-gradua\u00e7\u00e3o latino-americanistas do Brasil. No &hellip; <a href=\"https:\/\/sites.usp.br\/prolam\/forum-permanente\/\">Continue reading <span class=\"meta-nav\">&rarr;<\/span><\/a><\/p>\n","protected":false},"author":754,"featured_media":0,"parent":0,"menu_order":5,"comment_status":"closed","ping_status":"closed","template":"","meta":{"footnotes":"","_links_to":"","_links_to_target":""},"class_list":["post-3059","page","type-page","status-publish","hentry"],"_links":{"self":[{"href":"https:\/\/sites.usp.br\/prolam\/wp-json\/wp\/v2\/pages\/3059","targetHints":{"allow":["GET"]}}],"collection":[{"href":"https:\/\/sites.usp.br\/prolam\/wp-json\/wp\/v2\/pages"}],"about":[{"href":"https:\/\/sites.usp.br\/prolam\/wp-json\/wp\/v2\/types\/page"}],"author":[{"embeddable":true,"href":"https:\/\/sites.usp.br\/prolam\/wp-json\/wp\/v2\/users\/754"}],"replies":[{"embeddable":true,"href":"https:\/\/sites.usp.br\/prolam\/wp-json\/wp\/v2\/comments?post=3059"}],"version-history":[{"count":5,"href":"https:\/\/sites.usp.br\/prolam\/wp-json\/wp\/v2\/pages\/3059\/revisions"}],"predecessor-version":[{"id":3205,"href":"https:\/\/sites.usp.br\/prolam\/wp-json\/wp\/v2\/pages\/3059\/revisions\/3205"}],"wp:attachment":[{"href":"https:\/\/sites.usp.br\/prolam\/wp-json\/wp\/v2\/media?parent=3059"}],"curies":[{"name":"wp","href":"https:\/\/api.w.org\/{rel}","templated":true}]}}