{"id":4009,"date":"2019-03-20T16:39:17","date_gmt":"2019-03-20T19:39:17","guid":{"rendered":"http:\/\/sites.usp.br\/prolam\/?page_id=4009"},"modified":"2019-03-21T22:08:13","modified_gmt":"2019-03-22T01:08:13","slug":"curso-de-curta-duracao-12-os-libertadores-e-a-defesa-da-america-do-sul-construindo-uma-identidade-bem-antes-da-unasul","status":"publish","type":"page","link":"https:\/\/sites.usp.br\/prolam\/curso-de-curta-duracao-12-os-libertadores-e-a-defesa-da-america-do-sul-construindo-uma-identidade-bem-antes-da-unasul\/","title":{"rendered":"Curso de Curta Dura\u00e7\u00e3o 12: Os Libertadores e a defesa da Am\u00e9rica do Sul: construindo uma identidade bem antes da UNASUL"},"content":{"rendered":"<p><strong>Ministrante:<\/strong><\/p>\n<p><strong>Guilherme Frizzera &#8211; <\/strong>Doutorando em Rela\u00e7\u00f5es Internacionais (IREL\/UnB) e Mestre em Integra\u00e7\u00e3o da Am\u00e9rica Latina (PROLAM\/USP)<\/p>\n<p><strong>Ementa:<\/strong><\/p>\n<p style=\"text-align: justify;\">Com a cria\u00e7\u00e3o do Conselho de Defesa Sul-Americano no \u00e2mbito da UNASUL em 2008, a Am\u00e9rica do Sul colocou os assuntos de defesa na pauta de integra\u00e7\u00e3o regional. O objetivo da inclus\u00e3o deste assunto seria \u201cconstruir uma identidade comum de defesa\u201d. No entanto, muito antes da institucionaliza\u00e7\u00e3o deste tema, os Libertadores da Am\u00e9rica (Miranda, Bol\u00edvar e San Mart\u00edn) j\u00e1 apontavam em seus escritos para a necessidade da exist\u00eancia tanto de ex\u00e9rcitos nacionais, quanto da necessidade de prote\u00e7\u00e3o dos pa\u00edses rec\u00e9m emancipados e da defesa conjunta. Estes ideais constituem parte importante do processo de constru\u00e7\u00e3o dos Estados sul-americanos.<\/p>\n<p style=\"text-align: justify;\">A proposta deste curso \u00e9 apresentar um hist\u00f3rico do per\u00edodo de liberta\u00e7\u00e3o da regi\u00e3o e o quanto a quest\u00e3o da defesa foi importante no pensamento dos Libertadores na Am\u00e9rica. Al\u00e9m disso, o objetivo \u00e9 tamb\u00e9m analisar como a quest\u00e3o de uma identidade comum de defesa tomou forma e se institucionalizou na UNASUL. Por fim, refletir sobre os resultados que a integra\u00e7\u00e3o nesta \u00e1rea tem produzido na \u00faltima d\u00e9cada.<\/p>\n<p><strong>Desenvolvimento e Cronograma<\/strong>:<\/p>\n<p><strong>De 7 a 9 de maio \u2013 Das 9h \u00e0s 10h30<\/strong><\/p>\n<p style=\"text-align: justify;\"><strong>Primeira sess\u00e3o (07\/05\/2019)<\/strong> &#8211; A liberta\u00e7\u00e3o da Am\u00e9rica: um hist\u00f3rico de conflitos e batalhas pela independ\u00eancia<\/p>\n<ul>\n<li style=\"text-align: justify;\">Apresenta\u00e7\u00e3o da proposta do curso de curta dura\u00e7\u00e3o<\/li>\n<li style=\"text-align: justify;\">A hist\u00f3ria da liberta\u00e7\u00e3o da Am\u00e9rica do Sul<\/li>\n<li style=\"text-align: justify;\">Cria\u00e7\u00e3o dos Estados nacionais, uni\u00e3o e Congresso do Panam\u00e1<\/li>\n<\/ul>\n<p style=\"text-align: justify;\"><strong>Segunda sess\u00e3o (08\/05\/2019)<\/strong> &#8211; O pensamento pol\u00edtico dos Libertadores da Am\u00e9rica: os generais em seu labirinto<\/p>\n<ul>\n<li>Miranda: o primeiro libertador e a aus\u00eancia de um ex\u00e9rcito nacional<\/li>\n<li>Bol\u00edvar: um ex\u00e9rcito antes de uma na\u00e7\u00e3o e a ajuda internacional<\/li>\n<li>San Mart\u00edn: um general ordeiro e um estrangeiro em sua terra<\/li>\n<\/ul>\n<p><strong>Terceira sess\u00e3o (09\/05\/2019)<\/strong> &#8211; UNASUL e a defesa: uma d\u00e9cada ou dois s\u00e9culos de hist\u00f3ria?<\/p>\n<ul>\n<li style=\"text-align: justify;\">Pan-Americanismo, OEA e a defesa como um conceito hemisf\u00e9rico pr\u00e9-UNASUL: agenda de quem, para quem?<\/li>\n<li style=\"text-align: justify;\">Cria\u00e7\u00e3o da UNASUL e do Conselho de Defesa Sul-Americano: Objetivos e resultados do Conselho e a import\u00e2ncia das ideias e valores dos militares<\/li>\n<li style=\"text-align: justify;\">O que esperar de uma organiza\u00e7\u00e3o regional de defesa e o que a hist\u00f3ria nos ensina? Perspectivas do impacto das mudan\u00e7as pol\u00edticas na Am\u00e9rica Latina no projeto de defesa comum.<\/li>\n<\/ul>\n<p><strong>Bibliografia:<\/strong><\/p>\n<p style=\"text-align: justify;\">ARANA, Marie.\u00a0<em>Bol\u00edvar: o Libertador da Am\u00e9rica<\/em>. S\u00e3o Paulo: Tr\u00eas Estrelas, 2015*<\/p>\n<p style=\"text-align: justify;\">DORATIOTO, Francisco. <em>A Forma\u00e7\u00e3o dos Estados Nacionais no Cone Sul<\/em>. In: FUNAG. A Am\u00e9rica do Sul e a Integra\u00e7\u00e3o Regional. Bras\u00edlia: Funag, 2011<\/p>\n<p style=\"text-align: justify;\">FRIZZERA, Guilherme. <em>O Pensamento Pol\u00edtico Latino-Americano do S\u00e9culo XIX: Identidade e Defesa como uma narrativa do regionalismo.<\/em> Revista de Estudos Internacionais (REI), Vol. 9 (2), 2018. Dispon\u00edvel em: <a href=\"http:\/\/www.revistadeestudosinternacionais.com\/uepb\/index.php\/rei\/article\/view\/388\/388\">http:\/\/www.revistadeestudosinternacionais.com\/uepb\/index.php\/rei\/article\/view\/388\/388<\/a><\/p>\n<p style=\"text-align: justify;\">FUCCILLE, Alexandre.\u00a0<em>Conselho de Defesa Sul-Americano (CDS): balan\u00e7o e perspectivas<\/em>. IX Encontro ABCP, 2014. Dispon\u00edvel em:\u00a0<a href=\"https:\/\/cienciapolitica.org.br\/system\/files\/documentos\/eventos\/2017\/04\/conselho-defesa-sul-americano-cds-balanco-e-perspectivas-714.pdf\">https:\/\/cienciapolitica.org.br\/system\/files\/documentos\/eventos\/2017\/04\/conselho-defesa-sul-americano-cds-balanco-e-perspectivas-714.pdf<\/a><\/p>\n<p style=\"text-align: justify;\">HARVEY, Robert. <em>Liberators: Latin America\u2019s struggle for Independence<\/em>. Woodstock: The Overlook Press, 2000*.<\/p>\n<p style=\"text-align: justify;\">LYNCH, John. <em>San Mart\u00edn: Argentine Soldier, American Hero<\/em>. Cornwall: Yale University Press, 2009*.<\/p>\n<p style=\"text-align: justify;\">MEDEIROS FILHO, Oscar. <em>A Constru\u00e7\u00e3o de uma identidade regional de Defesa para a Am\u00e9rica do Sul: Agendas e Desafios<\/em>. Lua Nova, S\u00e3o Paulo, 101: 203-220, 2017<\/p>\n<p style=\"text-align: justify;\">* Os respectivos cap\u00edtulos dessas obras estar\u00e3o dispon\u00edveis no ambiente Google Classroom a ser definido posteriormente.<\/p>\n<p><strong>\u00a0<\/strong><\/p>\n<p><strong>\u00a0<\/strong><\/p>\n<p><strong>\u00a0<\/strong><\/p>\n","protected":false},"excerpt":{"rendered":"<p>Ministrante: Guilherme Frizzera &#8211; Doutorando em Rela\u00e7\u00f5es Internacionais (IREL\/UnB) e Mestre em Integra\u00e7\u00e3o da Am\u00e9rica Latina (PROLAM\/USP) Ementa: Com a cria\u00e7\u00e3o do Conselho de Defesa Sul-Americano no \u00e2mbito da UNASUL em 2008, a Am\u00e9rica do Sul colocou os assuntos de &hellip; <a href=\"https:\/\/sites.usp.br\/prolam\/curso-de-curta-duracao-12-os-libertadores-e-a-defesa-da-america-do-sul-construindo-uma-identidade-bem-antes-da-unasul\/\">Continue reading <span class=\"meta-nav\">&rarr;<\/span><\/a><\/p>\n","protected":false},"author":421,"featured_media":0,"parent":0,"menu_order":5,"comment_status":"closed","ping_status":"closed","template":"","meta":{"footnotes":"","_links_to":"","_links_to_target":""},"class_list":["post-4009","page","type-page","status-publish","hentry"],"_links":{"self":[{"href":"https:\/\/sites.usp.br\/prolam\/wp-json\/wp\/v2\/pages\/4009","targetHints":{"allow":["GET"]}}],"collection":[{"href":"https:\/\/sites.usp.br\/prolam\/wp-json\/wp\/v2\/pages"}],"about":[{"href":"https:\/\/sites.usp.br\/prolam\/wp-json\/wp\/v2\/types\/page"}],"author":[{"embeddable":true,"href":"https:\/\/sites.usp.br\/prolam\/wp-json\/wp\/v2\/users\/421"}],"replies":[{"embeddable":true,"href":"https:\/\/sites.usp.br\/prolam\/wp-json\/wp\/v2\/comments?post=4009"}],"version-history":[{"count":2,"href":"https:\/\/sites.usp.br\/prolam\/wp-json\/wp\/v2\/pages\/4009\/revisions"}],"predecessor-version":[{"id":4202,"href":"https:\/\/sites.usp.br\/prolam\/wp-json\/wp\/v2\/pages\/4009\/revisions\/4202"}],"wp:attachment":[{"href":"https:\/\/sites.usp.br\/prolam\/wp-json\/wp\/v2\/media?parent=4009"}],"curies":[{"name":"wp","href":"https:\/\/api.w.org\/{rel}","templated":true}]}}