{"id":4241,"date":"2019-04-01T08:36:46","date_gmt":"2019-04-01T11:36:46","guid":{"rendered":"http:\/\/sites.usp.br\/prolam\/?page_id=4241"},"modified":"2021-09-16T22:10:17","modified_gmt":"2021-09-17T01:10:17","slug":"programacao-2","status":"publish","type":"page","link":"https:\/\/sites.usp.br\/prolam\/en\/programacao-2\/","title":{"rendered":"Schedule of Scientific and Cultural activities"},"content":{"rendered":"<p><\/p>\n<p style=\"text-align: center;\"><strong>I CONGRESSO INTERNACIONAL<br \/>\nPENSAMENTO E PESQUISA SOBRE AM\u00c9RICA LATINA <\/strong><strong>(I CIPPAL)<\/strong><\/p>\n<p style=\"text-align: center;\"><strong>III SIMP\u00d3SIO INTERNACIONAL<br \/>\nPENSAR E REPENSAR A AM\u00c9RICA LATINA (III SIPPAL)<\/strong>.<\/p>\n<p><strong><a href=\"https:\/\/sites.usp.br\/prolam\/wp-content\/uploads\/sites\/35\/2019\/05\/CADERNO-DE-RESUMOS_III-SIMP%C3%93SIO-PENSAR-E-REPENSAR-A-AM%C3%89RICA-LATINA.pdf\"><span style=\"color: #0000ff;\">CADERNO DE RESUMOS<\/span><\/a> (ISBN 978-85-64842-48-9) (vers\u00e3o e-book)<br \/>\n<span style=\"color: #0000ff;\"><a style=\"color: #0000ff;\" href=\"https:\/\/sites.usp.br\/prolam\/wp-content\/uploads\/sites\/35\/2019\/05\/PROGRAMA\u00c7\u00c3O-CIPPAL_SIPPAL2.pdf\">PROGRAMA\u00c7\u00c3O<\/a><\/span> do dia a dia (com hor\u00e1rios e salas) (vers\u00e3o PDF)<\/strong><\/p>\n<p>Encontre <span style=\"color: #0000ff;\"><strong><a style=\"color: #0000ff;\" href=\"http:\/\/conferencias.fflch.usp.br\/cippal\/Inscricoes\/schedConf\/schedule\">aqui<\/a><\/strong><\/span> os hor\u00e1rios e as salas de todas as atividades do <strong>I CIPPAL<\/strong> e <strong>III SIPPAL <\/strong>e conhecer os Resumos apresentados nos Semin\u00e1rios de pesqusia, os autores, temas, pa\u00edses analisados ou as \u00e1reas de conhecimento utilize nossa plataforma de <span style=\"color: #0000ff;\"><strong><a style=\"color: #0000ff;\" href=\"http:\/\/conferencias.fflch.usp.br\/cippal\/Inscricoes\/search\/advanced\">busca avan\u00e7ada<\/a><\/strong><\/span>ou siga a <a href=\"http:\/\/conferencias.fflch.usp.br\/cippal\/Inscricoes\/schedConf\/presentations\"><strong><span style=\"color: #0000ff;\">lista de Autores e T\u00edtulos.<\/span><\/strong><\/a><\/p>\n<p><span style=\"color: #ff0000;\"><strong>Informa\u00e7\u00f5es gerais para os participantes<\/strong><\/span><\/p>\n<p><strong><span style=\"color: #008000;\">1.\u00a0CREDENCIAMENTO<\/span><\/strong>: Ser\u00e1 realizado no <strong>Hall dos Audit\u00f3rios Nicolau Sevcenko e Milton Santos<\/strong> dos pr\u00e9dios de Hist\u00f3ria e Geografia da <strong>Faculdade de Filosofia, Letras e Ci\u00eancias Humanas (FFLCH) da Universidade de S\u00e3o Paulo<\/strong>. Endere\u00e7o: Avenida Professor Lineu Prestes, 338. Universidade de S\u00e3o Paulo- Butant\u00e3, S\u00e3o Paulo\/SP.<br \/>\nO material do Encontro dever\u00e1 ser retirado no <strong>credenciamento<\/strong> durante todo o evento de acordo com os hor\u00e1rios abaixo:<\/p>\n<ul>\n<li><span style=\"color: #008000;\">\u00a0<strong>6 de maio (segunda-feira):\u00a0Credenciamento a partir das 14 horas.<\/strong><\/span><\/li>\n<li style=\"text-align: left;\"><strong><span style=\"color: #008000;\">7 a 10 de maio: Credenciamento\u00a0das 8h30 \u00e0s 19h00.<\/span><\/strong><\/li>\n<\/ul>\n<p><!--more--><strong style=\"color: #008000;\">2. NOVAS INSCRI\u00c7\u00d5ES: OUVINTES E CURSOS DE CURTA DURA\u00c7\u00c3O<\/strong><\/p>\n<ul>\n<li><strong><span style=\"color: #008000;\">Ouvintes\u00a0com Certificado:<\/span><\/strong>\u00a06 e 10 de maio. Taxa de inscri\u00e7\u00e3o \u00e9 de R$ 30.<\/li>\n<li><span style=\"color: #008000;\"><strong>Alunos de Curso de Curta Dura\u00e7\u00e3o<\/strong><\/span>: Inscri\u00e7\u00f5es presenciais at\u00e9 dia 8 de maio (quarta-feira) de manh\u00e3. Taxa R$ 30,00.\u00a0Apresentadores de Semin\u00e1rio de Pesquisa t\u00eam desconto (30%) na Taxa de inscri\u00e7\u00e3o: R$ 20,00.<\/li>\n<\/ul>\n<p><span style=\"color: #333333;\"><strong>Observa\u00e7\u00e3o<\/strong><\/span>: Para\u00a0receber certificado de Ouvinte e de participantes de Curso Curta Dura\u00e7\u00e3o deve-se realizar ambas as inscri\u00e7\u00f5es.<\/p>\n<p><!--more--><\/p>\n<p><span style=\"color: #008000;\"><strong>3. LOCAL E DATA DAS ATIVIDADES<\/strong><\/span><span style=\"color: #008000;\"><strong>:\u00a0<\/strong><\/span><strong>Faculdade de Filosofia, Letras e Ci\u00eancias Humanas (FFLCH) de 6 a 10 de maio. Escola de Comunica\u00e7\u00f5es e Artes (ECA) dia 10 de maio.<\/strong><br \/>\nSegue abaixo a rela\u00e7\u00e3o geral das atividades do evento por atividade:<\/p>\n<ul>\n<li><strong><span style=\"color: #0000ff;\"><a style=\"color: #0000ff;\" href=\"https:\/\/sites.usp.br\/prolam\/?page_id=3993\">Cursos de Curta Dura\u00e7\u00e3o<\/a><\/span> e <span style=\"color: #0000ff;\"><a style=\"color: #0000ff;\" href=\"https:\/\/sites.usp.br\/prolam\/?page_id=2428\">Semin\u00e1rios de Pesquisa<\/a><\/span><\/strong>:\n<ul>\n<li>7 a 9 de maio:\u00a0Pr\u00e9dios de Hist\u00f3ria, Geografia, Ci\u00eancias Sociais\/Ci\u00eancia Pol\u00edtica e Letras da FFLCH<a href=\"https:\/\/sites.usp.br\/prolam\/?page_id=2420\"><strong>.<\/strong><\/a><\/li>\n<\/ul>\n<\/li>\n<li><strong><a href=\"https:\/\/sites.usp.br\/prolam\/?page_id=2420\"><span style=\"color: #0000ff;\">Confer\u00eancias<\/span><\/a> e <span style=\"color: #0000ff;\"><a style=\"color: #0000ff;\" href=\"https:\/\/sites.usp.br\/prolam\/?page_id=2422\">Mesas Redondas<\/a><\/span><\/strong>:\n<ul>\n<li>06 de maio: Audit\u00f3rio Nicolau Sevcenko do pr\u00e9dio de Hist\u00f3ria e Geografia da Faculdade de Filosofia, Letras e Ci\u00eancias Humanas.<\/li>\n<li>07 a\u00a009 de maio: Audit\u00f3rio Milton Santos do pr\u00e9dio de Hist\u00f3ria e Geografia da Faculdade de Filosofia, Letras e Ci\u00eancias Humanas.<\/li>\n<\/ul>\n<\/li>\n<li><strong><a href=\"https:\/\/sites.usp.br\/prolam\/?page_id=3059\"><span style=\"color: #0000ff;\">F\u00f3rum dos Programas de P\u00f3s-gradua\u00e7\u00e3o<\/span><\/a>, <span style=\"color: #0000ff;\"><a style=\"color: #0000ff;\" href=\"https:\/\/sites.usp.br\/prolam\/?page_id=2422\">Mesa Redonda CAPES<\/a><\/span>, <a href=\"https:\/\/sites.usp.br\/prolam\/contribuicoes-dos-estudos-latino-americanos-para-as-ciencias-sociais-globais\/\"><span style=\"color: #0000ff;\">Debate FLACSO<\/span><\/a><\/strong>\n<ul>\n<li>10 de maio: Audit\u00f3rio Lupe Cotrim da Escola de Comunica\u00e7\u00f5es e Artes.<\/li>\n<\/ul>\n<\/li>\n<li><span style=\"color: #0000ff;\"><a style=\"color: #0000ff;\" href=\"https:\/\/sites.usp.br\/prolam\/?page_id=2435\"><strong>Feira de Livros Latino-americanos<\/strong><\/a>:<\/span>\n<ul>\n<li>6 a 10 de maio, no sagu\u00e3o do pr\u00e9dio da Hist\u00f3ria da FFLCH.<\/li>\n<\/ul>\n<\/li>\n<li><a href=\"https:\/\/sites.usp.br\/prolam\/?page_id=2433\"><span style=\"color: #0000ff;\"><strong style=\"color: #0000ff;\">Sess\u00e3o de Lan<\/strong><\/span><strong><span style=\"color: #0000ff;\">\u00e7amento de Livros e Noite de Aut\u00f3grafos<\/span>:<\/strong><\/a>\n<ul>\n<li>7 de maio \u00e0s 19h, Audit\u00f3rio Milton Santos dos pr\u00e9dios de Hist\u00f3ria e Geografia da FFLCH.<\/li>\n<li><span style=\"color: #0000ff;\"><strong><a style=\"color: #0000ff;\" href=\"https:\/\/sites.usp.br\/prolam\/?page_id=2522\">Atividades musicais e Grande Festa de despedida<\/a><\/strong><\/span>:\n<ul>\n<li>6 a 9 de maio antes das Confer\u00eancias e Mesas Redondas, e 10 de maio (festa) \u00e0s 21h<\/li>\n<\/ul>\n<\/li>\n<\/ul>\n<\/li>\n<\/ul>\n<p>Veja o local de cada\u00a0atividade:\u00a0<span style=\"color: #0000ff;\"><strong><a style=\"color: #0000ff;\" href=\"http:\/\/conferencias.fflch.usp.br\/cippal\/Inscricoes\/schedConf\/schedule\">aqui<\/a><\/strong><\/span><\/p>\n<p><!--more--><\/p>\n<p><strong><span style=\"color: #008000;\">4. APRESENTA\u00c7\u00d5ES E PUBLICA\u00c7\u00d5ES<\/span><\/strong>:<\/p>\n<ul>\n<li>\u00a0<span style=\"color: #008000;\">Dura\u00e7\u00e3o<\/span>:\u00a0a din\u00e2mica das Sess\u00f5es ser\u00e1 definida pelos Coordenadores de cada Semin\u00e1rio. Sugest\u00e3o de dura\u00e7\u00e3o: 15 minutos<\/li>\n<li>Apresenta\u00e7\u00e3o com Data Show: Utilize um PPT ou PDF. Traga o arquivo em <em>pendrive<\/em> unicamente (<span style=\"color: #ff0000;\">cuide que o pendrive contenha somente o arquivo de\u00a0apresenta\u00e7\u00e3o, para minimizar a troca de v\u00edrus entre os arquivos dos congressistas<\/span>),<\/li>\n<li>\u00a0Anais os trabalhos completos\n<ul>\n<li>Trabalhos devem ser colocados na <strong>Plataforma<\/strong> impreterivelmente at\u00e9\u00a0<strong><span style=\"color: #ff0000;\">15 de junho<\/span><\/strong> de 2019. A Plataforma ser\u00e1 habilitada no dia 10 de maio.<\/li>\n<li>Somente ser\u00e3o publicados os <strong>trabalhos apresentados<\/strong> nos SP durante o<br \/>\n<em style=\"font-weight: 300;\"> I Congresso Internacional Pensamento e Pesquisa sobre a Am\u00e9rica Latina e do III Simp\u00f3sio Internacional Pensar e Repensar a Am\u00e9rica Latina<\/em><span style=\"font-weight: 300;\">, conforme as <span style=\"color: #0000ff;\"><a style=\"color: #0000ff;\" href=\"https:\/\/sites.usp.br\/prolam\/?page_id=945\">diretrizes do edital<\/a><\/span> de convocat\u00f3ria para o evento (item 6b)<\/span><span style=\"font-weight: 300;\">.<\/span><\/li>\n<li><span style=\"font-weight: 300;\"><strong> Normas de publica\u00e7\u00e3o dos Anais<\/strong>: Os autores devem seguir as <strong><span style=\"color: #0000ff;\"><a style=\"color: #0000ff;\" href=\"https:\/\/sites.usp.br\/prolam\/?page_id=87\">Normas para publica\u00e7\u00e3o dos Anais<\/a><\/span><\/strong>.<\/span><\/li>\n<\/ul>\n<\/li>\n<\/ul>\n<p><!--more--><strong><span style=\"color: #008000;\">5. CADERNO DE RESUMO<\/span><span style=\"color: #008000;\">S (e-book): <\/span><\/strong><span style=\"color: #000000;\">Encontre aqui a <a href=\"https:\/\/sites.usp.br\/prolam\/wp-content\/uploads\/sites\/35\/2019\/05\/CADERNO-DE-RESUMOS_III-SIMP%C3%93SIO-PENSAR-E-REPENSAR-A-AM%C3%89RICA-LATINA.pdf\"><span style=\"color: #0000ff;\"><strong>vers\u00e3o digital<\/strong> <\/span><\/a>do Caderno de resumos (n\u00e3o distribuiremos vers\u00e3o impressa)<\/span><\/p>\n<p><!--more--><span style=\"color: #008000;\"><strong>6. WIFI<\/strong><\/span>:\u00a0A USP participa da <strong>Rede EDUROAM<\/strong> de acesso \u00e0 Comunidade Internacional de Educa\u00e7\u00e3o e Pesquisa das Institui\u00e7\u00f5es participantes da referida rede. Ferramenta assistente de configura\u00e7\u00e3o: <strong><a href=\"https:\/\/cat.eduroam.org\/\" target=\"_blank\" rel=\"noopener\" data-saferedirecturl=\"https:\/\/www.google.com\/url?q=https:\/\/cat.eduroam.org\/&amp;source=gmail&amp;ust=1557066073276000&amp;usg=AFQjCNG28ZrP_tJaoTmVSa12niSkufttlw\">https:\/\/cat.<span class=\"m_-1541644269856131587gmail-m_-8619590257261223447gmail-m_2977717926305440592gmail-m_7092477793221315620gmail-m_-7782986932147160012gmail-m_2896741308934666811gmail-m_-4639475673239563420gmail-m_315608117548287853gmail-m_5716088936637886090gmail-il\"><span class=\"m_-1541644269856131587gmail-m_-8619590257261223447gmail-m_2977717926305440592gmail-m_7092477793221315620gmail-m_-7782986932147160012gmail-m_2896741308934666811gmail-m_-4639475673239563420gmail-il\">eduroam<\/span><\/span>.org\/\u00a0<\/a><\/strong><\/p>\n<ul>\n<li>Nos pr\u00e9dios da FFLCH poder\u00e1 tamb\u00e9m acessar a\u00a0rede:\u00a0<strong>SUMMER;<\/strong>\u00a0senha:\u00a0<strong> summer2018<\/strong>. No pr\u00e9dio da ECA<\/li>\n<li>Na ECA, mediante o Eduroam (SSID): Rede: PROLAM\/USP &#8211; III Simposio (autentica\u00e7\u00e3o via Check-in <span class=\"m_-1541644269856131587gmail-m_-8619590257261223447gmail-m_2977717926305440592gmail-m_7092477793221315620gmail-m_-7782986932147160012gmail-m_2896741308934666811gmail-m_-4639475673239563420gmail-m_315608117548287853gmail-m_5716088936637886090gmail-m_6855574788584151851gmail-il\"><span class=\"m_-1541644269856131587gmail-m_-8619590257261223447gmail-m_2977717926305440592gmail-m_7092477793221315620gmail-m_-7782986932147160012gmail-m_2896741308934666811gmail-il\">Facebook ou com o c\u00f3digo: prolamusp2019). <span style=\"color: #0000ff;\"><a style=\"color: #0000ff;\" href=\"https:\/\/sites.usp.br\/prolam\/wp-content\/uploads\/sites\/35\/2019\/05\/EDUROAM-FOLHETO-vers\u00e3o-impress\u00e3o-rotated-1.pdf\">Manual de instala\u00e7\u00e3o<\/a><\/span>.<\/span><\/span><\/li>\n<\/ul>\n<p><!--more--><strong><span style=\"color: #008000;\">7. MONITORES<\/span><\/strong>: Identificados com as camisetas do CIPPAL\/SIPPAL, os monitores estar\u00e3o \u00e0 disposi\u00e7\u00e3o para auxili\u00e1-los em todas as atividades do evento.<\/p>\n<p><!--more--><\/p>\n<p><strong><span style=\"color: #008000;\">8. CERTIFICADOS<\/span><\/strong>: Todos os inscritos (Apresentadores de trabalho, participantes de Cursos de curta dura\u00e7\u00e3o e Ouvintes com direito a certificado) receber\u00e3o os Certificados pelo e-mail cadastrado no evento.<\/p>\n<p>Veja tamb\u00e9m as <span style=\"color: #0000ff;\"><strong><a style=\"color: #0000ff;\" href=\"https:\/\/sites.usp.br\/prolam\/?page_id=673\">Dicas \u00fateis<\/a> <\/strong><\/span>para sua viagem, com informa\u00e7\u00f5es de onde comer, onde ficar, como chegar \u00e0 USP e mais (Bancos, o tempo em S\u00e3o Paulo e com os aplicativos de utilidade)<\/p>\n<p>Abaixo apresentamos o quadro geral das atividades do <strong>I CIPPAL<\/strong> e <strong>III SIPPAL<\/strong>.<br \/>\nPara ampliar o quadro, basta clicar na tabela.<\/p>\n<p><a href=\"https:\/\/sites.usp.br\/prolam\/wp-content\/uploads\/sites\/35\/2019\/05\/Crono_novo.png\"><img loading=\"lazy\" decoding=\"async\" class=\"alignnone wp-image-4703 size-large\" src=\"https:\/\/sites.usp.br\/prolam\/wp-content\/uploads\/sites\/35\/2019\/05\/Crono_novo-1024x769.png\" alt=\"\" width=\"584\" height=\"439\" srcset=\"https:\/\/sites.usp.br\/prolam\/wp-content\/uploads\/sites\/35\/2019\/05\/Crono_novo-1024x769.png 1024w, https:\/\/sites.usp.br\/prolam\/wp-content\/uploads\/sites\/35\/2019\/05\/Crono_novo-300x225.png 300w, https:\/\/sites.usp.br\/prolam\/wp-content\/uploads\/sites\/35\/2019\/05\/Crono_novo-768x576.png 768w, https:\/\/sites.usp.br\/prolam\/wp-content\/uploads\/sites\/35\/2019\/05\/Crono_novo-400x300.png 400w, https:\/\/sites.usp.br\/prolam\/wp-content\/uploads\/sites\/35\/2019\/05\/Crono_novo-80x60.png 80w, https:\/\/sites.usp.br\/prolam\/wp-content\/uploads\/sites\/35\/2019\/05\/Crono_novo.png 1499w\" sizes=\"auto, (max-width: 584px) 100vw, 584px\" \/><\/a><\/p>\n<p><span class=\"\" title=\"\"><span style=\"color: #ff0000;\"><strong>Entre em contato conosco para qualquer d\u00favida no prolam_usp@usp.br!<\/strong><\/span><br \/>\n<\/span><\/p>\n<p>&nbsp;<\/p>","protected":false},"excerpt":{"rendered":"<p>Sorry, this entry is only available in Portugu\u00eas.<\/p>\n","protected":false},"author":421,"featured_media":0,"parent":0,"menu_order":5,"comment_status":"closed","ping_status":"closed","template":"","meta":{"footnotes":"","_links_to":"","_links_to_target":""},"class_list":["post-4241","page","type-page","status-publish","hentry"],"_links":{"self":[{"href":"https:\/\/sites.usp.br\/prolam\/en\/wp-json\/wp\/v2\/pages\/4241","targetHints":{"allow":["GET"]}}],"collection":[{"href":"https:\/\/sites.usp.br\/prolam\/en\/wp-json\/wp\/v2\/pages"}],"about":[{"href":"https:\/\/sites.usp.br\/prolam\/en\/wp-json\/wp\/v2\/types\/page"}],"author":[{"embeddable":true,"href":"https:\/\/sites.usp.br\/prolam\/en\/wp-json\/wp\/v2\/users\/421"}],"replies":[{"embeddable":true,"href":"https:\/\/sites.usp.br\/prolam\/en\/wp-json\/wp\/v2\/comments?post=4241"}],"version-history":[{"count":4,"href":"https:\/\/sites.usp.br\/prolam\/en\/wp-json\/wp\/v2\/pages\/4241\/revisions"}],"predecessor-version":[{"id":5706,"href":"https:\/\/sites.usp.br\/prolam\/en\/wp-json\/wp\/v2\/pages\/4241\/revisions\/5706"}],"wp:attachment":[{"href":"https:\/\/sites.usp.br\/prolam\/en\/wp-json\/wp\/v2\/media?parent=4241"}],"curies":[{"name":"wp","href":"https:\/\/api.w.org\/{rel}","templated":true}]}}