{"id":427,"date":"2014-06-16T22:04:11","date_gmt":"2014-06-17T00:04:11","guid":{"rendered":"http:\/\/sites.usp.br\/prolam\/?page_id=427"},"modified":"2019-04-29T16:03:44","modified_gmt":"2019-04-29T19:03:44","slug":"onde-ficar","status":"publish","type":"page","link":"https:\/\/sites.usp.br\/prolam\/onde-ficar\/","title":{"rendered":"Onde ficar perto da USP"},"content":{"rendered":"<p style=\"text-align: justify;\">Seguem abaixo algumas possibilidades\u00a0de hospedagem em S\u00e3o Paulo<br \/>\n<strong>OBS:<\/strong> sem v\u00ednculo oficial com o evento, verifique sempre os pre\u00e7os, que podem ter sido modificados<\/p>\n<p>HOSTAL barato perto da USP<\/p>\n<p><strong>Sampa Hostel,<\/strong> valores a partir de R$35, localizado a 50 minutos do pr\u00e9dio da FFLCH.<br \/>\nsite: <a href=\"http:\/\/sampahostel.com.br\/\">http:\/\/sampahostel.com.br\/<\/a><\/p>\n<p><strong>Okupe Hostel,<\/strong> a partir de R$29,, localizado a 40 minutos do pr\u00e9dio da FFLCH.<br \/>\nSite: <a href=\"http:\/\/www.okupehostels.com\/jardins\/pt\/index.asp\">http:\/\/www.okupehostels.com\/jardins\/pt\/index.asp<\/a><\/p>\n<p><strong>Mada Hostel,<\/strong> a partir de R$48, acima de 5 di\u00e1rias desconto de 15%. 50 minutos do pr\u00e9dio da FFLCH.<br \/>\nSite: <a href=\"http:\/\/confortomadahostel.com.br\/\">http:\/\/confortomadahostel.com.br\/<\/a><\/p>\n<p><strong>Garoa Hostel,<\/strong> a partir de R$40. 30 minutos do pr\u00e9dio da fflch.<br \/>\nSite: <a href=\"http:\/\/www.garoahostel.com\/\">http:\/\/www.garoahostel.com\/<\/a><\/p>\n<p><strong>Casa Butant\u00e3,<\/strong> Valores a partir de R$45. 30 minutos do pr\u00e9dio da fflch.<br \/>\nSite: <a href=\"https:\/\/www.casabutanta.com\/\">https:\/\/www.casabutanta.com\/<\/a><\/p>\n<p><strong>Hola Hostel,<\/strong> valores a partir de R$50, 25 minutos do pr\u00e9dio da fflch.<br \/>\nSite: <a href=\"https:\/\/www.holahostel.com.br\/home\">https:\/\/www.holahostel.com.br\/home<\/a><\/p>\n<p><strong>Girassol Hostel<\/strong>, a partir de R$60. 50 minutos do pr\u00e9dio da FFLCH.<br \/>\nSite: <a href=\"https:\/\/girassolhostel.wixsite.com\/hostel#!rooms-rates\/ciev\">https:\/\/girassolhostel.wixsite.com\/hostel#!rooms-rates\/ciev<\/a><\/p>\n<p><strong>Hostel Alice<\/strong>, a partir de R$58. 1 hora do pr\u00e9dio da FFLCH<br \/>\nSite: <a href=\"http:\/\/hostelalice.com\/\">http:\/\/hostelalice.com\/<\/a><\/p>\n<p style=\"text-align: justify;\"><strong>HOT\u00c9IS<\/strong><\/p>\n<p style=\"text-align: justify;\"><strong>Hospeda-SP<\/strong><br \/>\nRua Abadia dos Dourados, 211, S\u00e3o Paulo \u2013 SP<br \/>\nContato:(11) 3461-0878 claro | (11) 98624-1917 tim | (11) 97412-4607 oi.<br \/>\nSite:http:\/\/www.hospedasp.com.br<\/p>\n<p style=\"text-align: justify;\"><strong>GO Inn Jaguar\u00e9<\/strong><br \/>\nAvenida Jaguar\u00e9 n\u00ba 1.664, S\u00e3o Paulo.<br \/>\nContato: (11) 3716-2656<br \/>\nEmail: reservas.gij@atlanticahotels.com.br<\/p>\n<p><strong>Nahu Hostel Butant\u00e3<\/strong><br \/>\nRua Marinha de Moura Pimenta, 354 &#8211; Butant\u00e3, S\u00e3o Paulo (a 7 quadras do Port\u00e3o 3 da USP)<br \/>\nTarifa: Di\u00e1rias a partir de R$ 45,00.<br \/>\nContato:<br \/>\nTel. 11 2729.8000<br \/>\nVIVO 11 972.437.158 (whatsapp)<br \/>\nTIM 11 951.430.957<br \/>\nemail: reservas@nahuhostel.com.br<br \/>\nsite: www.nahuhostel.com.br<\/p>\n<p style=\"text-align: justify;\"><em><strong>Regi\u00e3o da Av. Paulista\/ Vila Mariana (Acesso pela Linha 4\/Amarela do Metr\u00f4)<br \/>\n<\/strong><\/em><\/p>\n<p style=\"text-align: justify;\"><strong>Ibis Budget Paulista (Ex- F\u00f3rmula 1)<\/strong><br \/>\nRua da Consola\u00e7\u00e3o 2303 \u2013 Consola\u00e7\u00e3o- S\u00e3o Paulo- SP.<br \/>\nPr\u00f3ximo ao Metr\u00f4 Paulista<br \/>\nTarifa: A partir de R$ 160,00 (Double).<br \/>\nContato:<a href=\"http:\/\/www.ibis.com\/pt-br\/hotel-5323-ibis-budget-sao-paulo-paulista\/index.shtml\">http:\/\/www.ibis.com\/pt-br\/hotel-5323-ibis-budget-sao-paulo-paulista\/index.shtml<\/a><br \/>\n(+55 11) 3123-7755<\/p>\n<p style=\"text-align: justify;\"><strong>Ibis Paulista<\/strong><br \/>\nAvenida Paulista, 2355- Bela Vista- S\u00e3o Paulo- SP.<br \/>\nPr\u00f3ximo ao Metr\u00f4 Consola\u00e7\u00e3o<br \/>\nTarifa: A partir de R$250,00 (Double).<br \/>\nContato: <a href=\"http:\/\/www.ibis.com\/pt-br\/hotel-3735-ibis-sao-paulo-paulista\/index.shtml\">http:\/\/www.ibis.com\/pt-br\/hotel-3735-ibis-sao-paulo-paulista\/index.shtml<\/a><br \/>\nh3735-re@accor.com.br<br \/>\n(+55 11) 3523-3000<\/p>\n<p style=\"text-align: justify;\"><strong>Ibis Budget Para\u00edso <\/strong><br \/>\nRua Vergueiro, 1571- Para\u00edso- S\u00e3o Paulo- SP.<br \/>\nPr\u00f3ximo ao Metr\u00f4 Para\u00edso<br \/>\nTarifa: A partir de R$170,00 (Double).<br \/>\nContato: <a href=\"http:\/\/www.ibis.com\/pt-br\/hotel-3531-ibis-budget-sao-paulo-paraiso\/index.shtml\">http:\/\/www.ibis.com\/pt-br\/hotel-3531-ibis-budget-sao-paulo-paraiso\/index.shtml<\/a><br \/>\n(+55 11) 5085-5699<\/p>\n<p style=\"text-align: justify;\"><strong>Dan Inn S\u00e3o Paulo<\/strong><br \/>\nAv. Consola\u00e7\u00e3o, 800 (esquina com Rua Maria Ant\u00f4nia, 40) \u2013 Centro<br \/>\nCEP: 01222-010 \u2013 S\u00e3o Paulo\/SP<br \/>\nTarifa: R$ 188,00 (Single)<br \/>\nContato: <a href=\"http:\/\/www.daninnhotel.com.br\">http:\/\/www.daninnhotel.com.br<\/a><br \/>\n(+55 11) 3257-1500 \/ Fax: (+55 11) 3105-9138<\/p>\n<p style=\"text-align: justify;\"><strong>Hotel Trianon <\/strong><br \/>\nAlameda Casa Branca, 355\/363 \u2013 Jardins- S\u00e3o Paulo-SP<br \/>\nTarifa: R$ 315,00 (Single)<br \/>\nContato: <a href=\"http:\/\/www.hoteltrianon.com.br\/\">http:\/\/www.hoteltrianon.com.br\/<\/a><br \/>\nreservas@hoteltriano.com.br<br \/>\n(+ 55 11) 2117-4450<\/p>\n<p style=\"text-align: justify;\"><strong>Golden Tulip Paulista Plaza <\/strong><br \/>\nAlameda Santos 85 Jardins \u2013 01419-000 \u2013 S\u00e3o Paulo \u2013 Brasil<br \/>\nTarifa: R$ 241,00 (Single) a R$ 546,00 (Su\u00edte)<br \/>\nContato: <a href=\"http:\/\/www.goldentulippaulistaplaza.com\/PT\/default.aspx\">http:\/\/www.goldentulippaulistaplaza.com\/PT\/default.aspx<\/a><br \/>\npp.reservas@goldentulip.com.br<br \/>\nTel: (+55) 11 2627 1000 \u2013 Fax: (+55) 1126271001<\/p>\n<p style=\"text-align: justify;\"><em><strong>Regi\u00e3o da Vila Madalena\/ Pinheiros\/ Perdizes<br \/>\n<\/strong><\/em><\/p>\n<p style=\"text-align: justify;\"><strong>Uniclass Hotel S\u00e3o Paulo<\/strong><br \/>\nAv. Pedroso de Morais, 569 \u2013 Pinheiros- S\u00e3o Paulo-SP<br \/>\nTarifa: R$ 158,00 (Single) a R$ 253,00 (Triple)<br \/>\nContato: <a href=\"http:\/\/www.uniclasshotel.com.br\">http:\/\/www.uniclasshotel.com.br<\/a><br \/>\n(+55 11) 3813-7744<\/p>\n<p style=\"text-align: justify;\"><strong>L\u2019Opera Hotel<\/strong><br \/>\nAv. Pedroso de Morais, 323 \u2013 Pinheiros \u2013 S\u00e3o Paulo \u2013 SP<br \/>\nTarifa: R$ 249,00 (Single) a R$ 289,00 (Triple)<br \/>\nContato: <a href=\"http:\/\/loperahotel.com.br\/\">http:\/\/loperahotel.com.br\/<\/a><br \/>\nreservas@loperahotel.com.br<br \/>\n(+55 11) 3035-1111 \u2013 0800 771-9933<\/p>\n<p style=\"text-align: justify;\"><strong>Mercure S\u00e3o Paulo \u2013 Pinheiros Hotel<\/strong><br \/>\nRua Capote Valente 500 \u2013 Pinheiros- S\u00e3o Paulo-SP<br \/>\nTarifas: R$ 263,00 (Su\u00edte) a R$ 317,00 (Su\u00edte com Caf\u00e9)<br \/>\nContato: <a href=\"http:\/\/www.mercure.com\/pt-br\/brasil\/index.shtml\">http:\/\/www.mercure.com\/pt-br\/brasil\/index.shtml<\/a><br \/>\nh3147-re1@accor.com.br<br \/>\n(+55)11\/30694000 \u2013 Fax : (+55)11\/30694047<\/p>\n<p style=\"text-align: justify;\"><strong>Howard Johnson Faria Lima Inn<\/strong><br \/>\nRua Tavares Cabral, 61, Pinheiros, S\u00e3o Paulo<br \/>\n<a href=\"http:\/\/www.astron.com.br\/hoteis\/saopaulo1\">http:\/\/www.astron.com.br\/hoteis\/saopaulo1<\/a><br \/>\ntel.\u00a055 11 3032-2400\u00a0\u00a0 Reservas\u00a0 0800 55 55 98<br \/>\na partir de R$ 298,00<\/p>\n<p style=\"text-align: justify;\"><strong>B\u00ea Hotel<\/strong><br \/>\nRua Monte Alegre, 45- Perdizes, S\u00e3o Paulo-SP<br \/>\nPr\u00f3ximo ao metr\u00f4 Palmeiras-Barra Funda.<br \/>\napto single 1 pessoa R$ 210,00 ( cama casal )<br \/>\napto duplo 2 pessoas R$ 240,00 ( cama casal ou 2 camas de solteiro )<br \/>\napto triplo 3 pessoas R$ 310,00 ( 1 cama de casal + 1 cama de solteiro ou 3 camas de solteiro )<br \/>\nincluindo : iss , caf\u00e9 da manh\u00e3 e internet wi- fi<br \/>\nContato:(11) 3861-3200<br \/>\nEmail:comercial2@behotel.com<\/p>\n<p style=\"text-align: justify;\"><strong>HOSTELS\/ALBERGUES<\/strong><\/p>\n<p style=\"text-align: justify;\"><em><strong>Regi\u00e3o da Av. Paulista\/ Vila Mariana<\/strong><\/em><\/p>\n<p style=\"text-align: justify;\"><strong>The Hostel Paulista<\/strong><br \/>\nRua Pamplona, 795 \u2013 Jardim Paulista, S\u00e3o Paulo-SP.<br \/>\nPr\u00f3ximo ao Metr\u00f4 Trianon-Masp.<br \/>\nTarifas: De R$ 50,00 (Quarto Compartilhado 8 camas) a R$ 200,00 (Su\u00edte Privativa).<br \/>\nContato: <a href=\"http:\/\/www.thehostelpaulista.com.br\/\">http:\/\/www.thehostelpaulista.com.br\/<\/a><br \/>\nreservas@thehostelpaulista.com.br<br \/>\n(+55 11) 2365 3833<\/p>\n<p style=\"text-align: justify;\"><strong>Uvaia Hostel<\/strong><br \/>\nRua Morgado de Mateus, 273- Vila Mariana- S\u00e3o Paulo-SP.<br \/>\nPr\u00f3ximo ao Metr\u00f4 Ana Rosa e Vila Mariana.<br \/>\nTarifas: De R$ 45,00 (Quarto Compartilhado 6 camas) a R$ 130,00 (Quarto Privativo).<br \/>\nContato: <a href=\"http:\/\/www.uvaiahostel.com\/#%21\">http:\/\/www.uvaiahostel.com\/#!<\/a><br \/>\ncontato@uvaiahostel.com<br \/>\n(+55 11) 2361-7456<\/p>\n<p style=\"text-align: justify;\"><strong>Hostel Bee. W<\/strong><br \/>\nRua Haddock Lobo, 167- Bela Vista- S\u00e3o Paulo-SP<br \/>\nPr\u00f3ximo ao Metr\u00f4 Paulista- Consola\u00e7\u00e3o.<br \/>\nTarifas: De R$ 45,00 (Quarto Compartilhado 10 camas) a R$ 250,00 (Triplo Privativo).<br \/>\nContato: <a href=\"http:\/\/www.beew.com.br\/site\/\">http:\/\/www.beew.com.br\/site\/<\/a><br \/>\nreserva@beew.com.br<br \/>\n(+55 11) 4328-6222 \/ (+55 11) 4327-9222<\/p>\n<p style=\"text-align: justify;\"><strong>Lime Time Hostel<\/strong><br \/>\nRua Treze de Maio, 1552 \u2013 Bela Vista, S\u00e3o Paulo-SP.<br \/>\nPr\u00f3ximo ao Metr\u00f4 Vergueiro.<br \/>\nTarifas: De R$ 35,00 (Quarto Compartilhado 8 camas) a R$ 120,00 (Quarto Casal).<br \/>\nContato: <a href=\"http:\/\/www.limetimehostels.com\/\">http:\/\/www.limetimehostels.com\/<\/a><br \/>\n(+55 11) 2935 5463<\/p>\n<p style=\"text-align: justify;\"><strong>Mama Brasil Hostel<\/strong><br \/>\nRua Itapeva, 88- Bela Vista, S\u00e3o Paulo- SP.<br \/>\nPr\u00f3ximo ao Metr\u00f4 Trianon- Masp.<br \/>\nTarifas: R$ 42,00 (Quarto Compartilhado 4 camas) a R$ 64,50 (Su\u00edte Privativa)<br \/>\nContato: <a href=\"http:\/\/www.mamabrasil-hostel.com\/br\">http:\/\/www.mamabrasil-hostel.com\/br<\/a><br \/>\n(+55) 11 2306-2851<\/p>\n<p style=\"text-align: justify;\"><strong><em>Regi\u00e3o da Vila Madalena\/ Pinheiros<\/em><\/strong><\/p>\n<p style=\"text-align: justify;\"><strong>Sampa Hostel<\/strong><br \/>\nRua Girassol, 519 \u2013 Vila Madalena, S\u00e3o Paulo- SP.<br \/>\nPr\u00f3ximo ao Cemit\u00e9rio de S\u00e3o Paulo (Rua Cardeal Arco Verde).<br \/>\nTarifas: De R$ 48,00 (Quarto Compartilhado 8 camas) a R$ 240,00 (Su\u00edte Superior).<br \/>\nContato: <a href=\"http:\/\/www.sampahostel.com.br\/\">http:\/\/www.sampahostel.com.br\/<\/a><br \/>\ncontato@sampahostel.com.br<br \/>\n(+55 11) 3031 6779<\/p>\n<p style=\"text-align: justify;\"><strong>Namoa Hostel<\/strong><br \/>\nRua Paulist\u00e2nia, 708 \u2013 Vila Madalena, S\u00e3o Paulo- SP.<br \/>\nPr\u00f3ximo ao Metr\u00f4 Vila Madalena<br \/>\nTarifas: De R$ 42,00 (Quarto Compartilhado 8 camas) a R$ 172,00 (Su\u00edte Privativa).<br \/>\nContato: <a href=\"http:\/\/www.namoahostel.com.br\/\">http:\/\/www.namoahostel.com.br\/<\/a><br \/>\nbooking@namoahostel.com.br<br \/>\n(+55 11) 2506-4754<\/p>\n<p style=\"text-align: justify;\"><strong>Viva Hostel Desing<\/strong><br \/>\nRua Girassol, 1262- Vila Madalena, S\u00e3o Paulo-SP<br \/>\nPr\u00f3ximo ao Metr\u00f4 Vila Madalena<br \/>\nTarifas: R$50,00 (Quarto Compartilhado 8 camas) a R$300,00 (Sigle).<br \/>\nContato: <a href=\"http:\/\/www.vivahostel.com.br\/\">http:\/\/www.vivahostel.com.br\/<\/a><br \/>\ncontato@vivahostel.com.br<br \/>\n(+55 11) 3582-0833<\/p>\n<p style=\"text-align: justify;\"><strong>Hostel City Lights<\/strong><br \/>\nRua Padre Garcia Velho, 44- Pinheiros , S\u00e3o Paulo, SP.<br \/>\nPr\u00f3ximo ao Metr\u00f4 Faria Lima<br \/>\nTarifas: De R$ 38,00 (Quarto Compartilhado 4 Camas) a R$ 150,00 ( Su\u00edte Privativa).<br \/>\nContato: <a href=\"http:\/\/www.citylightshostel.com\/\">http:\/\/www.citylightshostel.com\/<\/a><br \/>\ncontact@citylightshostel.com<br \/>\n(+55 11) 2364-4231<\/p>\n<p style=\"text-align: justify;\"><strong>Hostel \u00d4 de Casa <\/strong><br \/>\nRua In\u00e1cio Pereira da Rocha, 385- Vila Madalena, S\u00e3o Paulo \u2013 SP.<br \/>\nPr\u00f3ximo ao Cemit\u00e9rio de S\u00e3o Paulo (Rua Cardeal Arco Verde).<br \/>\nTarifas: De R$ 50,00 (Quarto Compartilhado 8 Camas) a R$ 70,00 (Su\u00edte Privativa).<br \/>\nContato: <a href=\"http:\/\/odecasahostel.com\/\">http:\/\/odecasahostel.com\/<\/a><br \/>\ninfo@odecasahostel.com<br \/>\n(+55 11) 3063-5216 \/ (+55 11) 2369-3926<\/p>\n<p style=\"text-align: justify;\"><strong>Hostel Alice<\/strong><br \/>\nRua Harmonia, 1275- Vila Madalena, S\u00e3o Paulo- SP.<br \/>\nPr\u00f3ximo ao Metr\u00f4 Vila Madalena<br \/>\nTarifas: R$ 40,00 (Quarto Compartilhado 8 Camas) a R$ 70,00 ( Su\u00edte Privativa).<br \/>\nContato: <a href=\"http:\/\/www.hostelalice.com.br\/site\/es\/\">http:\/\/www.hostelalice.com.br\/site\/es\/<\/a><br \/>\ninfo@hostelalice.com.br<br \/>\n( +55 11) 3360-5392<\/p>\n<p style=\"text-align: justify;\"><strong>Hostel Santa Maloca<\/strong><br \/>\nRua Rod\u00e9sia, 140- Vila Madalena, S\u00e3o Paulo- SP.<br \/>\nPr\u00f3ximo ao Metr\u00f4 Vila Madalena<br \/>\nTarifas: R$ 35,00 (Quarto Compartilhado 6 Camas) a R$ 60,00 (Su\u00edte Privativa).<br \/>\nContato: <a href=\"http:\/\/santamaloca.com.br\/o-hostel\/\">http:\/\/santamaloca.com.br\/o-hostel\/<\/a><br \/>\ncontato@santamaloca.com.br<br \/>\n( +55 11) 3360-5392<\/p>\n<p style=\"text-align: justify;\"><strong>Giramondo Hostel<\/strong><br \/>\nRua Girassol 471 \u2013 Vila Madalena, S\u00e3o Paulo \u2013 SP<br \/>\nPr\u00f3ximo ao Cemit\u00e9rio de S\u00e3o Paulo (Rua Cardeal Arco Verde).<br \/>\nTarifas: De 50,00 (Quarto Coletivo 10 camas) a R$ 160,00 (Su\u00edte Privativa).<br \/>\nContato: <a href=\"http:\/\/www.giramondohostel.com.br\/\">http:\/\/www.giramondohostel.com.br\/<\/a><br \/>\ncontato@giramondohostel.com.br ; sandro.oliveira@giramondohostel.com.br<br \/>\n(+55 11) 2369- 3619<\/p>\n<p style=\"text-align: justify;\"><strong>Albergue dos Estudantes<\/strong><\/p>\n<div><span id=\"OBJ_PREFIX_DWT347_com_zimbra_url\" class=\"Object\"><a href=\"http:\/\/www.alberguedosestudantes\/\" target=\"_blank\" rel=\"noopener\">www.alberguedosestudantes<\/a><\/span>. com.br.<\/div>\n<div>Di\u00e1rias:$30<\/div>\n<div>Reservas:\u00a0<span id=\"OBJ_PREFIX_DWT348_com_zimbra_phone\" class=\"\"><a href=\"11985380062\">11985380062<\/a><\/span><\/div>\n<div>Rua Barroso Neto, 281.<\/div>\n<div><\/div>\n<p style=\"text-align: justify;\">\n","protected":false},"excerpt":{"rendered":"<p>Seguem abaixo algumas possibilidades\u00a0de hospedagem em S\u00e3o Paulo OBS: sem v\u00ednculo oficial com o evento, verifique sempre os pre\u00e7os, que podem ter sido modificados HOSTAL barato perto da USP Sampa Hostel, valores a partir de R$35, localizado a 50 minutos &hellip; <a href=\"https:\/\/sites.usp.br\/prolam\/onde-ficar\/\">Continue reading <span class=\"meta-nav\">&rarr;<\/span><\/a><\/p>\n","protected":false},"author":45,"featured_media":0,"parent":0,"menu_order":5,"comment_status":"closed","ping_status":"closed","template":"","meta":{"footnotes":"","_links_to":"","_links_to_target":""},"class_list":["post-427","page","type-page","status-publish","hentry"],"_links":{"self":[{"href":"https:\/\/sites.usp.br\/prolam\/wp-json\/wp\/v2\/pages\/427","targetHints":{"allow":["GET"]}}],"collection":[{"href":"https:\/\/sites.usp.br\/prolam\/wp-json\/wp\/v2\/pages"}],"about":[{"href":"https:\/\/sites.usp.br\/prolam\/wp-json\/wp\/v2\/types\/page"}],"author":[{"embeddable":true,"href":"https:\/\/sites.usp.br\/prolam\/wp-json\/wp\/v2\/users\/45"}],"replies":[{"embeddable":true,"href":"https:\/\/sites.usp.br\/prolam\/wp-json\/wp\/v2\/comments?post=427"}],"version-history":[{"count":5,"href":"https:\/\/sites.usp.br\/prolam\/wp-json\/wp\/v2\/pages\/427\/revisions"}],"predecessor-version":[{"id":4633,"href":"https:\/\/sites.usp.br\/prolam\/wp-json\/wp\/v2\/pages\/427\/revisions\/4633"}],"wp:attachment":[{"href":"https:\/\/sites.usp.br\/prolam\/wp-json\/wp\/v2\/media?parent=427"}],"curies":[{"name":"wp","href":"https:\/\/api.w.org\/{rel}","templated":true}]}}