{"id":4431,"date":"2019-04-27T19:44:40","date_gmt":"2019-04-27T22:44:40","guid":{"rendered":"http:\/\/sites.usp.br\/prolam\/?page_id=4431"},"modified":"2019-04-27T19:45:15","modified_gmt":"2019-04-27T22:45:15","slug":"seminario-de-pesquisa-2-trabalhos-aprovados","status":"publish","type":"page","link":"https:\/\/sites.usp.br\/prolam\/seminario-de-pesquisa-2-trabalhos-aprovados\/","title":{"rendered":"Semin\u00e1rio de Pesquisa 2 &#8211; Trabalhos aprovados"},"content":{"rendered":"<p><u><a href=\"http:\/\/conferencias.fflch.usp.br\/cippal\/Inscricoes\/paper\/view\/2334\"><span style=\"color: #0000ff;\">Paulo Schilling e o nacionalismo revolucion\u00e1rio<\/span><\/a><br \/>\n<\/u><em>Laura Vianna Vasconcellos<\/em><\/p>\n<p><u><a href=\"http:\/\/conferencias.fflch.usp.br\/cippal\/Inscricoes\/paper\/view\/2341\"><span style=\"color: #0000ff;\">A Teoria da Depend\u00eancia: Um estudo da vertente Weberiana e da vertente Marxista<\/span><\/a><br \/>\n<\/u><em>Diana Chaukat Chaib, Vicente Alves Toledo<\/em><\/p>\n<p><u><a href=\"http:\/\/conferencias.fflch.usp.br\/cippal\/Inscricoes\/paper\/view\/2342\"><span style=\"color: #0000ff;\">Colonialidad del poder e historia global en An\u00edbal Quijano. Cuestiones abiertas<\/span><\/a><br \/>\n<\/u><em>Daniele Benzi<\/em><\/p>\n<p><u><a href=\"http:\/\/conferencias.fflch.usp.br\/cippal\/Inscricoes\/paper\/view\/2358\"><span style=\"color: #0000ff;\">A constru\u00e7\u00e3o da identidade nacional peruana e a organiza\u00e7\u00e3o do Estado ap\u00f3s a Guerra do Pac\u00edfico (1883-1890)<\/span><\/a><br \/>\n<\/u><em>Paulo Cesar Rebello de Oliveira<\/em><\/p>\n<p><u><a href=\"http:\/\/conferencias.fflch.usp.br\/cippal\/Inscricoes\/paper\/view\/2361\"><span style=\"color: #0000ff;\">A Am\u00e9rica Latina e a emerg\u00eancia da sociedade moderna: os estudos de Juarez Brand\u00e3o Lopes e Alain Touraine sobre a desintegra\u00e7\u00e3o do mundo arcaico.<\/span><\/a><br \/>\n<\/u><em>Ricardo Festi<\/em><\/p>\n<p><u><a href=\"http:\/\/conferencias.fflch.usp.br\/cippal\/Inscricoes\/paper\/view\/2404\"><span style=\"color: #0000ff;\">Pensamiento pol\u00edtico y formaci\u00f3n de identidades en las relaciones internacionales de Am\u00e9rica Latina<\/span><\/a><br \/>\n<\/u><em>Isabel Batalla Clemente<\/em><\/p>\n<p><u><a href=\"http:\/\/conferencias.fflch.usp.br\/cippal\/Inscricoes\/paper\/view\/2408\"><span style=\"color: #0000ff;\">Entre a T\u00e9cnica e a Pol\u00edtica: Os Economistas Liberais nas Ditaduras Militares da Argentina e do Chile<\/span><\/a><br \/>\n<\/u><em>Marcos Taroco Resende<\/em><\/p>\n<p><u><a href=\"http:\/\/conferencias.fflch.usp.br\/cippal\/Inscricoes\/paper\/view\/2423\"><span style=\"color: #0000ff;\">Discutindo o Estado: As contribui\u00e7\u00f5es de Cardoso e Ianni ao debate do marxismo acad\u00eamico (1960-1980)<\/span><\/a><br \/>\n<\/u><em>Lu\u00eds Gustavo Dutra Barcelos, Leonardo Granato<\/em><\/p>\n<p><u><a href=\"http:\/\/conferencias.fflch.usp.br\/cippal\/Inscricoes\/paper\/view\/2459\"><span style=\"color: #0000ff;\">Trist\u00e1n Roca Su\u00e1rez e sua atua\u00e7\u00e3o no teatro da Guerra Grande &#8211; identidades nacionais em constru\u00e7\u00e3o (1866-1868)<\/span><\/a><br \/>\n<\/u><em>Leonam Lauro Nunes Silva<\/em><\/p>\n<p><u><span style=\"color: #0000ff;\"><a style=\"color: #0000ff;\" href=\"http:\/\/conferencias.fflch.usp.br\/cippal\/Inscricoes\/paper\/view\/2489\">O Papel da Mem\u00f3ria Coletiva e Unidade Nacional na Constru\u00e7\u00e3o da Identidade Latino-americana do Sujeito Brasileiro<\/a><\/span><br \/>\n<\/u><em>Let\u00edcia Cestari Matui, Paula da Costa Souza<\/em><\/p>\n<p><u><a href=\"http:\/\/conferencias.fflch.usp.br\/cippal\/Inscricoes\/paper\/view\/2490\"><span style=\"color: #0000ff;\">Paulo Freire: los debates sobre la liberaci\u00f3n<\/span><\/a><br \/>\n<\/u><em>In\u00e9s Fern\u00e3ndez Mouj\u00e1n<\/em><\/p>\n<p><u><a href=\"http:\/\/conferencias.fflch.usp.br\/cippal\/Inscricoes\/paper\/view\/2491\"><span style=\"color: #0000ff;\">Casa de las Am\u00e9ricas e a constru\u00e7\u00e3o de um projeto pol\u00edtico latino-americano<\/span><\/a><br \/>\n<\/u><em>Isabella Duarte Pinto Meucci<\/em><\/p>\n<p><u><a href=\"http:\/\/conferencias.fflch.usp.br\/cippal\/Inscricoes\/paper\/view\/2502\"><span style=\"color: #0000ff;\">A CEPAL e o Cooperativismo Latino-Americano: Uma Abordagem Hist\u00f3rica<\/span><\/a><br \/>\n<\/u><em>Jacqueline A. Haffner, Andr\u00e9 Luciano Viana, Adriano Pires De Almeida<\/em><\/p>\n<p><span style=\"color: #0000ff;\"><u><a style=\"color: #0000ff;\" href=\"http:\/\/conferencias.fflch.usp.br\/cippal\/Inscricoes\/paper\/view\/2550\">A tropicaliza\u00e7\u00e3o do marxismo de Ernesto &#8220;Che&#8221; Guevara<\/a><br \/>\n<\/u><\/span><em>Mariana Pimenta Bueno<\/em><\/p>\n<p><u><a href=\"http:\/\/conferencias.fflch.usp.br\/cippal\/Inscricoes\/paper\/view\/2560\"><span style=\"color: #0000ff;\">Urg\u00eancia de uma tarefa (latino) americana: atualidade das consignas mariateguianas<\/span><\/a><br \/>\n<\/u><em>Carmen Susana Tornquist<\/em><\/p>\n<p><u><a href=\"http:\/\/conferencias.fflch.usp.br\/cippal\/Inscricoes\/paper\/view\/2640\"><span style=\"color: #0000ff;\">A viol\u00eancia como transforma\u00e7\u00e3o da pol\u00edtica: o pensamento pol\u00edtico revolucion\u00e1rio de Frantz Fanon e John William Cooke<\/span><\/a><br \/>\n<\/u><em>Luiz Eduardo Motta<\/em><\/p>\n<p><u><span style=\"color: #0000ff;\"><a style=\"color: #0000ff;\" href=\"http:\/\/conferencias.fflch.usp.br\/cippal\/Inscricoes\/paper\/view\/2735\">Por uma Filosofia Intersemi\u00f3tica enquanto Teoria da Linguagem como Semi\u00f3tica primeira da Filosofia Latino-americana Caribenha<\/a><\/span><br \/>\n<\/u><em>Edivaldo Jos\u00e9 Bortoleto, Ivan Luis Schwengber <\/em><\/p>\n<p><u><a href=\"http:\/\/conferencias.fflch.usp.br\/cippal\/Inscricoes\/paper\/view\/2759\"><span style=\"color: #0000ff;\">Discusiones en torno a lo popular, el pueblo, el populismo y la trasformaci\u00f3n social en Am\u00e9rica Latina: A. Garc\u00eda Linera, E. Dussel y E. Laclau<\/span><\/a><br \/>\n<\/u><em>Fiorella Paola Russo<\/em><\/p>\n<p><u><span style=\"color: #0000ff;\"><a style=\"color: #0000ff;\" href=\"http:\/\/conferencias.fflch.usp.br\/cippal\/Inscricoes\/paper\/view\/2763\">Economia Pol\u00edtica na Am\u00e9rica Latina: Continuidades Estruturais e Conjunturais<\/a><\/span><br \/>\n<\/u><em>Viviane de Souza Rodrigues<\/em><\/p>\n<p><u><a href=\"http:\/\/conferencias.fflch.usp.br\/cippal\/Inscricoes\/paper\/view\/2786\"><span style=\"color: #0000ff;\">Entre Los Andes y el Amambay: Tristan Marof, Oscar Creydt y una geograf\u00eda de la recepci\u00f3n del marxismo en Am\u00e9rica Latina.<\/span><\/a><br \/>\n<\/u><em>Andr\u00e9 Kaysel, Alma Monges<\/em><\/p>\n<p><u><a href=\"http:\/\/conferencias.fflch.usp.br\/cippal\/Inscricoes\/paper\/view\/2858\"><span style=\"color: #0000ff;\">A eterna fuga da ninguendade: Ofensiva do capital, identidade brasileira e latina e produ\u00e7\u00e3o de neo-ningu\u00e9ns<\/span><\/a><br \/>\n<\/u><em>Pedro Henrique Antunes da Costa, K\u00edssila Teixeira Mendes<\/em><\/p>\n<p><u><a href=\"http:\/\/conferencias.fflch.usp.br\/cippal\/Inscricoes\/paper\/view\/2885\"><span style=\"color: #0000ff;\">Diagn\u00f3sticos de atraso e sa\u00eddas institucionais na forma\u00e7\u00e3o de Estados perif\u00e9ricos<\/span><\/a><br \/>\n<\/u><em>Lidiane Rezende Vieira<\/em><\/p>\n<p><u><a href=\"http:\/\/conferencias.fflch.usp.br\/cippal\/Inscricoes\/paper\/view\/2897\"><span style=\"color: #0000ff;\">O pensamento cepalino e a an\u00e1lise marxista latino americana<\/span><\/a><br \/>\n<\/u><em>Onofre Alves Portella<\/em><\/p>\n<p><u><a href=\"http:\/\/conferencias.fflch.usp.br\/cippal\/Inscricoes\/paper\/view\/2941\"><span style=\"color: #0000ff;\">A Am\u00e9rica do Sul e a propaganda republicana na imprensa do Rio de Janeiro entre 1870 e 1874. Argentina, Chile e Uruguai como exemplos na constru\u00e7\u00e3o do projeto republicano do Jornal A Rep\u00fablica.<\/span><\/a><br \/>\n<\/u><em>Mariana Nunes de Carvalho<\/em><\/p>\n<p><u><a href=\"http:\/\/conferencias.fflch.usp.br\/cippal\/Inscricoes\/paper\/view\/2966\"><span style=\"color: #0000ff;\">A quest\u00e3o da depend\u00eancia na obra de Octavio Ianni (1966-1974)<\/span><\/a><br \/>\n<\/u><em>Leonardo Octavio Belinelli Brito<\/em><\/p>\n<p><u><a href=\"http:\/\/conferencias.fflch.usp.br\/cippal\/Inscricoes\/paper\/view\/2968\"><span style=\"color: #0000ff;\">La Naci\u00f3n Latinoamericana en el Pensamiento de Alberto Methol Ferr\u00e9<\/span><\/a><br \/>\n<\/u><em>Nastasia Barcelo<\/em><\/p>\n<p><u><a href=\"http:\/\/conferencias.fflch.usp.br\/cippal\/Inscricoes\/paper\/view\/3034\"><span style=\"color: #0000ff;\">Civiliza\u00e7\u00e3o, Classe e Na\u00e7\u00e3o: Brasil e Am\u00e9rica Latina na trajet\u00f3ria intelectual de Darcy Ribeiro<\/span><\/a><br \/>\n<\/u><em>Danilo Amorim de Souza<\/em><\/p>\n<p><u><a href=\"http:\/\/conferencias.fflch.usp.br\/cippal\/Inscricoes\/paper\/view\/3082\"><span style=\"color: #0000ff;\">O &#8220;problema do \u00edndio&#8221; na vis\u00e3o de Manuel Gonz\u00e1lez Prada &#8211; Peru (1888-1904)<\/span><\/a><br \/>\n<\/u><em>Ruth Cavalcante Neiva<\/em><\/p>\n<p><u><a href=\"http:\/\/conferencias.fflch.usp.br\/cippal\/Inscricoes\/paper\/view\/3142\"><span style=\"color: #0000ff;\">O rural no estruturalismo cepalino: o debate entre o dualismo estrutural e a porosidade estrutural<\/span><\/a><br \/>\n<\/u><em>Gustavo Louis Henrique Pinto<\/em><\/p>\n<p><u><a href=\"http:\/\/conferencias.fflch.usp.br\/cippal\/Inscricoes\/paper\/view\/3180\"><span style=\"color: #0000ff;\">Mapeando as Primeiras Sociologias das Ci\u00eancias Sociais Latino-americanas<\/span><\/a><br \/>\n<\/u><em>Felipe Brito Macedo, M\u00e1rcia Rangel Candido<\/em><\/p>\n<p><u><a href=\"http:\/\/conferencias.fflch.usp.br\/cippal\/Inscricoes\/paper\/view\/2325\"><span style=\"color: #0000ff;\">O Secretariado Sul-Americano da Comintern (SSA\/IC) e a pol\u00edtica sovi\u00e9tica e comunista para a Am\u00e9rica Latina<\/span><\/a><br \/>\n<\/u><em>Erick Fishuk<\/em><\/p>\n<p><u><a href=\"http:\/\/conferencias.fflch.usp.br\/cippal\/Inscricoes\/paper\/view\/2951\"><span style=\"color: #0000ff;\">A psicologia pol\u00edtica de Agust\u00edn \u00c1lvarez, soci\u00f3logo, jornalista e educador argentino, autor de South Am\u00e9rica &#8211; Historia Natural de la Raz\u00f3n, de 1894<\/span><\/a><br \/>\n<\/u><em>Jos\u00e9 Cristovan de G\u00f3es<\/em><\/p>\n<p><u><a href=\"http:\/\/conferencias.fflch.usp.br\/cippal\/Inscricoes\/paper\/view\/3117\"><span style=\"color: #0000ff;\">Emilio Rodrigu\u00e9 entre a Argentina e a Bahia<\/span><\/a><br \/>\n<\/u><em>S\u00e9rgio Ribeiro de Almeida Marcondes<\/em><\/p>","protected":false},"excerpt":{"rendered":"<p>Paulo Schilling e o nacionalismo revolucion\u00e1rio Laura Vianna Vasconcellos A Teoria da Depend\u00eancia: Um estudo da vertente Weberiana e da vertente Marxista Diana Chaukat Chaib, Vicente Alves Toledo Colonialidad del poder e historia global en An\u00edbal Quijano. Cuestiones abiertas Daniele &hellip; <a href=\"https:\/\/sites.usp.br\/prolam\/seminario-de-pesquisa-2-trabalhos-aprovados\/\">Continue reading <span class=\"meta-nav\">&rarr;<\/span><\/a><\/p>\n","protected":false},"author":754,"featured_media":0,"parent":0,"menu_order":4,"comment_status":"closed","ping_status":"closed","template":"","meta":{"footnotes":"","_links_to":"","_links_to_target":""},"class_list":["post-4431","page","type-page","status-publish","hentry"],"_links":{"self":[{"href":"https:\/\/sites.usp.br\/prolam\/wp-json\/wp\/v2\/pages\/4431","targetHints":{"allow":["GET"]}}],"collection":[{"href":"https:\/\/sites.usp.br\/prolam\/wp-json\/wp\/v2\/pages"}],"about":[{"href":"https:\/\/sites.usp.br\/prolam\/wp-json\/wp\/v2\/types\/page"}],"author":[{"embeddable":true,"href":"https:\/\/sites.usp.br\/prolam\/wp-json\/wp\/v2\/users\/754"}],"replies":[{"embeddable":true,"href":"https:\/\/sites.usp.br\/prolam\/wp-json\/wp\/v2\/comments?post=4431"}],"version-history":[{"count":1,"href":"https:\/\/sites.usp.br\/prolam\/wp-json\/wp\/v2\/pages\/4431\/revisions"}],"predecessor-version":[{"id":4433,"href":"https:\/\/sites.usp.br\/prolam\/wp-json\/wp\/v2\/pages\/4431\/revisions\/4433"}],"wp:attachment":[{"href":"https:\/\/sites.usp.br\/prolam\/wp-json\/wp\/v2\/media?parent=4431"}],"curies":[{"name":"wp","href":"https:\/\/api.w.org\/{rel}","templated":true}]}}