{"id":4471,"date":"2019-04-27T22:27:45","date_gmt":"2019-04-28T01:27:45","guid":{"rendered":"http:\/\/sites.usp.br\/prolam\/?page_id=4471"},"modified":"2019-04-27T22:27:45","modified_gmt":"2019-04-28T01:27:45","slug":"seminario-de-pesquisa-15-trabalhos-aprovados","status":"publish","type":"page","link":"https:\/\/sites.usp.br\/prolam\/seminario-de-pesquisa-15-trabalhos-aprovados\/","title":{"rendered":"Semin\u00e1rio de Pesquisa 15 &#8211; Trabalhos aprovados"},"content":{"rendered":"<p><u><a href=\"http:\/\/conferencias.fflch.usp.br\/cippal\/Inscricoes\/paper\/view\/2356\"><span style=\"color: #0000ff;\">A biblioteca e a arena: dois poemas (significado e valor na arquitetura contempor\u00e2nea latino-americana).<\/span><\/a><br \/>\n<\/u><em>Peter Ribon Monteiro<\/em><\/p>\n<p><u><a href=\"http:\/\/conferencias.fflch.usp.br\/cippal\/Inscricoes\/paper\/view\/2372\"><span style=\"color: #0000ff;\">A Nega\u00e7\u00e3o Enquanto Gosto Burgu\u00eas: Consumo e cultura pol\u00edtica no Brasil, no final do s\u00e9culo XIX<\/span><\/a><br \/>\n<\/u><em>Rosangela Ferreira Leite<\/em><\/p>\n<p><u><a href=\"http:\/\/conferencias.fflch.usp.br\/cippal\/Inscricoes\/paper\/view\/2375\"><span style=\"color: #0000ff;\">Um Ensaio sobre a Demografia, Ambiente e Conflitos na Pan-Amaz\u00f4nia<\/span><\/a><br \/>\n<\/u><em>Armando Wilson Tafner Junior<\/em><\/p>\n<p><u><a href=\"http:\/\/conferencias.fflch.usp.br\/cippal\/Inscricoes\/paper\/view\/2396\"><span style=\"color: #0000ff;\">Das pol\u00edticas p\u00fablicas ao microurbanismo: a experi\u00eancia do jogo o\u00e1sis nas periferias de Medell\u00edn<\/span><\/a><br \/>\n<\/u><em>Gabrielle Astier, Lucas Rezende<\/em><\/p>\n<p><u><a href=\"http:\/\/conferencias.fflch.usp.br\/cippal\/Inscricoes\/paper\/view\/2418\"><span style=\"color: #0000ff;\">Os Cantos da Mem\u00f3ria.<\/span><\/a><br \/>\n<\/u><em>Alessandra Castelo Branco Bedolini, Antonio Castelo Branco Teixeira Junior<\/em><\/p>\n<p><u><a href=\"http:\/\/conferencias.fflch.usp.br\/cippal\/Inscricoes\/paper\/view\/2442\"><span style=\"color: #0000ff;\">Habita\u00e7\u00e3o e autogest\u00e3o na Am\u00e9rica Latina<\/span><\/a><br \/>\n<\/u><em>Guilherme da Costa Meyer<\/em><\/p>\n<p><u><a href=\"http:\/\/conferencias.fflch.usp.br\/cippal\/Inscricoes\/paper\/view\/2444\"><span style=\"color: #0000ff;\">Processos participativos: Aproxima\u00e7\u00f5es entre indiv\u00edduo e espa\u00e7o<\/span><\/a><br \/>\n<\/u><em>Jordana Leijoto Santos<\/em><\/p>\n<p><u><a href=\"http:\/\/conferencias.fflch.usp.br\/cippal\/Inscricoes\/paper\/view\/2573\"><span style=\"color: #0000ff;\">A l\u00f3gica do CAPS: da unidade fechada \u00e0 multiterritorialidade<\/span><\/a><br \/>\n<\/u><em>Sarah Gabriela de Carvalho Oliveira, Jos\u00e9 Gustavo Francis Abdalla<\/em><\/p>\n<p><u><a href=\"http:\/\/conferencias.fflch.usp.br\/cippal\/Inscricoes\/paper\/view\/2583\"><span style=\"color: #0000ff;\">Impactos do Neoliberalismo na Gest\u00e3o Urbana na Am\u00e9rica Latina<\/span><\/a><br \/>\n<\/u><em>Mariana Grilli Belinotte<\/em><\/p>\n<p><u><a href=\"http:\/\/conferencias.fflch.usp.br\/cippal\/Inscricoes\/paper\/view\/2593\"><span style=\"color: #0000ff;\">Depend\u00eancia, Modernidade e a &#8220;Cidade Latino-americana&#8221; nos Projetos Urbanos Integrais de Medell\u00edn<\/span><\/a><br \/>\n<\/u><em>Andrei Barbosa da Silva<\/em><\/p>\n<p><u><a href=\"http:\/\/conferencias.fflch.usp.br\/cippal\/Inscricoes\/paper\/view\/2648\"><span style=\"color: #0000ff;\">A constru\u00e7\u00e3o de experimentos de gest\u00e3o participativa no Cone Sul: uma an\u00e1lise comparada entre Montevid\u00e9u e Porto Alegre<\/span><\/a><br \/>\n<\/u><em>Mariana Belo, Gisela Barcellos de Souza<\/em><\/p>\n<p><u><a href=\"http:\/\/conferencias.fflch.usp.br\/cippal\/Inscricoes\/paper\/view\/2714\"><span style=\"color: #0000ff;\">A Constru\u00e7\u00e3o das Cidades Latino-americanas atrav\u00e9s de Processos de Participa\u00e7\u00e3o popular na Produ\u00e7\u00e3o habitacional no s\u00e9culo XX: Os casos de Mont\u00e9videu e S\u00e3o Paulo<\/span><\/a><br \/>\n<\/u><em>Carolina Guedes Machado, Eulalia Portela Negrelos<\/em><\/p>\n<p><u><a href=\"http:\/\/conferencias.fflch.usp.br\/cippal\/Inscricoes\/paper\/view\/2725\"><span style=\"color: #0000ff;\">Li\u00e7\u00f5es do educador An\u00edsio Teixeira no combate \u00e0 segrega\u00e7\u00e3o social na Am\u00e9rica Latina: caso Jardim Rina, em Santo Andr\u00e9, S\u00e3o Paulo<\/span><\/a><br \/>\n<\/u><em>Luis Felipe Xavier<\/em><\/p>\n<p><u><a href=\"http:\/\/conferencias.fflch.usp.br\/cippal\/Inscricoes\/paper\/view\/2778\"><span style=\"color: #0000ff;\">O Papel dos Espa\u00e7os Livres no resgate da Cidadania: O caso do Parque Fazendinha do Jardim Colombo, S\u00e3o Paulo<\/span><\/a><br \/>\n<\/u><em>Ester Carro de Oliveira Bashalidis, Maria Am\u00e9lia Devitte Ferreira D&#8217; Azevedo Leite<\/em><\/p>\n<p><u><a href=\"http:\/\/conferencias.fflch.usp.br\/cippal\/Inscricoes\/paper\/view\/2818\"><span style=\"color: #0000ff;\">O Projeto Moderno e o Habitat na Am\u00e9rica Latina: As Unidades de Vizinhan\u00e7a de JOSEP LLU\u00cdS SERT no Peru, Col\u00f4mbia e Venezuela entre 1947 e 1952<\/span><\/a><br \/>\n<\/u><em>Dinalva Derenzo Roldan<\/em><\/p>\n<p><u><a href=\"http:\/\/conferencias.fflch.usp.br\/cippal\/Inscricoes\/paper\/view\/2879\"><span style=\"color: #0000ff;\">O mapa da \u00e1gua e as disputas pelo espa\u00e7o urbano na Metr\u00f3pole do Rio de Janeiro, Brasil<\/span><\/a><br \/>\n<\/u><em>Marcos Thimoteo Dominguez<\/em><\/p>\n<p><u><a href=\"http:\/\/conferencias.fflch.usp.br\/cippal\/Inscricoes\/paper\/view\/2919\"><span style=\"color: #0000ff;\">Mem\u00f3ria e Paisagens: S\u00e3o Paulo, Brasil e C\u00f3rdoba, Argentina.<\/span><\/a><br \/>\n<\/u><em>Sylvia Adriana Dobry, Caio Boucinhas, Denise Falc\u00e3o Pessoa<\/em><\/p>\n<p><u><a href=\"http:\/\/conferencias.fflch.usp.br\/cippal\/Inscricoes\/paper\/view\/2940\"><span style=\"color: #0000ff;\">Os impactos s\u00f3cio-ambientais nas cidades da Am\u00e9rica Latina: o estudo de caso do Centro de Gest\u00e3o de Res\u00edduos de Santo Andr\u00e9, S\u00e3o Paulo<\/span><\/a><br \/>\n<\/u><em>Robson da Silva Moreno, Luis Felipe Xavier<\/em><\/p>\n<p><u><a href=\"http:\/\/conferencias.fflch.usp.br\/cippal\/Inscricoes\/paper\/view\/2949\"><span style=\"color: #0000ff;\">Interven\u00e7\u00e3o em centros hist\u00f3ricos e avalia\u00e7\u00e3o de ocupa\u00e7\u00e3o urbana: modalidade de moradia na Am\u00e9rica Latina<\/span><\/a><br \/>\n<\/u><em>Pier Paolo Pizzolato, Giovanni Polo Dur\u00e1n<\/em><\/p>\n<p><u><a href=\"http:\/\/conferencias.fflch.usp.br\/cippal\/Inscricoes\/paper\/view\/2974\"><span style=\"color: #0000ff;\">Conurbano e Participa\u00e7\u00e3o Popular no S\u00e9culo XXI: De S\u00e3o Paulo a Buenos Aires<\/span><\/a><br \/>\n<\/u><em>Guilherme Giuliano Nicolau, Ivan Augusto Alves Pereira, Claudia Fabiana Guebel<\/em><\/p>\n<p><u><a href=\"http:\/\/conferencias.fflch.usp.br\/cippal\/Inscricoes\/paper\/view\/3014\"><span style=\"color: #0000ff;\">Sentidos, desigualdades e identidade: A falta de mapeamento pelo Google Street View e seus reflexos na sociedade latino-americana.<\/span><\/a><br \/>\n<\/u><em>Fernanda de Freitas Lima, Clarissa Sanfelice Rahmeier<\/em><\/p>\n<p><u><a href=\"http:\/\/conferencias.fflch.usp.br\/cippal\/Inscricoes\/paper\/view\/3096\"><span style=\"color: #0000ff;\">Metodologia Ativa aplicada ao Ensino de Arquitetura e Urbanismo em S\u00e3o Paulo: Um relato sobre o exerc\u00edcio de interven\u00e7\u00e3o urbana no Minhoc\u00e3o<\/span><\/a><br \/>\n<\/u><em>Sergio Ricardo Lessa Ortiz, Elisabeth Cristina do Amaral Ecker<\/em><\/p>\n<p><u><a href=\"http:\/\/conferencias.fflch.usp.br\/cippal\/Inscricoes\/paper\/view\/3102\"><span style=\"color: #0000ff;\">El acceso al suelo y a la vivienda: una prospectiva t\u00e9cnico-jur\u00eddica sobre la tenencia urbana en Brasil y Bolivia<\/span><\/a><br \/>\n<\/u><em>Maurizio Pioletti, Luciana de Oliveira Royer, Patricia Urquieta Crespo<\/em><\/p>\n<p><u><a href=\"http:\/\/conferencias.fflch.usp.br\/cippal\/Inscricoes\/paper\/view\/3178\"><span style=\"color: #0000ff;\">Travessia a Conde-PB: constru\u00e7\u00e3o de cai\u00e7ara coletiva na Praia do Amor<\/span><\/a><br \/>\n<\/u><em>M\u00f4nica Duarte Aprilanti, Bruno Marambio M\u00e1rquez, Andr\u00e9s Garc\u00e9s Alzamora<\/em><\/p>\n<p><u><a href=\"http:\/\/conferencias.fflch.usp.br\/cippal\/Inscricoes\/paper\/view\/2995\"><span style=\"color: #0000ff;\">Escalas de Planejamento Urbano: Um comparativo entre S\u00e3o Paulo e Medelim<\/span><\/a><br \/>\n<\/u><em>Ivan Augusto Alves Pereira, D\u00e9bora Sanches, Luiza Naomi Iwakami<\/em><\/p>","protected":false},"excerpt":{"rendered":"<p>A biblioteca e a arena: dois poemas (significado e valor na arquitetura contempor\u00e2nea latino-americana). Peter Ribon Monteiro A Nega\u00e7\u00e3o Enquanto Gosto Burgu\u00eas: Consumo e cultura pol\u00edtica no Brasil, no final do s\u00e9culo XIX Rosangela Ferreira Leite Um Ensaio sobre a &hellip; <a href=\"https:\/\/sites.usp.br\/prolam\/seminario-de-pesquisa-15-trabalhos-aprovados\/\">Continue reading <span class=\"meta-nav\">&rarr;<\/span><\/a><\/p>\n","protected":false},"author":754,"featured_media":0,"parent":0,"menu_order":4,"comment_status":"closed","ping_status":"closed","template":"","meta":{"footnotes":"","_links_to":"","_links_to_target":""},"class_list":["post-4471","page","type-page","status-publish","hentry"],"_links":{"self":[{"href":"https:\/\/sites.usp.br\/prolam\/wp-json\/wp\/v2\/pages\/4471","targetHints":{"allow":["GET"]}}],"collection":[{"href":"https:\/\/sites.usp.br\/prolam\/wp-json\/wp\/v2\/pages"}],"about":[{"href":"https:\/\/sites.usp.br\/prolam\/wp-json\/wp\/v2\/types\/page"}],"author":[{"embeddable":true,"href":"https:\/\/sites.usp.br\/prolam\/wp-json\/wp\/v2\/users\/754"}],"replies":[{"embeddable":true,"href":"https:\/\/sites.usp.br\/prolam\/wp-json\/wp\/v2\/comments?post=4471"}],"version-history":[{"count":1,"href":"https:\/\/sites.usp.br\/prolam\/wp-json\/wp\/v2\/pages\/4471\/revisions"}],"predecessor-version":[{"id":4473,"href":"https:\/\/sites.usp.br\/prolam\/wp-json\/wp\/v2\/pages\/4471\/revisions\/4473"}],"wp:attachment":[{"href":"https:\/\/sites.usp.br\/prolam\/wp-json\/wp\/v2\/media?parent=4471"}],"curies":[{"name":"wp","href":"https:\/\/api.w.org\/{rel}","templated":true}]}}