{"id":4492,"date":"2019-04-27T23:10:51","date_gmt":"2019-04-28T02:10:51","guid":{"rendered":"http:\/\/sites.usp.br\/prolam\/?page_id=4492"},"modified":"2019-04-27T23:10:51","modified_gmt":"2019-04-28T02:10:51","slug":"seminario-de-pesquisa-22-trabalhos-aprovados","status":"publish","type":"page","link":"https:\/\/sites.usp.br\/prolam\/seminario-de-pesquisa-22-trabalhos-aprovados\/","title":{"rendered":"Semin\u00e1rio de Pesquisa 22 &#8211; Trabalhos aprovados"},"content":{"rendered":"<p><u><a href=\"http:\/\/conferencias.fflch.usp.br\/cippal\/Inscricoes\/paper\/view\/2403\"><span style=\"color: #0000ff;\">Coopera\u00e7\u00e3o financeira na Am\u00e9rica do Sul: um balan\u00e7o dos governos Lula da Silva (2003-2010)<\/span><\/a><br \/>\n<\/u><em>Renan de Campos Colnago<\/em><\/p>\n<p><u><a href=\"http:\/\/conferencias.fflch.usp.br\/cippal\/Inscricoes\/paper\/view\/2428\"><span style=\"color: #0000ff;\">Blocos econ\u00f4micos no contexto da Am\u00e9rica Latina e a sua fun\u00e7\u00e3o social<\/span><\/a><br \/>\n<\/u><em>Ol\u00edvia Costa Lima Ricarte, C\u00edcero Renato Pereira Albuquerque<\/em><\/p>\n<p><u><a href=\"http:\/\/conferencias.fflch.usp.br\/cippal\/Inscricoes\/paper\/view\/2503\"><span style=\"color: #0000ff;\">O Estruturalismo, a Teoria Marxista da Depend\u00eancia e a Quest\u00e3o Ambiental: Breves Considera\u00e7\u00f5es<\/span><\/a><br \/>\n<\/u><em>Gustavo da Costa Meyer<\/em><\/p>\n<p><u><a href=\"http:\/\/conferencias.fflch.usp.br\/cippal\/Inscricoes\/paper\/view\/2651\"><span style=\"color: #0000ff;\">An\u00e1lisis cr\u00edtico del posnoeliberalismo en Am\u00e9rica Latina<\/span><\/a><br \/>\n<\/u><em>Roberto Andr\u00e9s Vargas<\/em><\/p>\n<p><u><a href=\"http:\/\/conferencias.fflch.usp.br\/cippal\/Inscricoes\/paper\/view\/2681\"><span style=\"color: #0000ff;\">Anti-Poverty Programs and the Political Identities construction under the Kirchners<\/span><\/a><br \/>\n<\/u><em>Mengqi Yuan<\/em><\/p>\n<p><u><a href=\"http:\/\/conferencias.fflch.usp.br\/cippal\/Inscricoes\/paper\/view\/2770\"><span style=\"color: #0000ff;\">Subimperialismo e Superexplora\u00e7\u00e3o Revisitados: Uma Reinterpreta\u00e7\u00e3o da Am\u00e9rica Latina Contempor\u00e2nea<\/span><\/a><br \/>\n<\/u><em>Ot\u00e1vio Henrique Simiano do Bomfim<\/em><\/p>\n<p><u><a href=\"http:\/\/conferencias.fflch.usp.br\/cippal\/Inscricoes\/paper\/view\/2819\"><span style=\"color: #0000ff;\">O Estado Latino Americano na Atual Fase do Imperialismo<\/span><\/a><br \/>\n<\/u><em>Rodrigo de Paula Abi-Ramia<\/em><\/p>\n<p><u><a href=\"http:\/\/conferencias.fflch.usp.br\/cippal\/Inscricoes\/paper\/view\/2915\">Balan\u00e7o e Heran\u00e7a da Pol\u00edtica Econ\u00f4mica dos governos de Centro-Esquerda na Am\u00e9rica Latina no in\u00edcio do S\u00e9culo XXI<\/a><br \/>\n<\/u><em>Carlos Eduardo Carvalho<\/em><\/p>\n<p><u><a href=\"http:\/\/conferencias.fflch.usp.br\/cippal\/Inscricoes\/paper\/view\/2956\"><span style=\"color: #0000ff;\">Los limites de la revoluci\u00f3n en el socialismo del siglo XXi. Las \u00e9lites empresariales en las luchas por la hegemon\u00eda en los gobiernos de Evo Morales y Rafael Correa<\/span><\/a><br \/>\n<\/u><em>Jorge Orlando Blanco Su\u00e1rez<\/em><\/p>\n<p><u><a href=\"http:\/\/conferencias.fflch.usp.br\/cippal\/Inscricoes\/paper\/view\/3002\"><span style=\"color: #0000ff;\">Crescimento Econ\u00f4mico e Desemprego: O impacto das pol\u00edticas econ\u00f4micas no mercado de trabalho argentino ao longo dos anos 1990.<\/span><\/a><br \/>\n<\/u><em>Carlos Gilberto de Sousa Martins<\/em><\/p>\n<p><u><a href=\"http:\/\/conferencias.fflch.usp.br\/cippal\/Inscricoes\/paper\/view\/3125\"><span style=\"color: #0000ff;\">Reprimariza\u00e7\u00e3o da matriz produtiva na Am\u00e9rica Sul nos anos 2000: a reitera\u00e7\u00e3o do padr\u00e3o hist\u00f3rico de subdesenvolvimento<\/span><\/a><br \/>\n<\/u><em>Humberto Miranda do Nascimento<\/em><\/p>\n<p><u><a href=\"http:\/\/conferencias.fflch.usp.br\/cippal\/Inscricoes\/paper\/view\/3143\"><span style=\"color: #0000ff;\">Ra\u00edzes do Pensamento Econ\u00f4mico Nacional-desenvolvimentista no Cone Sul<\/span><\/a><br \/>\n<\/u><em>Luciano Wexell Severo, Carla Costa Paulino da Costa Feres<\/em><\/p>\n<p><u><a href=\"http:\/\/conferencias.fflch.usp.br\/cippal\/Inscricoes\/paper\/view\/3146\"><span style=\"color: #0000ff;\">A economia pol\u00edtica do ciclo das esquerdas e da ofensiva neoconservadora: cen\u00e1rios para o futuro<\/span><\/a><br \/>\n<\/u><em>Carlos Eduardo Da Rosa Martins<\/em><\/p>\n<p><u><a href=\"http:\/\/conferencias.fflch.usp.br\/cippal\/Inscricoes\/paper\/view\/3173\"><span style=\"color: #0000ff;\">Avances y L\u00edmites de las Alternativas Andinas al Desarrollo Capitalista: Un an\u00e1lisis comparativa del Buen Vivir de Ecuador y del Vivir Bien de Bolivia.<\/span><\/a><br \/>\n<\/u><em>Mishell Geoconda Pav\u00f3n Abalco<\/em><\/p>\n<p><u><a href=\"http:\/\/conferencias.fflch.usp.br\/cippal\/Inscricoes\/paper\/view\/2991\"><span style=\"color: #0000ff;\">As maquiladoras como forma de inser\u00e7\u00e3o do Paraguai nas Cadeias Globais de Valor e as rela\u00e7\u00f5es com a Ind\u00fastria Brasileira<\/span><\/a><br \/>\n<\/u><em>Daniela Andreia Schlogel<\/em><\/p>\n<p><u><a href=\"http:\/\/conferencias.fflch.usp.br\/cippal\/Inscricoes\/paper\/view\/3012\"><span style=\"color: #0000ff;\">Neodesenvolvimentismo ou Morte? Uma an\u00e1lise acerca dos problemas e possibilidades dos &#8220;neodesenvolvimentismos&#8221; sob a \u00f3tica da Teoria Marcista da Depend\u00eancia.<\/span><\/a><br \/>\n<\/u><em>Vinicius Rezende Carretoni Vaz<\/em><\/p>\n<p><u><a href=\"http:\/\/conferencias.fflch.usp.br\/cippal\/Inscricoes\/paper\/view\/2483\"><span style=\"color: #0000ff;\">Ruptura ou continuidade da ordem Neoliberal dos 1990:Uma analise sobre Argentina Brasil<\/span><\/a><br \/>\n<\/u><em>Erivando Rodrigues Inacio<\/em><\/p>\n<p><u><a href=\"http:\/\/conferencias.fflch.usp.br\/cippal\/Inscricoes\/paper\/view\/2499\"><span style=\"color: #0000ff;\">Balan\u00e7o cr\u00edtico da onda progressista sul-americana<\/span><\/a><br \/>\n<\/u><em>Fabio Luis Barbosa dos Santos<\/em><\/p>","protected":false},"excerpt":{"rendered":"<p>Coopera\u00e7\u00e3o financeira na Am\u00e9rica do Sul: um balan\u00e7o dos governos Lula da Silva (2003-2010) Renan de Campos Colnago Blocos econ\u00f4micos no contexto da Am\u00e9rica Latina e a sua fun\u00e7\u00e3o social Ol\u00edvia Costa Lima Ricarte, C\u00edcero Renato Pereira Albuquerque O Estruturalismo, &hellip; <a href=\"https:\/\/sites.usp.br\/prolam\/seminario-de-pesquisa-22-trabalhos-aprovados\/\">Continue reading <span class=\"meta-nav\">&rarr;<\/span><\/a><\/p>\n","protected":false},"author":754,"featured_media":0,"parent":0,"menu_order":5,"comment_status":"closed","ping_status":"closed","template":"","meta":{"footnotes":"","_links_to":"","_links_to_target":""},"class_list":["post-4492","page","type-page","status-publish","hentry"],"_links":{"self":[{"href":"https:\/\/sites.usp.br\/prolam\/wp-json\/wp\/v2\/pages\/4492","targetHints":{"allow":["GET"]}}],"collection":[{"href":"https:\/\/sites.usp.br\/prolam\/wp-json\/wp\/v2\/pages"}],"about":[{"href":"https:\/\/sites.usp.br\/prolam\/wp-json\/wp\/v2\/types\/page"}],"author":[{"embeddable":true,"href":"https:\/\/sites.usp.br\/prolam\/wp-json\/wp\/v2\/users\/754"}],"replies":[{"embeddable":true,"href":"https:\/\/sites.usp.br\/prolam\/wp-json\/wp\/v2\/comments?post=4492"}],"version-history":[{"count":1,"href":"https:\/\/sites.usp.br\/prolam\/wp-json\/wp\/v2\/pages\/4492\/revisions"}],"predecessor-version":[{"id":4494,"href":"https:\/\/sites.usp.br\/prolam\/wp-json\/wp\/v2\/pages\/4492\/revisions\/4494"}],"wp:attachment":[{"href":"https:\/\/sites.usp.br\/prolam\/wp-json\/wp\/v2\/media?parent=4492"}],"curies":[{"name":"wp","href":"https:\/\/api.w.org\/{rel}","templated":true}]}}