{"id":4498,"date":"2019-04-27T23:21:34","date_gmt":"2019-04-28T02:21:34","guid":{"rendered":"http:\/\/sites.usp.br\/prolam\/?page_id=4498"},"modified":"2019-04-27T23:24:22","modified_gmt":"2019-04-28T02:24:22","slug":"4498-2","status":"publish","type":"page","link":"https:\/\/sites.usp.br\/prolam\/4498-2\/","title":{"rendered":"Semin\u00e1rio de Pesquisa 24 &#8211; Trabalhos aprovados"},"content":{"rendered":"<p><u><a href=\"http:\/\/conferencias.fflch.usp.br\/cippal\/Inscricoes\/paper\/view\/2387\"><span style=\"color: #0000ff;\">O Direito ao Etnodesenvolvimento e Pol\u00edticas P\u00fablicas para as Comunidades Tradicionais do Cerrado Goiano<\/span><\/a><br \/>\n<\/u><em>Juliete <span style=\"color: #0000ff;\">Prado<\/span> de Faria, Maria Cristina Vidotte Blanco T\u00e1rrega<\/em><\/p>\n<p><u><a href=\"http:\/\/conferencias.fflch.usp.br\/cippal\/Inscricoes\/paper\/view\/2343\"><span style=\"color: #0000ff;\">Por el Derecho al Amor: luchas sociales por el matrimonio igualitario en Centroam\u00e9rica<\/span><\/a><br \/>\n<\/u><em>Amaral Ar\u00e9valo<\/em><\/p>\n<p><u><a href=\"http:\/\/conferencias.fflch.usp.br\/cippal\/Inscricoes\/paper\/view\/2471\"><span style=\"color: #0000ff;\">Derecho a la reparaci\u00f3n integral en las v\u00edctimas del conflicto armado en Colombia<\/span><\/a><br \/>\n<\/u><em>Yadira Esther Garc\u00eda Garcia<\/em><\/p>\n<p><u><a href=\"http:\/\/conferencias.fflch.usp.br\/cippal\/Inscricoes\/paper\/view\/2516\"><span style=\"color: #0000ff;\">O direito humano \u00e0 reelei\u00e7\u00e3o na realidade neoconstitucional latino-americana: Um estudo das realidades boliviana e equatoriana \u00e0 luz da senten\u00e7a 84 de 2017 do Tribunal Constitucional Plurinacional da Bol\u00edvia<\/span><\/a><br \/>\n<\/u><em>Victor da Rocha Veneziano<\/em><\/p>\n<p><u><a href=\"http:\/\/conferencias.fflch.usp.br\/cippal\/Inscricoes\/paper\/view\/2517\"><span style=\"color: #0000ff;\">Pluralismo Jur\u00eddico e Justi\u00e7a ind\u00edgena nas normas constitucionais e na pr\u00e1tica jurisdicional do Brasil, da Col\u00f4mbia e da Bol\u00edvia<\/span><\/a><br \/>\n<\/u><em>Ester Gammardella Rizzi<\/em><\/p>\n<p><u><a href=\"http:\/\/conferencias.fflch.usp.br\/cippal\/Inscricoes\/paper\/view\/2547\"><span style=\"color: #0000ff;\">A desconstru\u00e7\u00e3o do estigma em rela\u00e7\u00e3o \u00e0s pessoas com defici\u00eancia atrav\u00e9s das pol\u00edticas p\u00fablicas: uma revis\u00e3o hist\u00f3rica<\/span><\/a><br \/>\n<\/u><em>Marcia Leite Borges, Luciana Ad\u00e9lia Sottili<\/em><\/p>\n<p><u><a href=\"http:\/\/conferencias.fflch.usp.br\/cippal\/Inscricoes\/paper\/view\/2577\"><span style=\"color: #0000ff;\">Criminaliza\u00e7\u00e3o dos movimentos sociais por acesso \u00e0 terra e a OEA<\/span><\/a><br \/>\n<\/u><em>J\u00falia Pupin Pupin<\/em><\/p>\n<p><u><a href=\"http:\/\/conferencias.fflch.usp.br\/cippal\/Inscricoes\/paper\/view\/2619\"><span style=\"color: #0000ff;\">A luta armada nas Comiss\u00f5es da Verdade: uma compara\u00e7\u00e3o dos Relat\u00f3rios Finais do Brasil e do Peru<\/span><\/a><br \/>\n<\/u><em>Ana Carolina Moura-Fernandes, Vivian Urquidi, Vanessa Corsetti Gon\u00e7alves Teixeira<\/em><\/p>\n<p><u><a href=\"http:\/\/conferencias.fflch.usp.br\/cippal\/Inscricoes\/paper\/view\/2639\"><span style=\"color: #0000ff;\">Democracia e g\u00eanero no processo eleitoral brasileiro<\/span><\/a><br \/>\n<\/u><em>Lu\u00edsa Helena Marques de Fazio<\/em><\/p>\n<p><u><a href=\"http:\/\/conferencias.fflch.usp.br\/cippal\/Inscricoes\/paper\/view\/2675\"><span style=\"color: #0000ff;\">Constitucionalismo Latinoamericano e Direitos da Natureza: Uma abordagem a partir das Constitui\u00e7\u00f5es Boliviana e Equatoriana<\/span><\/a><br \/>\n<\/u><em>Marcia Maria dos Santos Souza Fernandes<\/em><\/p>\n<p><u><a href=\"http:\/\/conferencias.fflch.usp.br\/cippal\/Inscricoes\/paper\/view\/2731\"><span style=\"color: #0000ff;\">A Participa\u00e7\u00e3o Cidad\u00e3 no Novo Constitucionalismo latino-americano como instrumento de luta por Direitos<\/span><\/a><br \/>\n<\/u><em>Luiz Fernando Ribeiro de Sales<\/em><\/p>\n<p><u><a href=\"http:\/\/conferencias.fflch.usp.br\/cippal\/Inscricoes\/paper\/view\/2785\"><span style=\"color: #0000ff;\">A Constru\u00e7\u00e3o da Identidade do Sujeito Latino-americano e seus reflexos nos Modelos Consitucionais: Apontamentos do Constitucionalismo Liberal ao Pluralista<\/span><\/a><br \/>\n<\/u><em>Thiago Augusto Carlos Pereira, Luiz Fernando Ribeiro de Sales<\/em><\/p>\n<p><u><a href=\"http:\/\/conferencias.fflch.usp.br\/cippal\/Inscricoes\/paper\/view\/2799\"><span style=\"color: #0000ff;\">Processos estruturais: uma nova tecnologia para o fortalecimento de direitos sociais no Brasil<\/span><\/a><br \/>\n<\/u><em>Carolina Martins Marinho<\/em><\/p>\n<p><u><a href=\"http:\/\/conferencias.fflch.usp.br\/cippal\/Inscricoes\/paper\/view\/2816\"><span style=\"color: #0000ff;\">Por um pre\u00e2mbulo comum na Constitui\u00e7\u00e3o para a Am\u00e9rica Latina: estudo comparado entre Brasil e Argentina<\/span><\/a><br \/>\n<\/u><em>Silvia Schimidt, Marcelo Negri Soares<\/em><\/p>\n<p><u><a href=\"http:\/\/conferencias.fflch.usp.br\/cippal\/Inscricoes\/paper\/view\/2822\"><span style=\"color: #0000ff;\">A luta dos secundaristas pelo direito \u00e0 educa\u00e7\u00e3o: os casos de Santiago e S\u00e3o Paulo<\/span><\/a><br \/>\n<\/u><em>Maria Eugenia Augusto Greg\u00f3rio<\/em><\/p>\n<p><u><a href=\"http:\/\/conferencias.fflch.usp.br\/cippal\/Inscricoes\/paper\/view\/2891\"><span style=\"color: #0000ff;\">Participa\u00e7\u00e3o feminina no poder Legislativo: os casos de Brasil e Argentina<\/span><\/a><br \/>\n<\/u><em>Pedro Guilherme Kirst Hoewell<\/em><\/p>\n<p><u><a href=\"http:\/\/conferencias.fflch.usp.br\/cippal\/Inscricoes\/paper\/view\/2894\"><span style=\"color: #0000ff;\">Crise na hegemonia da pequena pol\u00edtica<\/span><\/a><br \/>\n<\/u><em>Filippe de Oliveira Mota, Isadora Desterro e Silva Xavier<\/em><\/p>\n<p><u><a href=\"http:\/\/conferencias.fflch.usp.br\/cippal\/Inscricoes\/paper\/view\/2947\"><span style=\"color: #0000ff;\">Democracia Participativa enquanto garantidora da prote\u00e7\u00e3o de grupos vulner\u00e1veis &#8211; Uma an\u00e1lise das realidades da Bol\u00edvia e do Equador em compara\u00e7\u00e3o com o caso brasileiro<\/span><\/a><br \/>\n<\/u><em>Lucca Fantuzzi Soares, Andr\u00e9 Luiz Coelho<\/em><\/p>\n<p><u><a href=\"http:\/\/conferencias.fflch.usp.br\/cippal\/Inscricoes\/paper\/view\/2972\"><span style=\"color: #0000ff;\">Am\u00e9rica Latina: democracia inercial, espolia\u00e7\u00e3o urbana e nega\u00e7\u00e3o das pol\u00edticas sociais.<\/span><\/a><br \/>\n<\/u><em>Margarita Lara Neves, Yuri Nascimento e Assis<\/em><\/p>\n<p><u><a href=\"http:\/\/conferencias.fflch.usp.br\/cippal\/Inscricoes\/paper\/view\/2983\"><span style=\"color: #0000ff;\">Tecnologias a servi\u00e7o da cidadania: Gest\u00e3o social da informa\u00e7\u00e3o<\/span><\/a><br \/>\n<\/u><em>Jo\u00e3o Leopoldo e Silva<\/em><\/p>\n<p><u><a href=\"http:\/\/conferencias.fflch.usp.br\/cippal\/Inscricoes\/paper\/view\/3020\"><span style=\"color: #0000ff;\">Fam\u00edlias Ensambradas e a Multiparentalidade: A Fam\u00edlia Socioafetiva<\/span><\/a><br \/>\n<\/u><em>Fl\u00e1via Monteiro Barbosa, Leonora Roizen Oliven<\/em><\/p>\n<p><u><a href=\"http:\/\/conferencias.fflch.usp.br\/cippal\/Inscricoes\/paper\/view\/3075\"><span style=\"color: #0000ff;\">Teoria Pol\u00edtica contempor\u00e2nea e Regula\u00e7\u00e3o dos Meios de Comunica\u00e7\u00e3o. Um Estudo a partir da Lei de Servi\u00e7os de Comunica\u00e7\u00e3o Audiovisual N\u00ba 26.522<\/span><\/a><br \/>\n<\/u><em>M\u00e1rcio Rodrigues Barboza<\/em><\/p>\n<p><u><a href=\"http:\/\/conferencias.fflch.usp.br\/cippal\/Inscricoes\/paper\/view\/2642\"><span style=\"color: #0000ff;\">Mulheres e Ditadura Militar: A Luta Feminina pela Democracia na Argentina, no Chile e no Brasil<\/span><\/a><br \/>\n<\/u><em>Clara Corvello Teixeira, Carlos Magno Esteves Vasconcellos<\/em><\/p>\n<p><u><a href=\"http:\/\/conferencias.fflch.usp.br\/cippal\/Inscricoes\/paper\/view\/2802\"><span style=\"color: #0000ff;\">Criminalidade feminina: uma discuss\u00e3o sobre a inser\u00e7\u00e3o das mulheres no tr\u00e1fico de drogas<\/span><\/a><br \/>\n<\/u><em>Helena Salim de Castro<\/em><\/p>\n<p><u><a href=\"http:\/\/conferencias.fflch.usp.br\/cippal\/Inscricoes\/paper\/view\/2901\"><span style=\"color: #0000ff;\">A experi\u00eancia de governos locais da Am\u00e9rica Latina no Facebook<\/span><\/a><br \/>\n<\/u><em>Marcelo Lemos Correia<\/em><\/p>\n<p><u><a href=\"http:\/\/conferencias.fflch.usp.br\/cippal\/Inscricoes\/paper\/view\/3070\"><span style=\"color: #0000ff;\">Elei\u00e7\u00f5es e Internet: A Participa\u00e7\u00e3o Pol\u00edtica e o Aperfei\u00e7oamento da Democracia na Era Digital: Uma an\u00e1lise comparada entre a Argentina e o Brasil<\/span><\/a><br \/>\n<\/u><em>Francisco Denes Pereira<\/em><\/p>\n<p><u><a href=\"http:\/\/conferencias.fflch.usp.br\/cippal\/Inscricoes\/paper\/view\/2917\"><span style=\"color: #0000ff;\">Litig\u00e2ncia Estrat\u00e9gica nas Cl\u00ednicas de Direitos Humanos: ferramenta de atualiza\u00e7\u00e3o das lutas contempor\u00e2neas de emancipa\u00e7\u00e3o<\/span><\/a><br \/>\n<\/u><em>Fabianne Manh\u00e3es Maciel, Lucas Pontes Ferreira<\/em><\/p>\n<p><u><a href=\"http:\/\/conferencias.fflch.usp.br\/cippal\/Inscricoes\/paper\/view\/2931\"><span style=\"color: #0000ff;\">O sujeito que sofre com o transtorno do espectro da esquizofrenia sob a \u00f3tica da capacidade civil<\/span><\/a><br \/>\n<\/u><em>Nilza Renata Moreira Fortuna, Leonora Roizen Albek Oliven<\/em><\/p>\n<p><u><a href=\"http:\/\/conferencias.fflch.usp.br\/cippal\/Inscricoes\/paper\/view\/2934\"><span style=\"color: #0000ff;\">Fam\u00edlias igualit\u00e1rias: tratamento jur\u00eddico Brasil &#8211; Argentina<\/span><\/a><br \/>\n<\/u><em>Leonora Roizen Albek Oliven<\/em><\/p>\n<p><u><a href=\"http:\/\/conferencias.fflch.usp.br\/cippal\/Inscricoes\/paper\/view\/3128\"><span style=\"color: #0000ff;\">Aliena\u00e7\u00e3o parental: fen\u00f4meno nas fam\u00edlias contempor\u00e2neas de viola\u00e7\u00e3o de direitos b\u00e1sicos da crian\u00e7a e do adolescente<\/span><\/a><br \/>\n<\/u><em>Lara Araujo Soares, Leonora Roizen Albek Oliven<\/em><\/p>\n<p><u><a href=\"http:\/\/conferencias.fflch.usp.br\/cippal\/Inscricoes\/paper\/view\/2382\"><span style=\"color: #0000ff;\">Cultura Participativa no Youtube: Constru\u00e7\u00e3o do empoderamento feminino no canal Ellora Haonne<\/span><\/a><br \/>\n<\/u><em>Caroline Mazzer de Souza, Marina Darcie, Maria Cristina Gobbi<\/em><\/p>\n<p><u><a href=\"http:\/\/conferencias.fflch.usp.br\/cippal\/Inscricoes\/paper\/view\/2660\"><span style=\"color: #0000ff;\">Ensino, aprendizagem e trabalho: direitos novos na Am\u00e9rica Latina da era digital<\/span><\/a><br \/>\n<\/u><em>Hygino Amanaj\u00e1s Oliveira<\/em><\/p>","protected":false},"excerpt":{"rendered":"<p>O Direito ao Etnodesenvolvimento e Pol\u00edticas P\u00fablicas para as Comunidades Tradicionais do Cerrado Goiano Juliete Prado de Faria, Maria Cristina Vidotte Blanco T\u00e1rrega Por el Derecho al Amor: luchas sociales por el matrimonio igualitario en Centroam\u00e9rica Amaral Ar\u00e9valo Derecho a &hellip; <a href=\"https:\/\/sites.usp.br\/prolam\/4498-2\/\">Continue reading <span class=\"meta-nav\">&rarr;<\/span><\/a><\/p>\n","protected":false},"author":754,"featured_media":0,"parent":0,"menu_order":5,"comment_status":"closed","ping_status":"closed","template":"","meta":{"footnotes":"","_links_to":"","_links_to_target":""},"class_list":["post-4498","page","type-page","status-publish","hentry"],"_links":{"self":[{"href":"https:\/\/sites.usp.br\/prolam\/wp-json\/wp\/v2\/pages\/4498","targetHints":{"allow":["GET"]}}],"collection":[{"href":"https:\/\/sites.usp.br\/prolam\/wp-json\/wp\/v2\/pages"}],"about":[{"href":"https:\/\/sites.usp.br\/prolam\/wp-json\/wp\/v2\/types\/page"}],"author":[{"embeddable":true,"href":"https:\/\/sites.usp.br\/prolam\/wp-json\/wp\/v2\/users\/754"}],"replies":[{"embeddable":true,"href":"https:\/\/sites.usp.br\/prolam\/wp-json\/wp\/v2\/comments?post=4498"}],"version-history":[{"count":2,"href":"https:\/\/sites.usp.br\/prolam\/wp-json\/wp\/v2\/pages\/4498\/revisions"}],"predecessor-version":[{"id":4501,"href":"https:\/\/sites.usp.br\/prolam\/wp-json\/wp\/v2\/pages\/4498\/revisions\/4501"}],"wp:attachment":[{"href":"https:\/\/sites.usp.br\/prolam\/wp-json\/wp\/v2\/media?parent=4498"}],"curies":[{"name":"wp","href":"https:\/\/api.w.org\/{rel}","templated":true}]}}