{"id":4774,"date":"2019-05-19T10:04:34","date_gmt":"2019-05-19T13:04:34","guid":{"rendered":"http:\/\/sites.usp.br\/prolam\/?page_id=4774"},"modified":"2019-05-29T20:50:41","modified_gmt":"2019-05-29T23:50:41","slug":"informacoes-importantes","status":"publish","type":"page","link":"https:\/\/sites.usp.br\/prolam\/informacoes-importantes\/","title":{"rendered":"Informa\u00e7\u00f5es importantes"},"content":{"rendered":"<p>- <span style=\"color: #ff0000;\">Sobre a publica\u00e7\u00e3o dos trabalhos completos<\/span>: os trabalhos completos ser\u00e3o publicados nos Anais em formato de e-book tem\u00e1tico com ISBN. Conforme edital de convocat\u00f3ria, somente ser\u00e3o publicados os trabalhos apresentados nos Semin\u00e1rios de Pesquisa. <strong><span style=\"color: #ff0000;\">A data limite de entrega \u00e9 15 de junho de 2019.<\/span><\/strong>\u00a0As normas para a apresenta\u00e7\u00e3o e o tutorial da Plataforma de dep\u00f3sito\u00a0encontram-se em:\u00a0<strong><span style=\"color: #0000ff;\"><a style=\"color: #0000ff;\" href=\"https:\/\/sites.usp.br\/prolam\/?page_id=3440\" target=\"_blank\" rel=\"noopener noreferrer\" data-saferedirecturl=\"https:\/\/www.google.com\/url?q=https:\/\/sites.usp.br\/prolam\/?page_id%3D3440&amp;source=gmail&amp;ust=1558356761430000&amp;usg=AFQjCNGAvdHPlWgIxBaI98xQH3sW4MKN8w\">https:\/\/sites.usp.br\/<wbr \/>prolam\/?page_id=3440<\/a><\/span><\/strong><\/p>\n<p><!--more--><br \/>\n&#8211; <span style=\"color: #ff0000;\">Sobre os Certificados<\/span>: Os Certificados de <strong><em>Apresentadores de Semin\u00e1rio de Pesquisa<\/em><\/strong>, <strong><em>Aluno e Professor de Curso Curta Dura\u00e7\u00e3o<\/em><\/strong>, <strong><em>Ouvintes com Certificado<\/em><\/strong>, al\u00e9m de <strong><em>Coordenadores<\/em><\/strong>, \u00a0<strong><em>Debatedores<\/em> <\/strong>e <strong><em>Conferencistas<\/em> <\/strong>est\u00e3o sendo j\u00e1 enviados num processo\u00a0automatizado que dever\u00e1 finalizar at\u00e9 o dia 21 de maio. Qualquer diverg\u00eancia, urg\u00eancia ou d\u00favida, por favor, entrem em contato\u00a0conosco (<a href=\"mailto:prolam_usp@usp.br\" target=\"_blank\" rel=\"noopener\">prolam_usp@usp.br<\/a>).<\/p>\n<p><!--more--><br \/>\n&#8211; <span style=\"color: #ff0000;\">Grava\u00e7\u00f5es e Livros das Confer\u00eancias e Mesas Redondas<\/span>: As grava\u00e7\u00f5es\u00a0das apresenta\u00e7\u00f5es ser\u00e3o publicadas no site dos eventos, e o livro ser\u00e1\u00a0editado no formato e-book bil\u00edngue com acesso aberto.<br \/>\n&#8211; <span style=\"color: #ff0000;\">Outras publica\u00e7\u00f5es<\/span>: aqui, neste site tamb\u00e9m ser\u00e3o publicados at\u00e9 final deste\u00a0m\u00eas de maio os registros fotogr\u00e1ficos, as entrevistas dos palestrantes,\u00a0bem como outros materiais que repercutiram o I CIPPAL e o III SIPPAL nas\u00a0m\u00eddias alternativas e acad\u00eamicas.<\/p>\n<p>Finalmente, se voc\u00ea tem algum coment\u00e1rio ou alguma sugest\u00e3o que\u00a0permitir\u00e1 melhorar as atividades futuras do Congresso, se voc\u00ea tem alguma\u00a0fotografia ou informa\u00e7\u00e3o que possa ser interessante para publica\u00e7\u00e3o no\u00a0site, por favor, escreva-nos ao:\u00a0<a href=\"mailto:prolam_usp@usp.br\" target=\"_blank\" rel=\"noopener\">prolam_usp@usp.br<\/a><\/p>","protected":false},"excerpt":{"rendered":"<p>&#8211; Sobre a publica\u00e7\u00e3o dos trabalhos completos: os trabalhos completos ser\u00e3o publicados nos Anais em formato de e-book tem\u00e1tico com ISBN. Conforme edital de convocat\u00f3ria, somente ser\u00e3o publicados os trabalhos apresentados nos Semin\u00e1rios de Pesquisa. A data limite de entrega &hellip; <a href=\"https:\/\/sites.usp.br\/prolam\/informacoes-importantes\/\">Continue reading <span class=\"meta-nav\">&rarr;<\/span><\/a><\/p>\n","protected":false},"author":754,"featured_media":0,"parent":0,"menu_order":5,"comment_status":"closed","ping_status":"closed","template":"","meta":{"footnotes":"","_links_to":"","_links_to_target":""},"class_list":["post-4774","page","type-page","status-publish","hentry"],"_links":{"self":[{"href":"https:\/\/sites.usp.br\/prolam\/wp-json\/wp\/v2\/pages\/4774","targetHints":{"allow":["GET"]}}],"collection":[{"href":"https:\/\/sites.usp.br\/prolam\/wp-json\/wp\/v2\/pages"}],"about":[{"href":"https:\/\/sites.usp.br\/prolam\/wp-json\/wp\/v2\/types\/page"}],"author":[{"embeddable":true,"href":"https:\/\/sites.usp.br\/prolam\/wp-json\/wp\/v2\/users\/754"}],"replies":[{"embeddable":true,"href":"https:\/\/sites.usp.br\/prolam\/wp-json\/wp\/v2\/comments?post=4774"}],"version-history":[{"count":4,"href":"https:\/\/sites.usp.br\/prolam\/wp-json\/wp\/v2\/pages\/4774\/revisions"}],"predecessor-version":[{"id":4788,"href":"https:\/\/sites.usp.br\/prolam\/wp-json\/wp\/v2\/pages\/4774\/revisions\/4788"}],"wp:attachment":[{"href":"https:\/\/sites.usp.br\/prolam\/wp-json\/wp\/v2\/media?parent=4774"}],"curies":[{"name":"wp","href":"https:\/\/api.w.org\/{rel}","templated":true}]}}