{"id":4810,"date":"2019-10-01T19:58:13","date_gmt":"2019-10-01T22:58:13","guid":{"rendered":"http:\/\/sites.usp.br\/prolam\/?page_id=4810"},"modified":"2021-09-24T21:48:21","modified_gmt":"2021-09-25T00:48:21","slug":"pensamento-2","status":"publish","type":"page","link":"https:\/\/sites.usp.br\/prolam\/pensamento-2\/","title":{"rendered":"Perspectivas cr\u00edticas da Am\u00e9rica Latina: pensamento social, pol\u00edtico e econ\u00f4mico"},"content":{"rendered":"<p>T\u00edtulo:<br \/>\n<a href=\"https:\/\/sites.usp.br\/prolam\/wp-content\/uploads\/sites\/35\/2021\/01\/LIVRO-I_PDF.pdf\"><strong><span style=\"color: #00ccff;\">Perspectivas cr\u00edticas da Am\u00e9rica Latina:<\/span><br \/>\n<span style=\"color: #00ccff;\">pensamento social, pol\u00edtico e econ\u00f4mico (PDF 9,8MB)<\/span><\/strong><\/a><\/p>\n<h3>Organiza\u00e7\u00e3o:<br \/>\n<a href=\"https:\/\/sites.usp.br\/prolam\/wp-content\/uploads\/sites\/35\/2021\/01\/LIVRO-I_PDF.pdf\"><img loading=\"lazy\" decoding=\"async\" class=\"wp-image-4933 size-medium alignright\" src=\"https:\/\/sites.usp.br\/prolam\/wp-content\/uploads\/sites\/35\/2021\/01\/1-Pensamento-226x300.jpg\" alt=\"\" width=\"226\" height=\"300\" srcset=\"https:\/\/sites.usp.br\/prolam\/wp-content\/uploads\/sites\/35\/2021\/01\/1-Pensamento-226x300.jpg 226w, https:\/\/sites.usp.br\/prolam\/wp-content\/uploads\/sites\/35\/2021\/01\/1-Pensamento-771x1024.jpg 771w, https:\/\/sites.usp.br\/prolam\/wp-content\/uploads\/sites\/35\/2021\/01\/1-Pensamento-768x1020.jpg 768w, https:\/\/sites.usp.br\/prolam\/wp-content\/uploads\/sites\/35\/2021\/01\/1-Pensamento-400x531.jpg 400w, https:\/\/sites.usp.br\/prolam\/wp-content\/uploads\/sites\/35\/2021\/01\/1-Pensamento.jpg 945w\" sizes=\"auto, (max-width: 226px) 100vw, 226px\" \/><\/a>Vivian Urquidi<br \/>\nMargarida Nepomuceno;<br \/>\nMayra Coan Lago;<br \/>\nJoana de F\u00e1tima Rodrigues;<br \/>\nRita de C\u00e1ssia Marques Lima de Castro; Sabrina Rodrigues<br \/>\nN\u00famero ISBN: 978-85-88376-02-1<br \/>\nDOI: 10.29327\/524240<br \/>\nTipo de Suporte: E-book<br \/>\nFormato Ebook: PDF<br \/>\nS\u00e3o Paulo<br \/>\nPROLAM-USP<br \/>\n2019<\/h3>\n<p>&nbsp;<\/p>\n<table width=\"593\">\n<tbody>\n<tr>\n<td width=\"261\"><strong>LIVRO i<br \/>\n<\/strong>PERSPECTIVAS CR\u00cdTICAS DA AM\u00c9RICA LATINA:<strong>\u00a0<\/strong><\/td>\n<td width=\"266\">Pensamento Social, Pol\u00edtico e Econ\u00f4mico<\/td>\n<td width=\"66\">\n<h3><\/h3>\n<\/td>\n<\/tr>\n<tr>\n<td width=\"261\">\n<h4 style=\"text-align: right;\"><strong>S U M \u00c1 R I O<\/strong><\/h4>\n<p><span style=\"color: #ffff00;\"><strong>APRESENTA\u00c7\u00c3O<\/strong><\/span><\/td>\n<td width=\"266\">\n<h3><\/h3>\n<\/td>\n<td width=\"66\">\n<h3><\/h3>\n<h3>09<\/h3>\n<\/td>\n<\/tr>\n<tr>\n<td width=\"261\">\n<h3>Introdu\u00e7\u00e3o<\/h3>\n<\/td>\n<td width=\"266\">\n<h3><\/h3>\n<\/td>\n<td width=\"66\">\n<h3>18<\/h3>\n<\/td>\n<\/tr>\n<tr>\n<td width=\"261\">\n<h3><strong><span style=\"color: #ffff00;\">PARTE 1: CAPITALISMO PERIF\u00c9RICO E ESTADO<\/span> <\/strong><\/h3>\n<\/td>\n<td width=\"266\">\n<h3><\/h3>\n<\/td>\n<td width=\"66\">\n<h3><strong>26 <\/strong><\/h3>\n<\/td>\n<\/tr>\n<tr>\n<td width=\"261\">\n<h3>O pensamento cepalino e a an\u00e1lise marxista latino-americana<\/h3>\n<\/td>\n<td width=\"266\"><em>Onofre Alves Portella <\/em><\/td>\n<td width=\"66\">\n<h3>.27<\/h3>\n<\/td>\n<\/tr>\n<tr>\n<td width=\"261\">\n<h3>A teoria da depend\u00eancia: um estudo da vertente Weberiana e da vertente Marxista<\/h3>\n<\/td>\n<td width=\"266\"><em>Diana Chaukat Chaib <\/em>e <em>Vicente Alves Toledo <\/em><\/td>\n<td width=\"66\">\n<h3>37<\/h3>\n<\/td>\n<\/tr>\n<tr>\n<td width=\"261\">\n<h3>Discutindo o Estado: as contribui\u00e7\u00f5es de Cardoso e Ianni ao debate do marxismo acad\u00eamico (1960-1980)<\/h3>\n<\/td>\n<td width=\"266\"><em>Lu\u00eds Gustavo Dutra Barcelos <\/em>e <em>Leonardo Granato <\/em><\/td>\n<td width=\"66\">\n<h3>51<\/h3>\n<\/td>\n<\/tr>\n<tr>\n<td width=\"261\">\n<h3>Diagn\u00f3sticos de atraso e sa\u00eddas institucionais na forma\u00e7\u00e3o de Estados perif\u00e9ricos<\/h3>\n<\/td>\n<td width=\"266\"><em>Lidiane Rezende Vieira <\/em><\/td>\n<td width=\"66\">\n<h3>63<\/h3>\n<\/td>\n<\/tr>\n<tr>\n<td width=\"261\">\n<h3>A quest\u00e3o da depend\u00eancia na obra de Octavio Ianni (1966-1974)<\/h3>\n<\/td>\n<td width=\"266\"><em>Leonardo Octavio Belinelli Brito <\/em><\/td>\n<td width=\"66\">\n<h3>76<\/h3>\n<\/td>\n<\/tr>\n<tr>\n<td width=\"261\">\n<h3>Am\u00e9rica Latina desde dentro ou desde o centro? Encontro divergente entre a teoria marxista da depend\u00eancia e a an\u00e1lise sistema-mundo<\/h3>\n<\/td>\n<td width=\"266\"><em>Georgette Ramirez Kuri <\/em><\/td>\n<td width=\"66\">\n<h3>90<\/h3>\n<\/td>\n<\/tr>\n<tr>\n<td width=\"261\">\n<h3>Populismo y primer peronismo: las revisiones historiogr\u00e1ficas de los a\u00f1os setenta y ochenta, su aportes y controversias<\/h3>\n<\/td>\n<td width=\"266\"><em>Mar\u00eda Mercedes Prol <\/em><\/td>\n<td width=\"66\">\n<h3>102<\/h3>\n<\/td>\n<\/tr>\n<tr>\n<td width=\"261\">\n<h3>Entre a t\u00e9cnica e a pol\u00edtica: os economistas liberais nas ditaduras militares da Argentina e do Chile<\/h3>\n<\/td>\n<td width=\"266\"><em>Marcos Taroco Resende<\/em><\/td>\n<td width=\"66\">\n<h3>113<\/h3>\n<\/td>\n<\/tr>\n<tr>\n<td width=\"261\">\n<h3>O Estado latino-americano na atual fase do imperialismo<\/h3>\n<\/td>\n<td width=\"266\"><em>Rodrigo de Paula Abi-Ramia <\/em><\/td>\n<td width=\"66\">\n<h3>128<\/h3>\n<\/td>\n<\/tr>\n<tr>\n<td width=\"261\">\n<h3>Nacionalismos conservadores na Am\u00e9rica do Sul e o avan\u00e7o das pol\u00edticas neoliberais<\/h3>\n<\/td>\n<td width=\"266\"><em>Roberto Rondon <\/em><\/td>\n<td width=\"66\">\n<h3>141<\/h3>\n<\/td>\n<\/tr>\n<tr>\n<td width=\"261\">\n<h3>O estruturalismo, a teoria Marxista da depend\u00eancia e a quest\u00e3o ambiental: breves considera\u00e7\u00f5es<\/h3>\n<\/td>\n<td width=\"266\"><em>Gustavo da Costa Meyer <\/em><\/td>\n<td width=\"66\">\n<h3>149<\/h3>\n<\/td>\n<\/tr>\n<tr>\n<td width=\"261\">\n<h3>Desenvolvimentismo ou depend\u00eancia? Uma an\u00e1lise acerca dos problemas e possibilidades dos \u201cneodesenvolvimentismos\u201d sob a \u00f3tica da teoria Marxista da depend\u00eancia<\/h3>\n<\/td>\n<td width=\"266\"><em>Vinicius Rezende Carretoni Vaz <\/em><\/td>\n<td width=\"66\">\n<h3>163<\/h3>\n<\/td>\n<\/tr>\n<tr>\n<td width=\"261\">\n<h3>A natureza do conflito ou o conflito sobre a natureza: uma an\u00e1lise \u201cecol\u00f3gica\u201d sobre o caso TIPNIS<\/h3>\n<\/td>\n<td width=\"266\"><em>Bruna Muriel Huertas Fuscaldo <\/em><\/td>\n<td width=\"66\">\n<h3>176<\/h3>\n<\/td>\n<\/tr>\n<tr>\n<td width=\"261\">\n<h3><span style=\"color: #ffff00;\"><strong>PARTE 2: PENSAR A INTEGRA\u00c7\u00c3O LATINO-AMERICANA E A POL\u00cdTICA EXTERNA DOS ESTADOS<\/strong><\/span><\/h3>\n<\/td>\n<td width=\"266\">\n<h3><strong>\u00a0<\/strong><\/h3>\n<\/td>\n<td width=\"66\">\n<h3><strong>187 <\/strong><\/h3>\n<\/td>\n<\/tr>\n<tr>\n<td width=\"261\">\n<h3>A CEPAL e o cooperativismo latino-americano: uma abordagem hist\u00f3rica<\/h3>\n<\/td>\n<td width=\"266\"><em>Jacqueline A. Haffner, Adriano Pires de Almeida e Andr\u00e9 Viana<\/em><\/td>\n<td width=\"66\">\n<h3>188<\/h3>\n<\/td>\n<\/tr>\n<tr>\n<td width=\"261\">\n<h3>O regionalismo latino-americano a partir da d\u00e9cada de 1950: a \u00f3tica de Brice\u00f1o-Ruiz<\/h3>\n<\/td>\n<td width=\"266\"><em>Armstrong Pereira da Silva <\/em><\/td>\n<td width=\"66\">\n<h3>205<\/h3>\n<\/td>\n<\/tr>\n<tr>\n<td width=\"261\">\n<h3>A teoria da autonomia e as pol\u00edticas externas latino-americanas<\/h3>\n<\/td>\n<td width=\"266\"><em>F\u00e1bio Santino Bussmann <\/em><\/td>\n<td width=\"66\">\n<h3>217<\/h3>\n<\/td>\n<\/tr>\n<tr>\n<td width=\"261\">\n<h3>Desenvolvimento regional: Sentidos e pr\u00e1ticas em disputa<\/h3>\n<\/td>\n<td width=\"266\"><em>Leandro Fontes Corr\u00eaa <\/em>e <em>Regina Claudia Laisner<\/em><\/td>\n<td width=\"66\">\n<h3>231<\/h3>\n<\/td>\n<\/tr>\n<tr>\n<td width=\"261\">\n<h3>La integraci\u00f3n pol\u00edtico-estrat\u00e9gica de Am\u00e9rica Latina en tres niveles: del Estado y la pluriversalidad regional, a la des-fragmentaci\u00f3n<\/h3>\n<\/td>\n<td width=\"266\"><em>Armando Javier Garcia Gutierrez <\/em><\/td>\n<td width=\"66\">\n<h3>243<\/h3>\n<\/td>\n<\/tr>\n<tr>\n<td width=\"261\">\n<h3>Integra\u00e7\u00e3o regional como epistemologia do sul<\/h3>\n<\/td>\n<td width=\"266\"><em>Carolina Albuquerque Silva <\/em><\/td>\n<td width=\"66\">\n<h3>258<\/h3>\n<\/td>\n<\/tr>\n<tr>\n<td width=\"261\">\n<h3>Produ\u00e7\u00e3o de conhecimento aut\u00f4nomo e original sobre o regionalismo na Am\u00e9rica Latina<\/h3>\n<\/td>\n<td width=\"266\"><em>Erico Massoli Ticianel Pereira <\/em><\/td>\n<td width=\"66\">\n<h3>270<\/h3>\n<\/td>\n<\/tr>\n<tr>\n<td width=\"261\">\n<h3>Pensamiento latinoamericano para la integraci\u00f3n. Perspectivas y debates en una \u00e9poca de crisis<\/h3>\n<\/td>\n<td width=\"266\"><em>Daniele Benzi <\/em>e <em>Marco Narea<\/em><\/td>\n<td width=\"66\">\n<h3>283<\/h3>\n<\/td>\n<\/tr>\n<tr>\n<td width=\"261\">\n<h3>Pensamento neoconservador e a pol\u00edtica externa brasileira: um novo olhar para a Am\u00e9rica do Sul<\/h3>\n<\/td>\n<td width=\"266\"><em>Enrique Carlos Natalino <\/em>e <em>Luis Fernando Baracho <\/em><\/td>\n<td width=\"66\">\n<h3>290<\/h3>\n<\/td>\n<\/tr>\n<tr>\n<td width=\"261\">\n<h3><span style=\"color: #ffff00;\"><strong>PARTE 3: HERAN\u00c7A COLONIAL: A COMPLEXIDADE NOS CONCEITOS DE NA\u00c7\u00c3O, CLASSE E RA\u00c7A<\/strong><\/span><\/h3>\n<\/td>\n<td width=\"266\">\n<h3><\/h3>\n<\/td>\n<td width=\"66\">\n<h3><strong>309<\/strong><\/h3>\n<\/td>\n<\/tr>\n<tr>\n<td width=\"261\">\n<h3>O processo de reconstru\u00e7\u00e3o e abertura do Estado peruano (1883-1890)<\/h3>\n<\/td>\n<td width=\"266\"><em>Paulo Cesar Rebello de Oliveira <\/em><\/td>\n<td width=\"66\">\n<h3>310<\/h3>\n<\/td>\n<\/tr>\n<tr>\n<td width=\"261\">\n<h3>A pol\u00eamica vida Manuel Gonz\u00e1lez Prada (1844-1918)<\/h3>\n<\/td>\n<td width=\"266\"><em>Ruth Cavalcante <\/em><\/td>\n<td width=\"66\">317<\/td>\n<\/tr>\n<tr>\n<td width=\"261\">\n<h3>A etniza\u00e7\u00e3o da luta de classes em Cl\u00f3vis Moura e Jos\u00e9 Carlos Mari\u00e1tegui<\/h3>\n<\/td>\n<td width=\"266\"><em>Marcelo Martins Silva <\/em><\/td>\n<td width=\"66\">\n<h3>329<\/h3>\n<\/td>\n<\/tr>\n<tr>\n<td width=\"261\">\n<h3>Discursos sobre a democracia racial em Cuba e no Brasil: tramas de g\u00eanero, ra\u00e7a e sexualidade (1933-1978)<\/h3>\n<\/td>\n<td width=\"266\"><em>Giselle Cristina dos Anjos Santos <\/em><\/td>\n<td width=\"66\">\n<h3>340<\/h3>\n<\/td>\n<\/tr>\n<tr>\n<td width=\"261\">\n<h3>Paulo Freire: los debates sobre la liberaci\u00f3n<\/h3>\n<\/td>\n<td width=\"266\"><em>In\u00e9s Fern\u00e3ndez Mouj\u00e1n <\/em><\/td>\n<td width=\"66\">\n<h3>351<\/h3>\n<\/td>\n<\/tr>\n<tr>\n<td width=\"261\">\n<h3>Colonialidad del poder e historia global. Cuestiones abiertas para el pensamiento cr\u00edtico latinoamericano del siglo XXI<\/h3>\n<\/td>\n<td width=\"266\"><em>Daniele Benzi <\/em><\/td>\n<td width=\"66\">\n<h3>365<\/h3>\n<\/td>\n<\/tr>\n<tr>\n<td width=\"261\">\n<h3>Ra\u00e7a e racismo como desafios ao pensamento social latino-americano contempor\u00e2neo: reflex\u00f5es e apontamentos<\/h3>\n<\/td>\n<td width=\"266\"><em>Caroline Cotta de Mello Freitas <\/em><\/td>\n<td width=\"66\">\n<h3>375<\/h3>\n<\/td>\n<\/tr>\n<tr>\n<td width=\"261\">\n<h3>Colonialidade do poder \u00e0 brasileira e os sentidos sociais da escola privada paulistana<\/h3>\n<\/td>\n<td width=\"266\"><em>Adriana Santiago Rosa Dantas <\/em><\/td>\n<td width=\"66\">\n<h3>385<\/h3>\n<\/td>\n<\/tr>\n<tr>\n<td width=\"261\">\n<h3>Educa\u00e7\u00e3o, identidade e humanismo na Am\u00e9rica Latina<\/h3>\n<\/td>\n<td width=\"266\"><em>Vanderlei Barbosa e Jefferson da Costa Moreira<\/em><\/td>\n<td width=\"66\">\n<h3>400<\/h3>\n<\/td>\n<\/tr>\n<tr>\n<td width=\"261\">\n<h3>Candombe: La apropri\u00e1cion de un pasado<\/h3>\n<\/td>\n<td width=\"266\"><em>Nadia Ayel\u00e9n Medail <\/em><\/td>\n<td width=\"66\">\n<h3>414<\/h3>\n<\/td>\n<\/tr>\n<tr>\n<td width=\"261\">\n<h3>Do deslocamento venezuelano \u00e0 filosofia de Achille Mbembe: reconhecimento de uma vida como vida humana<\/h3>\n<\/td>\n<td width=\"266\"><em>M\u00f4nica Peralli Broti <\/em><\/td>\n<td width=\"66\">\n<h3>428<\/h3>\n<\/td>\n<\/tr>\n<tr>\n<td width=\"261\">\n<h3><span style=\"color: #ffff00;\"><strong>PARTE 4: REVOLU\u00c7\u00c3O, LIBERTA\u00c7\u00c3O E EMANCIPA\u00c7\u00c3O<\/strong><\/span><\/h3>\n<\/td>\n<td width=\"266\"><\/td>\n<td width=\"66\"><strong>439<\/strong><\/td>\n<\/tr>\n<tr>\n<td width=\"261\">\n<h3>Emancipa\u00e7\u00e3o social na Am\u00e9rica Latina: pistas para o processo de liberta\u00e7\u00e3o das condi\u00e7\u00f5es de opress\u00e3o<\/h3>\n<\/td>\n<td width=\"266\"><em>Leandro Alves Lopes <\/em><\/td>\n<td width=\"66\">\n<h3>440<\/h3>\n<\/td>\n<\/tr>\n<tr>\n<td width=\"261\">\n<h3>\u201cO dever de todo revolucion\u00e1rio \u00e9 fazer a revolu\u00e7\u00e3o\u201d: Carlos Marighella e a Organiza\u00e7\u00e3o Latino-Americana de Solidariedade (OLAS)<\/h3>\n<\/td>\n<td width=\"266\"><em>Luiz Gabriel R. Locks <\/em>e <em>Nashla Dah\u00e1s<\/em><\/td>\n<td width=\"66\">\n<h3>454<\/h3>\n<\/td>\n<\/tr>\n<tr>\n<td width=\"261\">\n<h3>Revolu\u00e7\u00f5es e contrarrevolu\u00e7\u00f5es interrompidas na Am\u00e9rica Latina: reflex\u00f5es a partir da obra de Florestan Fernandes<\/h3>\n<\/td>\n<td width=\"266\"><em>Maria de F\u00e1tima Souza da Silveira <\/em><\/td>\n<td width=\"66\">\n<h3>.467<\/h3>\n<\/td>\n<\/tr>\n<tr>\n<td width=\"261\">\n<h3><strong><span style=\"color: #ffff00;\">PARTE 5: PERSPECTIVAS OUTRAS PARA AS QUEST\u00d5ES PENDENTES NA AM\u00c9RICA LATINA<\/span> <\/strong><\/h3>\n<\/td>\n<td width=\"266\"><strong>\u00a0<\/strong><\/td>\n<td width=\"66\"><strong>476<\/strong><\/td>\n<\/tr>\n<tr>\n<td width=\"261\">\n<h3>O s\u00e9culo XXI pensa o s\u00e9culo XVI, em torno \u00e0 historiograf\u00eda da forma urbana latino-americana e sua participa\u00e7\u00e3o no processo de mundializa\u00e7\u00e3o da modernidade capitalista<\/h3>\n<\/td>\n<td width=\"266\"><em>Andr\u00e9s Oliver Barrag\u00e1n<\/em><\/td>\n<td width=\"66\">\n<h3><em>.<\/em>477<\/h3>\n<\/td>\n<\/tr>\n<tr>\n<td width=\"261\">\n<h3>A psicologia pol\u00edtica de Agust\u00edn \u00c1lvarez, pensador argentino, autor de South Am\u00e9rica &#8211; Historia natural de la Raz\u00f3n, de 1894<\/h3>\n<\/td>\n<td width=\"266\"><em>Jos\u00e9 Cristovan de G\u00f3es <\/em><\/td>\n<td width=\"66\">\n<h3>492<\/h3>\n<\/td>\n<\/tr>\n<tr>\n<td width=\"261\">\n<h3>A trajet\u00f3ria de Theodoro Sampaio no contexto da hist\u00f3ria da geoci\u00eancia na Am\u00e9rica Latina<\/h3>\n<\/td>\n<td width=\"266\"><em>Ademir Pereira dos Santos <\/em>e <em>Rosa Matilde Pimp\u00e3o Carlos <\/em><\/td>\n<td width=\"66\">\n<h3>504<\/h3>\n<\/td>\n<\/tr>\n<tr>\n<td width=\"261\">\n<h3>Di\u00e1logo cient\u00edfico brasileiro com a Am\u00e9rica Latina atrav\u00e9s do rural na rela\u00e7\u00e3o com o urbano<\/h3>\n<\/td>\n<td width=\"266\"><em>Alex Medeiros Santos, Vinnie M. L. Ramos <\/em>e <em>Cristina M. Mac\u00eado de Alencar<\/em><\/td>\n<td width=\"66\">\n<h3>518<\/h3>\n<\/td>\n<\/tr>\n<tr>\n<td width=\"261\">\n<h3>Am\u00e9rica Latina: a pol\u00edtica do urbano no contexto do neopopulismo democr\u00e1tico e a nega\u00e7\u00e3o das pol\u00edticas sociais<\/h3>\n<\/td>\n<td width=\"266\"><em>Margarita Maria Lara Neves <\/em><\/td>\n<td width=\"66\">\n<h3>531<\/h3>\n<\/td>\n<\/tr>\n<tr>\n<td width=\"261\">\n<h3>Pol\u00edticas p\u00fablicas e caracteriza\u00e7\u00f5es da pobreza na Am\u00e9rica Latina<\/h3>\n<\/td>\n<td width=\"266\"><em>Carlos Alberto Bello <\/em><\/td>\n<td width=\"66\">\n<h3>542<\/h3>\n<\/td>\n<\/tr>\n<tr>\n<td width=\"261\">\n<h3>As think tanks liberais no Brasil enquanto aparelhos privados de hegemonia: forma\u00e7\u00e3o de intelectuais org\u00e2nicos e atua\u00e7\u00e3o nas institui\u00e7\u00f5es de educa\u00e7\u00e3o e ci\u00eancia<\/h3>\n<\/td>\n<td width=\"266\"><em>Evandro Coggo Cristofoletti <\/em><\/td>\n<td width=\"66\">\n<h3>555<\/h3>\n<\/td>\n<\/tr>\n<tr>\n<td width=\"261\">\n<h3>Por uma filosofia intersemi\u00f3tica enquanto teoria da linguagem como semi\u00f3tica primeira da filosofia latino-americana caribenha<\/h3>\n<\/td>\n<td width=\"266\"><em>Edivaldo Jos\u00e9 Bortoleto e Ivan Lu\u00eds Schwengber<\/em><\/td>\n<td width=\"66\">\n<h3>570<\/h3>\n<\/td>\n<\/tr>\n<tr>\n<td width=\"261\">\n<h3>O papel da mem\u00f3ria coletiva e unidade nacional na constru\u00e7\u00e3o da identidade latino-americana do sujeito brasileiro<\/h3>\n<\/td>\n<td width=\"266\"><em>Let\u00edcia Cestari Matui <\/em>e <em>Paula da Costa Souza<\/em><\/td>\n<td width=\"66\">\n<h3>585<\/h3>\n<\/td>\n<\/tr>\n<\/tbody>\n<\/table>\n<p><\/p>","protected":false},"excerpt":{"rendered":"<p>T\u00edtulo: Perspectivas cr\u00edticas da Am\u00e9rica Latina: pensamento social, pol\u00edtico e econ\u00f4mico (PDF 9,8MB) Organiza\u00e7\u00e3o: Vivian Urquidi Margarida Nepomuceno; Mayra Coan Lago; Joana de F\u00e1tima Rodrigues; Rita de C\u00e1ssia Marques Lima de Castro; Sabrina Rodrigues N\u00famero ISBN: 978-85-88376-02-1 DOI: 10.29327\/524240 Tipo &hellip; <a href=\"https:\/\/sites.usp.br\/prolam\/pensamento-2\/\">Continue reading <span class=\"meta-nav\">&rarr;<\/span><\/a><\/p>\n","protected":false},"author":754,"featured_media":0,"parent":0,"menu_order":5,"comment_status":"closed","ping_status":"closed","template":"","meta":{"footnotes":"","_links_to":"","_links_to_target":""},"class_list":["post-4810","page","type-page","status-publish","hentry"],"_links":{"self":[{"href":"https:\/\/sites.usp.br\/prolam\/wp-json\/wp\/v2\/pages\/4810","targetHints":{"allow":["GET"]}}],"collection":[{"href":"https:\/\/sites.usp.br\/prolam\/wp-json\/wp\/v2\/pages"}],"about":[{"href":"https:\/\/sites.usp.br\/prolam\/wp-json\/wp\/v2\/types\/page"}],"author":[{"embeddable":true,"href":"https:\/\/sites.usp.br\/prolam\/wp-json\/wp\/v2\/users\/754"}],"replies":[{"embeddable":true,"href":"https:\/\/sites.usp.br\/prolam\/wp-json\/wp\/v2\/comments?post=4810"}],"version-history":[{"count":4,"href":"https:\/\/sites.usp.br\/prolam\/wp-json\/wp\/v2\/pages\/4810\/revisions"}],"predecessor-version":[{"id":5776,"href":"https:\/\/sites.usp.br\/prolam\/wp-json\/wp\/v2\/pages\/4810\/revisions\/5776"}],"wp:attachment":[{"href":"https:\/\/sites.usp.br\/prolam\/wp-json\/wp\/v2\/media?parent=4810"}],"curies":[{"name":"wp","href":"https:\/\/api.w.org\/{rel}","templated":true}]}}