{"id":4870,"date":"2020-12-31T19:39:41","date_gmt":"2020-12-31T22:39:41","guid":{"rendered":"http:\/\/sites.usp.br\/prolam\/?page_id=4870"},"modified":"2021-09-23T23:24:20","modified_gmt":"2021-09-24T02:24:20","slug":"editora-prolam","status":"publish","type":"page","link":"https:\/\/sites.usp.br\/prolam\/editora-prolam\/","title":{"rendered":"Edi\u00e7\u00f5es PROLAM"},"content":{"rendered":"<p><\/p>\n<h2><span style=\"color: #ffcc00;\"><a style=\"color: #ffcc00;\" href=\"http:\/\/sites.usp.br\/prolam\/pensaralc\/\">COLE\u00c7\u00c3O PENSAR A AM\u00c9RICA LATINA E O CARIBE<\/a><\/span><a href=\"http:\/\/sites.usp.br\/prolam\/pensaralc\/\"><img loading=\"lazy\" decoding=\"async\" class=\"wp-image-4907 size-full alignleft\" src=\"https:\/\/sites.usp.br\/prolam\/wp-content\/uploads\/sites\/35\/2021\/01\/Capas-da-Cole\u00e7\u00e3o.jpg\" alt=\"\" width=\"866\" height=\"227\" srcset=\"https:\/\/sites.usp.br\/prolam\/wp-content\/uploads\/sites\/35\/2021\/01\/Capas-da-Cole\u00e7\u00e3o.jpg 866w, https:\/\/sites.usp.br\/prolam\/wp-content\/uploads\/sites\/35\/2021\/01\/Capas-da-Cole\u00e7\u00e3o-300x79.jpg 300w, https:\/\/sites.usp.br\/prolam\/wp-content\/uploads\/sites\/35\/2021\/01\/Capas-da-Cole\u00e7\u00e3o-768x201.jpg 768w, https:\/\/sites.usp.br\/prolam\/wp-content\/uploads\/sites\/35\/2021\/01\/Capas-da-Cole\u00e7\u00e3o-500x131.jpg 500w, https:\/\/sites.usp.br\/prolam\/wp-content\/uploads\/sites\/35\/2021\/01\/Capas-da-Cole\u00e7\u00e3o-400x105.jpg 400w\" sizes=\"auto, (max-width: 866px) 100vw, 866px\" \/><\/a><\/h2>\n<p>&nbsp;<\/p>","protected":false},"excerpt":{"rendered":"<p>COLE\u00c7\u00c3O PENSAR A AM\u00c9RICA LATINA E O CARIBE &nbsp;<\/p>\n","protected":false},"author":754,"featured_media":0,"parent":0,"menu_order":4,"comment_status":"closed","ping_status":"closed","template":"","meta":{"footnotes":"","_links_to":"","_links_to_target":""},"class_list":["post-4870","page","type-page","status-publish","hentry"],"_links":{"self":[{"href":"https:\/\/sites.usp.br\/prolam\/wp-json\/wp\/v2\/pages\/4870","targetHints":{"allow":["GET"]}}],"collection":[{"href":"https:\/\/sites.usp.br\/prolam\/wp-json\/wp\/v2\/pages"}],"about":[{"href":"https:\/\/sites.usp.br\/prolam\/wp-json\/wp\/v2\/types\/page"}],"author":[{"embeddable":true,"href":"https:\/\/sites.usp.br\/prolam\/wp-json\/wp\/v2\/users\/754"}],"replies":[{"embeddable":true,"href":"https:\/\/sites.usp.br\/prolam\/wp-json\/wp\/v2\/comments?post=4870"}],"version-history":[{"count":5,"href":"https:\/\/sites.usp.br\/prolam\/wp-json\/wp\/v2\/pages\/4870\/revisions"}],"predecessor-version":[{"id":5752,"href":"https:\/\/sites.usp.br\/prolam\/wp-json\/wp\/v2\/pages\/4870\/revisions\/5752"}],"wp:attachment":[{"href":"https:\/\/sites.usp.br\/prolam\/wp-json\/wp\/v2\/media?parent=4870"}],"curies":[{"name":"wp","href":"https:\/\/api.w.org\/{rel}","templated":true}]}}