{"id":4943,"date":"2021-01-03T13:51:23","date_gmt":"2021-01-03T16:51:23","guid":{"rendered":"http:\/\/sites.usp.br\/prolam\/?page_id=4943"},"modified":"2021-11-19T21:45:13","modified_gmt":"2021-11-20T00:45:13","slug":"publicoes-em-parceria","status":"publish","type":"page","link":"https:\/\/sites.usp.br\/prolam\/publicoes-em-parceria\/","title":{"rendered":"Publica\u00e7\u00f5es em parceria"},"content":{"rendered":"<p><\/p>\n<h1><span style=\"color: #00ccff;\"><a style=\"color: #00ccff;\" href=\"http:\/\/sites.usp.br\/prolam\/serie-dialogos-interdisciplinares\/\">S\u00e9rie Di\u00e1logos Interdisciplinares<\/a><\/span><\/h1>\n<h1><span style=\"color: #00ccff;\"><a style=\"color: #00ccff;\" href=\"http:\/\/sites.usp.br\/prolam\/coletaneas-prolam-2021\/\">Colet\u00e2neas PROLAM<\/a> <span style=\"color: #ff0000;\"><strong>(Chamada de artigos para 2021 !)<\/strong><\/span><\/span><\/h1>\n<h1><span style=\"color: #00ccff;\"><a style=\"color: #00ccff;\" href=\"http:\/\/sites.usp.br\/prolam\/outras-publicacoes\/\">Outras publica\u00e7\u00f5es recentes<\/a><\/span><\/h1>\n<h1 class=\"title\"><a href=\"https:\/\/sites.usp.br\/prolam\/publicoes-em-parceria\/portal-de-livros-abertos-da-usp\/\"><span style=\"color: #00ccff;\">Portal de Livros Abertos da USP<\/span><\/a><\/h1>\n<p>&nbsp;<\/p>","protected":false},"excerpt":{"rendered":"<p>S\u00e9rie Di\u00e1logos Interdisciplinares Colet\u00e2neas PROLAM (Chamada de artigos para 2021 !) Outras publica\u00e7\u00f5es recentes Portal de Livros Abertos da USP &nbsp;<\/p>\n","protected":false},"author":754,"featured_media":0,"parent":0,"menu_order":2,"comment_status":"closed","ping_status":"closed","template":"","meta":{"footnotes":"","_links_to":"","_links_to_target":""},"class_list":["post-4943","page","type-page","status-publish","hentry"],"_links":{"self":[{"href":"https:\/\/sites.usp.br\/prolam\/wp-json\/wp\/v2\/pages\/4943","targetHints":{"allow":["GET"]}}],"collection":[{"href":"https:\/\/sites.usp.br\/prolam\/wp-json\/wp\/v2\/pages"}],"about":[{"href":"https:\/\/sites.usp.br\/prolam\/wp-json\/wp\/v2\/types\/page"}],"author":[{"embeddable":true,"href":"https:\/\/sites.usp.br\/prolam\/wp-json\/wp\/v2\/users\/754"}],"replies":[{"embeddable":true,"href":"https:\/\/sites.usp.br\/prolam\/wp-json\/wp\/v2\/comments?post=4943"}],"version-history":[{"count":4,"href":"https:\/\/sites.usp.br\/prolam\/wp-json\/wp\/v2\/pages\/4943\/revisions"}],"predecessor-version":[{"id":5837,"href":"https:\/\/sites.usp.br\/prolam\/wp-json\/wp\/v2\/pages\/4943\/revisions\/5837"}],"wp:attachment":[{"href":"https:\/\/sites.usp.br\/prolam\/wp-json\/wp\/v2\/media?parent=4943"}],"curies":[{"name":"wp","href":"https:\/\/api.w.org\/{rel}","templated":true}]}}