{"id":5018,"date":"2021-01-05T21:05:52","date_gmt":"2021-01-06T00:05:52","guid":{"rendered":"http:\/\/sites.usp.br\/prolam\/?page_id=5018"},"modified":"2021-09-23T22:12:26","modified_gmt":"2021-09-24T01:12:26","slug":"epal-2","status":"publish","type":"page","link":"https:\/\/sites.usp.br\/prolam\/epal-2\/","title":{"rendered":"Encontro de Pesquisadores sobre a Am\u00e9rica Latina (EPAL)"},"content":{"rendered":"<p>https:\/\/encontrodepesquisadoressobreaamericalatina.files.wordpress.com\/2015\/07\/livro-epal_revisado2.pdf<\/p>\n<p>O<span style=\"color: #ccffff;\"> <strong><a style=\"color: #ccffff;\" href=\"http:\/\/encontrodepesquisadoressobreaamericalatina.com\/\">Encontro de Pesquisadores sobre Am\u00e9rica Latina (EPAL<\/a>)<\/strong><\/span> foi criado no ano de 2013, a partir da iniciativa de alunos e ex-alunos do Programa de <strong><em>P\u00f3s-Gradua\u00e7\u00e3o em Integra\u00e7\u00e3o da Am\u00e9rica Latina-PROLAM\/USP<\/em><\/strong>.<br \/>\nDesde aquele ano at\u00e9 o in\u00edcio do confinamento, os Encontros t\u00eam sido mensais com o objetivo de constituir um espa\u00e7o de aprendizado, de experi\u00eancias e de intera\u00e7\u00e3o entre aqueles que estudam ou se interessam pela Am\u00e9rica Latina. Deste modo, a proposta do EPAL \u00e9 pensar, discutir e refletir a Am\u00e9rica Latina a partir das pesquisas de mestrandos, doutorandos e egressos do PROLAM\/USP e de outros departamentos e institui\u00e7\u00f5es que trabalhem com tem\u00e1ticas latinoamericanas.<br \/>\nPara lograr a proposta, os nossos Encontros contam sempre com tr\u00eas apresentadores, que exp\u00f5e suas pesquisas em torno de 15-20 min, e um professor do PROLAM\/USP que media e inicia as reflex\u00f5es a partir dos trabalhos apresentados.<\/p>\n<p>Publica\u00e7\u00f5es EPAL:<\/p>\n<h3>S\u00e9rie Mem\u00f3rias PROLAM<\/h3>\n<h3><a href=\"https:\/\/sites.usp.br\/prolam\/wp-content\/uploads\/sites\/35\/2021\/01\/EPAL1.jpg\"><img loading=\"lazy\" decoding=\"async\" class=\"wp-image-5022 alignleft\" src=\"https:\/\/sites.usp.br\/prolam\/wp-content\/uploads\/sites\/35\/2021\/01\/EPAL1-221x300.jpg\" alt=\"\" width=\"155\" height=\"208\" \/><\/a><span style=\"color: #00ccff;\"><a style=\"color: #00ccff;\" href=\"https:\/\/encontrodepesquisadoressobreaamericalatina.files.wordpress.com\/2015\/07\/livro-epal_revisado2.pdf\">Livro 1:<\/a> <\/span>Am\u00e9rica Latina na Dimens\u00e3o Interdisciplinar<\/h3>\n<p>&nbsp;<\/p>\n<p>&nbsp;<\/p>\n<p>&nbsp;<\/p>\n<p>&nbsp;<\/p>\n<h3><a href=\"https:\/\/sites.usp.br\/prolam\/wp-content\/uploads\/sites\/35\/2021\/01\/EPAL2.jpg\"><img loading=\"lazy\" decoding=\"async\" class=\"wp-image-5023 alignleft\" src=\"https:\/\/sites.usp.br\/prolam\/wp-content\/uploads\/sites\/35\/2021\/01\/EPAL2-221x300.jpg\" alt=\"\" width=\"150\" height=\"201\" \/><\/a><span style=\"color: #00ccff;\"><a style=\"color: #00ccff;\" href=\"https:\/\/encontrodepesquisadoressobreaamericalatina.files.wordpress.com\/2015\/07\/livro-epal-22.pdf\">Livro 2:<\/a><\/span> Am\u00e9rica Latina contempor\u00e2nea<\/h3>\n<p>&nbsp;<\/p>\n<p>&nbsp;<\/p>\n<p>&nbsp;<\/p>\n<p>&nbsp;<\/p>\n<p>&nbsp;<\/p>\n<h3><a href=\"https:\/\/sites.usp.br\/prolam\/wp-content\/uploads\/sites\/35\/2021\/01\/EPAL3.jpg\"><img loading=\"lazy\" decoding=\"async\" class=\" wp-image-5025 alignleft\" src=\"https:\/\/sites.usp.br\/prolam\/wp-content\/uploads\/sites\/35\/2021\/01\/EPAL3-221x300.jpg\" alt=\"\" width=\"149\" height=\"200\" \/><\/a><span style=\"color: #00ccff;\"><a style=\"color: #00ccff;\" href=\"https:\/\/encontrodepesquisadoressobreaamericalatina.files.wordpress.com\/2015\/07\/livro-epal-3_revisado1.pdf\">Livro 3:<\/a><\/span> Hist\u00f3rias, Saberes e Identidades<\/h3>\n<p>&nbsp;<\/p>\n<p>&nbsp;<\/p>\n<p>&nbsp;<\/p>\n<p>&nbsp;<\/p>\n<p>&nbsp;<\/p>\n<p><img loading=\"lazy\" decoding=\"async\" class=\"wp-image-5026 alignleft\" src=\"https:\/\/sites.usp.br\/prolam\/wp-content\/uploads\/sites\/35\/2021\/01\/EPAL4-221x300.jpg\" alt=\"\" width=\"155\" height=\"208\" \/><\/p>\n<p>&nbsp;<\/p>\n<p><span style=\"color: #00ccff;\"><a style=\"color: #00ccff;\" href=\"https:\/\/encontrodepesquisadoressobreaamericalatina.files.wordpress.com\/2017\/11\/livro-epal-4_oficial_.pdf\">Livro 4: <\/a><\/span>Hist\u00f3ria, Sociedade e Cultura na Am\u00e9rica Latina<\/p>\n<h3 style=\"text-align: right;\"><\/h3>\n<h3><a href=\"https:\/\/sites.usp.br\/prolam\/wp-content\/uploads\/sites\/35\/2021\/01\/EPAL5.jpg\"><img loading=\"lazy\" decoding=\"async\" class=\"wp-image-5027 alignleft\" src=\"https:\/\/sites.usp.br\/prolam\/wp-content\/uploads\/sites\/35\/2021\/01\/EPAL5-221x300.jpg\" alt=\"\" width=\"167\" height=\"222\" \/><\/a><span style=\"color: #00ccff;\"><a style=\"color: #00ccff;\" href=\"https:\/\/encontrodepesquisadoressobreaamericalatina.files.wordpress.com\/2018\/12\/LIVRO-5_EPAL_rv101118.pdf\">Livro 5:<\/a><\/span> Olhares Interdisciplinares e Comparativos<\/h3>\n<h3><span style=\"color: #ccffff;\"><strong>Site do EPAL<\/strong>: <a style=\"color: #ccffff;\" href=\"https:\/\/encontrodepesquisadoressobreaamericalatina.wordpress.com\/\">https:\/\/encontrodepesquisadoressobreaamericalatina.wordpress.com\/<\/a><\/span><\/h3>\n<h3><span style=\"color: #ccffff;\">Facebook: <a style=\"color: #ccffff;\" href=\"https:\/\/www.facebook.com\/encontrodepesquisadoressobreaamericalatina?fref=ts\">https:\/\/www.facebook.com\/encontrodepesquisadoressobreaamericalatina?fref=ts<\/a><\/span><\/h3>\n<h3><span style=\"color: #ccffff;\">Email para contato: epal.prolam@gmail.com<\/span><\/h3>\n<p><\/p>","protected":false},"excerpt":{"rendered":"<p>https:\/\/encontrodepesquisadoressobreaamericalatina.files.wordpress.com\/2015\/07\/livro-epal_revisado2.pdf O Encontro de Pesquisadores sobre Am\u00e9rica Latina (EPAL) foi criado no ano de 2013, a partir da iniciativa de alunos e ex-alunos do Programa de P\u00f3s-Gradua\u00e7\u00e3o em Integra\u00e7\u00e3o da Am\u00e9rica Latina-PROLAM\/USP. Desde aquele ano at\u00e9 o in\u00edcio do confinamento, &hellip; <a href=\"https:\/\/sites.usp.br\/prolam\/epal-2\/\">Continue reading <span class=\"meta-nav\">&rarr;<\/span><\/a><\/p>\n","protected":false},"author":754,"featured_media":0,"parent":0,"menu_order":5,"comment_status":"closed","ping_status":"closed","template":"","meta":{"footnotes":"","_links_to":"","_links_to_target":""},"class_list":["post-5018","page","type-page","status-publish","hentry"],"_links":{"self":[{"href":"https:\/\/sites.usp.br\/prolam\/wp-json\/wp\/v2\/pages\/5018","targetHints":{"allow":["GET"]}}],"collection":[{"href":"https:\/\/sites.usp.br\/prolam\/wp-json\/wp\/v2\/pages"}],"about":[{"href":"https:\/\/sites.usp.br\/prolam\/wp-json\/wp\/v2\/types\/page"}],"author":[{"embeddable":true,"href":"https:\/\/sites.usp.br\/prolam\/wp-json\/wp\/v2\/users\/754"}],"replies":[{"embeddable":true,"href":"https:\/\/sites.usp.br\/prolam\/wp-json\/wp\/v2\/comments?post=5018"}],"version-history":[{"count":4,"href":"https:\/\/sites.usp.br\/prolam\/wp-json\/wp\/v2\/pages\/5018\/revisions"}],"predecessor-version":[{"id":5747,"href":"https:\/\/sites.usp.br\/prolam\/wp-json\/wp\/v2\/pages\/5018\/revisions\/5747"}],"wp:attachment":[{"href":"https:\/\/sites.usp.br\/prolam\/wp-json\/wp\/v2\/media?parent=5018"}],"curies":[{"name":"wp","href":"https:\/\/api.w.org\/{rel}","templated":true}]}}