{"id":5090,"date":"2021-01-14T00:14:12","date_gmt":"2021-01-14T03:14:12","guid":{"rendered":"http:\/\/sites.usp.br\/prolam\/?page_id=5090"},"modified":"2021-01-14T00:46:15","modified_gmt":"2021-01-14T03:46:15","slug":"serie-dialogos-interdisciplinares","status":"publish","type":"page","link":"https:\/\/sites.usp.br\/prolam\/serie-dialogos-interdisciplinares\/","title":{"rendered":"S\u00e9rie DI\u00c1LOGOS INTERDISCIPLINARES (Editora FFLCH)"},"content":{"rendered":"<p><\/p>\n<h1 class=\"title\"><span style=\"color: #ccffff;\">Reflex\u00f5es sobre Pol\u00edtica, Economia, Sociedade e Trabalho na Am\u00e9rica Latina <a style=\"color: #ccffff;\" href=\"http:\/\/www.livrosabertos.sibi.usp.br\/portaldelivrosUSP\/catalog\/view\/514\/455\/1760-1\">(PDF)<\/a><\/span><\/h1>\n<h3>Organizadores<\/h3>\n<p><img loading=\"lazy\" decoding=\"async\" class=\"alignright wp-image-5091 size-medium\" style=\"color: #333333; font-style: normal; font-weight: 300;\" src=\"https:\/\/sites.usp.br\/prolam\/wp-content\/uploads\/sites\/35\/2021\/01\/Reflexoes-sobre-Politica-212x300.jpg\" alt=\"\" width=\"212\" height=\"300\" srcset=\"https:\/\/sites.usp.br\/prolam\/wp-content\/uploads\/sites\/35\/2021\/01\/Reflexoes-sobre-Politica-212x300.jpg 212w, https:\/\/sites.usp.br\/prolam\/wp-content\/uploads\/sites\/35\/2021\/01\/Reflexoes-sobre-Politica.jpg 283w\" sizes=\"auto, (max-width: 212px) 100vw, 212px\" \/><\/p>\n<p><span style=\"letter-spacing: 0.1em; text-transform: uppercase;\">J\u00falio C\u00e9sar Suzuki<\/span><span style=\"font-weight: 300;\"><br \/>\n<\/span><span style=\"font-weight: 300;\">Universidade de S\u00e3o Paulo. Faculdade de Filosofia, Letras e Ci\u00eancias Humanas<\/span><span style=\"font-weight: 300;\"><br \/>\n<\/span><\/p>\n<div class=\"main_entry\">\n<p><span style=\"font-weight: 300;\">Rita de C\u00e1ssia Marques Lima de Castro\u00a0<\/span><span style=\"font-weight: 300;\"><br \/>\n<\/span>Universidade de S\u00e3o Paulo. Faculdade de Economia, Administra\u00e7\u00e3o e Contabilidade<\/p>\n<p><span style=\"font-weight: 300;\">Wagner Tadeu Iglecias<br \/>\n<\/span><span style=\"font-weight: 300;\">Universidade de S\u00e3o Paulo. Escola de Artes, Ci\u00eancias e Humanidades<\/span><span style=\"font-weight: 300;\"><br \/>\n<\/span><\/p>\n<\/div>\n<p><!--more--><\/p>\n<div class=\"item downloads_chart\">\n<div class=\"value\">\n<h1 class=\"title\"><span style=\"color: #ccffff;\"><a style=\"color: #ccffff;\" href=\"http:\/\/www.livrosabertos.sibi.usp.br\/portaldelivrosUSP\/catalog\/view\/507\/454\/1756-1\">Integra\u00e7\u00e3o, G\u00eanero e Institui\u00e7\u00f5es na Am\u00e9rica Latina e na \u00c1frica<\/a><\/span><br \/>\n<span style=\"color: #ccffff;\">(PDF)<\/span><\/h1>\n<div class=\"row\">\n<div class=\"main_entry\">\n<div class=\"item authors\">\n<h3 class=\"pkp_screen_reader\">Organizadores<a href=\"https:\/\/sites.usp.br\/prolam\/wp-content\/uploads\/sites\/35\/2021\/01\/Integracao-Genero.jpg\"><img loading=\"lazy\" decoding=\"async\" class=\"size-medium wp-image-5092 alignright\" src=\"https:\/\/sites.usp.br\/prolam\/wp-content\/uploads\/sites\/35\/2021\/01\/Integracao-Genero-212x300.jpg\" alt=\"\" width=\"212\" height=\"300\" srcset=\"https:\/\/sites.usp.br\/prolam\/wp-content\/uploads\/sites\/35\/2021\/01\/Integracao-Genero-212x300.jpg 212w, https:\/\/sites.usp.br\/prolam\/wp-content\/uploads\/sites\/35\/2021\/01\/Integracao-Genero.jpg 283w\" sizes=\"auto, (max-width: 212px) 100vw, 212px\" \/><\/a><\/h3>\n<div class=\"label\">J\u00falio C\u00e9sar Suzuki<br \/>\nUniversidade de S\u00e3o Paulo. Faculdade de Filosofia, Letras e Ci\u00eancias Humanas<\/div>\n<\/div>\n<div><\/div>\n<div class=\"item authors\">\n<div>Rita de C\u00e1ssia Marques Lima de Castro<br \/>\nUniversidade de S\u00e3o Paulo. Faculdade de Economia, Administra\u00e7\u00e3o e Contabilidade<\/div>\n<div class=\"sub_item\">\n<p class=\"label\">Vivian Grace Fern\u00e1ndez-D\u00e1vila Urquidi<br \/>\nUniversidade de S\u00e3o Paulo. Faculdade de Filosofia, Letras e Ci\u00eancias Humanas<\/p>\n<\/div>\n<\/div>\n<\/div>\n<\/div>\n<\/div>\n<\/div>\n<p><!--more--><\/p>\n<h1 class=\"title\"><span style=\"color: #ccffff;\"><a style=\"color: #ccffff;\" href=\"https:\/\/sites.usp.br\/prolam\/wp-content\/uploads\/sites\/35\/2021\/01\/Identidades-e-Politicas.jpg\">Identidades e Pol\u00edticas Educacionais na Am\u00e9rica Latina \u2013 Desafios para a Integra\u00e7\u00e3o Regional<\/a><\/span><\/h1>\n<div class=\"row\">\n<div class=\"main_entry\">\n<div class=\"item authors\">\n<h3 class=\"pkp_screen_reader\">Organizadores<a href=\"https:\/\/sites.usp.br\/prolam\/wp-content\/uploads\/sites\/35\/2021\/01\/Identidades-e-Politicas.jpg\"><img loading=\"lazy\" decoding=\"async\" class=\"size-medium wp-image-5093 alignright\" src=\"https:\/\/sites.usp.br\/prolam\/wp-content\/uploads\/sites\/35\/2021\/01\/Identidades-e-Politicas-212x300.jpg\" alt=\"\" width=\"212\" height=\"300\" srcset=\"https:\/\/sites.usp.br\/prolam\/wp-content\/uploads\/sites\/35\/2021\/01\/Identidades-e-Politicas-212x300.jpg 212w, https:\/\/sites.usp.br\/prolam\/wp-content\/uploads\/sites\/35\/2021\/01\/Identidades-e-Politicas.jpg 283w\" sizes=\"auto, (max-width: 212px) 100vw, 212px\" \/><\/a><\/h3>\n<div class=\"sub_item\">\n<div class=\"label\">J\u00falio C\u00e9sar Suzuki<\/div>\n<div class=\"value\">Universidade de S\u00e3o Paulo. Faculdade de Filosofia, Letras e Ci\u00eancias Humanas<\/div>\n<div><\/div>\n<\/div>\n<div class=\"sub_item\">\n<div class=\"label\">Rita de C\u00e1ssia Marques Lima de Castro<\/div>\n<div class=\"value\">Universidade de S\u00e3o Paulo. Faculdade de Economia, Administra\u00e7\u00e3o e Contabilidade<\/div>\n<\/div>\n<div><\/div>\n<div class=\"sub_item\">Denise Rosana da Silva Moraes<\/div>\n<div class=\"sub_item\">\n<div class=\"value\">Universidade Estadual do Oeste do Paran\u00e1 &#8211; Campus de Foz do Igua\u00e7u<\/div>\n<\/div>\n<\/div>\n<\/div>\n<\/div>\n<p><!--more--><\/p>\n<h1 class=\"title\"><span style=\"color: #ccffff;\"><a style=\"color: #ccffff;\" href=\"http:\/\/www.livrosabertos.sibi.usp.br\/portaldelivrosUSP\/catalog\/view\/503\/452\/1747-1\">Arte e Cultura Latino-Americanas<\/a><\/span><\/h1>\n<div class=\"row\">\n<div class=\"main_entry\">\n<div class=\"item authors\">\n<h3 class=\"pkp_screen_reader\">Organizadores<a href=\"https:\/\/sites.usp.br\/prolam\/wp-content\/uploads\/sites\/35\/2021\/01\/Arte-e-Cultura.jpg\"><img loading=\"lazy\" decoding=\"async\" class=\"size-medium wp-image-5094 alignright\" src=\"https:\/\/sites.usp.br\/prolam\/wp-content\/uploads\/sites\/35\/2021\/01\/Arte-e-Cultura-212x300.jpg\" alt=\"\" width=\"212\" height=\"300\" srcset=\"https:\/\/sites.usp.br\/prolam\/wp-content\/uploads\/sites\/35\/2021\/01\/Arte-e-Cultura-212x300.jpg 212w, https:\/\/sites.usp.br\/prolam\/wp-content\/uploads\/sites\/35\/2021\/01\/Arte-e-Cultura.jpg 283w\" sizes=\"auto, (max-width: 212px) 100vw, 212px\" \/><\/a><\/h3>\n<div class=\"sub_item\">\n<div class=\"label\">J\u00falio C\u00e9sar Suzuki<\/div>\n<div class=\"value\">Universidade de S\u00e3o Paulo. Faculdade de Filosofia, Letras e Ci\u00eancias Humanas<\/div>\n<div><\/div>\n<p>Rita de C\u00e1ssia Marques Lima de Castro<br \/>\nUniversidade de S\u00e3o Paulo. Faculdade de Economia, Administra\u00e7\u00e3o e Contabilidade<\/p>\n<\/div>\n<div class=\"sub_item\">\n<p>Lisbeth Ruth Rebollo Gon\u00e7alves<br \/>\nUniversidade de S\u00e3o Paulo. Escola de Comunica\u00e7\u00f5es e Artes<\/p>\n<\/div>\n<\/div>\n<\/div>\n<\/div>\n<p><!--more--><\/p>\n<h1 class=\"title\"><span style=\"color: #ccffff;\"><a style=\"color: #ccffff;\" href=\"http:\/\/www.livrosabertos.sibi.usp.br\/portaldelivrosUSP\/catalog\/view\/516\/457\/1767-1\">Din\u00e2micas Espaciais Latino-Americanas<\/a><\/span><\/h1>\n<div class=\"row\">\n<div class=\"main_entry\">\n<div class=\"item authors\">\n<h3 class=\"pkp_screen_reader\">Organizadores<a href=\"https:\/\/sites.usp.br\/prolam\/wp-content\/uploads\/sites\/35\/2021\/01\/Dinamicas-Espaciais-Latino-americanas.jpg\"><img loading=\"lazy\" decoding=\"async\" class=\"size-medium wp-image-5095 alignright\" src=\"https:\/\/sites.usp.br\/prolam\/wp-content\/uploads\/sites\/35\/2021\/01\/Dinamicas-Espaciais-Latino-americanas-212x300.jpg\" alt=\"\" width=\"212\" height=\"300\" srcset=\"https:\/\/sites.usp.br\/prolam\/wp-content\/uploads\/sites\/35\/2021\/01\/Dinamicas-Espaciais-Latino-americanas-212x300.jpg 212w, https:\/\/sites.usp.br\/prolam\/wp-content\/uploads\/sites\/35\/2021\/01\/Dinamicas-Espaciais-Latino-americanas.jpg 283w\" sizes=\"auto, (max-width: 212px) 100vw, 212px\" \/><\/a><\/h3>\n<div class=\"sub_item\">\n<div class=\"label\">J\u00falio C\u00e9sar Suzuki<\/div>\n<div class=\"value\">Universidade de S\u00e3o Paulo. Faculdade de Filosofia, Letras e Ci\u00eancias Humanas<\/div>\n<\/div>\n<div><\/div>\n<div class=\"sub_item\">Rita de C\u00e1ssia Marques Lima de Castro<\/div>\n<div class=\"sub_item\">\n<div class=\"value\">Universidade de S\u00e3o Paulo. Faculdade de Economia, Administra\u00e7\u00e3o e Contabilidade<\/div>\n<\/div>\n<div><\/div>\n<div class=\"sub_item\">Amalia In\u00e9s Geraiges de Lemos<\/div>\n<div class=\"sub_item\">\n<div class=\"value\">Universidade de S\u00e3o Paulo. Faculdade de Filosofia, Letras e Ci\u00eancias Humanas<\/div>\n<\/div>\n<\/div>\n<\/div>\n<\/div>\n<div><\/div>\n<p><!--more--><\/p>\n<div>\n<h1 class=\"title\"><span style=\"color: #ccffff;\"><a style=\"color: #ccffff;\" href=\"https:\/\/sites.usp.br\/prolam\/wp-content\/uploads\/sites\/35\/2021\/01\/Desafios-da-Comunicacao.jpg\">Desafios da Comunica\u00e7\u00e3o na Am\u00e9rica Latina<\/a><\/span><\/h1>\n<div class=\"row\">\n<div class=\"main_entry\">\n<div class=\"item authors\">\n<h3 class=\"pkp_screen_reader\">Organizadores<a href=\"https:\/\/sites.usp.br\/prolam\/wp-content\/uploads\/sites\/35\/2021\/01\/Desafios-da-Comunicacao.jpg\"><img loading=\"lazy\" decoding=\"async\" class=\"size-medium wp-image-5096 alignright\" src=\"https:\/\/sites.usp.br\/prolam\/wp-content\/uploads\/sites\/35\/2021\/01\/Desafios-da-Comunicacao-212x300.jpg\" alt=\"\" width=\"212\" height=\"300\" srcset=\"https:\/\/sites.usp.br\/prolam\/wp-content\/uploads\/sites\/35\/2021\/01\/Desafios-da-Comunicacao-212x300.jpg 212w, https:\/\/sites.usp.br\/prolam\/wp-content\/uploads\/sites\/35\/2021\/01\/Desafios-da-Comunicacao.jpg 283w\" sizes=\"auto, (max-width: 212px) 100vw, 212px\" \/><\/a><\/h3>\n<div class=\"sub_item\">\n<div class=\"label\">J\u00falio C\u00e9sar Suzuki<\/div>\n<div class=\"value\">Universidade de S\u00e3o Paulo. Faculdade de Filosofia, Letras e Ci\u00eancias Humanas<\/div>\n<\/div>\n<div><\/div>\n<div class=\"sub_item\">Rita de C\u00e1ssia Marques Lima de Castro<\/div>\n<div class=\"sub_item\">\n<div class=\"value\">Universidade de S\u00e3o Paulo. Faculdade de Economia, Administra\u00e7\u00e3o e Contabilidade<\/div>\n<\/div>\n<div><\/div>\n<div class=\"sub_item\">Laura Jana\u00edna Dias Amato<\/div>\n<div class=\"sub_item\">\n<div class=\"value\">Universidade Federal da Integra\u00e7\u00e3o Latino-Americana, Foz do Iguacu, Brasil<\/div>\n<\/div>\n<\/div>\n<\/div>\n<\/div>\n<\/div>\n<p>&nbsp;<\/p>","protected":false},"excerpt":{"rendered":"<p>Reflex\u00f5es sobre Pol\u00edtica, Economia, Sociedade e Trabalho na Am\u00e9rica Latina (PDF) Organizadores J\u00falio C\u00e9sar Suzuki Universidade de S\u00e3o Paulo. Faculdade de Filosofia, Letras e Ci\u00eancias Humanas Rita de C\u00e1ssia Marques Lima de Castro\u00a0 Universidade de S\u00e3o Paulo. Faculdade de Economia, &hellip; <a href=\"https:\/\/sites.usp.br\/prolam\/serie-dialogos-interdisciplinares\/\">Continue reading <span class=\"meta-nav\">&rarr;<\/span><\/a><\/p>\n","protected":false},"author":754,"featured_media":0,"parent":0,"menu_order":5,"comment_status":"closed","ping_status":"closed","template":"","meta":{"footnotes":"","_links_to":"","_links_to_target":""},"class_list":["post-5090","page","type-page","status-publish","hentry"],"_links":{"self":[{"href":"https:\/\/sites.usp.br\/prolam\/wp-json\/wp\/v2\/pages\/5090","targetHints":{"allow":["GET"]}}],"collection":[{"href":"https:\/\/sites.usp.br\/prolam\/wp-json\/wp\/v2\/pages"}],"about":[{"href":"https:\/\/sites.usp.br\/prolam\/wp-json\/wp\/v2\/types\/page"}],"author":[{"embeddable":true,"href":"https:\/\/sites.usp.br\/prolam\/wp-json\/wp\/v2\/users\/754"}],"replies":[{"embeddable":true,"href":"https:\/\/sites.usp.br\/prolam\/wp-json\/wp\/v2\/comments?post=5090"}],"version-history":[{"count":4,"href":"https:\/\/sites.usp.br\/prolam\/wp-json\/wp\/v2\/pages\/5090\/revisions"}],"predecessor-version":[{"id":5110,"href":"https:\/\/sites.usp.br\/prolam\/wp-json\/wp\/v2\/pages\/5090\/revisions\/5110"}],"wp:attachment":[{"href":"https:\/\/sites.usp.br\/prolam\/wp-json\/wp\/v2\/media?parent=5090"}],"curies":[{"name":"wp","href":"https:\/\/api.w.org\/{rel}","templated":true}]}}