{"id":5246,"date":"2021-06-15T12:06:05","date_gmt":"2021-06-15T15:06:05","guid":{"rendered":"https:\/\/sites.usp.br\/prolam\/?page_id=5246"},"modified":"2021-10-05T16:58:26","modified_gmt":"2021-10-05T19:58:26","slug":"eventos-prolam-1","status":"publish","type":"page","link":"https:\/\/sites.usp.br\/prolam\/","title":{"rendered":"Eventos PROLAM"},"content":{"rendered":"<p><\/p>\n<h1><span style=\"color: #ffcc00;\">CONFIRA OS EVENTOS DE 2021 (abertos)<\/span><\/h1>\n<p><a href=\"https:\/\/sites.usp.br\/prolam\/wp-content\/uploads\/sites\/35\/2021\/06\/Eventos-prolam.pdf\"><img loading=\"lazy\" decoding=\"async\" class=\"aligncenter wp-image-5254 size-large\" src=\"https:\/\/sites.usp.br\/prolam\/wp-content\/uploads\/sites\/35\/2021\/06\/Eventos-prolam-1024x576.jpg\" alt=\"\" width=\"584\" height=\"329\" srcset=\"https:\/\/sites.usp.br\/prolam\/wp-content\/uploads\/sites\/35\/2021\/06\/Eventos-prolam-1024x576.jpg 1024w, https:\/\/sites.usp.br\/prolam\/wp-content\/uploads\/sites\/35\/2021\/06\/Eventos-prolam-300x169.jpg 300w, https:\/\/sites.usp.br\/prolam\/wp-content\/uploads\/sites\/35\/2021\/06\/Eventos-prolam-768x432.jpg 768w, https:\/\/sites.usp.br\/prolam\/wp-content\/uploads\/sites\/35\/2021\/06\/Eventos-prolam-500x281.jpg 500w, https:\/\/sites.usp.br\/prolam\/wp-content\/uploads\/sites\/35\/2021\/06\/Eventos-prolam-310x174.jpg 310w, https:\/\/sites.usp.br\/prolam\/wp-content\/uploads\/sites\/35\/2021\/06\/Eventos-prolam-400x225.jpg 400w, https:\/\/sites.usp.br\/prolam\/wp-content\/uploads\/sites\/35\/2021\/06\/Eventos-prolam.jpg 1280w\" sizes=\"auto, (max-width: 584px) 100vw, 584px\" \/><\/a><\/p>\n<p>CONFIRA TODOS OS EVENTOS DO PROLAM<\/p>\n<ul>\n<li><a href=\"https:\/\/sites.usp.br\/prolam\/prolam-debates\/\"><span style=\"color: #00ccff;\">PROLAM Debate<\/span><\/a><br \/>\n<h3>CICLO DE DEBATES ONLINE ORGANIZADOS AO LONGO DE 2020, DURANTE O PER\u00cdODO DE CONFINAMENTO<\/h3>\n<\/li>\n<\/ul>\n<ul>\n<li class=\"site-title\"><span style=\"color: #00ccff;\"><a style=\"color: #00ccff;\" href=\"https:\/\/guerrademundos.tramadora.net\/\" rel=\"home\">Guerra de Mundos &amp; Fraturas Extrativistas na Am\u00e9rica Latina<\/a><\/span><br \/>\n<h3>Evento com transmiss\u00e3o pelo youtube<\/h3>\n<\/li>\n<\/ul>\n<ul>\n<li><span style=\"color: #00ccff;\"><a style=\"color: #00ccff;\" href=\"https:\/\/sites.usp.br\/prolam\/apresentacao-3\/\">Congresso Internacional Pensamento e Pesquisa sobre a Am\u00e9rica Latina\u00a0 Simp\u00f3sio Internacional Pensar e Repensar Am\u00e9rica Latina<\/a><\/span><br \/>\n<h3>EVENTO INTERNACIONAL (2014,2016,2019)<\/h3>\n<\/li>\n<li><span style=\"color: #00ccff;\"><a style=\"color: #00ccff;\" href=\"https:\/\/sites.usp.br\/prolam\/epal-2\/\">Encontro de Pesquisadores sobre a Am\u00e9rica Latina (EPAL)<\/a><\/span><br \/>\n<h3>CICLO DE ENCONTROS DE PESQUISADORES SOBRE A AM\u00c9RICA LATINA (AT\u00c9 2016-2019)<\/h3>\n<\/li>\n<\/ul>\n<p><\/p>","protected":false},"excerpt":{"rendered":"<p>CONFIRA OS EVENTOS DE 2021 (abertos) CONFIRA TODOS OS EVENTOS DO PROLAM PROLAM Debate CICLO DE DEBATES ONLINE ORGANIZADOS AO LONGO DE 2020, DURANTE O PER\u00cdODO DE CONFINAMENTO Guerra de Mundos &amp; Fraturas Extrativistas na Am\u00e9rica Latina Evento com transmiss\u00e3o &hellip; <a href=\"https:\/\/sites.usp.br\/prolam\/\">Continue reading <span class=\"meta-nav\">&rarr;<\/span><\/a><\/p>\n","protected":false},"author":754,"featured_media":0,"parent":0,"menu_order":4,"comment_status":"closed","ping_status":"closed","template":"","meta":{"footnotes":"","_links_to":"","_links_to_target":""},"class_list":["post-5246","page","type-page","status-publish","hentry"],"_links":{"self":[{"href":"https:\/\/sites.usp.br\/prolam\/wp-json\/wp\/v2\/pages\/5246","targetHints":{"allow":["GET"]}}],"collection":[{"href":"https:\/\/sites.usp.br\/prolam\/wp-json\/wp\/v2\/pages"}],"about":[{"href":"https:\/\/sites.usp.br\/prolam\/wp-json\/wp\/v2\/types\/page"}],"author":[{"embeddable":true,"href":"https:\/\/sites.usp.br\/prolam\/wp-json\/wp\/v2\/users\/754"}],"replies":[{"embeddable":true,"href":"https:\/\/sites.usp.br\/prolam\/wp-json\/wp\/v2\/comments?post=5246"}],"version-history":[{"count":5,"href":"https:\/\/sites.usp.br\/prolam\/wp-json\/wp\/v2\/pages\/5246\/revisions"}],"predecessor-version":[{"id":5790,"href":"https:\/\/sites.usp.br\/prolam\/wp-json\/wp\/v2\/pages\/5246\/revisions\/5790"}],"wp:attachment":[{"href":"https:\/\/sites.usp.br\/prolam\/wp-json\/wp\/v2\/media?parent=5246"}],"curies":[{"name":"wp","href":"https:\/\/api.w.org\/{rel}","templated":true}]}}