{"id":5396,"date":"2021-09-03T10:35:30","date_gmt":"2021-09-03T13:35:30","guid":{"rendered":"https:\/\/sites.usp.br\/prolam\/?page_id=5396"},"modified":"2021-09-23T17:22:35","modified_gmt":"2021-09-23T20:22:35","slug":"aula-inaugural","status":"publish","type":"page","link":"https:\/\/sites.usp.br\/prolam\/aula-inaugural\/","title":{"rendered":"Aulas Inaugurais"},"content":{"rendered":"<p>&nbsp;<\/p>\n<p><strong>Aula Inaugural PROLAM 2021\/2<a href=\"https:\/\/sites.usp.br\/prolam\/wp-content\/uploads\/sites\/35\/2021\/09\/aula-inaugural-1-1.jpg\"><img loading=\"lazy\" decoding=\"async\" class=\"size-medium wp-image-5413 alignright\" src=\"https:\/\/sites.usp.br\/prolam\/wp-content\/uploads\/sites\/35\/2021\/09\/aula-inaugural-1-1-300x169.jpg\" alt=\"\" width=\"300\" height=\"169\" srcset=\"https:\/\/sites.usp.br\/prolam\/wp-content\/uploads\/sites\/35\/2021\/09\/aula-inaugural-1-1-300x169.jpg 300w, https:\/\/sites.usp.br\/prolam\/wp-content\/uploads\/sites\/35\/2021\/09\/aula-inaugural-1-1-1024x577.jpg 1024w, https:\/\/sites.usp.br\/prolam\/wp-content\/uploads\/sites\/35\/2021\/09\/aula-inaugural-1-1-768x433.jpg 768w, https:\/\/sites.usp.br\/prolam\/wp-content\/uploads\/sites\/35\/2021\/09\/aula-inaugural-1-1-1536x865.jpg 1536w, https:\/\/sites.usp.br\/prolam\/wp-content\/uploads\/sites\/35\/2021\/09\/aula-inaugural-1-1-500x282.jpg 500w, https:\/\/sites.usp.br\/prolam\/wp-content\/uploads\/sites\/35\/2021\/09\/aula-inaugural-1-1-310x174.jpg 310w, https:\/\/sites.usp.br\/prolam\/wp-content\/uploads\/sites\/35\/2021\/09\/aula-inaugural-1-1-400x225.jpg 400w, https:\/\/sites.usp.br\/prolam\/wp-content\/uploads\/sites\/35\/2021\/09\/aula-inaugural-1-1.jpg 1544w\" sizes=\"auto, (max-width: 300px) 100vw, 300px\" \/><\/a><\/strong><\/p>\n<p><span style=\"font-weight: 300;\">Rela\u00e7\u00f5es internacionais na Am\u00e9rica Latina. Prof. Osvaldo Luis Angel Coggiola &#8211; FFLCH (USP) e Prof. <\/span><span style=\"font-weight: 300;\">Andr\u00e9 Roberto Martin &#8211; FFLCH (USP)<\/span><\/p>\n<p>&nbsp;<\/p>\n<p>&nbsp;<\/p>\n<p><strong>Aula Inaugural PROLAM 2021\/1<\/strong><\/p>\n<p>Pesquisa em Educa\u00e7\u00e3o na Am\u00e9rica<br \/>\nLatina: possibilidades e desafios.<br \/>\n<a href=\"https:\/\/www.youtube.com\/watch?v=3s8HPGnadWU\"><img loading=\"lazy\" decoding=\"async\" class=\"size-full wp-image-5423 alignright\" src=\"https:\/\/sites.usp.br\/prolam\/wp-content\/uploads\/sites\/35\/2021\/09\/aula-inaugural-2021-1.jpg\" alt=\"\" width=\"300\" height=\"168\" \/><\/a><\/p>\n<p>Prof\u00ba. Ernesto N\u00e1poles Robles Universidad de Holgu\u00edn &#8211; Cuba (UHO) e Centro Latinoamericano de Estudios en Epistemolog\u00eda Pedag\u00f3gica (CESPE); Prof\u00aa. Dalila Andrade Oliveira Universidade Federal de Minas Gerais (UFMG) e Rede Latino-Americana de Estudos sobre Trabalho Docente (Red Estrado)<\/p>","protected":false},"excerpt":{"rendered":"<p>&nbsp; Aula Inaugural PROLAM 2021\/2 Rela\u00e7\u00f5es internacionais na Am\u00e9rica Latina. Prof. Osvaldo Luis Angel Coggiola &#8211; FFLCH (USP) e Prof. Andr\u00e9 Roberto Martin &#8211; FFLCH (USP) &nbsp; &nbsp; Aula Inaugural PROLAM 2021\/1 Pesquisa em Educa\u00e7\u00e3o na Am\u00e9rica Latina: possibilidades e &hellip; <a href=\"https:\/\/sites.usp.br\/prolam\/aula-inaugural\/\">Continue reading <span class=\"meta-nav\">&rarr;<\/span><\/a><\/p>\n","protected":false},"author":754,"featured_media":0,"parent":0,"menu_order":4,"comment_status":"closed","ping_status":"closed","template":"","meta":{"footnotes":"","_links_to":"","_links_to_target":""},"class_list":["post-5396","page","type-page","status-publish","hentry"],"_links":{"self":[{"href":"https:\/\/sites.usp.br\/prolam\/wp-json\/wp\/v2\/pages\/5396","targetHints":{"allow":["GET"]}}],"collection":[{"href":"https:\/\/sites.usp.br\/prolam\/wp-json\/wp\/v2\/pages"}],"about":[{"href":"https:\/\/sites.usp.br\/prolam\/wp-json\/wp\/v2\/types\/page"}],"author":[{"embeddable":true,"href":"https:\/\/sites.usp.br\/prolam\/wp-json\/wp\/v2\/users\/754"}],"replies":[{"embeddable":true,"href":"https:\/\/sites.usp.br\/prolam\/wp-json\/wp\/v2\/comments?post=5396"}],"version-history":[{"count":4,"href":"https:\/\/sites.usp.br\/prolam\/wp-json\/wp\/v2\/pages\/5396\/revisions"}],"predecessor-version":[{"id":5734,"href":"https:\/\/sites.usp.br\/prolam\/wp-json\/wp\/v2\/pages\/5396\/revisions\/5734"}],"wp:attachment":[{"href":"https:\/\/sites.usp.br\/prolam\/wp-json\/wp\/v2\/media?parent=5396"}],"curies":[{"name":"wp","href":"https:\/\/api.w.org\/{rel}","templated":true}]}}