{"id":5792,"date":"2021-09-30T10:35:44","date_gmt":"2021-09-30T13:35:44","guid":{"rendered":"https:\/\/sites.usp.br\/prolam\/?page_id=5792"},"modified":"2021-09-30T14:29:35","modified_gmt":"2021-09-30T17:29:35","slug":"1o-encontro-de-dialogos-interdisciplinares-latino-americanos-comemorando-os-100-anos-de-edgar-morin","status":"publish","type":"page","link":"https:\/\/sites.usp.br\/prolam\/1o-encontro-de-dialogos-interdisciplinares-latino-americanos-comemorando-os-100-anos-de-edgar-morin\/","title":{"rendered":"1\u00ba ENCONTRO DE DI\u00c1LOGOS INTERDISCIPLINARES LATINO-AMERICANOS"},"content":{"rendered":"<p><strong>Comemorando os 100 anos de Edgar Morin<\/strong><\/p>\n<p><img decoding=\"async\" class=\"an1\" src=\"https:\/\/fonts.gstatic.com\/s\/e\/notoemoji\/13.1.1\/203c_fe0f\/32.png\" alt=\"\u203c\ufe0f\" data-emoji=\"\u203c\ufe0f\" aria-label=\"\u203c\ufe0f\" \/><strong><span style=\"color: #ffff00;\">*INSCRI\u00c7\u00d5ES PRORROGADAS*<\/span><\/strong><img decoding=\"async\" class=\"an1\" src=\"https:\/\/fonts.gstatic.com\/s\/e\/notoemoji\/13.1.1\/203c_fe0f\/32.png\" alt=\"\u203c\ufe0f\" data-emoji=\"\u203c\ufe0f\" aria-label=\"\u203c\ufe0f\" \/><\/p>\n<p><strong>Para realizar sua inscri\u00e7\u00e3o, clique aqui:<\/strong><br \/>\n<span style=\"color: #00ffff;\"><a style=\"color: #00ffff;\" href=\"https:\/\/forms.gle\/J8SAeTHHpexaPULK7\" target=\"_blank\" rel=\"noopener noreferrer\" data-saferedirecturl=\"https:\/\/www.google.com\/url?q=https:\/\/forms.gle\/J8SAeTHHpexaPULK7&amp;source=gmail&amp;ust=1633094375011000&amp;usg=AFQjCNGQNq0UyW64XwTxuI09r1MXGHgLxA\">https:\/\/forms.gle\/<wbr \/>J8SAeTHHpexaPULK7<\/a><\/span><\/p>\n<p><img loading=\"lazy\" decoding=\"async\" class=\"size-medium wp-image-5793 alignright\" src=\"https:\/\/sites.usp.br\/prolam\/wp-content\/uploads\/sites\/35\/2021\/09\/image-201x300.png\" alt=\"\" width=\"201\" height=\"300\" srcset=\"https:\/\/sites.usp.br\/prolam\/wp-content\/uploads\/sites\/35\/2021\/09\/image-201x300.png 201w, https:\/\/sites.usp.br\/prolam\/wp-content\/uploads\/sites\/35\/2021\/09\/image-685x1024.png 685w, https:\/\/sites.usp.br\/prolam\/wp-content\/uploads\/sites\/35\/2021\/09\/image-768x1148.png 768w, https:\/\/sites.usp.br\/prolam\/wp-content\/uploads\/sites\/35\/2021\/09\/image-400x598.png 400w, https:\/\/sites.usp.br\/prolam\/wp-content\/uploads\/sites\/35\/2021\/09\/image.png 856w\" sizes=\"auto, (max-width: 201px) 100vw, 201px\" \/><\/p>\n<p>Com o objetivo de debater as contribui\u00e7\u00f5es e reflex\u00f5es de Edgar Morin para o\u00a0desenvolvimento das pesquisas interdisciplinares no contexto latino-americano, ser\u00e1 realizado nos dias 21 e 22 de outubro, o 1\u00ba Encontro de Di\u00e1logos Interdisciplinares Latino-americanos &#8211; Comemorando os 100 anos de Edgar Morin.<\/p>\n<p>O prazo para participantes com submiss\u00e3o de trabalhos foi prorrogado para at\u00e9 dia 01\/10. J\u00e1 as inscri\u00e7\u00f5es para participantes sem apresenta\u00e7\u00e3o de trabalhos foram prorrogadas para at\u00e9 dia 10\/10.<\/p>\n<p>O evento, na modalidade online, \u00e9 direcionado aos Profissionais da Educa\u00e7\u00e3o Superior e B\u00e1sica, Pesquisadores, Estudantes de Gradua\u00e7\u00e3o e P\u00f3s-Gradua\u00e7\u00e3o e demais interessados, os quais poder\u00e3o submeter resumos que tenham como foco o tema do Encontro.<\/p>\n<p><img decoding=\"async\" class=\"an1\" src=\"https:\/\/fonts.gstatic.com\/s\/e\/notoemoji\/13.1.1\/1f4c6\/32.png\" alt=\"\ud83d\udcc6\" data-emoji=\"\ud83d\udcc6\" aria-label=\"\ud83d\udcc6\" \/>\u00a0*DATAS IMPORTANTES:*<\/p>\n<p><strong>&#8211; *Inscri\u00e7\u00f5es para participantes com apresenta\u00e7\u00e3o de trabalhos:* at\u00e9 01\/10<\/strong><br \/>\n<strong>&#8211; *Inscri\u00e7\u00f5es para participantes sem apresenta\u00e7\u00e3o dos trabalhos*: at\u00e9 10\/10<\/strong><br \/>\n<strong>&#8211; *Divulga\u00e7\u00e3o dos resumos aceitos*: 10 de outubro<\/strong><br \/>\n<strong>&#8211; *Divulga\u00e7\u00e3o da vers\u00e3o completa da programa\u00e7\u00e3o*: 14 de outubro<\/strong><br \/>\n<strong>&#8211; *Data do evento*: 21 e 22 de outubro<\/strong><br \/>\n<strong>&#8211; *Envio dos trabalhos completos*: at\u00e9 07 de novembro<\/strong><\/p>\n<p>Mais informa\u00e7\u00f5es:\u00a0<span style=\"color: #00ffff;\"><a style=\"color: #00ffff;\" href=\"mailto:dialogosinterdisc.prolam@gmail.com\" target=\"_blank\" rel=\"noopener noreferrer\">dialogosinterdisc.prolam@<wbr \/>gmail.com<\/a><\/span><\/p>\n<p>&nbsp;<\/p>","protected":false},"excerpt":{"rendered":"<p>Comemorando os 100 anos de Edgar Morin *INSCRI\u00c7\u00d5ES PRORROGADAS* Para realizar sua inscri\u00e7\u00e3o, clique aqui: https:\/\/forms.gle\/J8SAeTHHpexaPULK7 Com o objetivo de debater as contribui\u00e7\u00f5es e reflex\u00f5es de Edgar Morin para o\u00a0desenvolvimento das pesquisas interdisciplinares no contexto latino-americano, ser\u00e1 realizado nos dias &hellip; <a href=\"https:\/\/sites.usp.br\/prolam\/1o-encontro-de-dialogos-interdisciplinares-latino-americanos-comemorando-os-100-anos-de-edgar-morin\/\">Continue reading <span class=\"meta-nav\">&rarr;<\/span><\/a><\/p>\n","protected":false},"author":22576,"featured_media":0,"parent":0,"menu_order":0,"comment_status":"closed","ping_status":"closed","template":"","meta":{"footnotes":"","_links_to":"","_links_to_target":""},"class_list":["post-5792","page","type-page","status-publish","hentry"],"_links":{"self":[{"href":"https:\/\/sites.usp.br\/prolam\/wp-json\/wp\/v2\/pages\/5792","targetHints":{"allow":["GET"]}}],"collection":[{"href":"https:\/\/sites.usp.br\/prolam\/wp-json\/wp\/v2\/pages"}],"about":[{"href":"https:\/\/sites.usp.br\/prolam\/wp-json\/wp\/v2\/types\/page"}],"author":[{"embeddable":true,"href":"https:\/\/sites.usp.br\/prolam\/wp-json\/wp\/v2\/users\/22576"}],"replies":[{"embeddable":true,"href":"https:\/\/sites.usp.br\/prolam\/wp-json\/wp\/v2\/comments?post=5792"}],"version-history":[{"count":5,"href":"https:\/\/sites.usp.br\/prolam\/wp-json\/wp\/v2\/pages\/5792\/revisions"}],"predecessor-version":[{"id":5805,"href":"https:\/\/sites.usp.br\/prolam\/wp-json\/wp\/v2\/pages\/5792\/revisions\/5805"}],"wp:attachment":[{"href":"https:\/\/sites.usp.br\/prolam\/wp-json\/wp\/v2\/media?parent=5792"}],"curies":[{"name":"wp","href":"https:\/\/api.w.org\/{rel}","templated":true}]}}