{"id":87,"date":"2014-05-29T10:55:28","date_gmt":"2014-05-29T12:55:28","guid":{"rendered":"http:\/\/sites.usp.br\/prolam\/?page_id=87"},"modified":"2019-03-26T11:15:04","modified_gmt":"2019-03-26T14:15:04","slug":"normas-para-publicacao","status":"publish","type":"page","link":"https:\/\/sites.usp.br\/prolam\/programacao\/seminarios-de-pesquisa\/normas-para-publicacao\/","title":{"rendered":"Normas para Publica\u00e7\u00e3o dos Trabalhos Completos de los SP nos Anais do Congresso"},"content":{"rendered":"<p><\/p>\n<p style=\"text-align: justify;\">Os trabalhos apresentados nos <strong>Semin\u00e1rios de Pesquisa<\/strong> do Congresso ser\u00e3o publicados nos <strong>Anais do Congresso<\/strong> com n\u00famero de ISBN.<\/p>\n<p style=\"text-align: justify;\">Os trabalhos completos devem ser enviados para a publica\u00e7\u00e3o a partir do dia\u00a0<span style=\"color: #ff0000;\"><strong>10 de maio at\u00e9 o 30 de maio de 2019<\/strong><\/span>, em conformidade com as seguintes instru\u00e7\u00f5es:<\/p>\n<p style=\"text-align: justify;\"><span style=\"text-decoration: underline;\"><strong>I &#8211; NORMAS GERAIS<\/strong><\/span><\/p>\n<p style=\"text-align: justify;\">1. <strong>Sobre o formato digital<\/strong>:<\/p>\n<h6 style=\"text-align: justify;\">Os documentos devem ser encaminhados em formado DOC ou RTF para facilitar a edi\u00e7\u00e3o.<\/h6>\n<p style=\"text-align: justify;\"><strong>2. Sobre o T\u00edtulo:<\/strong><\/p>\n<p style=\"text-align: justify;\">Os t\u00edtulos devem ser escritos com letras min\u00fasculas.<\/p>\n<p style=\"text-align: justify;\"><strong>3. Sobre os Autores<\/strong>:<\/p>\n<p style=\"text-align: justify;\">Logo ap\u00f3s o t\u00edtulo, alinhado \u00e0 direita devem incluir-se as seguintes informa\u00e7\u00f5es de cada um dos autores: (a) nome completo; (b) titula\u00e7\u00e3o acad\u00eamica do autor; (c) filia\u00e7\u00e3o institucional do autor (ou a \u00faltima filia\u00e7\u00e3o); (d) endere\u00e7o eletr\u00f4nico.<\/p>\n<p style=\"text-align: justify;\"><strong>4. Sobre os Trabalhos Completos:<\/strong><\/p>\n<p style=\"text-align: justify;\">a) Podem ser escritos em qualquer l\u00edngua do Congresso (portugu\u00eas, espanhol ou ingl\u00eas);<br \/>\nb) Deve incluir um resumo de at\u00e9 300 palavras.<br \/>\nc) 3 a 5 palavras-chave.<br \/>\nd) A extens\u00e3o do texto ser\u00e1 entre 10 p\u00e1ginas como m\u00ednimo e 15 como m\u00e1ximo, inclu\u00eddas as refer\u00eancias bibliogr\u00e1ficas.<\/p>\n<p style=\"text-align: justify;\"><span style=\"text-decoration: underline;\"><strong>II &#8211; NORMAS T\u00c9CNICAS<br \/>\n<\/strong><\/span><\/p>\n<p style=\"text-align: justify;\"><strong>2. Formata\u00e7\u00e3o t\u00e9cnica dos artigos:<\/strong><\/p>\n<p style=\"text-align: justify;\"><strong>2.1 Tamanho da letra e Espa\u00e7amento<br \/>\n<\/strong><\/p>\n<p style=\"text-align: justify;\">Os trabalhos devem ser escritos em Times New Roman, tamanho 12, com espa\u00e7amento de 1,5. Entre Par\u00e1grafos deve se escolher a op\u00e7\u00e3o de espa\u00e7amento de linha \u201cAntes 0 pt&#8221; e &#8220;Depois 6 pt\u201d. Margens padr\u00e3o: 3 (superior) \/ 3 (esquerda) \/ 2 (direita) \/ 2 (inferior).<\/p>\n<p style=\"text-align: justify;\">Os subt\u00edtulos e subdivis\u00f5es do texto devem estar destacadas unicamente em negrito (isto \u00e9, sem numera\u00e7\u00e3o para cada subt\u00edtulo\/subdivis\u00e3o), com recuo normal de par\u00e1grafo.<\/p>\n<p><strong style=\"text-align: justify;\">2.2 Sobre as notas de rodap\u00e9:<\/strong><\/p>\n<p style=\"text-align: justify;\">As notas de rodap\u00e9 dever\u00e3o ser destinadas exclusivamente para fins explicativos.<\/p>\n<p style=\"text-align: justify;\">O n\u00famero de rodap\u00e9 vir\u00e1 logo ap\u00f3s a palavra, quando a nota estiver no meio da frase. Se vier no final da frase, a nota deve estar posicionada antes do ponto final.<\/p>\n<p style=\"text-align: justify;\">A nota de rodap\u00e9 deve ter espa\u00e7amento simples, letra Times New Roman tamanho 10, sem espa\u00e7os extras, nem recuos e afastamentos.<\/p>\n<p style=\"text-align: justify;\"><strong>2.3 Sobre as cita\u00e7\u00f5es:<\/strong><br \/>\nAs cita\u00e7\u00f5es literais no corpo do texto devem estar sempre entre aspas, mas sem it\u00e1lico.<\/p>\n<p style=\"text-align: justify;\">Exemplo:<br \/>\nSabe-se que ao longo do texto, &#8220;deve-se indicar sempre, com m\u00e9todo e precis\u00e3o, toda documenta\u00e7\u00e3o que serve de base para a pesquisa, assim como as ideias e sugest\u00f5es alheias inseridas no trabalho.&#8221; (CERVO; BERVIAN, 1978, p. 97).<\/p>\n<p style=\"text-align: justify;\">A refer\u00eancia dos autores estar\u00e1 no sistema &#8220;Autor, Data, P\u00e1gina&#8221;, em par\u00eanteses, com o sobrenome do autor em letra MAI\u00daSCULA, seguido do ano de publica\u00e7\u00e3o e da p\u00e1gina, separados por v\u00edrgula.<\/p>\n<p style=\"text-align: justify;\">Exemplo:<br \/>\n(CERVO; BERVIAN, 1978, p. 97)<\/p>\n<p style=\"text-align: justify;\">As cita\u00e7\u00f5es com mais de 3 linhas devem estar alinhadas \u00e0 direita, com 4 cm de recuo, sem aspas, sem it\u00e1lico, com letra em Times New Roman tamanho 11, espa\u00e7o simples.<\/p>\n<p style=\"text-align: justify;\">As palavras estrangeiras devem estar em it\u00e1lico, sem aspas, bem como o nome de institui\u00e7\u00f5es e de t\u00edtulos de obras.<\/p>\n<p style=\"text-align: justify;\"><strong>2.4 Apresenta\u00e7\u00e3o de Tabelas:<\/strong><\/p>\n<p style=\"text-align: justify;\">Todas as tabelas devem ter t\u00edtulos incorporados, men\u00e7\u00e3o de sua(s) fonte(s), refer\u00eancias bibliogr\u00e1ficas completas e numera\u00e7\u00e3o sequencial.<\/p>\n<p style=\"text-align: justify;\"><strong>2.5 Apresenta\u00e7\u00e3o de imagens:<\/strong><\/p>\n<p style=\"text-align: justify;\">Cada imagem dever\u00e1 ser inserida com sua respectiva legenda. As imagens devem incluir fonte e\/ou autoria com refer\u00eancia bibliogr\u00e1fica completa. Os autores ser\u00e3o os respons\u00e1veis pela autoriza\u00e7\u00e3o dos direitos de divulga\u00e7\u00e3o das imagens.<\/p>\n<p style=\"text-align: justify;\"><strong>2.6 Sobre as refer\u00eancias bibliogr\u00e1ficas:<\/strong><\/p>\n<p style=\"text-align: justify;\">Para LIVROS:<\/p>\n<p style=\"text-align: justify;\">SOBRENOME, PRENOME. T\u00edtulo: subt\u00edtulo (se houver). N\u00famero de edi\u00e7\u00e3o. Local de publica\u00e7\u00e3o: Editora, data de publica\u00e7\u00e3o da obra.<\/p>\n<p style=\"text-align: justify;\">Exemplo:<br \/>\nHOBSBAWM, Eric. Era dos Extremos: O breve s\u00e9culo XX: 1914\/1991. 2a. edi\u00e7\u00e3o. S\u00e3o Paulo: Companhia das Letras, 2015.<\/p>\n<p>Para PERI\u00d3DICOS:<\/p>\n<p style=\"text-align: justify;\">SOBRENOME, PRENOME; SOBRENOME, PRENOME abreviado. T\u00edtulo: subt\u00edtulo (se houver). Nome do peri\u00f3dico, Local de publica\u00e7\u00e3o, volume, n\u00famero ou fasc\u00edculo, pagina\u00e7\u00e3o, data de publica\u00e7\u00e3o do peri\u00f3dico<\/p>\n<p style=\"text-align: justify;\">Exemplo:<br \/>\nSANTEIRO, T. V. Criatividade em psican\u00e1lise: produ\u00e7\u00e3o cient\u00edfica internacional (1996-1998). Psicologia: Teoria e Pr\u00e1tica, S\u00e3o Paulo, v. 2, n. 2, p. 43-59, jul.\/dez. 2000.<\/p>\n<p style=\"text-align: justify;\">Para JORNAL:<\/p>\n<p style=\"text-align: justify;\">SOBRENOME, PRENOME abreviado. T\u00edtulo: subt\u00edtulo (se houver). Nome do jornal, Local de publica\u00e7\u00e3o, pagina, data de publica\u00e7\u00e3o do jornal com o m\u00eas abreviado.<\/p>\n<p style=\"text-align: justify;\">Exemplo:<br \/>\nADES, C. Os animais tamb\u00e9m pensam: e t\u00eam consci\u00eancia. Jornal da Tarde, S\u00e3o Paulo, p. 4D, 15 abr. 2001.<\/p>\n<p style=\"text-align: justify;\">Para ANAIS DE CONGRESSOS:<\/p>\n<p style=\"text-align: justify;\">Autor(es), t\u00edtulo do trabalho apresentado, subt\u00edtulo (se houver), seguido da express\u00e3o In: t\u00edtulo do evento, numera\u00e7\u00e3o do evento, ano e local de realiza\u00e7\u00e3o, t\u00edtulo do documento,(Anais, Atas, T\u00f3picos tem\u00e1ticos) local, editora, data de publica\u00e7\u00e3o, p\u00e1gina inicial e final da parte.<\/p>\n<p style=\"text-align: justify;\">Exemplo:<br \/>\nCASTRO, R. E. F.; MELO, M. H. S.; SILVARES, E. F. M. Avalia\u00e7\u00e3o da percep\u00e7\u00e3o dos pares de crian\u00e7as com dificuldades de intera\u00e7\u00e3o em uma sucursal da cl\u00ednica-escola do Instituto de Psicologia da Universidade de S\u00e3o Paulo. In: CONGRESSO INTERNO DO INSTITUTO DE PSICOLOGIA DA UNIVERSIDADE DE S\u00c3O PAULO, 5., 2001, S\u00e3o Paulo. Resumos&#8230; S\u00e3o Paulo: Instituto de Psicologia da Universidade de S\u00e3o Paulo, 2001. p. 49.<\/p>\n<p style=\"text-align: justify;\">Para INTERNET:<\/p>\n<p style=\"text-align: justify;\">AUTOR(ES). T\u00edtulo: subt\u00edtulo (se houver) Dispon\u00edvel em:&lt;endere\u00e7o da URL&gt;. Data de acesso<\/p>\n<p style=\"text-align: justify;\">Exemplo:<br \/>\nFACULDADE DE AGRONOMIA DA UNIVERSIDADE FEDERAL DO RIO GRANDE DO SUL. Manual de refer\u00eancias bibliogr\u00e1ficas. Dispon\u00edvel em: http:\/\/www.ufrgs.br\/agronomia\/manualcap1.htm. Acesso em: 20 de ago. 2012.<\/p>\n<p style=\"text-align: justify;\">Para TESES, DISSERTA\u00c7\u00d5ES E MONOGRAFIAS:<\/p>\n<p style=\"text-align: justify;\">SOBRENOME, PRENOME abreviado. T\u00edtulo: subt\u00edtulo (se houver). Data de defesa. Total de folhas. Tese (Doutorado) ou Disserta\u00e7\u00e3o (Mestrado) &#8211; Institui\u00e7\u00e3o onde a Tese ou Disserta\u00e7\u00e3o foi defendida. Local e data de defesa.<\/p>\n<p style=\"text-align: justify;\">Exemplo:<br \/>\nFANTUCCI, I. Contribui\u00e7\u00e3o do alerta, da aten\u00e7\u00e3o, da inten\u00e7\u00e3o e da expectativa temporal para o desempenho de humanos em tarefas de tempo de rea\u00e7\u00e3o. 2001. 130 f. Tese (Doutorado em Psicologia) \u2013 Instituto de Psicologia, Universidade de S\u00e3o Paulo, S\u00e3o Paulo. 2001.<\/p>\n<p style=\"text-align: justify;\"><strong>III. OBSERVA\u00c7\u00d5ES FINAIS:<\/strong><\/p>\n<p style=\"text-align: justify;\">Sobre aspectos t\u00e9cnicos aqui n\u00e3o apresentados, deve se consultar as Normas T\u00e9cnicas da ABNT (www.abnt.org.br).<\/p>\n<p style=\"text-align: justify;\">A qualidade do texto, bem como a corre\u00e7\u00e3o ortogr\u00e1fica e gramatical s\u00e3o de responsabilidade dos respectivos autores. Os editores dos Anais somente aceitar\u00e3o os trabalhos completos ap\u00f3s terem sido ajustados \u00e0s Normas T\u00e9cnicas de formata\u00e7\u00e3o aqui exigidas. As adapta\u00e7\u00f5es dos textos pelos editores dos ANAIS que forem necess\u00e1rias para a publica\u00e7\u00e3o ser\u00e3o feitas sem consulta.<\/p>\n<p>Somente os trabalhos apresentados no evento ser\u00e3o publicados.<\/p>\n<p>Autores que submetem a esta confer\u00eancia concordam com os seguintes termos:<br \/>\n<strong>a)<\/strong> Autores mant\u00e9m os direitos autorais sobre o trabalho, permitindo \u00e0 confer\u00eancia coloc\u00e1-lo sob uma licen\u00e7a <a href=\"http:\/\/creativecommons.org\/licenses\/by\/3.0\/\">Licen\u00e7a Creative Commons Attribution<\/a>, que permite livremente a outros acessar, usar e compartilhar o trabalho com o cr\u00e9dito de autoria e apresenta\u00e7\u00e3o inicial nesta Semin\u00e1rio.<br \/>\n<strong>b)<\/strong> Autores podem abrir m\u00e3o dos termos da licen\u00e7a CC e definir contratos adicionais para a distribui\u00e7\u00e3o n\u00e3o-exclusiva e subseq\u00fcente publica\u00e7\u00e3o deste trabalho (ex.: publicar uma vers\u00e3o atualizada em um peri\u00f3dico, disponibilizar em reposit\u00f3rio institucional, ou public\u00e1-lo em livro), com o cr\u00e9dito de autoria e apresenta\u00e7\u00e3o inicial neste Congresso.<br \/>\n<strong>c)<\/strong> Al\u00e9m disso, autores s\u00e3o incentivados a publicar e compartilhar seus trabalhos online (ex.: em reposit\u00f3rio institucional ou em sua p\u00e1gina pessoal) a qualquer momento antes e depois da confer\u00eancia.<\/p>\n<p style=\"text-align: justify;\"><span style=\"text-decoration: underline;\"><strong>Ao enviar artigo, o autor autoriza sua publica\u00e7\u00e3o e declara estar ciente das normas acima publicadas.<\/strong><\/span><\/p>\n<p><\/p>","protected":false},"excerpt":{"rendered":"<p>Os trabalhos apresentados nos Semin\u00e1rios de Pesquisa do Congresso ser\u00e3o publicados nos Anais do Congresso com n\u00famero de ISBN. Os trabalhos completos devem ser enviados para a publica\u00e7\u00e3o a partir do dia\u00a010 de maio at\u00e9 o 30 de maio de &hellip; <a href=\"https:\/\/sites.usp.br\/prolam\/programacao\/seminarios-de-pesquisa\/normas-para-publicacao\/\">Continue reading <span class=\"meta-nav\">&rarr;<\/span><\/a><\/p>\n","protected":false},"author":1,"featured_media":0,"parent":2428,"menu_order":0,"comment_status":"closed","ping_status":"closed","template":"","meta":{"footnotes":"","_links_to":"","_links_to_target":""},"class_list":["post-87","page","type-page","status-publish","hentry"],"_links":{"self":[{"href":"https:\/\/sites.usp.br\/prolam\/wp-json\/wp\/v2\/pages\/87","targetHints":{"allow":["GET"]}}],"collection":[{"href":"https:\/\/sites.usp.br\/prolam\/wp-json\/wp\/v2\/pages"}],"about":[{"href":"https:\/\/sites.usp.br\/prolam\/wp-json\/wp\/v2\/types\/page"}],"author":[{"embeddable":true,"href":"https:\/\/sites.usp.br\/prolam\/wp-json\/wp\/v2\/users\/1"}],"replies":[{"embeddable":true,"href":"https:\/\/sites.usp.br\/prolam\/wp-json\/wp\/v2\/comments?post=87"}],"version-history":[{"count":6,"href":"https:\/\/sites.usp.br\/prolam\/wp-json\/wp\/v2\/pages\/87\/revisions"}],"predecessor-version":[{"id":4227,"href":"https:\/\/sites.usp.br\/prolam\/wp-json\/wp\/v2\/pages\/87\/revisions\/4227"}],"up":[{"embeddable":true,"href":"https:\/\/sites.usp.br\/prolam\/wp-json\/wp\/v2\/pages\/2428"}],"wp:attachment":[{"href":"https:\/\/sites.usp.br\/prolam\/wp-json\/wp\/v2\/media?parent=87"}],"curies":[{"name":"wp","href":"https:\/\/api.w.org\/{rel}","templated":true}]}}