{"id":945,"date":"2016-01-09T00:57:17","date_gmt":"2016-01-09T02:57:17","guid":{"rendered":"http:\/\/sites.usp.br\/prolam\/?page_id=945"},"modified":"2019-03-26T17:19:43","modified_gmt":"2019-03-26T20:19:43","slug":"normas-para-apresentadores-de-trabalho","status":"publish","type":"page","link":"https:\/\/sites.usp.br\/prolam\/normas-para-apresentadores-de-trabalho\/","title":{"rendered":"Submiss\u00e3o de Resumos nos Semin\u00e1rios de Pesquisa"},"content":{"rendered":"<p><\/p>\n<p style=\"text-align: justify;\">O processo para apresentar uma proposta de trabalho nos <span style=\"text-decoration: underline;\"><a href=\"http:\/\/sites.usp.br\/prolam\/programacao\/seminarios-de-pesquisa\/\"><strong>Semin\u00e1rios de Pesquisa<\/strong><\/a><\/span>\u00a0segue as seguintes etapas:<\/p>\n<p style=\"text-align: justify;\">1o. Submiss\u00e3o do Resumo<br \/>\n2o. Inscri\u00e7\u00e3o (Pagamento)<br \/>\n3o. Valida\u00e7\u00e3o das Inscri\u00e7\u00f5es<br \/>\n4o. Avalia\u00e7\u00e3o das propostas<\/p>\n<p>Antes de iniciar a Submiss\u00e3o do seu Resumo, escolha o <span style=\"text-decoration: underline;\"><a href=\"http:\/\/sites.usp.br\/prolam\/programacao\/seminarios-de-pesquisa\/\"><strong>Semin\u00e1rios de Pesquisa<\/strong><\/a><\/span>\u00a0do seu interesse e anote as instru\u00e7\u00f5es abaixo.<\/p>\n<p style=\"text-align: justify;\">Data m\u00e1xima para submiss\u00e3o dos resumos: <span style=\"color: #ff0000;\"><strong>10 de\u00a0dezembro de 2018<br \/>\n<\/strong><\/span>Resultado das propostas aprovadas: <span style=\"color: #ff0000;\"><strong>10 de fevereiro de 2019<\/strong><\/span><br \/>\nData m\u00e1xima para envio dos trabalhos completos para publica\u00e7\u00e3o nos Anais do Congresso: <span style=\"color: #ff0000;\"><strong>30 de maio<\/strong><\/span>. O espa\u00e7o para introdu\u00e7\u00e3o dos papers ser\u00e1 aberto no dia <span style=\"color: #ff0000;\"><strong>10 de maio<\/strong>.<\/span><\/p>\n<p style=\"text-align: justify;\"><span style=\"text-align: justify;\"><strong>Instru\u00e7\u00f5es para a Submiss\u00e3o de Resumo para os Semin\u00e1rio de Pesquisa:<\/strong><\/span><\/p>\n<h1 style=\"text-align: justify;\"><span style=\"text-decoration: underline;\">1. Sobre a autoria:<\/span><\/h1>\n<h1 style=\"text-align: justify;\">a) Poder\u00e3o apresentar propostas:<\/h1>\n<ul>\n<li>Professores<\/li>\n<li>P\u00f3s-graduados de mestrado e doutorado<\/li>\n<li>Pesquisadores com n\u00edvel de gradua\u00e7\u00e3o completo<\/li>\n<li>Graduandos em coautoria com um docente\/orientador<\/li>\n<\/ul>\n<p><strong>b)<\/strong> <strong>Cada autor poder\u00e1 submeter no m\u00e1ximo UMA proposta como <em>autor principal<\/em><br \/>\n<\/strong><\/p>\n<p><span style=\"color: #000000;\"><strong>c) Cada proposta poder\u00e1 ter no m\u00e1ximo tr\u00eas autores.<\/strong><\/span><em><span style=\"color: #000000;\"><br \/>\n<\/span><\/em><\/p>\n<p><strong>DIRETRIZES PARA OS AUTORES<\/strong><\/p>\n<p><span style=\"text-decoration: underline;\"><span style=\"color: #000000; text-decoration: underline;\"><strong>2. Diretrizes para a Submiss\u00e3o de Resumos nos Semin\u00e1rios de Pesquisa:<\/strong><\/span><\/span><\/p>\n<p style=\"text-align: justify;\">a) As Submiss\u00f5es dos Resumos devem ser feitas em Plataforma especificamente criada para este fim em: <span style=\"text-decoration: underline;\"><strong><a href=\"http:\/\/conferencias.fflch.usp.br\/cippal\/Inscricoes\/index\">Chamada para Submiss\u00f5es. <\/a><\/strong><\/span>Na primeira vez, deve inicialmente <a href=\"http:\/\/conferencias.fflch.usp.br\/cippal\/Inscricoes\/user\/account\"><span style=\"text-decoration: underline;\"><strong>cadastrar-se na Plataforma<\/strong><\/span>.<\/a> Ao acessar na Plataforma, no final das instru\u00e7\u00f5es voc\u00ea\u00a0encontrar\u00e1\u00a0um espa\u00e7o\u00a0indicando &#8220;<em><strong>Clique aqui para iniciar o Processo de Submiss\u00e3o<\/strong><\/em>&#8220;.<\/p>\n<p style=\"text-align: justify;\">b) Escolha seu Semin\u00e1rio em &#8220;<strong>Modalidades da Confer\u00eancia<\/strong>&#8221; e siga as &#8220;<strong>Diretrizes<\/strong>&#8221; e &#8220;<strong>Declara\u00e7\u00e3o de Direitos Autorais<\/strong>&#8220;.<\/p>\n<p style=\"text-align: justify;\">c) Inclua os dados do apresentador: nome completo, endere\u00e7o eletr\u00f4nico, Institui\u00e7\u00e3o; pa\u00eds de origem e um breve resumo biogr\u00e1fico.<\/p>\n<p style=\"text-align: justify;\">d) Repita estas a\u00e7\u00f5es para cada um dos <strong>coautores<\/strong> da proposta.<\/p>\n<p style=\"text-align: justify;\">e) Inclua o T\u00edtulo e Resumo da sua proposta no <strong>Semin\u00e1rio de Pesquisa<\/strong> escolhido.<\/p>\n<p style=\"text-align: justify;\">Obs: o <strong>Resumo<\/strong> dever\u00e1 ter at\u00e9 <strong>300 palavras<\/strong>, contendo: tema, objetivos, dados metodol\u00f3gicos pertinentes, paradigma te\u00f3rico interpretativo e resultados alcan\u00e7ados<\/p>\n<p style=\"text-align: justify;\"><strong><span style=\"text-decoration: underline;\">3. Metadados para a Indexa\u00e7\u00e3o da proposta<\/span><\/strong><\/p>\n<p>a) Inclua as Palavras-chave (3 a 5), al\u00e9m dos metadados da proposta com informa\u00e7\u00f5es sobre a\u00a0<strong>Regi\u00e3o da Am\u00e9rica Latina<\/strong>\u00a0que se estuda (ex. Am\u00e9rica do Sul, Pa\u00edses Andinos, Mercosul, etc.) e, entre outros, sobre os\u00a0<strong>Pa\u00edses<\/strong>\u00a0com os que se trabalha.<\/p>\n<p>b) As propostas devem ter\u00a0<strong>relev\u00e2ncia regional.\u00a0<\/strong>Para que as propostas tenham\u00a0<strong>relev\u00e2ncia regional\u00a0<\/strong>devem tratar (i) de aspectos que considerem a<strong>\u00a0Am\u00e9rica Latina <\/strong>como um todo ou a alguma regi\u00e3o menor do subcontinente; (ii) devem abordar tem\u00e1ticas que\u00a0abranjam\u00a0dois pa\u00edses ou mais da regi\u00e3o.<\/p>\n<p>c) As propostas poder\u00e3o ser escritas em\u00a0<strong>portugu\u00eas<\/strong>,\u00a0<strong>espanhol<\/strong>\u00a0ou\u00a0<strong>ingl\u00eas<\/strong>.<\/p>\n<p>d) <strong>Conclua a Submiss\u00e3o<\/strong>. Ap\u00f3s a submiss\u00e3o receber\u00e1 no email registrado uma <strong><em>Confirma\u00e7\u00e3o da Submiss\u00e3o<\/em><\/strong>, mas sua <strong>Inscri\u00e7\u00e3o<\/strong> somente ser\u00e1 validada depois de realizar o pagamento da <strong>Taxa de Inscri\u00e7\u00e3o<\/strong>, conforme a informa\u00e7\u00e3o abaixo<strong>.<\/strong><\/p>\n<p><span style=\"text-decoration: underline;\"><strong>4. Pagamento da Taxa de Inscri\u00e7\u00e3o e Valida\u00e7\u00e3o<\/strong><\/span><\/p>\n<p>O pagamento das Taxas de Inscri\u00e7\u00e3o ser\u00e3o feitas pelo sistema <em>PayPal <\/em>(n\u00e3o precisa ter conta). Para realizar o Pagamento, devem ir para a <span style=\"text-decoration: underline;\"><strong><a href=\"http:\/\/conferencias.fflch.usp.br\/cippal\/Inscricoes\/schedConf\/registration\">Plataforma de Inscri\u00e7\u00e3o<\/a><\/strong><\/span> do Congresso.<\/p>\n<p>a) Residentes <strong>no Brasil<\/strong>: A Taxa de Inscri\u00e7\u00e3o \u00e9 de <span style=\"color: #ff0000;\"><strong>R$ 120,00<\/strong><\/span><strong>.<br \/>\n<\/strong><\/p>\n<p>b) Residentes <strong>fora do Brasil<\/strong>: A Taxa de Inscri\u00e7\u00e3o \u00e9 <span style=\"color: #ff0000;\"><strong>$US 40,00<\/strong><\/span>.<\/p>\n<p><strong>Observa\u00e7\u00f5es: <\/strong><\/p>\n<ul>\n<li>A taxa de inscri\u00e7\u00e3o cobrada \u00e9 por cada proposta de Resumo enviado e por cada autor.<\/li>\n<li>Para o pagamento da Taxa de Inscri\u00e7\u00e3o, retorne \u00e0 <span style=\"text-decoration: underline;\"><strong><a href=\"http:\/\/conferencias.fflch.usp.br\/cippal\/Inscricoes\">Plataforma inicial<\/a> <\/strong><\/span>e acesse em Inscri\u00e7\u00f5es, ou entre pelo link <a href=\"http:\/\/conferencias.fflch.usp.br\/cippal\/Inscricoes\/schedConf\/registration\"><span style=\"text-decoration: underline;\"><strong>Inscri\u00e7\u00f5es<\/strong><\/span>.<\/a><\/li>\n<li>Deixe o espa\u00e7o &#8220;<strong>C\u00f3digo para taxa de inscri\u00e7\u00e3o&#8221; <\/strong>em branco<\/li>\n<li><strong>Coautores <\/strong>devem pagar tamb\u00e9m o valor da Inscri\u00e7\u00e3o<strong> (op\u00e7\u00e3o &#8220;Inscri\u00e7\u00e3o Adicional Coautor&#8221;).<\/strong><\/li>\n<\/ul>\n<p>c) A Coordena\u00e7\u00e3o Geral do Congresso poder\u00e1 analisar pedidos de isen\u00e7\u00e3o de Taxa de Inscri\u00e7\u00e3o nos seguintes casos: em que o autor resida fora de S\u00e3o Paulo, seja aluno n\u00e3o bolsista ou esteja desempregado. A solicita\u00e7\u00e3o do pedido de avalia\u00e7\u00e3o da isen\u00e7\u00e3o da taxa de inscri\u00e7\u00e3o deve ser acompanhada de justificativa documentada, que ser\u00e1 analisada pela Coordena\u00e7\u00e3o Geral. Os pedidos de isen\u00e7\u00e3o devem ser submetidos ao email prolam_usp@usp.br at\u00e9 dia <span style=\"color: #ff0000;\"><strong>30 de outubro de 2018<\/strong><\/span>.<\/p>\n<p>Observa\u00e7\u00e3o: Caso seu pedido de isen\u00e7\u00e3o seja aprovado, voc\u00ea receber\u00e1 um\u00a0&#8220;<strong>C\u00f3digo para taxa de inscri\u00e7\u00e3o&#8221; <\/strong>que dever\u00e1 ser comunicado na Inscri\u00e7\u00e3o.<\/p>\n<p>d) A <strong>valida\u00e7\u00e3o<\/strong> das inscri\u00e7\u00f5es ser\u00e1 realizada depois da inscri\u00e7\u00e3o e o autor ser\u00e1 comunicado at\u00e9 a data final das inscri\u00e7\u00f5es.<\/p>\n<p style=\"text-align: justify;\"><span style=\"text-decoration: underline;\"><span style=\"color: #000000; text-decoration: underline;\"><strong>5. Sobre a avalia\u00e7\u00e3o e sele\u00e7\u00e3o dos trabalhos:<\/strong><\/span><\/span><\/p>\n<p style=\"text-align: justify;\">a) A an\u00e1lise das propostas ser\u00e1 realizada pela <span style=\"text-decoration: underline;\"><a href=\"http:\/\/sites.usp.br\/prolam\/comissao-organizadora\/\"><strong>Comiss\u00e3o Cient\u00edfica do Congresso<\/strong><\/a><\/span><\/p>\n<p style=\"text-align: justify;\">b) O resultado da an\u00e1lise das propostas ser\u00e1 divulgado <span style=\"color: #ff0000;\"><strong>at\u00e9 o dia 10 de fevereiro de 2019. <\/strong><\/span><\/p>\n<p style=\"text-align: justify;\"><strong>Observa\u00e7\u00e3o:<\/strong> <span style=\"color: #000000;\"><strong>N\u00e3o haver\u00e1 devolu\u00e7\u00e3o do valor da inscri\u00e7\u00e3o das propostas recusadas<\/strong><\/span>, mas poder\u00e3o assistir ao Congresso como Ouvintes com Certificado e como alunos a um\u00a0<strong>Curso de Curta Dura\u00e7\u00e3o<\/strong><\/p>\n<p style=\"text-align: justify;\"><span style=\"text-decoration: underline;\"><span style=\"color: #000000; text-decoration: underline;\"><strong>6. Sobre a publica\u00e7\u00e3o de Trabalhos Completos nos Anais do Congresso:<\/strong><\/span><\/span><\/p>\n<p style=\"text-align: justify;\">a) Os trabalhos completos dever\u00e3o ser enviados para a publica\u00e7\u00e3o nos Anais do Congresso.<\/p>\n<p style=\"text-align: justify;\">b) Somente ser\u00e3o publicados os trabalhos que estejam nas <a href=\"http:\/\/sites.usp.br\/prolam\/programacao\/seminarios-de-pesquisa\/diretrizes-para-envio-de-trabalhos\/\"><span style=\"text-decoration: underline;\"><strong>Normas de Publica\u00e7\u00e3o<\/strong><\/span>.<\/a> Ao enviar o texto, o autor declara estar ciente das Normas e de acordo com a publica\u00e7\u00e3o do trabalho.<\/p>\n<p style=\"text-align: justify;\"><span style=\"text-decoration: underline; color: #000000;\"><strong>7. Sobre as apresenta\u00e7\u00f5es orais dos trabalhos nos Semin\u00e1rio de Pesquisa<\/strong><\/span><\/p>\n<p style=\"text-align: justify;\">a) As comunica\u00e7\u00f5es orais devem ter dura\u00e7\u00e3o m\u00e1xima de 15 minutos.<br \/>\nb) O Congresso disponibilizar\u00e1 o equipamento eletr\u00f4nico necess\u00e1rio (computador e datashow nas salas).<br \/>\nc) Os autores dever\u00e3o levar suas apresenta\u00e7\u00f5es em dispositivos m\u00f3veis, j\u00e1 que n\u00e3o \u00e9 poss\u00edvel garantir acesso \u00e0 internet.<br \/>\nd) Os certificados de apresentador ser\u00e3o entregues no dia da apresenta\u00e7\u00e3o do Semin\u00e1rio de Pesquisa.<\/p>\n<h1 style=\"text-align: justify;\"><strong><span style=\"color: #ffffff;\">r<\/span><\/strong><\/h1>\n<p><\/p>","protected":false},"excerpt":{"rendered":"<p>O processo para apresentar uma proposta de trabalho nos Semin\u00e1rios de Pesquisa\u00a0segue as seguintes etapas: 1o. Submiss\u00e3o do Resumo 2o. Inscri\u00e7\u00e3o (Pagamento) 3o. Valida\u00e7\u00e3o das Inscri\u00e7\u00f5es 4o. Avalia\u00e7\u00e3o das propostas Antes de iniciar a Submiss\u00e3o do seu Resumo, escolha o &hellip; <a href=\"https:\/\/sites.usp.br\/prolam\/normas-para-apresentadores-de-trabalho\/\">Continue reading <span class=\"meta-nav\">&rarr;<\/span><\/a><\/p>\n","protected":false},"author":45,"featured_media":0,"parent":0,"menu_order":5,"comment_status":"closed","ping_status":"closed","template":"","meta":{"footnotes":"","_links_to":"","_links_to_target":""},"class_list":["post-945","page","type-page","status-publish","hentry"],"_links":{"self":[{"href":"https:\/\/sites.usp.br\/prolam\/wp-json\/wp\/v2\/pages\/945","targetHints":{"allow":["GET"]}}],"collection":[{"href":"https:\/\/sites.usp.br\/prolam\/wp-json\/wp\/v2\/pages"}],"about":[{"href":"https:\/\/sites.usp.br\/prolam\/wp-json\/wp\/v2\/types\/page"}],"author":[{"embeddable":true,"href":"https:\/\/sites.usp.br\/prolam\/wp-json\/wp\/v2\/users\/45"}],"replies":[{"embeddable":true,"href":"https:\/\/sites.usp.br\/prolam\/wp-json\/wp\/v2\/comments?post=945"}],"version-history":[{"count":7,"href":"https:\/\/sites.usp.br\/prolam\/wp-json\/wp\/v2\/pages\/945\/revisions"}],"predecessor-version":[{"id":4228,"href":"https:\/\/sites.usp.br\/prolam\/wp-json\/wp\/v2\/pages\/945\/revisions\/4228"}],"wp:attachment":[{"href":"https:\/\/sites.usp.br\/prolam\/wp-json\/wp\/v2\/media?parent=945"}],"curies":[{"name":"wp","href":"https:\/\/api.w.org\/{rel}","templated":true}]}}