{"id":1847,"date":"2025-04-05T12:03:42","date_gmt":"2025-04-05T15:03:42","guid":{"rendered":"https:\/\/sites.usp.br\/promuspp\/?page_id=1847"},"modified":"2025-04-10T20:30:41","modified_gmt":"2025-04-10T23:30:41","slug":"disciplinas","status":"publish","type":"page","link":"https:\/\/sites.usp.br\/promuspp\/disciplinas\/","title":{"rendered":"Disciplinas"},"content":{"rendered":"<table class=\"dataTable selecionavel\" style=\"height: 757px;\" width=\"846\" align=\"center\">\n<thead>\n<tr>\n<td>C\u00f3digo<\/td>\n<td>Nome da disciplina<\/td>\n<\/tr>\n<tr>\n<td>GPP5805<\/td>\n<td><a href=\"https:\/\/uspdigital.usp.br\/janus\/publico\/disciplina\/C\/GPP5805\">\u00a0Economia, Pol\u00edticas P\u00fablicas e Desigualdades<\/a><\/td>\n<\/tr>\n<tr>\n<td>MPP5002<\/td>\n<td><a href=\"https:\/\/uspdigital.usp.br\/janus\/publico\/disciplina\/C\/MPP5002\">Estado, Mudan\u00e7a Social e Participa\u00e7\u00e3o Pol\u00edtica<\/a><\/td>\n<\/tr>\n<tr>\n<td>MPP5029<\/td>\n<td><a href=\"https:\/\/uspdigital.usp.br\/janus\/publico\/disciplina\/C\/MPP5029\">\u00a0Rela\u00e7\u00f5es de G\u00eanero, sexualidades, interseccionalidades e direitos humanos<\/a><\/td>\n<\/tr>\n<tr>\n<td>MPP5031<\/td>\n<td><a href=\"https:\/\/uspdigital.usp.br\/janus\/publico\/disciplina\/C\/MPP5031\">Pensamento Social em Sa\u00fade: Desafios Contempor\u00e2neos da Sa\u00fade Coletiva no Brasil<\/a><\/td>\n<\/tr>\n<tr>\n<td>MPP5046<\/td>\n<td><a href=\"https:\/\/uspdigital.usp.br\/janus\/publico\/disciplina\/C\/MPP5046\">\u00a0Estudos da Teoria da A\u00e7\u00e3o Comunicativa de J\u00fcrgen Habermas<\/a><\/td>\n<\/tr>\n<tr>\n<td>MPP5047<\/td>\n<td><a href=\"https:\/\/uspdigital.usp.br\/janus\/publico\/disciplina\/C\/MPP5047\">Turismo e os Processos de Exclus\u00e3o e Inclus\u00e3o Social<\/a><\/td>\n<\/tr>\n<tr>\n<td>MPP5048<\/td>\n<td><a href=\"https:\/\/uspdigital.usp.br\/janus\/publico\/disciplina\/C\/MPP5048\">\u00a0Pesquisa em Pol\u00edticas P\u00fablicas e Gest\u00e3o Participativa<\/a><\/td>\n<\/tr>\n<tr>\n<td>MPP5050<\/td>\n<td><a href=\"https:\/\/uspdigital.usp.br\/janus\/publico\/disciplina\/C\/MPP5050\">Pesquisa em Dimens\u00e3o Socioambiental, Patrim\u00f4mio e Pol\u00edticas Territoriais<\/a><\/td>\n<\/tr>\n<tr>\n<td>MPP5051<\/td>\n<td>\u00a0<a href=\"https:\/\/uspdigital.usp.br\/janus\/publico\/disciplina\/C\/MPP5051\">Teoria da A\u00e7\u00e3o Comunicativa: Compreens\u00e3o do Modelo para Aplica\u00e7\u00e3o no Campo de Participa\u00e7\u00e3o Pol\u00edtica<\/a><\/td>\n<\/tr>\n<tr>\n<td>MPP5054<\/td>\n<td><a href=\"https:\/\/uspdigital.usp.br\/janus\/publico\/disciplina\/C\/MPP5054\">Mem\u00f3ria e Migra\u00e7\u00f5es no Brasil<\/a><\/td>\n<\/tr>\n<tr>\n<td>MPP5055<\/td>\n<td><a class=\"link_gray\" href=\"https:\/\/uspdigital.usp.br\/janus\/publico\/disciplina\/C\/MPP5055\" target=\"_blank\" rel=\"noopener noreferrer\">Intera\u00e7\u00f5es entre a Geo\u00e9tica e Geoconserva\u00e7\u00e3o: Protagonismo da Sociedade no Uso e Ocupa\u00e7\u00e3o do Territ\u00f3rio<\/a><\/td>\n<\/tr>\n<tr>\n<td>MPP5056<\/td>\n<td><a href=\"https:\/\/uspdigital.usp.br\/janus\/publico\/disciplina\/C\/MPP5056\">Geopol\u00edtica da Energia, Meio Ambiente e Desigualdades Sociais<\/a><\/td>\n<\/tr>\n<tr>\n<td>MPP5058<\/td>\n<td><a href=\"https:\/\/uspdigital.usp.br\/janus\/publico\/disciplina\/C\/MPP5058\">Hist\u00f3ria Oral e Mem\u00f3ria<\/a><\/td>\n<\/tr>\n<tr>\n<td>MPP5059<\/td>\n<td><a href=\"https:\/\/uspdigital.usp.br\/janus\/publico\/disciplina\/C\/MPP5059\">Net-ativismo e Participa\u00e7\u00e3o Pol\u00edtica<\/a><\/td>\n<\/tr>\n<tr>\n<td>MPP5060<\/td>\n<td><a href=\"https:\/\/uspdigital.usp.br\/janus\/publico\/disciplina\/C\/MPP5060\">Cultura e Periferia<\/a><\/td>\n<\/tr>\n<tr>\n<td>MPP5061<\/td>\n<td><a href=\"https:\/\/uspdigital.usp.br\/janus\/publico\/disciplina\/C\/MPP5061\">Dimens\u00f5es S\u00f3cio-Pol\u00edtico-Culturais da M\u00fasica e das Artes Sonoras<\/a><\/td>\n<\/tr>\n<tr>\n<td>MPP5062<\/td>\n<td><a href=\"https:\/\/uspdigital.usp.br\/janus\/publico\/disciplina\/C\/MPP5062\">A Pr\u00e1tica Esportiva Adaptada e Paral\u00edmpica sob a perspectiva te\u00f3rica bourdieusiana:<\/a><br \/>\n<a href=\"https:\/\/uspdigital.usp.br\/janus\/publico\/disciplina\/C\/MPP5062\">possibilidades de interven\u00e7\u00e3o em Educa\u00e7\u00e3o, Qualidade de Vida, Sa\u00fade, Inclus\u00e3o Social e Pol\u00edticas P\u00fablicas<\/a><\/td>\n<\/tr>\n<tr>\n<td>MPP5063<\/td>\n<td><a href=\"https:\/\/uspdigital.usp.br\/janus\/publico\/disciplina\/C\/MPP5063\">Teoria do Conhecimento<\/a><\/td>\n<\/tr>\n<tr>\n<td>MPP5064<\/td>\n<td>\u00a0<a href=\"https:\/\/uspdigital.usp.br\/janus\/publico\/disciplina\/C\/MPP5064\">Contextos Espaciais &#8211; Inter-Rela\u00e7\u00f5es entre Corpo e Espa\u00e7o F\u00edsico<\/a><\/td>\n<\/tr>\n<tr>\n<td>PCA5003<\/td>\n<td>\u00a0<a href=\"https:\/\/uspdigital.usp.br\/janus\/publico\/disciplina\/C\/PCA5003\">Pol\u00edticas P\u00fablicas de Meio Ambiente no Brasil: Dimens\u00f5es Nacional, Regional e Local da A\u00e7\u00e3o do Estado<\/a><\/td>\n<\/tr>\n<tr>\n<td>PCA5010<\/td>\n<td>\u00a0<a href=\"https:\/\/uspdigital.usp.br\/janus\/publico\/disciplina\/C\/PCA5010\">Governan\u00e7a da \u00c1gua, Conflitos e Pol\u00edticas Ambientais<\/a><\/td>\n<\/tr>\n<\/thead>\n<\/table>\n","protected":false},"excerpt":{"rendered":"<p>C\u00f3digo Nome da disciplina GPP5805 \u00a0Economia, Pol\u00edticas P\u00fablicas e Desigualdades MPP5002 Estado, Mudan\u00e7a Social e Participa\u00e7\u00e3o Pol\u00edtica MPP5029 \u00a0Rela\u00e7\u00f5es de G\u00eanero, sexualidades, interseccionalidades e direitos humanos MPP5031 Pensamento Social em Sa\u00fade: Desafios Contempor\u00e2neos da Sa\u00fade Coletiva no Brasil MPP5046 \u00a0Estudos da Teoria da A\u00e7\u00e3o Comunicativa de J\u00fcrgen Habermas MPP5047 Turismo e os Processos de Exclus\u00e3o e Inclus\u00e3o Social MPP5048 \u00a0Pesquisa em Pol\u00edticas P\u00fablicas e Gest\u00e3o Participativa MPP5050 Pesquisa em Dimens\u00e3o Socioambiental, Patrim\u00f4mio e Pol\u00edticas Territoriais MPP5051 \u00a0Teoria da A\u00e7\u00e3o Comunicativa: Compreens\u00e3o do Modelo para Aplica\u00e7\u00e3o no Campo de Participa\u00e7\u00e3o Pol\u00edtica MPP5054 Mem\u00f3ria e Migra\u00e7\u00f5es no Brasil MPP5055 Intera\u00e7\u00f5es entre a Geo\u00e9tica e Geoconserva\u00e7\u00e3o: Protagonismo da Sociedade no Uso e Ocupa\u00e7\u00e3o do Territ\u00f3rio MPP5056 Geopol\u00edtica da Energia, Meio Ambiente e Desigualdades Sociais MPP5058 Hist\u00f3ria Oral e Mem\u00f3ria MPP5059 Net-ativismo e Participa\u00e7\u00e3o Pol\u00edtica MPP5060 Cultura e Periferia MPP5061 Dimens\u00f5es S\u00f3cio-Pol\u00edtico-Culturais da M\u00fasica e das Artes Sonoras MPP5062 A Pr\u00e1tica Esportiva Adaptada e Paral\u00edmpica sob a perspectiva te\u00f3rica bourdieusiana: possibilidades de interven\u00e7\u00e3o em Educa\u00e7\u00e3o, Qualidade de Vida, Sa\u00fade, Inclus\u00e3o Social e Pol\u00edticas P\u00fablicas MPP5063 Teoria do Conhecimento MPP5064 \u00a0Contextos Espaciais &#8211; Inter-Rela\u00e7\u00f5es entre Corpo e Espa\u00e7o F\u00edsico PCA5003 \u00a0Pol\u00edticas P\u00fablicas de Meio Ambiente no Brasil: Dimens\u00f5es Nacional, Regional e Local da A\u00e7\u00e3o do [&#8230;]<\/p>\n","protected":false},"author":369,"featured_media":0,"parent":0,"menu_order":0,"comment_status":"closed","ping_status":"closed","template":"","meta":{"footnotes":"","_links_to":"","_links_to_target":""},"class_list":["post-1847","page","type-page","status-publish","hentry"],"_links":{"self":[{"href":"https:\/\/sites.usp.br\/promuspp\/wp-json\/wp\/v2\/pages\/1847","targetHints":{"allow":["GET"]}}],"collection":[{"href":"https:\/\/sites.usp.br\/promuspp\/wp-json\/wp\/v2\/pages"}],"about":[{"href":"https:\/\/sites.usp.br\/promuspp\/wp-json\/wp\/v2\/types\/page"}],"author":[{"embeddable":true,"href":"https:\/\/sites.usp.br\/promuspp\/wp-json\/wp\/v2\/users\/369"}],"replies":[{"embeddable":true,"href":"https:\/\/sites.usp.br\/promuspp\/wp-json\/wp\/v2\/comments?post=1847"}],"version-history":[{"count":3,"href":"https:\/\/sites.usp.br\/promuspp\/wp-json\/wp\/v2\/pages\/1847\/revisions"}],"predecessor-version":[{"id":1895,"href":"https:\/\/sites.usp.br\/promuspp\/wp-json\/wp\/v2\/pages\/1847\/revisions\/1895"}],"wp:attachment":[{"href":"https:\/\/sites.usp.br\/promuspp\/wp-json\/wp\/v2\/media?parent=1847"}],"curies":[{"name":"wp","href":"https:\/\/api.w.org\/{rel}","templated":true}]}}