{"id":1868,"date":"2025-04-08T19:41:05","date_gmt":"2025-04-08T22:41:05","guid":{"rendered":"https:\/\/sites.usp.br\/promuspp\/?page_id=1868"},"modified":"2025-04-10T20:27:48","modified_gmt":"2025-04-10T23:27:48","slug":"discentes","status":"publish","type":"page","link":"https:\/\/sites.usp.br\/promuspp\/discentes\/","title":{"rendered":"Discentes"},"content":{"rendered":"<table dir=\"ltr\" border=\"1\" cellspacing=\"0\" cellpadding=\"0\" data-sheets-root=\"1\" data-sheets-baot=\"1\">\n<colgroup>\n<col width=\"326\" \/>\n<col width=\"117\" \/>\n<col width=\"266\" \/>\n<col width=\"107\" \/><\/colgroup>\n<tbody>\n<tr>\n<td>Nome<\/td>\n<td>Curso<\/td>\n<td>Orientador<\/td>\n<td>Financiamento<\/td>\n<\/tr>\n<tr>\n<td>Adriana Casarotto Terra<\/td>\n<td>Doutorado<\/td>\n<td>Martin Jayo<\/td>\n<td>CAPES<\/td>\n<\/tr>\n<tr>\n<td>Adriana Monteiro da Silva<\/td>\n<td>Doutorado<\/td>\n<td>Reinaldo Tadeu Boscolo Pacheco<\/td>\n<td><\/td>\n<\/tr>\n<tr>\n<td>Alan Felipe Alves dos Santos<\/td>\n<td>Mestrado<\/td>\n<td>Cynthia Harumy Watanabe Correa<\/td>\n<td><\/td>\n<\/tr>\n<tr>\n<td>Alana Fagundes Val\u00e9rio<\/td>\n<td>Doutorado<\/td>\n<td>Jorge Alberto Silva Machado Villanueva<\/td>\n<td><\/td>\n<\/tr>\n<tr>\n<td>Aldo Luiz Leoni<\/td>\n<td>Doutorado<\/td>\n<td>Diosnio Machado Neto<\/td>\n<td><\/td>\n<\/tr>\n<tr>\n<td>Alex Lopes Granja<\/td>\n<td>Doutorado<\/td>\n<td>Douglas Roque Andrade<\/td>\n<td><\/td>\n<\/tr>\n<tr>\n<td>Alexandra Linda Herbst Matos<\/td>\n<td>Doutorado<\/td>\n<td>&#8211;<\/td>\n<td><\/td>\n<\/tr>\n<tr>\n<td>Alice Matos dos Reis Rocha<\/td>\n<td>Mestrado<\/td>\n<td>Claudia Medeiros de Castro<\/td>\n<td><\/td>\n<\/tr>\n<tr>\n<td>Aline Lis Ramos Pereira<\/td>\n<td>Doutorado<\/td>\n<td>Ana Paula Fracalanza<\/td>\n<td><\/td>\n<\/tr>\n<tr>\n<td>Aline Silva Dias<\/td>\n<td>Mestrado<\/td>\n<td>Marco Antonio Bettine de Almeida<\/td>\n<td><\/td>\n<\/tr>\n<tr>\n<td>Alissa Fernanda Santos Malheiros<\/td>\n<td>Mestrado<\/td>\n<td>&#8211;<\/td>\n<td><\/td>\n<\/tr>\n<tr>\n<td>Almir Douglas de Oliveira Marcellino<\/td>\n<td>Mestrado<\/td>\n<td>Rosely Aparecida Liguori Imbernon<\/td>\n<td><\/td>\n<\/tr>\n<tr>\n<td>Almir Douglas de Oliveira Marcellino<\/td>\n<td>Mestrado<\/td>\n<td>Rosely Aparecida Liguori Imbernon<\/td>\n<td><\/td>\n<\/tr>\n<tr>\n<td>Almir Douglas de Oliveira Marcellino<\/td>\n<td>Mestrado<\/td>\n<td>Rosely Aparecida Liguori Imbernon<\/td>\n<td><\/td>\n<\/tr>\n<tr>\n<td>Almir Douglas de Oliveira Marcellino<\/td>\n<td>Mestrado<\/td>\n<td>Rosely Aparecida Liguori Imbernon<\/td>\n<td><\/td>\n<\/tr>\n<tr>\n<td>Amanda Andr\u00e9 Sabino Santos<\/td>\n<td>Doutorado<\/td>\n<td>Ana Paula Fracalanza<\/td>\n<td><\/td>\n<\/tr>\n<tr>\n<td>Amanda Malaquias dos Santos<\/td>\n<td>Doutorado<\/td>\n<td>Cristiane Kerches da Silva Leite<\/td>\n<td><\/td>\n<\/tr>\n<tr>\n<td>Ana Carolina de Campos Honora<\/td>\n<td>Doutorado<\/td>\n<td>Sidnei Raimundo<\/td>\n<td><\/td>\n<\/tr>\n<tr>\n<td>Ana Claudia Sanches Baptista<\/td>\n<td>Doutorado<\/td>\n<td>Marcelo Vilela de Almeida<\/td>\n<td>CNPq<\/td>\n<\/tr>\n<tr>\n<td>Ana Paula Alves de Carvalho Martins<\/td>\n<td>Mestrado<\/td>\n<td>Val\u00e9ria Barbosa de Magalh\u00e3es<\/td>\n<td><\/td>\n<\/tr>\n<tr>\n<td>Anderson Almeida da Silva<\/td>\n<td>Doutorado<\/td>\n<td>Claudia Medeiros de Castro<\/td>\n<td><\/td>\n<\/tr>\n<tr>\n<td>Andr\u00e9 Ricardo Martelini<\/td>\n<td>Doutorado<\/td>\n<td>Ursula Dias Peres<\/td>\n<td><\/td>\n<\/tr>\n<tr>\n<td>Andressa Roberta Borotti<\/td>\n<td>Doutorado<\/td>\n<td>Beatriz Helena Fonseca Ferreira Pires<\/td>\n<td><\/td>\n<\/tr>\n<tr>\n<td>Andreza Gon\u00e7alves Matsumoto<\/td>\n<td>Mestrado<\/td>\n<td>Marilia Velardi<\/td>\n<td><\/td>\n<\/tr>\n<tr>\n<td>\u00c2ngela de F\u00e1tima Barros de Boa Morte Costa Br\u00e1s<\/td>\n<td>Mestrado<\/td>\n<td>Marcelo Vilela de Almeida<\/td>\n<td>PDCT<\/td>\n<\/tr>\n<tr>\n<td>Antonia do Nascimento Moreira<\/td>\n<td>Mestrado<\/td>\n<td>Soraia Ansara<\/td>\n<td><\/td>\n<\/tr>\n<tr>\n<td>Armindo dos Santos Bispo<\/td>\n<td>Mestrado<\/td>\n<td>Ana Paula Fracalanza<\/td>\n<td><\/td>\n<\/tr>\n<tr>\n<td>Bianca Juliana Piazzetta Veiga<\/td>\n<td>Mestrado<\/td>\n<td>Jorge Alberto Silva Machado Villanueva<\/td>\n<td><\/td>\n<\/tr>\n<tr>\n<td>Bruna Almeida de Oliveira<\/td>\n<td>Doutorado<\/td>\n<td>Rosely Aparecida Liguori Imbernon<\/td>\n<td><\/td>\n<\/tr>\n<tr>\n<td>Bruna Lavinas Jardim Falleiros<\/td>\n<td>Doutorado<\/td>\n<td>Val\u00e9ria Cazetta<\/td>\n<td><\/td>\n<\/tr>\n<tr>\n<td>Bruna Molessani Paneque Sanchez<\/td>\n<td>Mestrado<\/td>\n<td>Sidnei Raimundo<\/td>\n<td>CAPES<\/td>\n<\/tr>\n<tr>\n<td>Bruna Oliveira da Silva<\/td>\n<td>Mestrado<\/td>\n<td>Douglas Roque Andrade<\/td>\n<td><\/td>\n<\/tr>\n<tr>\n<td>Bruna Tibolla<\/td>\n<td>Doutorado<\/td>\n<td>Juliana Pedreschi Rodrigues<\/td>\n<td><\/td>\n<\/tr>\n<tr>\n<td>Bruna Wroblewski Pereira<\/td>\n<td>Mestrado<\/td>\n<td>Marco Antonio Bettine de Almeida<\/td>\n<td>CAPES<\/td>\n<\/tr>\n<tr>\n<td>Camila Portella Pereira Curbelo<\/td>\n<td>Mestrado<\/td>\n<td>Patricia Junqueira Grandino<\/td>\n<td><\/td>\n<\/tr>\n<tr>\n<td>Camila Queiroz Milani<\/td>\n<td>Mestrado<\/td>\n<td>Diamantino Alves Correia Pereira<\/td>\n<td>CAPES<\/td>\n<\/tr>\n<tr>\n<td>Camila Silva Aguera<\/td>\n<td>Mestrado<\/td>\n<td>Claudia Rosa Acevedo<\/td>\n<td><\/td>\n<\/tr>\n<tr>\n<td>Carlos Eduardo de Castro<\/td>\n<td>Doutorado<\/td>\n<td>Marcelo Vilela de Almeida<\/td>\n<td><\/td>\n<\/tr>\n<tr>\n<td>Carolina Farias Morais<\/td>\n<td>Doutorado<\/td>\n<td>Marco Antonio Bettine de Almeida<\/td>\n<td><\/td>\n<\/tr>\n<tr>\n<td>C\u00e1ssio Aoqui<\/td>\n<td>Doutorado<\/td>\n<td>Martin Jayo<\/td>\n<td><\/td>\n<\/tr>\n<tr>\n<td>Christiane Herminia Mazzotta<\/td>\n<td>Doutorado<\/td>\n<td>Beatriz Helena Fonseca Ferreira Pires<\/td>\n<td><\/td>\n<\/tr>\n<tr>\n<td>C\u00edntia Aparecida de Almeida<\/td>\n<td>Mestrado<\/td>\n<td>Marcelo Vilela de Almeida<\/td>\n<td><\/td>\n<\/tr>\n<tr>\n<td>Claudio Donizetti Brites da Silva<\/td>\n<td>Doutorado<\/td>\n<td>Patricia Junqueira Grandino<\/td>\n<td><\/td>\n<\/tr>\n<tr>\n<td>Cristiana Garcia Aguado<\/td>\n<td>Mestrado<\/td>\n<td>Patricia Junqueira Grandino<\/td>\n<td><\/td>\n<\/tr>\n<tr>\n<td>Cristiana Marinho Maymone<\/td>\n<td>Doutorado<\/td>\n<td>Diamantino Alves Correia Pereira<\/td>\n<td>FIOTEC<\/td>\n<\/tr>\n<tr>\n<td>Cristina Roberto<\/td>\n<td>Doutorado<\/td>\n<td>Juliana Pedreschi Rodrigues<\/td>\n<td><\/td>\n<\/tr>\n<tr>\n<td>Daiany Mayara de Fran\u00e7a Saldanha<\/td>\n<td>Doutorado<\/td>\n<td>Douglas Roque Andrade<\/td>\n<td><\/td>\n<\/tr>\n<tr>\n<td>Daniel dos Santos Carneiro<\/td>\n<td>Doutorado<\/td>\n<td>Juliana Pedreschi Rodrigues<\/td>\n<td>CAPES<\/td>\n<\/tr>\n<tr>\n<td>Demetrius Rodrigues Knupp<\/td>\n<td>Doutorado<\/td>\n<td>Cynthia Harumy Watanabe Correa<\/td>\n<td><\/td>\n<\/tr>\n<tr>\n<td>Donina Cibelle de Lemos Rocha<\/td>\n<td>Mestrado<\/td>\n<td>Claudia Medeiros de Castro<\/td>\n<td><\/td>\n<\/tr>\n<tr>\n<td>Douglas Edimilson da Silva Alves<\/td>\n<td>Mestrado<\/td>\n<td>Tiaraju Pablo D&#8217;Andrea<\/td>\n<td>CNPq<\/td>\n<\/tr>\n<tr>\n<td>Douglas Tomacio Lopes Monteiro<\/td>\n<td>Doutorado<\/td>\n<td>Elizabete Franco Cruz<\/td>\n<td>CAPES<\/td>\n<\/tr>\n<tr>\n<td>Edmar Luiz de Sousa<\/td>\n<td>Doutorado<\/td>\n<td>Val\u00e9ria Barbosa de Magalh\u00e3es<\/td>\n<td><\/td>\n<\/tr>\n<tr>\n<td>Elisete Dias Xavier<\/td>\n<td>Doutorado<\/td>\n<td>Diosnio Machado Neto<\/td>\n<td><\/td>\n<\/tr>\n<tr>\n<td>Enrique Grunspan Staschower<\/td>\n<td>Doutorado<\/td>\n<td>Ana Paula Fracalanza<\/td>\n<td><\/td>\n<\/tr>\n<tr>\n<td>Evany Bettine de Almeida<\/td>\n<td>Doutorado<\/td>\n<td>Claudia Medeiros de Castro<\/td>\n<td><\/td>\n<\/tr>\n<tr>\n<td>Fabiana de Lima Guedes<\/td>\n<td>Doutorado<\/td>\n<td>Marilia Velardi<\/td>\n<td><\/td>\n<\/tr>\n<tr>\n<td>Felipe Antonio Honorato<\/td>\n<td>Doutorado<\/td>\n<td>Val\u00e9ria Barbosa de Magalh\u00e3es<\/td>\n<td>CAPES<\/td>\n<\/tr>\n<tr>\n<td>Felipe Roberto Martins<\/td>\n<td>Doutorado<\/td>\n<td>Cynthia Harumy Watanabe Correa<\/td>\n<td><\/td>\n<\/tr>\n<tr>\n<td>Felipe Teixeira Hudson<\/td>\n<td>Mestrado<\/td>\n<td>Marcelo Vilela de Almeida<\/td>\n<td><\/td>\n<\/tr>\n<tr>\n<td>Felix Fernando Siriani<\/td>\n<td>Doutorado<\/td>\n<td>Patricia Junqueira Grandino<\/td>\n<td><\/td>\n<\/tr>\n<tr>\n<td>Fellipe de Oliveira Barbosa<\/td>\n<td>Doutorado<\/td>\n<td>Marcos Bernardino de Carvalho<\/td>\n<td><\/td>\n<\/tr>\n<tr>\n<td>Fernanda Eiras Rubio<\/td>\n<td>Mestrado<\/td>\n<td>Diamantino Alves Correia Pereira<\/td>\n<td><\/td>\n<\/tr>\n<tr>\n<td>Fernanda Lopes Sortanji<\/td>\n<td>Mestrado<\/td>\n<td>Marcelo Vilela de Almeida<\/td>\n<td><\/td>\n<\/tr>\n<tr>\n<td>Fernanda Paulo Marques<\/td>\n<td>Doutorado<\/td>\n<td>Marcos Bernardino de Carvalho<\/td>\n<td><\/td>\n<\/tr>\n<tr>\n<td>Fernando Estima de Almeida<\/td>\n<td>Doutorado<\/td>\n<td>Marcelo Vilela de Almeida<\/td>\n<td><\/td>\n<\/tr>\n<tr>\n<td>Flaviano Adolfo de Oliveira Santos<\/td>\n<td>Mestrado<\/td>\n<td>Claudia Medeiros de Castro<\/td>\n<td><\/td>\n<\/tr>\n<tr>\n<td>Floren\u00e7a Tchingolo Baiao Daniel<\/td>\n<td>Mestrado<\/td>\n<td>Cynthia Harumy Watanabe Correa<\/td>\n<td>FUSP<\/td>\n<\/tr>\n<tr>\n<td>Gabriel de Oliveira Monteiro<\/td>\n<td>Mestrado<\/td>\n<td>Ricardo Barbosa da Silva<\/td>\n<td><\/td>\n<\/tr>\n<tr>\n<td>Gabriela Almeida da Silva<\/td>\n<td>Mestrado<\/td>\n<td>Martin Jayo<\/td>\n<td><\/td>\n<\/tr>\n<tr>\n<td>Guilherme Barbosa Checco<\/td>\n<td>Doutorado<\/td>\n<td>Eduardo de Lima Caldas<\/td>\n<td><\/td>\n<\/tr>\n<tr>\n<td>Guilherme da Costa Meyer<\/td>\n<td>Doutorado<\/td>\n<td>Marco Antonio Bettine de Almeida<\/td>\n<td>CAPES<\/td>\n<\/tr>\n<tr>\n<td>Gunther Rocha Ishiyama<\/td>\n<td>Mestrado<\/td>\n<td>Douglas Roque Andrade<\/td>\n<td><\/td>\n<\/tr>\n<tr>\n<td>Gustavo Carneiro Vidigal Cavalcanti<\/td>\n<td>Doutorado<\/td>\n<td>Ursula Dias Peres<\/td>\n<td>USP<\/td>\n<\/tr>\n<tr>\n<td>Gustavo Henrique Heluane de Souza<\/td>\n<td>Mestrado<\/td>\n<td>Eduardo de Lima Caldas<\/td>\n<td><\/td>\n<\/tr>\n<tr>\n<td>Gustavo Kenzo Yokota<\/td>\n<td>Doutorado<\/td>\n<td>Marco Antonio Bettine de Almeida<\/td>\n<td><\/td>\n<\/tr>\n<tr>\n<td>Hell Mello do Espirito Santo<\/td>\n<td>Mestrado<\/td>\n<td>Elizabete Franco Cruz<\/td>\n<td>FAPESP<\/td>\n<\/tr>\n<tr>\n<td>Helleny Nobre da Silva<\/td>\n<td>Doutorado<\/td>\n<td>Douglas Roque Andrade<\/td>\n<td><\/td>\n<\/tr>\n<tr>\n<td>Henrique Lopes Silva<\/td>\n<td>Mestrado<\/td>\n<td>Cynthia Harumy Watanabe Correa<\/td>\n<td>UNIVESP<\/td>\n<\/tr>\n<tr>\n<td>Hugo Leonardo Silva Mansur<\/td>\n<td>Doutorado<\/td>\n<td>Marcelo Vilela de Almeida<\/td>\n<td>CAPES<\/td>\n<\/tr>\n<tr>\n<td>Isabella Fontes Monteiro<\/td>\n<td>Doutorado<\/td>\n<td>Claudia Medeiros de Castro<\/td>\n<td>UNIVESP<\/td>\n<\/tr>\n<tr>\n<td>Isis Harumi Akagi<\/td>\n<td>Doutorado<\/td>\n<td>Beatriz Helena Fonseca Ferreira Pires<\/td>\n<td>CAPES<\/td>\n<\/tr>\n<tr>\n<td>Ismael Eduardo Schwartzberg Arteaga<\/td>\n<td>Doutorado<\/td>\n<td>Val\u00e9ria Barbosa de Magalh\u00e3es<\/td>\n<td>PAE<\/td>\n<\/tr>\n<tr>\n<td>\u00cdtalo Alberto do Nascimento Sousa<\/td>\n<td>Doutorado<\/td>\n<td>Jorge Alberto Silva Machado Villanueva<\/td>\n<td>CAPES<\/td>\n<\/tr>\n<tr>\n<td>Jaqueline Paix\u00e3o da Cruz Arag\u00e3o<\/td>\n<td>Mestrado<\/td>\n<td>Soraia Ansara<\/td>\n<td><\/td>\n<\/tr>\n<tr>\n<td>Jasmine Cristina Paula Santos<\/td>\n<td>Mestrado<\/td>\n<td>Diamantino Alves Correia Pereira<\/td>\n<td><\/td>\n<\/tr>\n<tr>\n<td>Jenifer Daniele de Lima Santos<\/td>\n<td>Mestrado<\/td>\n<td>Elizabete Franco Cruz<\/td>\n<td>CAPES<\/td>\n<\/tr>\n<tr>\n<td>Jessica Ferreira<\/td>\n<td>Mestrado<\/td>\n<td>&#8211;<\/td>\n<td><\/td>\n<\/tr>\n<tr>\n<td>J\u00e9ssica Rocha<\/td>\n<td>Doutorado<\/td>\n<td>Douglas Roque Andrade<\/td>\n<td>CAPES<\/td>\n<\/tr>\n<tr>\n<td>Jhonatan Wandrey Andrade Souto<\/td>\n<td>Mestrado<\/td>\n<td>Tiaraju Pablo D&#8217;Andrea<\/td>\n<td><\/td>\n<\/tr>\n<tr>\n<td>Jihad Hassan Hammadeh<\/td>\n<td>Doutorado<\/td>\n<td>Rosely Aparecida Liguori Imbernon<\/td>\n<td><\/td>\n<\/tr>\n<tr>\n<td>Jo\u00e3o Jos\u00e9 dos Santos Junior<\/td>\n<td>Doutorado<\/td>\n<td>Silvia Helena Zanirato<\/td>\n<td><\/td>\n<\/tr>\n<tr>\n<td>Jobana Moya Rodrigues<\/td>\n<td>Mestrado<\/td>\n<td>Claudia Medeiros de Castro<\/td>\n<td><\/td>\n<\/tr>\n<tr>\n<td>Jonas Mendon\u00e7a Santana<\/td>\n<td>Doutorado<\/td>\n<td>Douglas Roque Andrade<\/td>\n<td><\/td>\n<\/tr>\n<tr>\n<td>Jorge Jos\u00e9 Pereira Filho<\/td>\n<td>Doutorado<\/td>\n<td>Dennis de Oliveira<\/td>\n<td><\/td>\n<\/tr>\n<tr>\n<td>Jos\u00e9 Rodolfo Beluzo<\/td>\n<td>Doutorado<\/td>\n<td>Gisele da Silva Craveiro<\/td>\n<td><\/td>\n<\/tr>\n<tr>\n<td>Joselicio Freitas dos Santos Junior<\/td>\n<td>Doutorado<\/td>\n<td>Dennis de Oliveira<\/td>\n<td><\/td>\n<\/tr>\n<tr>\n<td>Juliana Maria de Barros Freire<\/td>\n<td>Doutorado<\/td>\n<td>Zysman Neiman<\/td>\n<td><\/td>\n<\/tr>\n<tr>\n<td>Juliano Conde Bambi<\/td>\n<td>Doutorado<\/td>\n<td>Marco Antonio Bettine de Almeida<\/td>\n<td>PDC<\/td>\n<\/tr>\n<tr>\n<td>Juliel Souza da Silva<\/td>\n<td>Mestrado<\/td>\n<td>Val\u00e9ria Barbosa de Magalh\u00e3es<\/td>\n<td><\/td>\n<\/tr>\n<tr>\n<td>Kaique Souza Costa<\/td>\n<td>Mestrado<\/td>\n<td>Tiaraju Pablo D&#8217;Andrea<\/td>\n<td><\/td>\n<\/tr>\n<tr>\n<td>Karen Leticia Trindade Bertoldo<\/td>\n<td>Mestrado<\/td>\n<td>Rosely Aparecida Liguori Imbernon<\/td>\n<td><\/td>\n<\/tr>\n<tr>\n<td>Karina de Sousa Trindade<\/td>\n<td>Mestrado<\/td>\n<td>Val\u00e9ria Barbosa de Magalh\u00e3es<\/td>\n<td><\/td>\n<\/tr>\n<tr>\n<td>Katrine Pacheco da Silva<\/td>\n<td>Mestrado<\/td>\n<td>Marilia Velardi<\/td>\n<td><\/td>\n<\/tr>\n<tr>\n<td>Kenyatta Mugo dos Santos Filho<\/td>\n<td>Doutorado<\/td>\n<td>Dennis de Oliveira<\/td>\n<td><\/td>\n<\/tr>\n<tr>\n<td>Kevin Rigotti Prestes<\/td>\n<td>Doutorado<\/td>\n<td>Marcelo Vilela de Almeida<\/td>\n<td><\/td>\n<\/tr>\n<tr>\n<td>Kezia Aparecida da Silva<\/td>\n<td>Mestrado<\/td>\n<td>Tiaraju Pablo D&#8217;Andrea<\/td>\n<td><\/td>\n<\/tr>\n<tr>\n<td>Kyury Silva de Assis<\/td>\n<td>Doutorado<\/td>\n<td>&#8211;<\/td>\n<td><\/td>\n<\/tr>\n<tr>\n<td>Laura Mendes Souza<\/td>\n<td>Mestrado<\/td>\n<td>Silvia Helena Zanirato<\/td>\n<td><\/td>\n<\/tr>\n<tr>\n<td>Lenina Vernucci da Silva<\/td>\n<td>Doutorado<\/td>\n<td>Cynthia Harumy Watanabe Correa<\/td>\n<td>CAPES<\/td>\n<\/tr>\n<tr>\n<td>Lhayla Thalyta Moraes Joaquim Basilio<\/td>\n<td>Mestrado<\/td>\n<td>&#8211;<\/td>\n<td><\/td>\n<\/tr>\n<tr>\n<td>L\u00edgia Helena de Almeida<\/td>\n<td>Doutorado<\/td>\n<td>Marilia Velardi<\/td>\n<td><\/td>\n<\/tr>\n<tr>\n<td>Lissa Augusta Duarte Santi<\/td>\n<td>Doutorado<\/td>\n<td>Marilia Velardi<\/td>\n<td><\/td>\n<\/tr>\n<tr>\n<td>Luana Barbosa de Andrade<\/td>\n<td>Mestrado<\/td>\n<td>&#8211;<\/td>\n<td><\/td>\n<\/tr>\n<tr>\n<td>Luciana Harumi dos Santos Sakano<\/td>\n<td>Doutorado<\/td>\n<td>Marcelo Vilela de Almeida<\/td>\n<td><\/td>\n<\/tr>\n<tr>\n<td>Luciana Silva Avelino<\/td>\n<td>Mestrado<\/td>\n<td>Douglas Roque Andrade<\/td>\n<td><\/td>\n<\/tr>\n<tr>\n<td>Luiz Carlos Rodrigues dos Santos<\/td>\n<td>Mestrado<\/td>\n<td>Marilia Velardi<\/td>\n<td><\/td>\n<\/tr>\n<tr>\n<td>Luiz Guilherme Farias de Paula<\/td>\n<td>Mestrado<\/td>\n<td>Claudia Rosa Acevedo<\/td>\n<td>CAPES<\/td>\n<\/tr>\n<tr>\n<td>Luzimar Soares Bernardo<\/td>\n<td>Doutorado<\/td>\n<td>Marcelo Vilela de Almeida<\/td>\n<td><\/td>\n<\/tr>\n<tr>\n<td>Luzinete Ramos Borges<\/td>\n<td>Mestrado<\/td>\n<td>Tiaraju Pablo D&#8217;Andrea<\/td>\n<td><\/td>\n<\/tr>\n<tr>\n<td>Mait\u00ea de Oliveira Freitas<\/td>\n<td>Doutorado<\/td>\n<td>Elizabete Franco Cruz<\/td>\n<td>CAPES<\/td>\n<\/tr>\n<tr>\n<td>Mara Rita Oriolo de Almeida<\/td>\n<td>Doutorado<\/td>\n<td>Tiaraju Pablo D&#8217;Andrea<\/td>\n<td><\/td>\n<\/tr>\n<tr>\n<td>Marcelo Levy Perrucci<\/td>\n<td>Doutorado<\/td>\n<td>Gisele da Silva Craveiro<\/td>\n<td><\/td>\n<\/tr>\n<tr>\n<td>Marcia Mayumi Ninomiya<\/td>\n<td>Mestrado<\/td>\n<td>Martin Jayo<\/td>\n<td><\/td>\n<\/tr>\n<tr>\n<td>Marco C\u00e9sar Barbaresco<\/td>\n<td>Mestrado<\/td>\n<td>Jorge Alberto Silva Machado Villanueva<\/td>\n<td><\/td>\n<\/tr>\n<tr>\n<td>Marcos Ces\u00e1rio<\/td>\n<td>Mestrado<\/td>\n<td>Claudia Rosa Acevedo<\/td>\n<td><\/td>\n<\/tr>\n<tr>\n<td>Marcos Henrique Gon\u00e7alves<\/td>\n<td>Doutorado<\/td>\n<td>Cynthia Harumy Watanabe Correa<\/td>\n<td><\/td>\n<\/tr>\n<tr>\n<td>Maria Carolina Casati Digiampietri<\/td>\n<td>Doutorado<\/td>\n<td>Val\u00e9ria Barbosa de Magalh\u00e3es<\/td>\n<td>CAPES<\/td>\n<\/tr>\n<tr>\n<td>Maria Carolina Lucas de Lima<\/td>\n<td>Mestrado<\/td>\n<td>Cynthia Harumy Watanabe Correa<\/td>\n<td><\/td>\n<\/tr>\n<tr>\n<td>Maria Clara de Oliveira<\/td>\n<td>Mestrado<\/td>\n<td>&#8211;<\/td>\n<td><\/td>\n<\/tr>\n<tr>\n<td>Maria Emilia Gomes de S\u00e1<\/td>\n<td>Doutorado<\/td>\n<td>Diamantino Alves Correia Pereira<\/td>\n<td><\/td>\n<\/tr>\n<tr>\n<td>Maria Luisa Bertelle Farom<\/td>\n<td>Doutorado<\/td>\n<td>&#8211;<\/td>\n<td><\/td>\n<\/tr>\n<tr>\n<td>Mariana Galluzzi de Sa<\/td>\n<td>Doutorado<\/td>\n<td>Cristiane Kerches da Silva Leite<\/td>\n<td><\/td>\n<\/tr>\n<tr>\n<td>Mar\u00edlia Balbi Silveira<\/td>\n<td>Doutorado<\/td>\n<td>Patricia Junqueira Grandino<\/td>\n<td><\/td>\n<\/tr>\n<tr>\n<td>Marina Thereza Santos de Souza Ozdemir<\/td>\n<td>Doutorado Direto<\/td>\n<td>Marco Antonio Bettine de Almeida<\/td>\n<td>FAPESP<\/td>\n<\/tr>\n<tr>\n<td>Matheus de Moraes Carvalho<\/td>\n<td>Doutorado<\/td>\n<td>Valdirene Daufemback<\/td>\n<td><\/td>\n<\/tr>\n<tr>\n<td>Matheus Lopes Izidoro<\/td>\n<td>Mestrado<\/td>\n<td>Cristiane Kerches da Silva Leite<\/td>\n<td><\/td>\n<\/tr>\n<tr>\n<td>Mayara de Almeida Barbosa<\/td>\n<td>Mestrado<\/td>\n<td>&#8211;<\/td>\n<td><\/td>\n<\/tr>\n<tr>\n<td>Mayara Ferreira da Costa Patr\u00e3o<\/td>\n<td>Mestrado<\/td>\n<td>Cristiane Kerches da Silva Leite<\/td>\n<td><\/td>\n<\/tr>\n<tr>\n<td>Mayara Maria Alonge dos Santos<\/td>\n<td>Doutorado<\/td>\n<td>Marcos Bernardino de Carvalho<\/td>\n<td><\/td>\n<\/tr>\n<tr>\n<td>Mayra Ribeiro de Oliveira<\/td>\n<td>Mestrado<\/td>\n<td>Elizabete Franco Cruz<\/td>\n<td><\/td>\n<\/tr>\n<tr>\n<td>Millary Christian Candido Nunes<\/td>\n<td>Mestrado<\/td>\n<td>Douglas Roque Andrade<\/td>\n<td><\/td>\n<\/tr>\n<tr>\n<td>Nicole Ferreira Fernandes<\/td>\n<td>Doutorado<\/td>\n<td>Cynthia Harumy Watanabe Correa<\/td>\n<td><\/td>\n<\/tr>\n<tr>\n<td>Paulo Antonio Escobar Gonzalez<\/td>\n<td>Mestrado<\/td>\n<td>Juliana Pedreschi Rodrigues<\/td>\n<td>CAPES<\/td>\n<\/tr>\n<tr>\n<td>Paulo Cesar de Abreu Paiva J\u00fanior<\/td>\n<td>Doutorado<\/td>\n<td>Soraia Ansara<\/td>\n<td><\/td>\n<\/tr>\n<tr>\n<td>Priscila de Aquino Matos<\/td>\n<td>Mestrado<\/td>\n<td>Dennis de Oliveira<\/td>\n<td><\/td>\n<\/tr>\n<tr>\n<td>Priscila de Nadai Fonseca<\/td>\n<td>Mestrado<\/td>\n<td>Marilia Velardi<\/td>\n<td><\/td>\n<\/tr>\n<tr>\n<td>Queila Cristiane de Lima Rodrigues<\/td>\n<td>Mestrado<\/td>\n<td>Val\u00e9ria Barbosa de Magalh\u00e3es<\/td>\n<td>CAPES<\/td>\n<\/tr>\n<tr>\n<td>Rachel Mac\u00eado Rocha<\/td>\n<td>Doutorado<\/td>\n<td>Elizabete Franco Cruz<\/td>\n<td><\/td>\n<\/tr>\n<tr>\n<td>Rafael Fernandes Rocha Damasceno<\/td>\n<td>Mestrado<\/td>\n<td>Elizabete Franco Cruz<\/td>\n<td><\/td>\n<\/tr>\n<tr>\n<td>Raquel Fernandes de Ara\u00fajo Rodrigues<\/td>\n<td>Doutorado<\/td>\n<td>Silvia Helena Zanirato<\/td>\n<td><\/td>\n<\/tr>\n<tr>\n<td>Raquel Requena Rachid<\/td>\n<td>Doutorado<\/td>\n<td>Juliana Pedreschi Rodrigues<\/td>\n<td><\/td>\n<\/tr>\n<tr>\n<td>Renata Leite Manoel de Jesus<\/td>\n<td>Doutorado<\/td>\n<td>Cristiane Kerches da Silva Leite<\/td>\n<td><\/td>\n<\/tr>\n<tr>\n<td>Renato de Oliveira dos Santos<\/td>\n<td>Doutorado<\/td>\n<td>Sidnei Raimundo<\/td>\n<td>CAPES<\/td>\n<\/tr>\n<tr>\n<td>Renato Pinheiro Ferreira<\/td>\n<td>Doutorado<\/td>\n<td>Gisele da Silva Craveiro<\/td>\n<td><\/td>\n<\/tr>\n<tr>\n<td>Roberto Lucas Junior<\/td>\n<td>Mestrado<\/td>\n<td>Juliana Pedreschi Rodrigues<\/td>\n<td><\/td>\n<\/tr>\n<tr>\n<td>Rocio de Pilar Davila Hgoaman<\/td>\n<td>Mestrado<\/td>\n<td>Jorge Alberto Silva Machado Villanueva<\/td>\n<td>CAPES<\/td>\n<\/tr>\n<tr>\n<td>Rodrigo Crivelaro<\/td>\n<td>Doutorado<\/td>\n<td>Elizabete Franco Cruz<\/td>\n<td>USP<\/td>\n<\/tr>\n<tr>\n<td>Rodrigo de Araujo Merida Sanches<\/td>\n<td>Doutorado<\/td>\n<td>Dennis de Oliveira<\/td>\n<td>CAPES<\/td>\n<\/tr>\n<tr>\n<td>Rodrigo de Souza Oliveira<\/td>\n<td>Doutorado<\/td>\n<td>Cristiane Kerches da Silva Leite<\/td>\n<td><\/td>\n<\/tr>\n<tr>\n<td>Rodrigo Luppi dos Passos<\/td>\n<td>Doutorado<\/td>\n<td>Ursula Dias Peres<\/td>\n<td><\/td>\n<\/tr>\n<tr>\n<td>Roseana Sathler Portes Pereira<\/td>\n<td>Doutorado<\/td>\n<td>Beatriz Helena Fonseca Ferreira Pires<\/td>\n<td><\/td>\n<\/tr>\n<tr>\n<td>Ruth Goldberg<\/td>\n<td>Mestrado<\/td>\n<td>Zysman Neiman<\/td>\n<td><\/td>\n<\/tr>\n<tr>\n<td>Samira Gama da Silva<\/td>\n<td>Doutorado<\/td>\n<td>Rosely Aparecida Liguori Imbernon<\/td>\n<td><\/td>\n<\/tr>\n<tr>\n<td>Sandra Regina Ramos Braz<\/td>\n<td>Doutorado<\/td>\n<td>Soraia Ansara<\/td>\n<td>CAPES<\/td>\n<\/tr>\n<tr>\n<td>Sem\u00edramis Costa Chicareli<\/td>\n<td>Doutorado<\/td>\n<td>Martin Jayo<\/td>\n<td><\/td>\n<\/tr>\n<tr>\n<td>Sergio Leandro Cordeiro da Silva<\/td>\n<td>Mestrado<\/td>\n<td>&#8211;<\/td>\n<td><\/td>\n<\/tr>\n<tr>\n<td>Sergio Roberto Rocha<\/td>\n<td>Doutorado<\/td>\n<td>&#8211;<\/td>\n<td><\/td>\n<\/tr>\n<tr>\n<td>Sharlene de Souza Queiroz<\/td>\n<td>Doutorado<\/td>\n<td>Juliana Pedreschi Rodrigues<\/td>\n<td><\/td>\n<\/tr>\n<tr>\n<td>Sidney dos Santos<\/td>\n<td>Mestrado<\/td>\n<td>Diamantino Alves Correia Pereira<\/td>\n<td><\/td>\n<\/tr>\n<tr>\n<td>Simone Lima Azevedo<\/td>\n<td>Doutorado<\/td>\n<td>Elizabete Franco Cruz<\/td>\n<td>Univesp<\/td>\n<\/tr>\n<tr>\n<td>Simone Monteiro Cardoso<\/td>\n<td>Doutorado<\/td>\n<td>Rosely Aparecida Liguori Imbernon<\/td>\n<td><\/td>\n<\/tr>\n<tr>\n<td>Solange de Jesus Borelli dos Santos<\/td>\n<td>Doutorado Direto<\/td>\n<td>Marilia Velardi<\/td>\n<td><\/td>\n<\/tr>\n<tr>\n<td>Tais Aparecida Soares de Lima<\/td>\n<td>Mestrado<\/td>\n<td>Cynthia Harumy Watanabe Correa<\/td>\n<td>USP<\/td>\n<\/tr>\n<tr>\n<td>Ta\u00eds Rodrigues Tesser<\/td>\n<td>Mestrado<\/td>\n<td>Elizabete Franco Cruz<\/td>\n<td>CNPq<\/td>\n<\/tr>\n<tr>\n<td>Talita Fernanda Ferreira Ramos<\/td>\n<td>Doutorado<\/td>\n<td>Claudia Rosa Acevedo<\/td>\n<td><\/td>\n<\/tr>\n<tr>\n<td>T\u00e2mara Pacheco<\/td>\n<td>Doutorado<\/td>\n<td>Soraia Ansara<\/td>\n<td>PrCEU<\/td>\n<\/tr>\n<tr>\n<td>Tania Maria de Souza<\/td>\n<td>Doutorado<\/td>\n<td>Silvia Helena Zanirato<\/td>\n<td><\/td>\n<\/tr>\n<tr>\n<td>Tomaz Soares Cant\u00e9<\/td>\n<td>Mestrado<\/td>\n<td>Jorge Alberto Silva Machado Villanueva<\/td>\n<td><\/td>\n<\/tr>\n<tr>\n<td>Val\u00e9ria Aparecida de Oliveira Silva<\/td>\n<td>Doutorado<\/td>\n<td>Soraia Ansara<\/td>\n<td><\/td>\n<\/tr>\n<tr>\n<td>Vanessa Tatiana Aze\u00f1as Mallea<\/td>\n<td>Doutorado<\/td>\n<td>Marilia Velardi<\/td>\n<td>PAPFE<\/td>\n<\/tr>\n<tr>\n<td>Venicios Oliveira Alves<\/td>\n<td>Doutorado<\/td>\n<td>Diamantino Alves Correia Pereira<\/td>\n<td>CAPES<\/td>\n<\/tr>\n<tr>\n<td>Vict\u00f3ria Andrade Pecorari<\/td>\n<td>Mestrado<\/td>\n<td>Juliana Pedreschi Rodrigues<\/td>\n<td><\/td>\n<\/tr>\n<tr>\n<td>Vinicius Amancio de Lima Hirsch<\/td>\n<td>Mestrado<\/td>\n<td>&#8211;<\/td>\n<td><\/td>\n<\/tr>\n<tr>\n<td>Vinicius Carlos Santos Crochat<\/td>\n<td>Mestrado<\/td>\n<td>Cristiane Kerches da Silva Leite<\/td>\n<td><\/td>\n<\/tr>\n<tr>\n<td>Vinicius Felix da Silva<\/td>\n<td>Doutorado<\/td>\n<td>Cristiane Kerches da Silva Leite<\/td>\n<td><\/td>\n<\/tr>\n<tr>\n<td>Viviane Soranso dos Santos<\/td>\n<td>Doutorado<\/td>\n<td>Juliana Pedreschi Rodrigues<\/td>\n<td><\/td>\n<\/tr>\n<tr>\n<td>Wagner Luciano da Silva<\/td>\n<td>Mestrado<\/td>\n<td>&#8211;<\/td>\n<td><\/td>\n<\/tr>\n<tr>\n<td>Wagner Luiz Taques da Rocha<\/td>\n<td>Doutorado<\/td>\n<td>Gisele da Silva Craveiro<\/td>\n<td><\/td>\n<\/tr>\n<\/tbody>\n<\/table>\n","protected":false},"excerpt":{"rendered":"<p>Nome Curso Orientador Financiamento Adriana Casarotto Terra Doutorado Martin Jayo CAPES Adriana Monteiro da Silva Doutorado Reinaldo Tadeu Boscolo Pacheco Alan Felipe Alves dos Santos Mestrado Cynthia Harumy Watanabe Correa Alana Fagundes Val\u00e9rio Doutorado Jorge Alberto Silva Machado Villanueva Aldo Luiz Leoni Doutorado Diosnio Machado Neto Alex Lopes Granja Doutorado Douglas Roque Andrade Alexandra Linda Herbst Matos Doutorado &#8211; Alice Matos dos Reis Rocha Mestrado Claudia Medeiros de Castro Aline Lis Ramos Pereira Doutorado Ana Paula Fracalanza Aline Silva Dias Mestrado Marco Antonio Bettine de Almeida Alissa Fernanda Santos Malheiros Mestrado &#8211; Almir Douglas de Oliveira Marcellino Mestrado Rosely Aparecida Liguori Imbernon Almir Douglas de Oliveira Marcellino Mestrado Rosely Aparecida Liguori Imbernon Almir Douglas de Oliveira Marcellino Mestrado Rosely Aparecida Liguori Imbernon Almir Douglas de Oliveira Marcellino Mestrado Rosely Aparecida Liguori Imbernon Amanda Andr\u00e9 Sabino Santos Doutorado Ana Paula Fracalanza Amanda Malaquias dos Santos Doutorado Cristiane Kerches da Silva Leite Ana Carolina de Campos Honora Doutorado Sidnei Raimundo Ana Claudia Sanches Baptista Doutorado Marcelo Vilela de Almeida CNPq Ana Paula Alves de Carvalho Martins Mestrado Val\u00e9ria Barbosa de Magalh\u00e3es Anderson Almeida da Silva Doutorado Claudia Medeiros de Castro Andr\u00e9 Ricardo Martelini Doutorado Ursula Dias Peres Andressa Roberta Borotti Doutorado Beatriz [&#8230;]<\/p>\n","protected":false},"author":369,"featured_media":0,"parent":0,"menu_order":0,"comment_status":"closed","ping_status":"closed","template":"","meta":{"footnotes":"","_links_to":"","_links_to_target":""},"class_list":["post-1868","page","type-page","status-publish","hentry"],"_links":{"self":[{"href":"https:\/\/sites.usp.br\/promuspp\/wp-json\/wp\/v2\/pages\/1868","targetHints":{"allow":["GET"]}}],"collection":[{"href":"https:\/\/sites.usp.br\/promuspp\/wp-json\/wp\/v2\/pages"}],"about":[{"href":"https:\/\/sites.usp.br\/promuspp\/wp-json\/wp\/v2\/types\/page"}],"author":[{"embeddable":true,"href":"https:\/\/sites.usp.br\/promuspp\/wp-json\/wp\/v2\/users\/369"}],"replies":[{"embeddable":true,"href":"https:\/\/sites.usp.br\/promuspp\/wp-json\/wp\/v2\/comments?post=1868"}],"version-history":[{"count":3,"href":"https:\/\/sites.usp.br\/promuspp\/wp-json\/wp\/v2\/pages\/1868\/revisions"}],"predecessor-version":[{"id":1898,"href":"https:\/\/sites.usp.br\/promuspp\/wp-json\/wp\/v2\/pages\/1868\/revisions\/1898"}],"wp:attachment":[{"href":"https:\/\/sites.usp.br\/promuspp\/wp-json\/wp\/v2\/media?parent=1868"}],"curies":[{"name":"wp","href":"https:\/\/api.w.org\/{rel}","templated":true}]}}