{"id":859,"date":"2020-05-12T01:19:51","date_gmt":"2020-05-12T04:19:51","guid":{"rendered":"https:\/\/sites.usp.br\/promuspp\/?page_id=859"},"modified":"2025-05-05T19:23:18","modified_gmt":"2025-05-05T22:23:18","slug":"grupos-de-pesquisa","status":"publish","type":"page","link":"https:\/\/sites.usp.br\/promuspp\/grupos-de-pesquisa\/","title":{"rendered":"Grupos de Pesquisa"},"content":{"rendered":"\n<h5 class=\"wp-block-heading\"><\/h5>\n\n\n\n<p><span style=\"color: #000000;\"><b>&nbsp;Nome do grupo:<\/b><\/span><br>\nRede Mobilidade Periferias (Redemopes)<\/p>\n\n\n\n<p><span style=\"color: #000000;\"><b>Professor respons\u00e1vel:<\/b><\/span><br>\nRicardo Barbosa da Silva<\/p>\n\n\n\n<p><span style=\"color: #000000;\"><b>Integrantes:<br>\n<\/b><\/span><br>\n<span style=\"color: #000000;\"><b>Pesquisadore(a)s ativo(a)s:<\/b><\/span><br>\n&#8211; Bruno Candido dos Santos (Dr. Geografia Humana USP)<br>\n&#8211; Daniel Aftimus Santini Franco (Fund. Rosa Luxemburgo \/ Doutorando FAU USP)<br>\n&#8211; Fl\u00e1via Ulian (Fatec Tatuap\u00e9)<br>\n&#8211; Silvana Zioni (UFABC)<\/p>\n\n\n\n<p><span style=\"color: #000000;\"><b>Estudantes de Gradua\u00e7\u00e3o:<\/b><\/span><br>\n&#8211; Andressa da Silva Gomes (Geografia Unifesp Zona Leste)<br>\n&#8211; B\u00e1rbara Helena da Silva Montalva (Geografia Unifesp Zona Leste \u2013 egressa)<br>\n&#8211; Luana Damasceno Amancio (Geografia Unifesp Zona Leste)<br>\n&#8211; Lucas Matos Anjos da Silva (Geografia Unifesp Zona Leste)<\/p>\n\n\n\n<p><span style=\"color: #000000;\"><b>Estudantes de P\u00f3s-Gradua\u00e7\u00e3o:<\/b><\/span><br>\n&#8211; Gabriel de Oliveira Monteiro (ProMuSSP EACH USP)<\/p>\n\n\n\n<p><span style=\"color: #000000;\"><b>&nbsp;Links:<\/b><\/span><br>\nDiret\u00f3rio CNPq: <a href=\"http:\/\/dgp.cnpq.br\/dgp\/espelhogrupo\/526058\" target=\"_blank\" rel=\"noopener\">http:\/\/dgp.cnpq.br\/dgp\/espelhogrupo\/526058<\/a><br>\nInstagram: <a href=\"https:\/\/www.instagram.com\/redemobilidadeperiferias\" target=\"_blank\" rel=\"noopener\">@redemobilidadeperiferias<\/a><\/p>\n\n\n\n<p><span style=\"color: #000000;\"><b>Contato:<\/b><\/span><br>\nE-mail: redemobilidadeperiferias@gmail.com<\/p>\n\n\n\n<p>O grupo Rede Mobilidade Periferias (Redemopes) foi criado em 2019, com registro no diret\u00f3rio de grupos do CNPq. Este grupo est\u00e1 vinculado ao Instituto das Cidades, Campus Zona Leste, Unifesp e, mais recentemente, ao Programa de P\u00f3s-Gradua\u00e7\u00e3o em Mudan\u00e7a Social e Participa\u00e7\u00e3o Pol\u00edtica (ProMuSSP), EACH-USP.<\/p>\n\n\n\n<p>Sua origem est\u00e1 ligada \u00e0 necessidade de cria\u00e7\u00e3o de um espa\u00e7o multidisciplinar voltado \u00e0 produ\u00e7\u00e3o de conhecimento, ensino e a\u00e7\u00f5es extensionistas sobre mobilidade urbana. Desde ent\u00e3o, o grupo busca atuar como um canal de articula\u00e7\u00e3o em rede, conectando iniciativas acad\u00eamicas, \u00f3rg\u00e3os p\u00fablicos e a sociedade civil organizada, com foco especial nas periferias urbanas das cidades brasileiras.<\/p>\n\n\n\n<hr class=\"wp-block-separator has-alpha-channel-opacity\"\/>\n\n\n\n<p>&nbsp;<\/p>\n\n\n\n<p><span style=\"color: #000000;\"><b>&nbsp;Nome do grupo:<\/b><\/span><br>\nGrupo de Pesquisa Corpo e Cultura (UFRB\/UFBA\/CNPq)<\/p>\n\n\n\n<p><span style=\"color: #000000;\"><b>Professor respons\u00e1vel:<\/b><\/span><br>\nCoordenadora: Profa. Dra. Renata Pitombo Cidreira (UFRB)<br>\nVice-coordenadora: Profa. Dra. Beatriz Helena Fonseca Ferreira Pires (USP)<\/p>\n\n\n\n<p><span style=\"color: #000000;\"><b>&nbsp;Integrantes:<\/b><\/span><br>\n<span style=\"color: #000000;\"><b>Linhas de pesquisa:<\/b><\/span><\/p>\n\n\n\n<p><span style=\"color: #000000;\"><b>Corpo e express\u00e3o<\/b><\/span><br>\n&#8211; Quantidade de Estudantes: 46<br>\n&#8211; Quantidade de Pesquisadores: 11<\/p>\n\n\n\n<p><span style=\"color: #000000;\"><b>Corpo e pol\u00edtica<\/b><\/span><br>\n&#8211; Quantidade de Estudantes: 07<br>\n&#8211; Quantidade de Pesquisadores: 03<\/p>\n\n\n\n<p><span style=\"color: #000000;\"><b>Links:<\/b><\/span><br>\nDiret\u00f3rio CNPq: <a href=\"http:\/\/dgp.cnpq.br\/dgp\/espelhogrupo\/8428295513059845\" target=\"_blank\" rel=\"noopener\">http:\/\/dgp.cnpq.br\/dgp\/espelhogrupo\/8428295513059845<\/a><br>\nInstagram: <a href=\"https:\/\/www.instagram.com\/gpcorpoecultura\/\" target=\"_blank\" rel=\"noopener\">@gpcorpoecultura<\/a><\/p>\n\n\n\n<p><span style=\"color: #000000;\"><b>Contato:<\/b><\/span><br>\nE-mail: gpcorpoecultura@gmail.com<br>\nWhatsApp: (n\u00e3o informado)<\/p>\n\n\n\n<p><span style=\"color: #000000;\"><b>Descri\u00e7\u00e3o:<\/b><\/span><br>\nO presente grupo re\u00fane professores e alunos dos cursos de Comunica\u00e7\u00e3o Social e Ci\u00eancias Sociais da Universidade Federal do Rec\u00f4ncavo da Bahia.<\/p>\n\n\n\n<p><span style=\"color: #000000;\"><b>Ementa:<\/b><\/span><br>\nConsiderando-se os diversos n\u00edveis de articula\u00e7\u00e3o que envolvem a compreens\u00e3o do corpo, como inst\u00e2ncia significativa, em suas modula\u00e7\u00f5es e aspectos interseccionais, podemos observar que, a despeito do relativo ac\u00famulo que a produ\u00e7\u00e3o acad\u00eamica tem realizado, destaca-se a necessidade de aprofundamento de investiga\u00e7\u00f5es que incorporem sensibilidade cr\u00edtica e te\u00f3rica para os modos de experimenta\u00e7\u00f5es e viv\u00eancias corporais, em contextos diversos.<\/p>\n\n\n\n<p>S\u00e3o de interesse do Grupo os estudos de g\u00eanero, os modos sociais de exerc\u00edcio da sexualidade; a rela\u00e7\u00e3o entre corpo, gera\u00e7\u00f5es e estilo de vida; as pol\u00edticas visuais da corporeidade e sua intera\u00e7\u00e3o com o universo das mercadorias e com o campo cultural-art\u00edstico; bem como a performatividade corporal.<\/p>\n\n\n\n<p><span style=\"color: #000000;\"><b>Atividades:<\/b><\/span><br>\nS\u00e3o realizados encontros mensais do grupo, semin\u00e1rios anuais, al\u00e9m de exposi\u00e7\u00f5es, bate-papos e participa\u00e7\u00e3o em mesas-redondas.<\/p>\n\n\n\n<p><\/p>\n\n\n\n<hr><br>\n<strong><font color=\"black\">Nome do grupo<\/strong><\/font>: ECOAR &#8211; Estudos em Corpo e Arte\n\n<p><strong><font color=\"black\">Professora respons\u00e1vel:<\/strong> Dra. Marilia Velardi<\/p><\/font>\n\n<p><strong><font color=\"black\">Integrantes:<\/strong><\/font><br>\nAndreza Gon\u00e7alves Matsumoto<br>\nAnna Carolina Longano<br>\nDiane Boda<br>\nFabiana de Lima Guedes<br>\nGiuliano Tierno<br>\nIsis Akagi<br>\nKatrine Pacheco<br>\nLigia Helena de Almeida<br>\nLuis Carlos Rodrigues dos Santos<br>\nLuiza Freitas<br>\nPriscila Fonseca<br>\nPriscila Jacomo<br>\nRenata Fraz\u00e3o Matsuo<br>\nSolange Borelli<br>\nTamara Katzenstein<br>\nVal\u00e9ria Bonaf\u00e9<br>\nVanessa Tatiana Aze\u00f1as Mallea<br>\nVin\u00edcius Fernandes da Silva<br>\nWesley Fernandez\n<\/p>\n\n<p><strong><font color=\"black\">Links:<\/strong><\/font><br>\n<a href=\"https:\/\/pesquisaqualiemcena.blogspot.com\/\" target=\"_blank\">Blog Pesquisa Quali em Cena<\/a><br>\n<a href=\"https:\/\/www.instagram.com\/ecoar.usp\/\" target=\"_blank\">Instagram<\/a><br>\n<a href=\"https:\/\/www.facebook.com\/pesquisaqualiemcena\" target=\"_blank\">Facebook<\/a><br>\n<a href=\"https:\/\/www.youtube.com\/channel\/UCpN3HJV9vq4UhgW0Dl0YPkg\" target=\"_blank\">YouTube<\/a><br>\n<a href=\"http:\/\/dgp.cnpq.br\/dgp\/espelhogrupo\/4201630064826183\" target=\"_blank\">Diret\u00f3rio CNPq<\/a>\n<\/p>\n\n<p><strong><font color=\"black\">Contato:<\/strong><\/font><br>\nE-mail: <a href=\"mailto:marilia.velardi@usp.br\">marilia.velardi@usp.br<\/a><br>\nE-mail alternativo: <a href=\"mailto:ecoar.usp@gmail.com\">ecoar.usp@gmail.com<\/a>\n<\/p>\n\n<p><strong><font color=\"black\">Descri\u00e7\u00e3o:<\/strong><\/font><br>\nO ECOAR \u00e9 um grupo de pesquisa com atua\u00e7\u00e3o consistente no campo das pesquisas radicalmente qualitativas e das pesquisas baseadas em artes. Suas principais frentes de trabalho incluem a colabora\u00e7\u00e3o com artistas para a constru\u00e7\u00e3o de conhecimento sobre Arte, a busca por epistemologias art\u00edsticas como suporte para as investiga\u00e7\u00f5es qualitativas, a explora\u00e7\u00e3o de metodologias n\u00e3o-convencionais de pesquisa, e a cria\u00e7\u00e3o de estruturas de performances dos dados ou dos conhecimentos produzidos nas investiga\u00e7\u00f5es. Com ampla experi\u00eancia na realiza\u00e7\u00e3o de projetos envolvendo as \u00e1reas de artes, ci\u00eancias e humanidades, o ECOAR tem apoiado e promovido pesquisas com forte intera\u00e7\u00e3o com a sociedade e com contextos locais. Coordenado pela Profa. Dra. Marilia Velardi, o ECOAR est\u00e1 ligado ao ProMuSPP \u2013 Programa de P\u00f3s-Gradua\u00e7\u00e3o em Mudan\u00e7a Social e Participa\u00e7\u00e3o Pol\u00edtica, da EACH-USP, e \u00e9 um dos grupos que integra e colabora com a constru\u00e7\u00e3o da ADISP \u2013 sigla para \u201cA Day in Spanish and Portuguese\u201d \u2013 um coletivo de pesquisadoras e pesquisadores de l\u00edngua portuguesa e espanhola que se consolida no International Congress of Qualitative Inquiry. O grupo realiza reuni\u00f5es regulares na EACH-USP para estudo coletivo de textos de refer\u00eancia, aprecia\u00e7\u00e3o e discuss\u00e3o dos projetos de pesquisa de integrantes, a\u00e7\u00f5es art\u00edsticas colaborativas, entre outras atividades.\n<\/p>\n\n\n\n\n<h5 class=\"wp-block-heading\"><\/h5>\n\n\n\n<p>&nbsp;<\/p>\n\n\n\n<h5 class=\"wp-block-heading western\">Centro de Estudos Latino-Americanos sobre Comunica\u00e7\u00e3o e Cultura<\/h5>\n\n\n\n<p>Coordena\u00e7\u00e3o: Prof. Dr. Dennis de Oliveira.<\/p>\n\n\n\n<p><a href=\"http:\/\/celacc.eca.usp.br\" target=\"_blank\" rel=\"noopener noreferrer\">http:\/\/celacc.eca.usp.br<\/a><\/p>\n\n\n\n<p>&nbsp;<\/p>\n\n\n\n<h5 class=\"wp-block-heading western\">Centro de Estudos, Pesquisa e Documenta\u00e7\u00e3o em Cidades Saud\u00e1veis<\/h5>\n\n\n\n<figure class=\"wp-block-embed\"><div class=\"wp-block-embed__wrapper\">\nhttps:\/\/www.cidadessaudaveis.org.br\/cepedoc\n<\/div><\/figure>\n\n\n\n<p>&nbsp;<\/p>\n\n\n\n<h5 class=\"wp-block-heading\">COLAB \u2013 Colaborat\u00f3rio de desenvolvimento e participa\u00e7\u00e3o<\/h5>\n\n\n\n<p class=\"western\">Gisele da Silva Craveiro<\/p>\n\n\n\n<p><span class=\"\">Jorge Alberto Silva Machado<\/span><\/p>\n\n\n\n<figure class=\"wp-block-embed\"><div class=\"wp-block-embed__wrapper\">\nhttps:\/\/colab.each.usp.br\n<\/div><\/figure>\n\n\n\n<p>&nbsp;<\/p>\n\n\n\n<h5 class=\"wp-block-heading western\">ECOAR&nbsp; &#8211; Estudos em Corpo e Arte<\/h5>\n\n\n\n<p class=\"western\">Coordena\u00e7\u00e3o: Mar\u00edlia Velardi<\/p>\n\n\n\n<figure class=\"wp-block-embed western\"><div class=\"wp-block-embed__wrapper\">\nhttps:\/\/www.youtube.com\/channel\/UCpN3HJV9vq4UhgW0Dl0YPkg\n<\/div><\/figure>\n\n\n\n<figure class=\"wp-block-embed western\"><div class=\"wp-block-embed__wrapper\">\nhttps:\/\/www.instagram.com\/ecoar.usp\n<\/div><\/figure>\n\n\n\n<figure class=\"wp-block-embed western\"><div class=\"wp-block-embed__wrapper\">\nhttps:\/\/www.facebook.com\/pesquisaqualiemcena\n<\/div><\/figure>\n\n\n\n<figure class=\"wp-block-embed western\"><div class=\"wp-block-embed__wrapper\">\nhttps:\/\/pesquisaqualiemcena.blogspot.com\n<\/div><\/figure>\n\n\n\n<p class=\"western\"><span style=\"color: #0563c1;\"><u><a href=\"http:\/\/dgp.cnpq.br\/dgp\/espelhogrupo\/4201630064826183\" target=\"_blank\" rel=\"noopener noreferrer\">Link no Diret\u00f3rio dos Grupos de Pesquisa no Brasil<\/a><\/u><\/span><\/p>\n\n\n\n<p>&nbsp;<\/p>\n\n\n\n<h5 class=\"wp-block-heading\"><strong>Grupo de Estudos e Pesquisas em Educa\u00e7\u00e3o N\u00e3o Formal e Anima\u00e7\u00e3o Sociocultural &#8211; GEPENFAS<\/strong><\/h5>\n\n\n\n<p>Coordena\u00e7\u00e3o: <span class=\"\">Juliana Pedreschi Rodrigues <\/span><\/p>\n\n\n\n<p><a href=\"http:\/\/dgp.cnpq.br\/dgp\/espelhogrupo\/4163073223122916\" target=\"_blank\" rel=\"noopener noreferrer\">Link no Diret\u00f3rio dos Grupos de Pesquisa no Brasil<\/a><\/p>\n\n\n\n<p>&nbsp;<\/p>\n\n\n\n<h5 class=\"wp-block-heading\">Grupo de Estudo e Pesquisa em Hist\u00f3ria Oral e Mem\u00f3ria (GEPHOM\/USP)<\/h5>\n\n\n\n<p>Coordena\u00e7\u00e3o: <a href=\"http:\/\/dgp.cnpq.br\/dgp\/espelhorh\/6909749032793989\" target=\"_blank\" rel=\"noopener noreferrer\">Val\u00e9ria Barbosa de Magalh\u00e3es<\/a><\/p>\n\n\n\n<p><a href=\"http:\/\/www.each.usp.br\/gephom\" target=\"_blank\" rel=\"noopener noreferrer\">http:\/\/www.each.usp.br\/gephom<\/a><\/p>\n\n\n\n<p><a href=\"http:\/\/dgp.cnpq.br\/dgp\/espelhogrupo\/2662665068087592\" target=\"_blank\" rel=\"noopener noreferrer\">Link no Diret\u00f3rio dos Grupos de Pesquisa no Brasil<\/a><\/p>\n\n\n\n<p>&nbsp;<\/p>\n\n\n\n<h5 class=\"wp-block-heading\">Grupo de Pesquisa Dimens\u00e3o Socioambiental e Mudan\u00e7as Socioespaciais<\/h5>\n\n\n\n<p>Coordena\u00e7\u00e3o: <a href=\"http:\/\/dgp.cnpq.br\/dgp\/espelhorh\/6382751265861235\" target=\"_blank\" rel=\"noopener noreferrer\">Diamantino Alves Correia Pereira<\/a><\/p>\n\n\n\n<p><span class=\"\">Marcos Bernardino de Carvalho<\/span><\/p>\n\n\n\n<p>Sidnei Raimundo<\/p>\n\n\n\n<p>Silvia Helena Zanirato<\/p>\n\n\n\n<p><a href=\"http:\/\/dgp.cnpq.br\/dgp\/espelhogrupo\/3569093281588328\" target=\"_blank\" rel=\"noopener noreferrer\">Link no Diret\u00f3rio dos Grupos de Pesquisa no Brasil<\/a><\/p>\n\n\n\n<p>&nbsp;<\/p>\n\n\n\n<h5 class=\"wp-block-heading\">Grupo de Estudos e Pesquisas Epidemiol\u00f3gicas em Atividade F\u00edsica e Sa\u00fade ( GEPAF )<\/h5>\n\n\n\n<p>Douglas Roque Andrade<\/p>\n\n\n\n<p><a href=\"http:\/\/www.each.usp.br\/gepaf\" target=\"_blank\" rel=\"noopener noreferrer\">http:\/\/www.each.usp.br\/gepaf<\/a><\/p>\n\n\n\n<p>&nbsp;<\/p>\n\n\n\n<h5 class=\"wp-block-heading\">Grupo internacional e interdisciplinar de estudos e pesquisas em forma\u00e7\u00e3o de professores para \u00e1rea da sa\u00fade (GIEPS)<\/h5>\n\n\n\n<p><a href=\"http:\/\/www5.each.usp.br\/web\/prof\/giepes\/grupo-de-pesquisa\/\" target=\"_blank\" rel=\"noopener noreferrer\">http:\/\/www5.each.usp.br\/web\/prof\/giepes\/grupo-de-pesquisa\/<\/a><\/p>\n\n\n\n<p>&nbsp;<\/p>\n\n\n\n<h5 class=\"wp-block-heading western\">Laborat\u00f3rio de Musicologia da EACH-USP<\/h5>\n\n\n\n<p>Coordena\u00e7\u00e3o: <span class=\"\">Di\u00f3snio Machado Neto<\/span><\/p>\n\n\n\n<figure class=\"wp-block-embed\"><div class=\"wp-block-embed__wrapper\">\nhttps:\/\/sites.usp.br\/lamus-each\n<\/div><\/figure>\n\n\n\n<p><a href=\"http:\/\/dgp.cnpq.br\/dgp\/espelhogrupo\/5539472041828509\" target=\"_blank\" rel=\"noopener noreferrer\">Link no Diret\u00f3rio dos Grupos de Pesquisa no Brasil:<\/a><\/p>\n\n\n\n<p>&nbsp;<\/p>\n\n\n\n<h5 class=\"wp-block-heading western\">LUDENS (N\u00facleo Interdisciplinar de Pesquisas sobre Futebol e Modalidades L\u00fadicas)<\/h5>\n\n\n\n<p>Coordena\u00e7\u00e3o: <span class=\"\">Marco Bettine <\/span><\/p>\n\n\n\n<p><a href=\"http:\/\/www.usp.br\/ludens\/\" target=\"_blank\" rel=\"noopener noreferrer\">http:\/\/www.usp.br\/ludens\/<\/a><\/p>\n\n\n\n<p><a href=\"http:\/\/dgp.cnpq.br\/dgp\/espelhogrupo\/274724\" target=\"_blank\" rel=\"noopener noreferrer\">Link no Diret\u00f3rio dos Grupos de Pesquisa no Brasil<\/a><\/p>\n\n\n\n<p>&nbsp;<\/p>\n\n\n\n<h5 class=\"wp-block-heading western\">nPeriferias<\/h5>\n\n\n\n<p class=\"western\">Dennis de Oliveira<\/p>\n\n\n\n<p><a href=\"http:\/\/www.iea.usp.br\/pesquisa\/grupos-pesquisa\/nperiferias\" target=\"_blank\" rel=\"noopener noreferrer\">www.iea.usp.br\/pesquisa\/grupos-pesquisa\/nperiferias<\/a><\/p>\n\n\n\n<p>&nbsp;<\/p>\n\n\n\n<h5 class=\"wp-block-heading\"><strong>Pol\u00edticas p\u00fablicas e gest\u00e3o participativa<\/strong><\/h5>\n\n\n\n<p>Coordena\u00e7\u00e3o:&nbsp;<span class=\"\">Ana Paula Fracalanza e Ursula Dias Peres<br>\n<\/span><\/p>\n\n\n\n<p><span class=\"\">Dennis de Oliveira<\/span><\/p>\n\n\n\n<p><span class=\"\">Jorge Alberto Silva Machado<\/span><\/p>\n\n\n\n<p><a href=\"http:\/\/dgp.cnpq.br\/dgp\/espelhogrupo\/8326538553632535\" target=\"_blank\" rel=\"noopener noreferrer\">Link no Diret\u00f3rio dos Grupos de Pesquisa no Brasil<\/a><\/p>\n\n\n\n<p>&nbsp;<\/p>\n","protected":false},"excerpt":{"rendered":"<p>&nbsp;Nome do grupo: Rede Mobilidade Periferias (Redemopes) Professor respons\u00e1vel: Ricardo Barbosa da Silva Integrantes: Pesquisadore(a)s ativo(a)s: &#8211; Bruno Candido dos Santos (Dr. Geografia Humana USP) &#8211; Daniel Aftimus Santini Franco (Fund. Rosa Luxemburgo \/ Doutorando FAU USP) &#8211; Fl\u00e1via Ulian (Fatec Tatuap\u00e9) &#8211; Silvana Zioni (UFABC) Estudantes de Gradua\u00e7\u00e3o: &#8211; Andressa da Silva Gomes (Geografia Unifesp Zona Leste) &#8211; B\u00e1rbara Helena da Silva Montalva (Geografia Unifesp Zona Leste \u2013 egressa) &#8211; Luana Damasceno Amancio (Geografia Unifesp Zona Leste) &#8211; Lucas Matos Anjos da Silva (Geografia Unifesp Zona Leste) Estudantes de P\u00f3s-Gradua\u00e7\u00e3o: &#8211; Gabriel de Oliveira Monteiro (ProMuSSP EACH USP) &nbsp;Links: Diret\u00f3rio CNPq: http:\/\/dgp.cnpq.br\/dgp\/espelhogrupo\/526058 Instagram: @redemobilidadeperiferias Contato: E-mail: redemobilidadeperiferias@gmail.com O grupo Rede Mobilidade Periferias (Redemopes) foi criado em 2019, com registro no diret\u00f3rio de grupos do CNPq. Este grupo est\u00e1 vinculado ao Instituto das Cidades, Campus Zona Leste, Unifesp e, mais recentemente, ao Programa de P\u00f3s-Gradua\u00e7\u00e3o em Mudan\u00e7a Social e Participa\u00e7\u00e3o Pol\u00edtica (ProMuSSP), EACH-USP. Sua origem est\u00e1 ligada \u00e0 necessidade de cria\u00e7\u00e3o de um espa\u00e7o multidisciplinar voltado \u00e0 produ\u00e7\u00e3o de conhecimento, ensino e a\u00e7\u00f5es extensionistas sobre mobilidade urbana. Desde ent\u00e3o, o grupo busca atuar como um canal de articula\u00e7\u00e3o em rede, conectando iniciativas acad\u00eamicas, \u00f3rg\u00e3os p\u00fablicos e a sociedade civil organizada, [&#8230;]<\/p>\n","protected":false},"author":1159,"featured_media":0,"parent":0,"menu_order":0,"comment_status":"closed","ping_status":"closed","template":"page-full.php","meta":{"footnotes":"","_links_to":"","_links_to_target":""},"class_list":["post-859","page","type-page","status-publish","hentry"],"_links":{"self":[{"href":"https:\/\/sites.usp.br\/promuspp\/wp-json\/wp\/v2\/pages\/859","targetHints":{"allow":["GET"]}}],"collection":[{"href":"https:\/\/sites.usp.br\/promuspp\/wp-json\/wp\/v2\/pages"}],"about":[{"href":"https:\/\/sites.usp.br\/promuspp\/wp-json\/wp\/v2\/types\/page"}],"author":[{"embeddable":true,"href":"https:\/\/sites.usp.br\/promuspp\/wp-json\/wp\/v2\/users\/1159"}],"replies":[{"embeddable":true,"href":"https:\/\/sites.usp.br\/promuspp\/wp-json\/wp\/v2\/comments?post=859"}],"version-history":[{"count":4,"href":"https:\/\/sites.usp.br\/promuspp\/wp-json\/wp\/v2\/pages\/859\/revisions"}],"predecessor-version":[{"id":1993,"href":"https:\/\/sites.usp.br\/promuspp\/wp-json\/wp\/v2\/pages\/859\/revisions\/1993"}],"wp:attachment":[{"href":"https:\/\/sites.usp.br\/promuspp\/wp-json\/wp\/v2\/media?parent=859"}],"curies":[{"name":"wp","href":"https:\/\/api.w.org\/{rel}","templated":true}]}}