{"id":898,"date":"2020-05-12T03:07:41","date_gmt":"2020-05-12T06:07:41","guid":{"rendered":"https:\/\/sites.usp.br\/promuspp\/?page_id=898"},"modified":"2022-09-16T10:04:32","modified_gmt":"2022-09-16T13:04:32","slug":"publicacoes","status":"publish","type":"page","link":"https:\/\/sites.usp.br\/promuspp\/publicacoes\/","title":{"rendered":"Publica\u00e7\u00f5es e M\u00eddias"},"content":{"rendered":"<h4><span style=\"color: #ff6600;\">Redes Sociais e M\u00eddias<\/span><\/h4>\n<p class=\"western\">Canal Youtube do ProMuSPP &#8211; <a href=\"https:\/\/www.youtube.com\/channel\/UCGgQdqNakollKYjhZnGLYDQ\" target=\"_blank\" rel=\"noopener noreferrer\">https:\/\/www.youtube.com\/channel\/UCGgQdqNakollKYjhZnGLYDQ<\/a><\/p>\n<p class=\"western\">P\u00e1gina do ProMuSPP no Facebook &#8211; <a href=\"https:\/\/www.facebook.com\/Promuspp-110675737002442\" target=\"_blank\" rel=\"noopener noreferrer\">https:\/\/www.facebook.com\/Promuspp-110675737002442<\/a><\/p>\n<p>Blog Rela\u00e7\u00f5es Cidade Campo &#8211; <a href=\"http:\/\/rcc-diamantino.blogspot.com\/\" target=\"_blank\" rel=\"noopener noreferrer\">http:\/\/rcc-diamantino.blogspot.com\/<\/a><\/p>\n<p class=\"western\">Profa. Dra. Maria Eliza Mattosinho Bernardes &#8211; <a href=\"https:\/\/membernardes.wixsite.com\/bernardes-mem\">https:\/\/membernardes.wixsite.com\/bernardes-mem<\/a><\/p>\n<p>&nbsp;<\/p>\n<hr \/>\n<h4><span style=\"color: #ff6600;\">Livros do Programa<\/span><\/h4>\n<p style=\"padding-left: 40px;\">Livro 1: <a href=\"http:\/\/sites.usp.br\/promuspp\/publicacoes\/livro-1\/\" rel=\"noopener noreferrer\">Mobiliza\u00e7\u00e3o e demanda social: experi\u00eancias de participa\u00e7\u00e3o pol\u00edtica na sociedade contempor\u00e2nea<\/a><\/p>\n<p style=\"padding-left: 40px;\">Livro 2: <a href=\"http:\/\/sites.usp.br\/promuspp\/publicacoes\/livro-2\/\" rel=\"noopener noreferrer\">Participa\u00e7\u00e3o pol\u00edtica: atores e demandas<\/a><\/p>\n<p style=\"padding-left: 40px;\">Livro 3: <a href=\"http:\/\/sites.usp.br\/promuspp\/publicacoes\/livro-3\/\" rel=\"noopener noreferrer\">Estudos e a\u00e7\u00f5es transdisciplinares<\/a><\/p>\n<p style=\"padding-left: 40px;\">Livro 4: <a href=\"http:\/\/sites.usp.br\/promuspp\/publicacoes\/livro-4\/\" rel=\"noopener noreferrer\">Estudos e a\u00e7\u00f5es transdisciplinares em tr\u00eas dimens\u00f5es<\/a><\/p>\n<p>\u00a0\u00a0\u00a0\u00a0\u00a0\u00a0\u00a0\u00a0\u00a0 Livro 4: <a href=\"https:\/\/sites.usp.br\/promuspp\/wp-content\/uploads\/sites\/578\/2022\/09\/Livro-4-ProMuSPP.pdf\">(edi\u00e7\u00e3o completa)<\/a><\/p>\n<p>Livro 5: <a href=\"https:\/\/sites.usp.br\/promuspp\/wp-content\/uploads\/sites\/578\/2022\/09\/Livro-5-final.pdf\">Estudos e a\u00e7\u00f5es transdisciplinares em tempos de terra em transe: Ambiente, Sociedade e Pandemia<\/a><\/p>\n<p>_______________________________________________________________________<\/p>\n<h4>\u00a0\u00a0\u00a0\u00a0\u00a0\u00a0\u00a0\u00a0 Livros de Alunos e Egressos<\/h4>\n<p><a href=\"https:\/\/sites.usp.br\/promuspp\/wp-content\/uploads\/sites\/578\/2022\/09\/livro-alunos-202004.pdf\">Mudan\u00e7a Social e Participa\u00e7\u00e3o Pol\u00edtica: os conflitos, as transforma\u00e7\u00f5es e as utopias &#8211; 2020<\/a><\/p>\n<p><a href=\"https:\/\/sites.usp.br\/promuspp\/wp-content\/uploads\/sites\/578\/2022\/09\/livro-alunos-202102.pdf\">Mudan\u00e7a Social e Participa\u00e7\u00e3o Pol\u00edtica II: Arte, Protesto e Cidadania &#8211; 2021<\/a><\/p>\n<hr \/>\n<h4><span style=\"color: #ff6600;\">\u00a0\u00a0\u00a0\u00a0\u00a0\u00a0\u00a0\u00a0 Boletins ProMuSPP<br \/>\n<\/span><\/h4>\n<p style=\"padding-left: 40px;\">Agosto\/2020 &#8211; <a href=\"https:\/\/sites.usp.br\/promuspp\/wp-content\/uploads\/sites\/578\/2020\/09\/Boletim-ProMuSPP_Vulnerabilidade-Social-em-tempos-de-Pandemia_2020.pdf\" target=\"_blank\" rel=\"noopener noreferrer\">Vulnerabilidade Social em tempos de Pandemia<\/a><\/p>\n<p>\u00a0\u00a0\u00a0\u00a0\u00a0\u00a0\u00a0\u00a0\u00a0\u00a0 Abril \/ 2022\u00a0 &#8211; <a href=\"https:\/\/sites.usp.br\/promuspp\/wp-content\/uploads\/sites\/578\/2022\/06\/BO-2-ProMuSPP-VFinal-5-5-22.pdf\">A pandemia continua e a esperan\u00e7a sobrevive<\/a><\/p>\n<p align=\"justify\">\n","protected":false},"excerpt":{"rendered":"<p>Redes Sociais e M\u00eddias Canal Youtube do ProMuSPP &#8211; https:\/\/www.youtube.com\/channel\/UCGgQdqNakollKYjhZnGLYDQ P\u00e1gina do ProMuSPP no Facebook &#8211; https:\/\/www.facebook.com\/Promuspp-110675737002442 Blog Rela\u00e7\u00f5es Cidade Campo &#8211; http:\/\/rcc-diamantino.blogspot.com\/ Profa. Dra. Maria Eliza Mattosinho Bernardes &#8211; https:\/\/membernardes.wixsite.com\/bernardes-mem &nbsp; Livros do Programa Livro 1: Mobiliza\u00e7\u00e3o e demanda social: experi\u00eancias de participa\u00e7\u00e3o pol\u00edtica na sociedade contempor\u00e2nea Livro 2: Participa\u00e7\u00e3o pol\u00edtica: atores e demandas Livro 3: Estudos e a\u00e7\u00f5es transdisciplinares Livro 4: Estudos e a\u00e7\u00f5es transdisciplinares em tr\u00eas dimens\u00f5es \u00a0\u00a0\u00a0\u00a0\u00a0\u00a0\u00a0\u00a0\u00a0 Livro 4: (edi\u00e7\u00e3o completa) Livro 5: Estudos e a\u00e7\u00f5es transdisciplinares em tempos de terra em transe: Ambiente, Sociedade e Pandemia _______________________________________________________________________ \u00a0\u00a0\u00a0\u00a0\u00a0\u00a0\u00a0\u00a0 Livros de Alunos e Egressos Mudan\u00e7a Social e Participa\u00e7\u00e3o Pol\u00edtica: os conflitos, as transforma\u00e7\u00f5es e as utopias &#8211; 2020 Mudan\u00e7a Social e Participa\u00e7\u00e3o Pol\u00edtica II: Arte, Protesto e Cidadania &#8211; 2021 \u00a0\u00a0\u00a0\u00a0\u00a0\u00a0\u00a0\u00a0 Boletins ProMuSPP Agosto\/2020 &#8211; Vulnerabilidade Social em tempos de Pandemia \u00a0\u00a0\u00a0\u00a0\u00a0\u00a0\u00a0\u00a0\u00a0\u00a0 Abril \/ 2022\u00a0 &#8211; A pandemia continua e a esperan\u00e7a sobrevive<\/p>\n","protected":false},"author":1159,"featured_media":0,"parent":0,"menu_order":0,"comment_status":"closed","ping_status":"closed","template":"page-full.php","meta":{"footnotes":"","_links_to":"","_links_to_target":""},"class_list":["post-898","page","type-page","status-publish","hentry"],"_links":{"self":[{"href":"https:\/\/sites.usp.br\/promuspp\/wp-json\/wp\/v2\/pages\/898","targetHints":{"allow":["GET"]}}],"collection":[{"href":"https:\/\/sites.usp.br\/promuspp\/wp-json\/wp\/v2\/pages"}],"about":[{"href":"https:\/\/sites.usp.br\/promuspp\/wp-json\/wp\/v2\/types\/page"}],"author":[{"embeddable":true,"href":"https:\/\/sites.usp.br\/promuspp\/wp-json\/wp\/v2\/users\/1159"}],"replies":[{"embeddable":true,"href":"https:\/\/sites.usp.br\/promuspp\/wp-json\/wp\/v2\/comments?post=898"}],"version-history":[{"count":6,"href":"https:\/\/sites.usp.br\/promuspp\/wp-json\/wp\/v2\/pages\/898\/revisions"}],"predecessor-version":[{"id":1402,"href":"https:\/\/sites.usp.br\/promuspp\/wp-json\/wp\/v2\/pages\/898\/revisions\/1402"}],"wp:attachment":[{"href":"https:\/\/sites.usp.br\/promuspp\/wp-json\/wp\/v2\/media?parent=898"}],"curies":[{"name":"wp","href":"https:\/\/api.w.org\/{rel}","templated":true}]}}