{"id":208,"date":"2016-11-28T15:41:30","date_gmt":"2016-11-28T18:41:30","guid":{"rendered":"http:\/\/sites.usp.br\/proteomics\/?page_id=208"},"modified":"2022-08-05T14:23:39","modified_gmt":"2022-08-05T17:23:39","slug":"formermembers","status":"publish","type":"page","link":"https:\/\/sites.usp.br\/proteomics\/en\/formermembers\/","title":{"rendered":"Former Members"},"content":{"rendered":"<strong>Carla Cristi Avila (Post-doc)<\/strong><br \/>\n<strong>Eliezer Stefano<\/strong><br \/>\n<strong>Diego Laira (Inicia\u00e7\u00e3o Cient\u00edfica)<\/strong><br \/>\n<strong>Vict\u00f3ria Rocha (Inicia\u00e7\u00e3o cient\u00edfica)<\/strong><br \/>\n<strong>Ana Carolina Bassi Stern (P\u00f3s-doc)<\/strong><br \/>","protected":false},"excerpt":{"rendered":"<p>Carla Cristi Avila (Post-doc) Eliezer Stefano Diego Laira (Inicia\u00e7\u00e3o Cient\u00edfica) Vict\u00f3ria Rocha (Inicia\u00e7\u00e3o cient\u00edfica) Ana Carolina Bassi Stern (P\u00f3s-doc)<\/p>\n","protected":false},"author":91,"featured_media":0,"parent":0,"menu_order":0,"comment_status":"closed","ping_status":"closed","template":"","meta":{"footnotes":"","_links_to":"","_links_to_target":""},"class_list":["post-208","page","type-page","status-publish","hentry"],"_links":{"self":[{"href":"https:\/\/sites.usp.br\/proteomics\/en\/wp-json\/wp\/v2\/pages\/208","targetHints":{"allow":["GET"]}}],"collection":[{"href":"https:\/\/sites.usp.br\/proteomics\/en\/wp-json\/wp\/v2\/pages"}],"about":[{"href":"https:\/\/sites.usp.br\/proteomics\/en\/wp-json\/wp\/v2\/types\/page"}],"author":[{"embeddable":true,"href":"https:\/\/sites.usp.br\/proteomics\/en\/wp-json\/wp\/v2\/users\/91"}],"replies":[{"embeddable":true,"href":"https:\/\/sites.usp.br\/proteomics\/en\/wp-json\/wp\/v2\/comments?post=208"}],"version-history":[{"count":5,"href":"https:\/\/sites.usp.br\/proteomics\/en\/wp-json\/wp\/v2\/pages\/208\/revisions"}],"predecessor-version":[{"id":1266,"href":"https:\/\/sites.usp.br\/proteomics\/en\/wp-json\/wp\/v2\/pages\/208\/revisions\/1266"}],"wp:attachment":[{"href":"https:\/\/sites.usp.br\/proteomics\/en\/wp-json\/wp\/v2\/media?parent=208"}],"curies":[{"name":"wp","href":"https:\/\/api.w.org\/{rel}","templated":true}]}}