{"id":214,"date":"2016-11-28T15:47:24","date_gmt":"2016-11-28T18:47:24","guid":{"rendered":"http:\/\/sites.usp.br\/proteomics\/?page_id=214"},"modified":"2022-11-14T14:27:33","modified_gmt":"2022-11-14T17:27:33","slug":"english-cursos","status":"publish","type":"page","link":"https:\/\/sites.usp.br\/proteomics\/en\/english-cursos\/","title":{"rendered":"Courses"},"content":{"rendered":"<p style=\"text-align: left;\">(2021) Curso de Extens\u00e3o Universit\u00e1ria na modalidade de Atualiza\u00e7\u00e3o: Glicobiologia aplicada a sa\u00fade e doen\u00e7a.<\/p>\n<p><a href=\"https:\/\/sites.usp.br\/spsas-glyc\/\" target=\"_blank\" rel=\"noopener\">(2020) S\u00e3o Paulo School of Advanced Science on Glycobiology.<\/a><\/p>\n<p style=\"text-align: left;\"><a href=\"\/\/sites.usp.br\/proteomics\/english-cursos\/osid\/\">(2020) Omics Sciences in Infectious Diseases (OSID)<\/a><\/p>\n<p style=\"text-align: left;\"><a href=\"\/\/sites.usp.br\/proteomics\/english-cursos\/osid\/\">(2019) Omics Sciences in Infectious Diseases (OSID)<\/a><\/p>\n<p style=\"text-align: left;\"><a href=\"\/\/sites.usp.br\/proteomics\/english-cursos\/osid\/\">(2018) Omics Sciences in Infectious Diseases (OSID)<\/a><\/p>\n<p style=\"text-align: left;\"><a href=\"\/\/sites.usp.br\/proteomics\/english-cursos\/osid\/\">(2017) Omics Sciences in Infectious Diseases (OSID)<\/a><\/p>\n","protected":false},"excerpt":{"rendered":"<p>(2021) Curso de Extens\u00e3o Universit\u00e1ria na modalidade de Atualiza\u00e7\u00e3o: Glicobiologia aplicada a sa\u00fade e doen\u00e7a. (2020) S\u00e3o Paulo School of Advanced Science on Glycobiology. (2020) Omics Sciences in Infectious Diseases (OSID) (2019) Omics Sciences in Infectious Diseases (OSID) (2018) Omics &hellip; <a href=\"https:\/\/sites.usp.br\/proteomics\/en\/english-cursos\/\">Continue reading <span class=\"meta-nav\">&rarr;<\/span><\/a><\/p>\n","protected":false},"author":91,"featured_media":0,"parent":0,"menu_order":0,"comment_status":"closed","ping_status":"closed","template":"","meta":{"footnotes":"","_links_to":"","_links_to_target":""},"class_list":["post-214","page","type-page","status-publish","hentry"],"_links":{"self":[{"href":"https:\/\/sites.usp.br\/proteomics\/en\/wp-json\/wp\/v2\/pages\/214","targetHints":{"allow":["GET"]}}],"collection":[{"href":"https:\/\/sites.usp.br\/proteomics\/en\/wp-json\/wp\/v2\/pages"}],"about":[{"href":"https:\/\/sites.usp.br\/proteomics\/en\/wp-json\/wp\/v2\/types\/page"}],"author":[{"embeddable":true,"href":"https:\/\/sites.usp.br\/proteomics\/en\/wp-json\/wp\/v2\/users\/91"}],"replies":[{"embeddable":true,"href":"https:\/\/sites.usp.br\/proteomics\/en\/wp-json\/wp\/v2\/comments?post=214"}],"version-history":[{"count":4,"href":"https:\/\/sites.usp.br\/proteomics\/en\/wp-json\/wp\/v2\/pages\/214\/revisions"}],"predecessor-version":[{"id":1322,"href":"https:\/\/sites.usp.br\/proteomics\/en\/wp-json\/wp\/v2\/pages\/214\/revisions\/1322"}],"wp:attachment":[{"href":"https:\/\/sites.usp.br\/proteomics\/en\/wp-json\/wp\/v2\/media?parent=214"}],"curies":[{"name":"wp","href":"https:\/\/api.w.org\/{rel}","templated":true}]}}