{"id":1063,"date":"2020-01-24T11:08:31","date_gmt":"2020-01-24T14:08:31","guid":{"rendered":"http:\/\/sites.usp.br\/proteomics\/?page_id=1063"},"modified":"2020-01-24T11:12:23","modified_gmt":"2020-01-24T14:12:23","slug":"localizacao","status":"publish","type":"page","link":"https:\/\/sites.usp.br\/proteomics\/localizacao\/","title":{"rendered":"Localiza\u00e7\u00e3o"},"content":{"rendered":"<p><iframe loading=\"lazy\" style=\"border: 0;\" src=\"https:\/\/www.google.com\/maps\/embed?pb=!1m18!1m12!1m3!1d3657.016950780591!2d-46.733321285022214!3d-23.567834684679706!2m3!1f0!2f0!3f0!3m2!1i1024!2i768!4f13.1!3m3!1m2!1s0x94ce56697177b547%3A0x224f1475d8e7f408!2sUSP%20-%20Instituto%20de%20Ci%C3%AAncias%20Biom%C3%A9dicas%20-%20ICB%20II!5e0!3m2!1spt-BR!2sbr!4v1579874685285!5m2!1spt-BR!2sbr\" width=\"600\" height=\"450\" frameborder=\"0\" allowfullscreen=\"allowfullscreen\"><span style=\"display: inline-block; width: 0px; overflow: hidden; line-height: 0;\" data-mce-type=\"bookmark\" class=\"mce_SELRES_start\">\ufeff<\/span><\/iframe><\/p>\n<p align=\"justify\"><b>Department of Parasitology<br \/>\nInstitute of Biomedical Sciences &#8211; University of S\u00e3o Paulo<br \/>\n<\/b>Av. Prof. Lineu Prestes, 1374 &#8211; Edif\u00edcio Biom\u00e9dicas II, room 9.<br \/>\nCidade Universit\u00e1ria &#8220;Armando Salles Oliveira&#8221; &#8211; CEP: 05508-000 &#8211; S\u00e3o Paulo &#8211; Capital &#8211; Brasil<\/p>\n","protected":false},"excerpt":{"rendered":"<p>\ufeff Department of Parasitology Institute of Biomedical Sciences &#8211; University of S\u00e3o Paulo Av. Prof. Lineu Prestes, 1374 &#8211; Edif\u00edcio Biom\u00e9dicas II, room 9. Cidade Universit\u00e1ria &#8220;Armando Salles Oliveira&#8221; &#8211; CEP: 05508-000 &#8211; S\u00e3o Paulo &#8211; Capital &#8211; Brasil<\/p>\n","protected":false},"author":91,"featured_media":0,"parent":0,"menu_order":0,"comment_status":"closed","ping_status":"closed","template":"","meta":{"footnotes":"","_links_to":"","_links_to_target":""},"class_list":["post-1063","page","type-page","status-publish","hentry"],"_links":{"self":[{"href":"https:\/\/sites.usp.br\/proteomics\/wp-json\/wp\/v2\/pages\/1063","targetHints":{"allow":["GET"]}}],"collection":[{"href":"https:\/\/sites.usp.br\/proteomics\/wp-json\/wp\/v2\/pages"}],"about":[{"href":"https:\/\/sites.usp.br\/proteomics\/wp-json\/wp\/v2\/types\/page"}],"author":[{"embeddable":true,"href":"https:\/\/sites.usp.br\/proteomics\/wp-json\/wp\/v2\/users\/91"}],"replies":[{"embeddable":true,"href":"https:\/\/sites.usp.br\/proteomics\/wp-json\/wp\/v2\/comments?post=1063"}],"version-history":[{"count":4,"href":"https:\/\/sites.usp.br\/proteomics\/wp-json\/wp\/v2\/pages\/1063\/revisions"}],"predecessor-version":[{"id":1070,"href":"https:\/\/sites.usp.br\/proteomics\/wp-json\/wp\/v2\/pages\/1063\/revisions\/1070"}],"wp:attachment":[{"href":"https:\/\/sites.usp.br\/proteomics\/wp-json\/wp\/v2\/media?parent=1063"}],"curies":[{"name":"wp","href":"https:\/\/api.w.org\/{rel}","templated":true}]}}