{"id":208,"date":"2016-11-28T15:41:30","date_gmt":"2016-11-28T18:41:30","guid":{"rendered":"http:\/\/sites.usp.br\/proteomics\/?page_id=208"},"modified":"2022-08-05T14:23:39","modified_gmt":"2022-08-05T17:23:39","slug":"formermembers","status":"publish","type":"page","link":"https:\/\/sites.usp.br\/proteomics\/formermembers\/","title":{"rendered":"Ex-Membros"},"content":{"rendered":"<strong>Rebeca Kawahara (P\u00f3s-doc)<\/strong><br \/>\n<a href=\"\/\/sites.usp.br\/proteomics\/wp-content\/uploads\/sites\/38\/2016\/12\/rebeca.jpg\"><img loading=\"lazy\" decoding=\"async\" class=\"alignnone size-medium wp-image-268\" src=\"\/\/sites.usp.br\/proteomics\/wp-content\/uploads\/sites\/38\/2016\/12\/rebeca-219x300.jpg\" alt=\"rebeca\" width=\"219\" height=\"300\" srcset=\"https:\/\/sites.usp.br\/proteomics\/wp-content\/uploads\/sites\/38\/2016\/12\/rebeca-219x300.jpg 219w, https:\/\/sites.usp.br\/proteomics\/wp-content\/uploads\/sites\/38\/2016\/12\/rebeca-746x1024.jpg 746w, https:\/\/sites.usp.br\/proteomics\/wp-content\/uploads\/sites\/38\/2016\/12\/rebeca-400x549.jpg 400w, https:\/\/sites.usp.br\/proteomics\/wp-content\/uploads\/sites\/38\/2016\/12\/rebeca.jpg 1492w\" sizes=\"auto, (max-width: 219px) 100vw, 219px\" \/><\/a><\/p>\n<p>Rebeca \u00e9 uma cientista formada em Farm\u00e1cia pela Universidade Federal do Paran\u00e1 (UFPR) e doutora em Biologia Funcional e Molecular (\u00eanfase em Bioqu\u00edmica) pela Universidade Estadual de Campinas (UNICAMP). Tem experi\u00eancia na \u00e1rea de prote\u00f4mica baseada em espectrometria de massas, incluindo desenvolvimento de m\u00e9todos, preparo de amostra e an\u00e1lise de dados, tanto em prote\u00f4mica quantitativa baseada em descoberta (&#8220;discovery-based proteomics&#8221;) quanto em alvos (&#8220;targeted proteomics&#8221;). Atualmente Rebeca atua como p\u00f3s-doutoranda na Universidade de S\u00e3o Paulo (USP), desenvolvendo m\u00e9todos de an\u00e1lise por espectrometria de massas em modifica\u00e7\u00f5es p\u00f3s-traducionais, sobretudo glicosila\u00e7\u00e3o de prote\u00ednas.<\/p>\n<p>CV: <a href=\"http:\/\/lattes.cnpq.br\/5066214711578777\">http:\/\/lattes.cnpq.br\/5066214711578777<\/a><\/p>\n<p><strong>Carla Cristi Avila (Post-doc)<\/strong><br \/>\n<strong>Eliezer Stefano<\/strong><br \/>\n<strong>Diego Laira (Inicia\u00e7\u00e3o Cient\u00edfica)<\/strong><br \/>\n<strong>Vict\u00f3ria Rocha (Inicia\u00e7\u00e3o cient\u00edfica)<\/strong><br \/>\n<strong>Ana Carolina Bassi Stern (Post-doc)<\/strong><br \/>\n<strong>Joyce Saad (Master&#8217;s student)<\/strong><br \/>\n<strong>Daniel Quina (Master&#8217;s student)<\/strong>","protected":false},"excerpt":{"rendered":"<p>Rebeca Kawahara (P\u00f3s-doc) Rebeca \u00e9 uma cientista formada em Farm\u00e1cia pela Universidade Federal do Paran\u00e1 (UFPR) e doutora em Biologia Funcional e Molecular (\u00eanfase em Bioqu\u00edmica) pela Universidade Estadual de Campinas (UNICAMP). Tem experi\u00eancia na \u00e1rea de prote\u00f4mica baseada em &hellip; <a href=\"https:\/\/sites.usp.br\/proteomics\/formermembers\/\">Continue reading <span class=\"meta-nav\">&rarr;<\/span><\/a><\/p>\n","protected":false},"author":91,"featured_media":0,"parent":0,"menu_order":0,"comment_status":"closed","ping_status":"closed","template":"","meta":{"footnotes":"","_links_to":"","_links_to_target":""},"class_list":["post-208","page","type-page","status-publish","hentry"],"_links":{"self":[{"href":"https:\/\/sites.usp.br\/proteomics\/wp-json\/wp\/v2\/pages\/208","targetHints":{"allow":["GET"]}}],"collection":[{"href":"https:\/\/sites.usp.br\/proteomics\/wp-json\/wp\/v2\/pages"}],"about":[{"href":"https:\/\/sites.usp.br\/proteomics\/wp-json\/wp\/v2\/types\/page"}],"author":[{"embeddable":true,"href":"https:\/\/sites.usp.br\/proteomics\/wp-json\/wp\/v2\/users\/91"}],"replies":[{"embeddable":true,"href":"https:\/\/sites.usp.br\/proteomics\/wp-json\/wp\/v2\/comments?post=208"}],"version-history":[{"count":5,"href":"https:\/\/sites.usp.br\/proteomics\/wp-json\/wp\/v2\/pages\/208\/revisions"}],"predecessor-version":[{"id":1266,"href":"https:\/\/sites.usp.br\/proteomics\/wp-json\/wp\/v2\/pages\/208\/revisions\/1266"}],"wp:attachment":[{"href":"https:\/\/sites.usp.br\/proteomics\/wp-json\/wp\/v2\/media?parent=208"}],"curies":[{"name":"wp","href":"https:\/\/api.w.org\/{rel}","templated":true}]}}