{"id":483,"date":"2016-12-09T10:47:05","date_gmt":"2016-12-09T12:47:05","guid":{"rendered":"http:\/\/sites.usp.br\/proteomics\/?page_id=483"},"modified":"2020-02-08T19:56:02","modified_gmt":"2020-02-08T22:56:02","slug":"collaborators","status":"publish","type":"page","link":"https:\/\/sites.usp.br\/proteomics\/collaborators\/","title":{"rendered":"Colaboradores"},"content":{"rendered":"<p style=\"text-align: center;\">O GPLab conta com colaboradores e laborat\u00f3rios parceiros em diversos estados do Brasil e tamb\u00e9m em outros pa\u00edses.<\/p>\n<p><strong><img loading=\"lazy\" decoding=\"async\" class=\"alignnone wp-image-1202 size-full\" src=\"https:\/\/sites.usp.br\/proteomics\/wp-content\/uploads\/sites\/38\/2020\/02\/worldmapAsset-1SPSAS-GLYC.png\" alt=\"\" width=\"750\" height=\"303\" srcset=\"https:\/\/sites.usp.br\/proteomics\/wp-content\/uploads\/sites\/38\/2020\/02\/worldmapAsset-1SPSAS-GLYC.png 750w, https:\/\/sites.usp.br\/proteomics\/wp-content\/uploads\/sites\/38\/2020\/02\/worldmapAsset-1SPSAS-GLYC-300x121.png 300w, https:\/\/sites.usp.br\/proteomics\/wp-content\/uploads\/sites\/38\/2020\/02\/worldmapAsset-1SPSAS-GLYC-500x202.png 500w, https:\/\/sites.usp.br\/proteomics\/wp-content\/uploads\/sites\/38\/2020\/02\/worldmapAsset-1SPSAS-GLYC-400x162.png 400w\" sizes=\"auto, (max-width: 750px) 100vw, 750px\" \/><\/strong><\/p>\n<p>Entre eles podemos citar:<\/p>\n<p><strong>Nacionais<\/strong><\/p>\n<p><strong><a href=\"http:\/\/www3.iq.usp.br\/pessoas_view.php?idDocente=127\" target=\"_blank\" rel=\"noopener noreferrer\">Professor S\u00eanior &#8211; Dr. Walter Colli<\/a><\/strong><br \/>\nDepartamento de Bioqu\u00edmica do Instituto de Qu\u00edmica &#8211; Universidade de S\u00e3o Paulo<\/p>\n<p><strong><a href=\"http:\/\/www2.iq.usp.br\/docente\/?id=mjmalves\" target=\"_blank\" rel=\"noopener noreferrer\">Professora Titular &#8211; Dra. Maria Julia Manso Alves <\/a><\/strong><br \/>\nDepartamento de Bioqu\u00edmica do Instituto de Qu\u00edmica &#8211; Universidade de S\u00e3o Paulo<\/p>\n<p><a href=\"https:\/\/www.iq.ufrj.br\/emeritos\/gilberto-barbosa-domont\/\" target=\"_blank\" rel=\"noopener noreferrer\"><strong>Professor Em\u00e9rito &#8211; Dr. Gilberto Barbosa Domont<\/strong><\/a><br \/>\nDepartamento de Bioqu\u00edmica do Instituto de Qu\u00edmica &#8211; Universidade Federal do Rio de Janeiro<\/p>\n<p><a href=\"https:\/\/www.iq.ufrj.br\/docentes_ver_antiga\/fabio-cesar-sousa-nogueira\/\" target=\"_blank\" rel=\"noopener noreferrer\"><strong>Professor &#8211; Dr. F\u00e1bio C\u00e9sar Sousa Nogueira<\/strong><\/a> e <a href=\"https:\/\/www.iq.ufrj.br\/emeritos\/gilberto-barbosa-domont\/\" target=\"_blank\" rel=\"noopener noreferrer\"><strong>Professor Em\u00e9rito &#8211; Dr. Gilberto Barbosa Domont<\/strong><\/a><br \/>\nDepartamento de Bioqu\u00edmica do Instituto de Qu\u00edmica &#8211; Universidade Federal do Rio de Janeiro<\/p>\n<p><strong><a href=\"http:\/\/www2.iq.usp.br\/docente\/?id=miyamoto\" target=\"_blank\" rel=\"noopener noreferrer\">Professora &#8211; Dra. Sayuri Miyamoto<\/a><\/strong><br \/>\nDepartamento de Bioqu\u00edmica do Instituto de Qu\u00edmica &#8211; Universidade de S\u00e3o Paulo<\/p>\n<p><strong>Internacionais<\/strong><\/p>\n<p><strong><a href=\"http:\/\/findresearcher.sdu.dk:8080\/portal\/en\/person\/martinl\" target=\"_blank\" rel=\"noopener noreferrer\">Full Professor &#8211; Dr. Martin R\u00f8ssel Larsen<\/a><\/strong><br \/>\nDepartment of Biochemistry and Molecular Biology &#8211; University of Southern Denmark<\/p>\n<p><strong><a href=\"https:\/\/mqsr.mq.edu.au\/mqsr\/contact.aspx\/view\/0000080830\" target=\"_blank\" rel=\"noopener noreferrer\">Professor &#8211; Dr. Morten Thaysen-Andersen<\/a><\/strong><br \/>\nDepartment of Chemistry &amp; Biomolecular Sciences &#8211; Macquarie University","protected":false},"excerpt":{"rendered":"<p>O GPLab conta com colaboradores e laborat\u00f3rios parceiros em diversos estados do Brasil e tamb\u00e9m em outros pa\u00edses. Entre eles podemos citar: Nacionais Professor S\u00eanior &#8211; Dr. Walter Colli Departamento de Bioqu\u00edmica do Instituto de Qu\u00edmica &#8211; Universidade de S\u00e3o &hellip; <a href=\"https:\/\/sites.usp.br\/proteomics\/collaborators\/\">Continue reading <span class=\"meta-nav\">&rarr;<\/span><\/a><\/p>\n","protected":false},"author":91,"featured_media":0,"parent":0,"menu_order":0,"comment_status":"closed","ping_status":"closed","template":"","meta":{"footnotes":"","_links_to":"","_links_to_target":""},"class_list":["post-483","page","type-page","status-publish","hentry"],"_links":{"self":[{"href":"https:\/\/sites.usp.br\/proteomics\/wp-json\/wp\/v2\/pages\/483","targetHints":{"allow":["GET"]}}],"collection":[{"href":"https:\/\/sites.usp.br\/proteomics\/wp-json\/wp\/v2\/pages"}],"about":[{"href":"https:\/\/sites.usp.br\/proteomics\/wp-json\/wp\/v2\/types\/page"}],"author":[{"embeddable":true,"href":"https:\/\/sites.usp.br\/proteomics\/wp-json\/wp\/v2\/users\/91"}],"replies":[{"embeddable":true,"href":"https:\/\/sites.usp.br\/proteomics\/wp-json\/wp\/v2\/comments?post=483"}],"version-history":[{"count":4,"href":"https:\/\/sites.usp.br\/proteomics\/wp-json\/wp\/v2\/pages\/483\/revisions"}],"predecessor-version":[{"id":1207,"href":"https:\/\/sites.usp.br\/proteomics\/wp-json\/wp\/v2\/pages\/483\/revisions\/1207"}],"wp:attachment":[{"href":"https:\/\/sites.usp.br\/proteomics\/wp-json\/wp\/v2\/media?parent=483"}],"curies":[{"name":"wp","href":"https:\/\/api.w.org\/{rel}","templated":true}]}}