{"id":815,"date":"2018-08-31T10:21:26","date_gmt":"2018-08-31T13:21:26","guid":{"rendered":"http:\/\/sites.usp.br\/proteomics\/?page_id=815"},"modified":"2025-12-04T10:35:43","modified_gmt":"2025-12-04T13:35:43","slug":"equipamentos-multiusuario","status":"publish","type":"page","link":"https:\/\/sites.usp.br\/proteomics\/equipamentos-multiusuario\/","title":{"rendered":"Equipamento Multiusu\u00e1rio (Sistema HPLC)"},"content":{"rendered":"<h5 style=\"text-align: center;\"><strong>Sistema de cromatografia l\u00edquida (HPLC) configurado para an\u00e1lise de carboidratos, amino\u00e1cidos, pept\u00eddeos e glicoprote\u00ednas<\/strong><\/h5>\n<p><strong>Descri\u00e7\u00e3o do equipamento <\/strong><\/p>\n<p align=\"justify\">A plataforma HPLC\u00a0estar\u00e1 em breve\u00a0alocada no Laborat\u00f3rio de Glicoprote\u00f4mica, Depto. de Parasitologia, sala 09, sob supervis\u00e3o do Prof. Dr. Giuseppe Palmisano<\/p>\n<p align=\"justify\">A plataforma \u00e9 composta por dois sistemas HPLC integrados: o primeiro HPLC \u00e9 um sistema de cromatografia de \u00edons acoplado com um detector eletroqu\u00edmico e o segundo HPLC \u00e9 um sistema de cromatografia anal\u00edtica acoplado a um detector de UV-Vis e fluoresc\u00eancia:<\/p>\n<p align=\"justify\"><strong>1<\/strong> &#8211; O Primeiro sistema HPLC possui uma bomba quatern\u00e1ria, capaz de atingir 5000 psi, podendo operar no modo isocr\u00e1tico ou gradiente. Diferentes tipos de gradientes podem ser usados: linear, c\u00f4ncavo e convexo. O sistema \u00e9 capaz de operar com fluxo que varia de 0,001 a 10mL\/min. Toda a tubula\u00e7\u00e3o do sistema \u00e9 feita de PEEK, resistente ao pH 0-14, o que \u00e9 ideal ao se trabalhar com pH alto. Al\u00e9m disso, o sistema possui um canal de solvente que gera KOH como eluente.<\/p>\n<p align=\"justify\"><strong>2<\/strong> &#8211; O segundo sistema HPLC possui uma bomba quatern\u00e1ria que pode atingir at\u00e9 15000 psi, podendo operar como HPLC ou UPLC. Possui um amostrador autom\u00e1tico com controle de temperatura. Esse sistema \u00e9 acoplado a um detector do tipo \u201cdiode-array\u201d e detector de fluoresc\u00eancia.<\/p>\n<p align=\"justify\">O equipamento ser\u00e1 configurado para analisar prioritariamente pept\u00eddeos, glicanos e prote\u00ednas isoladas de diferentes matrizes biol\u00f3gicas. Para biomol\u00e9culas que n\u00e3o s\u00e3o fluorescentes, as amostras devem ser derivatizadas. Esse procedimento deve ser feito no laborat\u00f3rio do usu\u00e1rio. An\u00e1lises que requeiram o desenvolvimento de novos m\u00e9todos e escolha de colunas devem ser discutidas com o respons\u00e1vel pelo equipamento. O software Chromeleon 7 \u00e9 integrado \u00e0 plataforma e permite a an\u00e1lise dos dados incluindo a identifica\u00e7\u00e3o dos analitos e sua quantifica\u00e7\u00e3o.<\/p>\n<p>&nbsp;<\/p>\n<p><strong>Utiliza\u00e7\u00e3o do Equipamento<\/strong><\/p>\n<p align=\"justify\">Todos os interessados em desenvolver projetos de pesquisa neste equipamento devem entrar em contato com a equipe respons\u00e1vel atrav\u00e9s do email <a href=\"mailto:agendamento.hplc.gp@gmail.com\">agendamento.hplc.gp@gmail.com<\/a> e agendar uma reuni\u00e3o. A reuni\u00e3o tem por objetivo discutir os detalhes da an\u00e1lise, tais como: coluna a ser utilizada, solvente, temperatura e gradiente.<\/p>\n<p align=\"justify\">O solicitante dever\u00e1 ser o docente respons\u00e1vel pela pesquisa, que se responsabiliza por todo e qualquer dano que venha a ocorrer durante o uso do equipamento. O solicitante dever\u00e1 indicar a fonte de financiamento de seu projeto de pesquisa e indicar os usu\u00e1rios habilitados de seu grupo. Ap\u00f3s a reuni\u00e3o e discuss\u00e3o do experimento, ser\u00e1 agendada data para realiza\u00e7\u00e3o das an\u00e1lises conforme disponibilidade do calend\u00e1rio. Experimentos espec\u00edficos que requeiram mais tempo de uso do equipamento, como em casos que necessitem desenvolvimento de m\u00e9todo, devem ser discutidos com o respons\u00e1vel.<\/p>\n<p align=\"justify\">O equipamento ficar\u00e1 dispon\u00edvel para usu\u00e1rios por tr\u00eas dias a cada tr\u00eas semanas: de quarta a sexta-feira, podendo incluir tamb\u00e9m s\u00e1bado e domingo desde que as amostras sejam colocadas para correr no auto-amostrador na sexta-feira. Caso desista da utiliza\u00e7\u00e3o do equipamento, o usu\u00e1rio dever\u00e1 cancelar o agendamento com anteced\u00eancia m\u00ednima de 48 horas. O Comit\u00ea Gestor poder\u00e1 negar a utiliza\u00e7\u00e3o do equipamento se entender que o usu\u00e1rio n\u00e3o cumpre com as pr\u00e1ticas corretas de agendamento\/cancelamento ou que possa causar danos ao equipamento por mau uso.<\/p>\n<p align=\"justify\">Cada usu\u00e1rio deve fornecer sua pr\u00f3pria coluna e padr\u00f5es anal\u00edticos, e pagar uma taxa de uso do equipamento, a fim de cobrir despesas com materiais consum\u00edveis e manuten\u00e7\u00f5es de rotina. A taxa de uso do equipamento ser\u00e1 determinada com base nas taxas cobradas por diferentes facilities ao redor do mundo e ser\u00e1 discutida posteriormente pelo Comit\u00ea Gestor.<\/p>\n<p align=\"justify\">\u00c9 de responsabilidade dos usu\u00e1rios a elabora\u00e7\u00e3o, execu\u00e7\u00e3o e an\u00e1lise dos dados gerados com sua utiliza\u00e7\u00e3o. A an\u00e1lise dos dados gerados poder\u00e1 ser feita no Laborat\u00f3rio de Glicoprote\u00f4mica e o tempo destinado a isso deve estar incluso no tempo de agendamento.<\/p>\n<p>&nbsp;<\/p>\n<p><strong>Pessoal qualificado para opera\u00e7\u00e3o do equipamento<\/strong><\/p>\n<p align=\"justify\">A opera\u00e7\u00e3o do sistema HPLC dever\u00e1 ser feita apenas por pessoal habilitado e treinado para sua opera\u00e7\u00e3o. O treinamento ser\u00e1 oferecido por equipe da empresa Anal\u00edtica ou por membros do grupo do Laborat\u00f3rio de Glicoprote\u00f4mica, dependendo de disponibilidade destes. O equipamento poder\u00e1 ser utilizado por docentes, funcion\u00e1rios, alunos de gradua\u00e7\u00e3o, p\u00f3s\u2010gradua\u00e7\u00e3o e pesquisadores do ICB\/USP ou de outras institui\u00e7\u00f5es de ensino e pesquisa.<\/p>\n<p align=\"justify\">Cada laborat\u00f3rio usu\u00e1rio dever\u00e1 se credenciar para utilizar o equipamento, indicando quais seriam as pessoas habilitadas a operar o equipamento. Somente pessoas comprovadamente habilitadas poder\u00e3o utilizar o aparelho. A habilita\u00e7\u00e3o ao uso do aparelho ser\u00e1 certificada depois do treinamento.<\/p>\n<p>&nbsp;<\/p>\n<p><strong>Recursos e Instala\u00e7\u00f5es para o Equipamento<\/strong><\/p>\n<p align=\"justify\">O equipamento ser\u00e1 alocado no Laborat\u00f3rio de Glicoprote\u00f4mica no Depto. de Parasitologia, ICB-USP que cont\u00e9m espa\u00e7o dispon\u00edvel e recursos para sua instala\u00e7\u00e3o. O material de consumo necess\u00e1rio para os experimentos (vials para inje\u00e7\u00e3o e coleta, solventes) est\u00e3o inclusos na taxa de uso do equipamento, sendo necess\u00e1rio o usu\u00e1rio providenciar colunas e padr\u00f5es anal\u00edticos. Eventualmente, os docentes respons\u00e1veis pelos laborat\u00f3rios usu\u00e1rios poder\u00e3o acordar com o Comit\u00ea Gestor a compra de material de consumo para reposi\u00e7\u00e3o e o pagamento de eventuais manuten\u00e7\u00f5es necess\u00e1rias para o bom funcionamento do equipamento.<\/p>\n<p>&nbsp;<\/p>\n<p><strong>Comit\u00ea Gestor<\/strong><\/p>\n<p align=\"justify\">O Comit\u00ea Gestor \u00e9 respons\u00e1vel pelo equipamento, garantindo seu bom funcionamento e acesso aos usu\u00e1rios internos e externos. Para esse equipamento foi constitu\u00eddo o seguinte comit\u00ea gestor:<\/p>\n<p>Prof. Dr. Giuseppe Palmisano &#8211; Depto. Parasitologia \u2013 ICB-USP &#8211; RESPONS\u00c1VEL<\/p>\n<p>Prof. Dra. Graziella Eliza Ronsein IQ-USP<\/p>\n<p>Prof. Dr. Claudio R. F. Marinho &#8211; Depto. Parasitologia \u2013 ICB-USP<\/p>\n<p>&nbsp;<\/p>\n<p><strong>Comit\u00ea de Usu\u00e1rios<\/strong><\/p>\n<p align=\"justify\">O Comit\u00ea de Usu\u00e1rios tem a fun\u00e7\u00e3o de ouvir os usu\u00e1rios, garantindo suas demandas frente ao uso do equipamento. \u00c9 composto por usu\u00e1rios rotineiros. O comit\u00ea dever\u00e1 levar cr\u00edticas e sugest\u00f5es sobre o sistema de funcionamento do equipamento ao Comit\u00ea Gestor.<\/p>\n<p>Prof. Dr. Carlos Winter, Depto. de Parasitologia \u2013 ICB-USP<br \/>\nProf. Dr. Carsten Wrenger \u2013 Depto. Parasitologia \u2013 ICB-USP<br \/>\nProf. Dr. Fernando Rodrigues de Moraes Abdulkader- ICB-USP","protected":false},"excerpt":{"rendered":"<p>Sistema de cromatografia l\u00edquida (HPLC) configurado para an\u00e1lise de carboidratos, amino\u00e1cidos, pept\u00eddeos e glicoprote\u00ednas Descri\u00e7\u00e3o do equipamento A plataforma HPLC\u00a0estar\u00e1 em breve\u00a0alocada no Laborat\u00f3rio de Glicoprote\u00f4mica, Depto. de Parasitologia, sala 09, sob supervis\u00e3o do Prof. Dr. Giuseppe Palmisano A plataforma &hellip; <a href=\"https:\/\/sites.usp.br\/proteomics\/equipamentos-multiusuario\/\">Continue reading <span class=\"meta-nav\">&rarr;<\/span><\/a><\/p>\n","protected":false},"author":750,"featured_media":0,"parent":0,"menu_order":0,"comment_status":"closed","ping_status":"closed","template":"","meta":{"footnotes":"","_links_to":"","_links_to_target":""},"class_list":["post-815","page","type-page","status-publish","hentry"],"_links":{"self":[{"href":"https:\/\/sites.usp.br\/proteomics\/wp-json\/wp\/v2\/pages\/815","targetHints":{"allow":["GET"]}}],"collection":[{"href":"https:\/\/sites.usp.br\/proteomics\/wp-json\/wp\/v2\/pages"}],"about":[{"href":"https:\/\/sites.usp.br\/proteomics\/wp-json\/wp\/v2\/types\/page"}],"author":[{"embeddable":true,"href":"https:\/\/sites.usp.br\/proteomics\/wp-json\/wp\/v2\/users\/750"}],"replies":[{"embeddable":true,"href":"https:\/\/sites.usp.br\/proteomics\/wp-json\/wp\/v2\/comments?post=815"}],"version-history":[{"count":4,"href":"https:\/\/sites.usp.br\/proteomics\/wp-json\/wp\/v2\/pages\/815\/revisions"}],"predecessor-version":[{"id":1393,"href":"https:\/\/sites.usp.br\/proteomics\/wp-json\/wp\/v2\/pages\/815\/revisions\/1393"}],"wp:attachment":[{"href":"https:\/\/sites.usp.br\/proteomics\/wp-json\/wp\/v2\/media?parent=815"}],"curies":[{"name":"wp","href":"https:\/\/api.w.org\/{rel}","templated":true}]}}