{"id":106,"date":"2023-09-18T19:29:17","date_gmt":"2023-09-18T22:29:17","guid":{"rendered":"https:\/\/sites.usp.br\/proxymar\/?page_id=106"},"modified":"2024-10-28T08:03:59","modified_gmt":"2024-10-28T11:03:59","slug":"proxymar","status":"publish","type":"page","link":"https:\/\/sites.usp.br\/proxymar\/","title":{"rendered":"ProxyMar"},"content":{"rendered":"\t\t<div data-elementor-type=\"wp-page\" data-elementor-id=\"106\" class=\"elementor elementor-106\">\n\t\t\t\t<div class=\"elementor-element elementor-element-bb7b83f e-flex e-con-boxed e-con e-parent\" data-id=\"bb7b83f\" data-element_type=\"container\">\n\t\t\t\t\t<div class=\"e-con-inner\">\n\t\t<div class=\"elementor-element elementor-element-bfff20d e-con-full e-flex e-con e-child\" data-id=\"bfff20d\" data-element_type=\"container\">\n\t\t\t\t<\/div>\n\t\t<div class=\"elementor-element elementor-element-57b288a e-con-full e-flex e-con e-child\" data-id=\"57b288a\" data-element_type=\"container\">\n\t\t\t\t<div class=\"elementor-element elementor-element-bbcbb17 elementor-widget elementor-widget-image\" data-id=\"bbcbb17\" data-element_type=\"widget\" data-widget_type=\"image.default\">\n\t\t\t\t<div class=\"elementor-widget-container\">\n\t\t\t\t\t\t\t\t\t\t\t\t\t<img decoding=\"async\" width=\"392\" height=\"110\" src=\"https:\/\/sites.usp.br\/proxymar\/wp-content\/uploads\/sites\/1359\/2024\/02\/ProxyMar_reto_fundo_branco.png\" class=\"attachment-large size-large wp-image-221\" alt=\"logomarca horizontal do Laborat\u00f3rio de Proxies Marinhos Para o Futuro do Oceano\" srcset=\"https:\/\/sites.usp.br\/proxymar\/wp-content\/uploads\/sites\/1359\/2024\/02\/ProxyMar_reto_fundo_branco.png 392w, https:\/\/sites.usp.br\/proxymar\/wp-content\/uploads\/sites\/1359\/2024\/02\/ProxyMar_reto_fundo_branco-300x84.png 300w\" sizes=\"(max-width: 392px) 100vw, 392px\" \/>\t\t\t\t\t\t\t\t\t\t\t\t\t<\/div>\n\t\t\t\t<\/div>\n\t\t\t\t<\/div>\n\t\t<div class=\"elementor-element elementor-element-513d777 e-con-full e-flex e-con e-child\" data-id=\"513d777\" data-element_type=\"container\">\n\t\t\t\t<\/div>\n\t\t\t\t\t<\/div>\n\t\t\t\t<\/div>\n\t\t<div class=\"elementor-element elementor-element-6c885e8 e-flex e-con-boxed e-con e-parent\" data-id=\"6c885e8\" data-element_type=\"container\">\n\t\t\t\t\t<div class=\"e-con-inner\">\n\t\t\t\t<div class=\"elementor-element elementor-element-1fe7e4d elementor-widget elementor-widget-text-editor\" data-id=\"1fe7e4d\" data-element_type=\"widget\" data-widget_type=\"text-editor.default\">\n\t\t\t\t<div class=\"elementor-widget-container\">\n\t\t\t\t\t\t\t<p>\u00a0<\/p><p><span style=\"background: transparent; color: rgb(var(--color_15));\">O ProxyMar \u00e9 vinculado ao Instituto Oceanogr\u00e1fico da Universidade de S\u00e3o Paulo (IOUSP).<\/span><\/p>\t\t\t\t\t\t<\/div>\n\t\t\t\t<\/div>\n\t\t\t\t\t<\/div>\n\t\t\t\t<\/div>\n\t\t<div class=\"elementor-element elementor-element-0e972af e-flex e-con-boxed e-con e-parent\" data-id=\"0e972af\" data-element_type=\"container\">\n\t\t\t\t\t<div class=\"e-con-inner\">\n\t\t\t\t<div class=\"elementor-element elementor-element-83dc8f2 elementor-widget elementor-widget-image\" data-id=\"83dc8f2\" data-element_type=\"widget\" data-widget_type=\"image.default\">\n\t\t\t\t<div class=\"elementor-widget-container\">\n\t\t\t\t\t\t\t\t\t\t\t\t\t<img fetchpriority=\"high\" decoding=\"async\" width=\"1024\" height=\"683\" src=\"https:\/\/sites.usp.br\/proxymar\/wp-content\/uploads\/sites\/1359\/2023\/09\/DSC_0485-1024x683.jpg\" class=\"attachment-large size-large wp-image-97\" alt=\"\" srcset=\"https:\/\/sites.usp.br\/proxymar\/wp-content\/uploads\/sites\/1359\/2023\/09\/DSC_0485-1024x683.jpg 1024w, https:\/\/sites.usp.br\/proxymar\/wp-content\/uploads\/sites\/1359\/2023\/09\/DSC_0485-300x200.jpg 300w, https:\/\/sites.usp.br\/proxymar\/wp-content\/uploads\/sites\/1359\/2023\/09\/DSC_0485-768x512.jpg 768w, https:\/\/sites.usp.br\/proxymar\/wp-content\/uploads\/sites\/1359\/2023\/09\/DSC_0485-1536x1024.jpg 1536w, https:\/\/sites.usp.br\/proxymar\/wp-content\/uploads\/sites\/1359\/2023\/09\/DSC_0485.jpg 2048w\" sizes=\"(max-width: 1024px) 100vw, 1024px\" \/>\t\t\t\t\t\t\t\t\t\t\t\t\t<\/div>\n\t\t\t\t<\/div>\n\t\t\t\t\t<\/div>\n\t\t\t\t<\/div>\n\t\t<div class=\"elementor-element elementor-element-c258011 e-flex e-con-boxed e-con e-parent\" data-id=\"c258011\" data-element_type=\"container\">\n\t\t\t\t\t<div class=\"e-con-inner\">\n\t\t\t\t<div class=\"elementor-element elementor-element-57e2fb9 elementor-shape-rounded elementor-grid-0 e-grid-align-center elementor-widget elementor-widget-social-icons\" data-id=\"57e2fb9\" data-element_type=\"widget\" data-widget_type=\"social-icons.default\">\n\t\t\t\t<div class=\"elementor-widget-container\">\n\t\t\t\t\t<div class=\"elementor-social-icons-wrapper elementor-grid\">\n\t\t\t\t\t\t\t<span class=\"elementor-grid-item\">\n\t\t\t\t\t<a class=\"elementor-icon elementor-social-icon elementor-social-icon-instagram elementor-repeater-item-23011fb\" href=\"https:\/\/www.instagram.com\/proxymar_iousp\/\" target=\"_blank\">\n\t\t\t\t\t\t<span class=\"elementor-screen-only\">Instagram<\/span>\n\t\t\t\t\t\t<i class=\"fab fa-instagram\"><\/i>\t\t\t\t\t<\/a>\n\t\t\t\t<\/span>\n\t\t\t\t\t<\/div>\n\t\t\t\t<\/div>\n\t\t\t\t<\/div>\n\t\t\t\t\t<\/div>\n\t\t\t\t<\/div>\n\t\t<div class=\"elementor-element elementor-element-65771be e-flex e-con-boxed e-con e-parent\" data-id=\"65771be\" data-element_type=\"container\">\n\t\t\t\t\t<div class=\"e-con-inner\">\n\t\t\t\t<div class=\"elementor-element elementor-element-5de143e elementor-widget elementor-widget-text-editor\" data-id=\"5de143e\" data-element_type=\"widget\" data-widget_type=\"text-editor.default\">\n\t\t\t\t<div class=\"elementor-widget-container\">\n\t\t\t\t\t\t\t<p>Instituto Oceanogr\u00e1fico<br \/>Universidade de S\u00e3o Paulo<br \/>Pra\u00e7a Oceanogr\u00e1fico, 191<br \/>Vila Universit\u00e1ria, S\u00e3o Paulo \u2013 SP<br \/>05508-120<br \/>(11)30916648<\/p><p>proxymar@usp.br<\/p>\t\t\t\t\t\t<\/div>\n\t\t\t\t<\/div>\n\t\t\t\t\t<\/div>\n\t\t\t\t<\/div>\n\t\t\t\t<\/div>\n\t\t","protected":false},"excerpt":{"rendered":"<p>\u00a0 O ProxyMar \u00e9 vinculado ao Instituto Oceanogr\u00e1fico da Universidade de S\u00e3o Paulo (IOUSP). Instagram Instituto Oceanogr\u00e1ficoUniversidade de S\u00e3o PauloPra\u00e7a Oceanogr\u00e1fico, 191Vila Universit\u00e1ria, S\u00e3o Paulo \u2013 SP05508-120(11)30916648 proxymar@usp.br<\/p>\n","protected":false},"author":23781,"featured_media":0,"parent":0,"menu_order":0,"comment_status":"closed","ping_status":"closed","template":"","meta":{"ocean_post_layout":"","ocean_both_sidebars_style":"","ocean_both_sidebars_content_width":0,"ocean_both_sidebars_sidebars_width":0,"ocean_sidebar":"0","ocean_second_sidebar":"0","ocean_disable_margins":"enable","ocean_add_body_class":"","ocean_shortcode_before_top_bar":"","ocean_shortcode_after_top_bar":"","ocean_shortcode_before_header":"","ocean_shortcode_after_header":"","ocean_has_shortcode":"","ocean_shortcode_after_title":"","ocean_shortcode_before_footer_widgets":"","ocean_shortcode_after_footer_widgets":"","ocean_shortcode_before_footer_bottom":"","ocean_shortcode_after_footer_bottom":"","ocean_display_top_bar":"default","ocean_display_header":"default","ocean_header_style":"","ocean_center_header_left_menu":"0","ocean_custom_header_template":"0","ocean_custom_logo":211,"ocean_custom_retina_logo":0,"ocean_custom_logo_max_width":0,"ocean_custom_logo_tablet_max_width":0,"ocean_custom_logo_mobile_max_width":0,"ocean_custom_logo_max_height":0,"ocean_custom_logo_tablet_max_height":0,"ocean_custom_logo_mobile_max_height":0,"ocean_header_custom_menu":"0","ocean_menu_typo_font_family":"0","ocean_menu_typo_font_subset":"","ocean_menu_typo_font_size":0,"ocean_menu_typo_font_size_tablet":0,"ocean_menu_typo_font_size_mobile":0,"ocean_menu_typo_font_size_unit":"px","ocean_menu_typo_font_weight":"","ocean_menu_typo_font_weight_tablet":"","ocean_menu_typo_font_weight_mobile":"","ocean_menu_typo_transform":"","ocean_menu_typo_transform_tablet":"","ocean_menu_typo_transform_mobile":"","ocean_menu_typo_line_height":0,"ocean_menu_typo_line_height_tablet":0,"ocean_menu_typo_line_height_mobile":0,"ocean_menu_typo_line_height_unit":"","ocean_menu_typo_spacing":0,"ocean_menu_typo_spacing_tablet":0,"ocean_menu_typo_spacing_mobile":0,"ocean_menu_typo_spacing_unit":"","ocean_menu_link_color":"","ocean_menu_link_color_hover":"","ocean_menu_link_color_active":"","ocean_menu_link_background":"","ocean_menu_link_hover_background":"","ocean_menu_link_active_background":"","ocean_menu_social_links_bg":"","ocean_menu_social_hover_links_bg":"","ocean_menu_social_links_color":"","ocean_menu_social_hover_links_color":"","ocean_disable_title":"default","ocean_disable_heading":"default","ocean_post_title":"","ocean_post_subheading":"","ocean_post_title_style":"","ocean_post_title_background_color":"","ocean_post_title_background":0,"ocean_post_title_bg_image_position":"","ocean_post_title_bg_image_attachment":"","ocean_post_title_bg_image_repeat":"","ocean_post_title_bg_image_size":"","ocean_post_title_height":0,"ocean_post_title_bg_overlay":0.5,"ocean_post_title_bg_overlay_color":"","ocean_disable_breadcrumbs":"default","ocean_breadcrumbs_color":"","ocean_breadcrumbs_separator_color":"","ocean_breadcrumbs_links_color":"","ocean_breadcrumbs_links_hover_color":"","ocean_display_footer_widgets":"default","ocean_display_footer_bottom":"default","ocean_custom_footer_template":"0","footnotes":"","_links_to":"","_links_to_target":""},"class_list":["post-106","page","type-page","status-publish","hentry","entry"],"_links":{"self":[{"href":"https:\/\/sites.usp.br\/proxymar\/wp-json\/wp\/v2\/pages\/106","targetHints":{"allow":["GET"]}}],"collection":[{"href":"https:\/\/sites.usp.br\/proxymar\/wp-json\/wp\/v2\/pages"}],"about":[{"href":"https:\/\/sites.usp.br\/proxymar\/wp-json\/wp\/v2\/types\/page"}],"author":[{"embeddable":true,"href":"https:\/\/sites.usp.br\/proxymar\/wp-json\/wp\/v2\/users\/23781"}],"replies":[{"embeddable":true,"href":"https:\/\/sites.usp.br\/proxymar\/wp-json\/wp\/v2\/comments?post=106"}],"version-history":[{"count":4,"href":"https:\/\/sites.usp.br\/proxymar\/wp-json\/wp\/v2\/pages\/106\/revisions"}],"predecessor-version":[{"id":460,"href":"https:\/\/sites.usp.br\/proxymar\/wp-json\/wp\/v2\/pages\/106\/revisions\/460"}],"wp:attachment":[{"href":"https:\/\/sites.usp.br\/proxymar\/wp-json\/wp\/v2\/media?parent=106"}],"curies":[{"name":"wp","href":"https:\/\/api.w.org\/{rel}","templated":true}]}}