{"id":226,"date":"2024-02-15T16:36:01","date_gmt":"2024-02-15T19:36:01","guid":{"rendered":"https:\/\/sites.usp.br\/proxymar\/?page_id=226"},"modified":"2024-02-15T16:54:18","modified_gmt":"2024-02-15T19:54:18","slug":"nossos-valores","status":"publish","type":"page","link":"https:\/\/sites.usp.br\/proxymar\/nossos-valores\/","title":{"rendered":"Nossos valores"},"content":{"rendered":"\t\t<div data-elementor-type=\"wp-page\" data-elementor-id=\"226\" class=\"elementor elementor-226\">\n\t\t\t\t<div class=\"elementor-element elementor-element-1d60217 e-flex e-con-boxed e-con e-parent\" data-id=\"1d60217\" data-element_type=\"container\">\n\t\t\t\t\t<div class=\"e-con-inner\">\n\t\t\t\t<div class=\"elementor-element elementor-element-afa7f58 elementor-widget elementor-widget-text-editor\" data-id=\"afa7f58\" data-element_type=\"widget\" data-widget_type=\"text-editor.default\">\n\t\t\t\t<div class=\"elementor-widget-container\">\n\t\t\t\t\t\t\t<p>O ProxyMar est\u00e1 profundamente comprometido em cultivar um ambiente seguro e inclusivo que celebra a diversidade na ci\u00eancia. Queremos promover uma cultura de laborat\u00f3rio que valoriza e aprecia indiv\u00edduos de diversas origens e perspectivas. Nossa maior prioridade \u00e9 garantir que todos os membros da equipe do ProxyMar se sintam apoiados, fortalecidos e livres para se expressar de forma aut\u00eantica.<\/p><p>Nossa dedica\u00e7\u00e3o em promover diversidade, equidade e inclus\u00e3o decorre n\u00e3o apenas de um senso humanit\u00e1rio, mas tamb\u00e9m de nossa compreens\u00e3o de que esses princ\u00edpios s\u00e3o essenciais para gerar conhecimento cient\u00edfico com potencial\u00a0 genu\u00edno de transformar o mundo para melhor. Acreditamos firmemente que a busca pelo avan\u00e7o cient\u00edfico e a preserva\u00e7\u00e3o do ambiente marinho est\u00e3o interligados ao bem-estar dos indiv\u00edduos que produzem o conhecimento cient\u00edfico e quando estes s\u00e3o encorajados a se expressar.<\/p><p>Como cientistas, pesquisadores e defensores do oceano, reconhecemos os privil\u00e9gios e responsabilidades que acompanham nossas fun\u00e7\u00f5es. Portanto, o ProxyMar permanece firme em seu compromisso de promover a justi\u00e7a e a equidade nos sistemas em que operamos. Defendemos firmemente os princ\u00edpios de apoio colaborativo, integridade cient\u00edfica e impacto social positivo como expectativas fundamentais para todos os membros da equipe do ProxyMar.\u00a0<\/p><p>Nossa pesquisa e esfor\u00e7os de conserva\u00e7\u00e3o s\u00e3o conduzidos com a convic\u00e7\u00e3o de que, ao respeitar a diversidade e promover a inclus\u00e3o, n\u00e3o apenas enriquecemos nossa comunidade cient\u00edfica, mas tamb\u00e9m fortalecemos nossa capacidade de compreender e proteger o oceano para as gera\u00e7\u00f5es futuras.<\/p><p>(Inspirado pela Dra. D\u00e9bora Sobreira &#8211; https:\/\/www.sobreiralab.com\/)<\/p>\t\t\t\t\t\t<\/div>\n\t\t\t\t<\/div>\n\t\t\t\t\t<\/div>\n\t\t\t\t<\/div>\n\t\t\t\t<\/div>\n\t\t","protected":false},"excerpt":{"rendered":"<p>O ProxyMar est\u00e1 profundamente comprometido em cultivar um ambiente seguro e inclusivo que celebra a diversidade na ci\u00eancia. Queremos promover uma cultura de laborat\u00f3rio que valoriza e aprecia indiv\u00edduos de diversas origens e perspectivas. Nossa maior prioridade \u00e9 garantir que todos os membros da equipe do ProxyMar se sintam apoiados, fortalecidos e livres para se [&hellip;]<\/p>\n","protected":false},"author":23781,"featured_media":0,"parent":0,"menu_order":0,"comment_status":"closed","ping_status":"closed","template":"","meta":{"ocean_post_layout":"","ocean_both_sidebars_style":"","ocean_both_sidebars_content_width":0,"ocean_both_sidebars_sidebars_width":0,"ocean_sidebar":"","ocean_second_sidebar":"","ocean_disable_margins":"enable","ocean_add_body_class":"","ocean_shortcode_before_top_bar":"","ocean_shortcode_after_top_bar":"","ocean_shortcode_before_header":"","ocean_shortcode_after_header":"","ocean_has_shortcode":"","ocean_shortcode_after_title":"","ocean_shortcode_before_footer_widgets":"","ocean_shortcode_after_footer_widgets":"","ocean_shortcode_before_footer_bottom":"","ocean_shortcode_after_footer_bottom":"","ocean_display_top_bar":"default","ocean_display_header":"default","ocean_header_style":"","ocean_center_header_left_menu":"","ocean_custom_header_template":"","ocean_custom_logo":0,"ocean_custom_retina_logo":0,"ocean_custom_logo_max_width":0,"ocean_custom_logo_tablet_max_width":0,"ocean_custom_logo_mobile_max_width":0,"ocean_custom_logo_max_height":0,"ocean_custom_logo_tablet_max_height":0,"ocean_custom_logo_mobile_max_height":0,"ocean_header_custom_menu":"","ocean_menu_typo_font_family":"","ocean_menu_typo_font_subset":"","ocean_menu_typo_font_size":0,"ocean_menu_typo_font_size_tablet":0,"ocean_menu_typo_font_size_mobile":0,"ocean_menu_typo_font_size_unit":"px","ocean_menu_typo_font_weight":"","ocean_menu_typo_font_weight_tablet":"","ocean_menu_typo_font_weight_mobile":"","ocean_menu_typo_transform":"","ocean_menu_typo_transform_tablet":"","ocean_menu_typo_transform_mobile":"","ocean_menu_typo_line_height":0,"ocean_menu_typo_line_height_tablet":0,"ocean_menu_typo_line_height_mobile":0,"ocean_menu_typo_line_height_unit":"","ocean_menu_typo_spacing":0,"ocean_menu_typo_spacing_tablet":0,"ocean_menu_typo_spacing_mobile":0,"ocean_menu_typo_spacing_unit":"","ocean_menu_link_color":"","ocean_menu_link_color_hover":"","ocean_menu_link_color_active":"","ocean_menu_link_background":"","ocean_menu_link_hover_background":"","ocean_menu_link_active_background":"","ocean_menu_social_links_bg":"","ocean_menu_social_hover_links_bg":"","ocean_menu_social_links_color":"","ocean_menu_social_hover_links_color":"","ocean_disable_title":"default","ocean_disable_heading":"default","ocean_post_title":"","ocean_post_subheading":"","ocean_post_title_style":"","ocean_post_title_background_color":"","ocean_post_title_background":0,"ocean_post_title_bg_image_position":"","ocean_post_title_bg_image_attachment":"","ocean_post_title_bg_image_repeat":"","ocean_post_title_bg_image_size":"","ocean_post_title_height":0,"ocean_post_title_bg_overlay":0.5,"ocean_post_title_bg_overlay_color":"","ocean_disable_breadcrumbs":"default","ocean_breadcrumbs_color":"","ocean_breadcrumbs_separator_color":"","ocean_breadcrumbs_links_color":"","ocean_breadcrumbs_links_hover_color":"","ocean_display_footer_widgets":"default","ocean_display_footer_bottom":"default","ocean_custom_footer_template":"","footnotes":"","_links_to":"","_links_to_target":""},"class_list":["post-226","page","type-page","status-publish","hentry","entry"],"_links":{"self":[{"href":"https:\/\/sites.usp.br\/proxymar\/wp-json\/wp\/v2\/pages\/226","targetHints":{"allow":["GET"]}}],"collection":[{"href":"https:\/\/sites.usp.br\/proxymar\/wp-json\/wp\/v2\/pages"}],"about":[{"href":"https:\/\/sites.usp.br\/proxymar\/wp-json\/wp\/v2\/types\/page"}],"author":[{"embeddable":true,"href":"https:\/\/sites.usp.br\/proxymar\/wp-json\/wp\/v2\/users\/23781"}],"replies":[{"embeddable":true,"href":"https:\/\/sites.usp.br\/proxymar\/wp-json\/wp\/v2\/comments?post=226"}],"version-history":[{"count":4,"href":"https:\/\/sites.usp.br\/proxymar\/wp-json\/wp\/v2\/pages\/226\/revisions"}],"predecessor-version":[{"id":262,"href":"https:\/\/sites.usp.br\/proxymar\/wp-json\/wp\/v2\/pages\/226\/revisions\/262"}],"wp:attachment":[{"href":"https:\/\/sites.usp.br\/proxymar\/wp-json\/wp\/v2\/media?parent=226"}],"curies":[{"name":"wp","href":"https:\/\/api.w.org\/{rel}","templated":true}]}}