{"id":25,"date":"2023-09-18T18:04:31","date_gmt":"2023-09-18T21:04:31","guid":{"rendered":"https:\/\/sites.usp.br\/proxymar\/?page_id=25"},"modified":"2024-10-22T09:51:23","modified_gmt":"2024-10-22T12:51:23","slug":"ensino","status":"publish","type":"page","link":"https:\/\/sites.usp.br\/proxymar\/ensino\/","title":{"rendered":"Ensino"},"content":{"rendered":"\t\t<div data-elementor-type=\"wp-page\" data-elementor-id=\"25\" class=\"elementor elementor-25\">\n\t\t\t\t<div class=\"elementor-element elementor-element-e733b20 e-flex e-con-boxed e-con e-parent\" data-id=\"e733b20\" data-element_type=\"container\">\n\t\t\t\t\t<div class=\"e-con-inner\">\n\t\t\t\t<div class=\"elementor-element elementor-element-30c3129 elementor-widget elementor-widget-text-editor\" data-id=\"30c3129\" data-element_type=\"widget\" data-widget_type=\"text-editor.default\">\n\t\t\t\t<div class=\"elementor-widget-container\">\n\t\t\t\t\t\t\t<p><strong>PROJETOS DE ENSINO<\/strong><\/p>\t\t\t\t\t\t<\/div>\n\t\t\t\t<\/div>\n\t\t\t\t\t<\/div>\n\t\t\t\t<\/div>\n\t\t<div class=\"elementor-element elementor-element-c76a40c e-grid e-con-boxed e-con e-parent\" data-id=\"c76a40c\" data-element_type=\"container\">\n\t\t\t\t\t<div class=\"e-con-inner\">\n\t\t\t\t<div class=\"elementor-element elementor-element-22bbcb0 elementor-widget elementor-widget-text-editor\" data-id=\"22bbcb0\" data-element_type=\"widget\" data-widget_type=\"text-editor.default\">\n\t\t\t\t<div class=\"elementor-widget-container\">\n\t\t\t\t\t\t\t<p><em><strong>A(O) Profissional Ocean\u00f3grafa(o) IOUSPiana(o)<\/strong> \u2013 iluminando trajet\u00f3rias acad\u00eamicas e profissionais da pr\u00f3xima gera\u00e7\u00e3o de ocean\u00f3grafa(o)s a partir da constru\u00e7\u00e3o de narrativas de alumni<\/em><\/p><p>O projeto tem como objetivo construir narrativas de trajet\u00f3rias acad\u00eamicas e profissionais de alumni do curso de Oceanografia e as compartilhar com o corpo discente do IOUSP; e \u00e9\u00a0<span style=\"font-size: 16px; color: var( --e-global-color-text ); letter-spacing: var( --e-global-typography-text-letter-spacing ); text-transform: var( --e-global-typography-text-text-transform ); text-align: var(--text-align); background-color: var( --e-global-color-c696dce );\">desenvolvido pela aluna de gradua\u00e7\u00e3o do IOUSP Irys Martins Rodrigues Ventura (bolsista PUB Ensino 2024-2025).<\/span><\/p>\t\t\t\t\t\t<\/div>\n\t\t\t\t<\/div>\n\t\t\t\t<div class=\"elementor-element elementor-element-7fe9386 elementor-widget elementor-widget-image\" data-id=\"7fe9386\" data-element_type=\"widget\" data-widget_type=\"image.default\">\n\t\t\t\t<div class=\"elementor-widget-container\">\n\t\t\t\t\t\t\t\t\t\t\t\t\t<img fetchpriority=\"high\" decoding=\"async\" width=\"1024\" height=\"768\" src=\"https:\/\/sites.usp.br\/proxymar\/wp-content\/uploads\/sites\/1359\/2024\/10\/profissional_oceanografe-1024x768.jpg\" class=\"attachment-large size-large wp-image-427\" alt=\"\" srcset=\"https:\/\/sites.usp.br\/proxymar\/wp-content\/uploads\/sites\/1359\/2024\/10\/profissional_oceanografe-1024x768.jpg 1024w, https:\/\/sites.usp.br\/proxymar\/wp-content\/uploads\/sites\/1359\/2024\/10\/profissional_oceanografe-300x225.jpg 300w, https:\/\/sites.usp.br\/proxymar\/wp-content\/uploads\/sites\/1359\/2024\/10\/profissional_oceanografe-768x576.jpg 768w, https:\/\/sites.usp.br\/proxymar\/wp-content\/uploads\/sites\/1359\/2024\/10\/profissional_oceanografe-1536x1152.jpg 1536w, https:\/\/sites.usp.br\/proxymar\/wp-content\/uploads\/sites\/1359\/2024\/10\/profissional_oceanografe-2048x1536.jpg 2048w, https:\/\/sites.usp.br\/proxymar\/wp-content\/uploads\/sites\/1359\/2024\/10\/profissional_oceanografe-80x60.jpg 80w\" sizes=\"(max-width: 1024px) 100vw, 1024px\" \/>\t\t\t\t\t\t\t\t\t\t\t\t\t<\/div>\n\t\t\t\t<\/div>\n\t\t\t\t\t<\/div>\n\t\t\t\t<\/div>\n\t\t<div class=\"elementor-element elementor-element-65b7b0db e-flex e-con-boxed e-con e-parent\" data-id=\"65b7b0db\" data-element_type=\"container\">\n\t\t\t\t\t<div class=\"e-con-inner\">\n\t\t\t\t<div class=\"elementor-element elementor-element-7aa39e2 elementor-widget-divider--view-line elementor-widget elementor-widget-divider\" data-id=\"7aa39e2\" data-element_type=\"widget\" data-widget_type=\"divider.default\">\n\t\t\t\t<div class=\"elementor-widget-container\">\n\t\t\t\t\t<div class=\"elementor-divider\">\n\t\t\t<span class=\"elementor-divider-separator\">\n\t\t\t\t\t\t<\/span>\n\t\t<\/div>\n\t\t\t\t<\/div>\n\t\t\t\t<\/div>\n\t\t\t\t<div class=\"elementor-element elementor-element-52d7cfc4 elementor-widget elementor-widget-text-editor\" data-id=\"52d7cfc4\" data-element_type=\"widget\" data-widget_type=\"text-editor.default\">\n\t\t\t\t<div class=\"elementor-widget-container\">\n\t\t\t\t\t\t\t<p><strong>DISCIPLINAS\u00a0<\/strong><\/p>\t\t\t\t\t\t<\/div>\n\t\t\t\t<\/div>\n\t\t\t\t<div class=\"elementor-element elementor-element-aa0fe95 elementor-widget elementor-widget-text-editor\" data-id=\"aa0fe95\" data-element_type=\"widget\" data-widget_type=\"text-editor.default\">\n\t\t\t\t<div class=\"elementor-widget-container\">\n\t\t\t\t\t\t\t<p>Curso de gradua\u00e7\u00e3o do Instituto Oceanogr\u00e1fico da USP\u00a0<\/p><p><a href=\"https:\/\/portalservicos.usp.br\/servicos\/graduacao\/obterDisciplina?sgldis=IOF0284&amp;verdis=2\">IOF0284 &#8211; Oceanografia Geol\u00f3gica II<\/a><\/p><p><a href=\"https:\/\/portalservicos.usp.br\/servicos\/graduacao\/obterDisciplina?sgldis=IOF0290&amp;verdis=1\">IOF0290 &#8211; Oceano e criosfera em um clima em mudan\u00e7a<\/a><\/p><p><a href=\"https:\/\/portalservicos.usp.br\/servicos\/graduacao\/obterDisciplina?sgldis=2100123&amp;verdis=2\">2100123 &#8211; Oceanografia Integrativa II<\/a><\/p><p><a href=\"https:\/\/portalservicos.usp.br\/servicos\/graduacao\/obterDisciplina?sgldis=IOF0291&amp;verdis=1\">IOF0291 &#8211; Micropl\u00e1sticos no Oceano<\/a><\/p><p>\u00a0<\/p>\t\t\t\t\t\t<\/div>\n\t\t\t\t<\/div>\n\t\t\t\t<div class=\"elementor-element elementor-element-d0f0109 elementor-widget elementor-widget-text-editor\" data-id=\"d0f0109\" data-element_type=\"widget\" data-widget_type=\"text-editor.default\">\n\t\t\t\t<div class=\"elementor-widget-container\">\n\t\t\t\t\t\t\t<p>Programa de P\u00f3s-gradua\u00e7\u00e3o em Sistemas Costeiros e Oce\u00e2nicos (UFPR)<\/p><p><a href=\"https:\/\/uspdigital.usp.br\/janus\/componente\/catalogoDisciplinasInicial.jsf?action=3&amp;sgldis=IOC5940\">IOC5940 &#8211; Prepara\u00e7\u00e3o Pedag\u00f3gica em Oceanografia<\/a><\/p><p><a href=\"https:\/\/uspdigital.usp.br\/janus\/componente\/catalogoDisciplinasInicial.jsf?action=3&amp;sgldis=IOC5939\">IOC5939 &#8211; Enigmas Paleoceanogr\u00e1ficos do Cenoz\u00f3ico<\/a><\/p><p>\u00a0<\/p>\t\t\t\t\t\t<\/div>\n\t\t\t\t<\/div>\n\t\t\t\t<div class=\"elementor-element elementor-element-a68b84f elementor-widget elementor-widget-text-editor\" data-id=\"a68b84f\" data-element_type=\"widget\" data-widget_type=\"text-editor.default\">\n\t\t\t\t<div class=\"elementor-widget-container\">\n\t\t\t\t\t\t\t<p>Programa de P\u00f3s-gradua\u00e7\u00e3o em Oceanografia (USP)<\/p><p>SISC7044 &#8211; T\u00f3picos em Ci\u00eancias do Mar<\/p>\t\t\t\t\t\t<\/div>\n\t\t\t\t<\/div>\n\t\t\t\t\t<\/div>\n\t\t\t\t<\/div>\n\t\t<div class=\"elementor-element elementor-element-e402e0e e-flex e-con-boxed e-con e-parent\" data-id=\"e402e0e\" data-element_type=\"container\">\n\t\t\t\t\t<div class=\"e-con-inner\">\n\t\t\t\t<div class=\"elementor-element elementor-element-91603aa elementor-widget-divider--view-line elementor-widget elementor-widget-divider\" data-id=\"91603aa\" data-element_type=\"widget\" data-widget_type=\"divider.default\">\n\t\t\t\t<div class=\"elementor-widget-container\">\n\t\t\t\t\t<div class=\"elementor-divider\">\n\t\t\t<span class=\"elementor-divider-separator\">\n\t\t\t\t\t\t<\/span>\n\t\t<\/div>\n\t\t\t\t<\/div>\n\t\t\t\t<\/div>\n\t\t\t\t\t<\/div>\n\t\t\t\t<\/div>\n\t\t\t\t<\/div>\n\t\t","protected":false},"excerpt":{"rendered":"<p>PROJETOS DE ENSINO A(O) Profissional Ocean\u00f3grafa(o) IOUSPiana(o) \u2013 iluminando trajet\u00f3rias acad\u00eamicas e profissionais da pr\u00f3xima gera\u00e7\u00e3o de ocean\u00f3grafa(o)s a partir da constru\u00e7\u00e3o de narrativas de alumni O projeto tem como objetivo construir narrativas de trajet\u00f3rias acad\u00eamicas e profissionais de alumni do curso de Oceanografia e as compartilhar com o corpo discente do IOUSP; e \u00e9\u00a0desenvolvido [&hellip;]<\/p>\n","protected":false},"author":23781,"featured_media":0,"parent":0,"menu_order":0,"comment_status":"closed","ping_status":"closed","template":"","meta":{"ocean_post_layout":"","ocean_both_sidebars_style":"","ocean_both_sidebars_content_width":0,"ocean_both_sidebars_sidebars_width":0,"ocean_sidebar":"0","ocean_second_sidebar":"0","ocean_disable_margins":"enable","ocean_add_body_class":"","ocean_shortcode_before_top_bar":"","ocean_shortcode_after_top_bar":"","ocean_shortcode_before_header":"","ocean_shortcode_after_header":"","ocean_has_shortcode":"","ocean_shortcode_after_title":"","ocean_shortcode_before_footer_widgets":"","ocean_shortcode_after_footer_widgets":"","ocean_shortcode_before_footer_bottom":"","ocean_shortcode_after_footer_bottom":"","ocean_display_top_bar":"default","ocean_display_header":"default","ocean_header_style":"","ocean_center_header_left_menu":"0","ocean_custom_header_template":"0","ocean_custom_logo":0,"ocean_custom_retina_logo":0,"ocean_custom_logo_max_width":0,"ocean_custom_logo_tablet_max_width":0,"ocean_custom_logo_mobile_max_width":0,"ocean_custom_logo_max_height":0,"ocean_custom_logo_tablet_max_height":0,"ocean_custom_logo_mobile_max_height":0,"ocean_header_custom_menu":"0","ocean_menu_typo_font_family":"0","ocean_menu_typo_font_subset":"","ocean_menu_typo_font_size":0,"ocean_menu_typo_font_size_tablet":0,"ocean_menu_typo_font_size_mobile":0,"ocean_menu_typo_font_size_unit":"px","ocean_menu_typo_font_weight":"","ocean_menu_typo_font_weight_tablet":"","ocean_menu_typo_font_weight_mobile":"","ocean_menu_typo_transform":"","ocean_menu_typo_transform_tablet":"","ocean_menu_typo_transform_mobile":"","ocean_menu_typo_line_height":0,"ocean_menu_typo_line_height_tablet":0,"ocean_menu_typo_line_height_mobile":0,"ocean_menu_typo_line_height_unit":"","ocean_menu_typo_spacing":0,"ocean_menu_typo_spacing_tablet":0,"ocean_menu_typo_spacing_mobile":0,"ocean_menu_typo_spacing_unit":"","ocean_menu_link_color":"","ocean_menu_link_color_hover":"","ocean_menu_link_color_active":"","ocean_menu_link_background":"","ocean_menu_link_hover_background":"","ocean_menu_link_active_background":"","ocean_menu_social_links_bg":"","ocean_menu_social_hover_links_bg":"","ocean_menu_social_links_color":"","ocean_menu_social_hover_links_color":"","ocean_disable_title":"default","ocean_disable_heading":"default","ocean_post_title":"","ocean_post_subheading":"","ocean_post_title_style":"","ocean_post_title_background_color":"","ocean_post_title_background":0,"ocean_post_title_bg_image_position":"","ocean_post_title_bg_image_attachment":"","ocean_post_title_bg_image_repeat":"","ocean_post_title_bg_image_size":"","ocean_post_title_height":0,"ocean_post_title_bg_overlay":0.5,"ocean_post_title_bg_overlay_color":"","ocean_disable_breadcrumbs":"default","ocean_breadcrumbs_color":"","ocean_breadcrumbs_separator_color":"","ocean_breadcrumbs_links_color":"","ocean_breadcrumbs_links_hover_color":"","ocean_display_footer_widgets":"default","ocean_display_footer_bottom":"default","ocean_custom_footer_template":"0","footnotes":"","_links_to":"","_links_to_target":""},"class_list":["post-25","page","type-page","status-publish","hentry","entry"],"_links":{"self":[{"href":"https:\/\/sites.usp.br\/proxymar\/wp-json\/wp\/v2\/pages\/25","targetHints":{"allow":["GET"]}}],"collection":[{"href":"https:\/\/sites.usp.br\/proxymar\/wp-json\/wp\/v2\/pages"}],"about":[{"href":"https:\/\/sites.usp.br\/proxymar\/wp-json\/wp\/v2\/types\/page"}],"author":[{"embeddable":true,"href":"https:\/\/sites.usp.br\/proxymar\/wp-json\/wp\/v2\/users\/23781"}],"replies":[{"embeddable":true,"href":"https:\/\/sites.usp.br\/proxymar\/wp-json\/wp\/v2\/comments?post=25"}],"version-history":[{"count":4,"href":"https:\/\/sites.usp.br\/proxymar\/wp-json\/wp\/v2\/pages\/25\/revisions"}],"predecessor-version":[{"id":446,"href":"https:\/\/sites.usp.br\/proxymar\/wp-json\/wp\/v2\/pages\/25\/revisions\/446"}],"wp:attachment":[{"href":"https:\/\/sites.usp.br\/proxymar\/wp-json\/wp\/v2\/media?parent=25"}],"curies":[{"name":"wp","href":"https:\/\/api.w.org\/{rel}","templated":true}]}}