{"id":334,"date":"2024-03-08T14:14:16","date_gmt":"2024-03-08T17:14:16","guid":{"rendered":"https:\/\/sites.usp.br\/proxymar\/?page_id=334"},"modified":"2024-04-12T10:57:47","modified_gmt":"2024-04-12T13:57:47","slug":"junte-se-a-nos","status":"publish","type":"page","link":"https:\/\/sites.usp.br\/proxymar\/pessoas\/junte-se-a-nos\/","title":{"rendered":"Junte se a n\u00f3s"},"content":{"rendered":"\t\t<div data-elementor-type=\"wp-page\" data-elementor-id=\"334\" class=\"elementor elementor-334\">\n\t\t\t\t<div class=\"elementor-element elementor-element-c0ee2c0 e-flex e-con-boxed e-con e-parent\" data-id=\"c0ee2c0\" data-element_type=\"container\">\n\t\t\t\t\t<div class=\"e-con-inner\">\n\t\t\t\t<div class=\"elementor-element elementor-element-d255120 elementor-widget elementor-widget-heading\" data-id=\"d255120\" data-element_type=\"widget\" data-widget_type=\"heading.default\">\n\t\t\t\t<div class=\"elementor-widget-container\">\n\t\t\t<h2 class=\"elementor-heading-title elementor-size-default\">Venha fazer parte da equipe ProxyMar<\/h2>\t\t<\/div>\n\t\t\t\t<\/div>\n\t\t\t\t<div class=\"elementor-element elementor-element-e5cda78 elementor-widget-divider--view-line elementor-widget elementor-widget-divider\" data-id=\"e5cda78\" data-element_type=\"widget\" data-widget_type=\"divider.default\">\n\t\t\t\t<div class=\"elementor-widget-container\">\n\t\t\t\t\t<div class=\"elementor-divider\">\n\t\t\t<span class=\"elementor-divider-separator\">\n\t\t\t\t\t\t<\/span>\n\t\t<\/div>\n\t\t\t\t<\/div>\n\t\t\t\t<\/div>\n\t\t\t\t\t<\/div>\n\t\t\t\t<\/div>\n\t\t<div class=\"elementor-element elementor-element-bb4d851 e-flex e-con-boxed e-con e-parent\" data-id=\"bb4d851\" data-element_type=\"container\">\n\t\t\t\t\t<div class=\"e-con-inner\">\n\t\t<div class=\"elementor-element elementor-element-472d140 e-con-full e-flex e-con e-child\" data-id=\"472d140\" data-element_type=\"container\">\n\t\t\t\t<div class=\"elementor-element elementor-element-e20a52a elementor-widget elementor-widget-text-editor\" data-id=\"e20a52a\" data-element_type=\"widget\" data-widget_type=\"text-editor.default\">\n\t\t\t\t<div class=\"elementor-widget-container\">\n\t\t\t\t\t\t\t<h3><strong>Gradua\u00e7\u00e3o<\/strong><\/h3><p>O ProxyMar tem o prazer de abrir suas portas para estudantes de gradua\u00e7\u00e3o que querem se envolver no mundo da pesquisa cient\u00edfica. Como estudante de gradua\u00e7\u00e3o, voc\u00ea ter\u00e1 a oportunidade \u00fanica de embarcar em uma jornada de descoberta nos campos da paleoceanografia e micropl\u00e1sticos. Al\u00e9m disso, voc\u00ea ser\u00e1 exposto \u00e0 an\u00e1lise de conjuntos de dados em grande escala, uma habilidade crucial no cen\u00e1rio cient\u00edfico atual. Sua jornada cient\u00edfica come\u00e7a aqui!<\/p>\t\t\t\t\t\t<\/div>\n\t\t\t\t<\/div>\n\t\t\t\t<\/div>\n\t\t<div class=\"elementor-element elementor-element-cdda066 e-con-full e-flex e-con e-child\" data-id=\"cdda066\" data-element_type=\"container\">\n\t\t\t\t<div class=\"elementor-element elementor-element-d6c48ea elementor-widget elementor-widget-image\" data-id=\"d6c48ea\" data-element_type=\"widget\" data-widget_type=\"image.default\">\n\t\t\t\t<div class=\"elementor-widget-container\">\n\t\t\t\t\t\t\t\t\t\t\t\t\t<img decoding=\"async\" width=\"218\" height=\"216\" src=\"https:\/\/sites.usp.br\/proxymar\/wp-content\/uploads\/sites\/1359\/2024\/04\/Prancheta-1.png\" class=\"attachment-large size-large wp-image-345\" alt=\"\" srcset=\"https:\/\/sites.usp.br\/proxymar\/wp-content\/uploads\/sites\/1359\/2024\/04\/Prancheta-1.png 218w, https:\/\/sites.usp.br\/proxymar\/wp-content\/uploads\/sites\/1359\/2024\/04\/Prancheta-1-150x150.png 150w, https:\/\/sites.usp.br\/proxymar\/wp-content\/uploads\/sites\/1359\/2024\/04\/Prancheta-1-45x45.png 45w\" sizes=\"(max-width: 218px) 100vw, 218px\" \/>\t\t\t\t\t\t\t\t\t\t\t\t\t<\/div>\n\t\t\t\t<\/div>\n\t\t\t\t<\/div>\n\t\t\t\t\t<\/div>\n\t\t\t\t<\/div>\n\t\t<div class=\"elementor-element elementor-element-a4acfa5 e-flex e-con-boxed e-con e-parent\" data-id=\"a4acfa5\" data-element_type=\"container\">\n\t\t\t\t\t<div class=\"e-con-inner\">\n\t\t\t\t<div class=\"elementor-element elementor-element-3dd838a elementor-widget-divider--view-line elementor-widget elementor-widget-divider\" data-id=\"3dd838a\" data-element_type=\"widget\" data-widget_type=\"divider.default\">\n\t\t\t\t<div class=\"elementor-widget-container\">\n\t\t\t\t\t<div class=\"elementor-divider\">\n\t\t\t<span class=\"elementor-divider-separator\">\n\t\t\t\t\t\t<\/span>\n\t\t<\/div>\n\t\t\t\t<\/div>\n\t\t\t\t<\/div>\n\t\t\t\t\t<\/div>\n\t\t\t\t<\/div>\n\t\t<div class=\"elementor-element elementor-element-9554041 e-flex e-con-boxed e-con e-parent\" data-id=\"9554041\" data-element_type=\"container\">\n\t\t\t\t\t<div class=\"e-con-inner\">\n\t\t<div class=\"elementor-element elementor-element-e1a0669 e-con-full e-flex e-con e-child\" data-id=\"e1a0669\" data-element_type=\"container\">\n\t\t\t\t<div class=\"elementor-element elementor-element-2373895 elementor-widget elementor-widget-image\" data-id=\"2373895\" data-element_type=\"widget\" data-widget_type=\"image.default\">\n\t\t\t\t<div class=\"elementor-widget-container\">\n\t\t\t\t\t\t\t\t\t\t\t\t\t<img fetchpriority=\"high\" decoding=\"async\" width=\"328\" height=\"321\" src=\"https:\/\/sites.usp.br\/proxymar\/wp-content\/uploads\/sites\/1359\/2024\/04\/icone2.png\" class=\"attachment-large size-large wp-image-347\" alt=\"\" srcset=\"https:\/\/sites.usp.br\/proxymar\/wp-content\/uploads\/sites\/1359\/2024\/04\/icone2.png 328w, https:\/\/sites.usp.br\/proxymar\/wp-content\/uploads\/sites\/1359\/2024\/04\/icone2-300x294.png 300w, https:\/\/sites.usp.br\/proxymar\/wp-content\/uploads\/sites\/1359\/2024\/04\/icone2-45x45.png 45w\" sizes=\"(max-width: 328px) 100vw, 328px\" \/>\t\t\t\t\t\t\t\t\t\t\t\t\t<\/div>\n\t\t\t\t<\/div>\n\t\t\t\t<\/div>\n\t\t<div class=\"elementor-element elementor-element-7e0e621 e-con-full e-flex e-con e-child\" data-id=\"7e0e621\" data-element_type=\"container\">\n\t\t\t\t<div class=\"elementor-element elementor-element-941a295 elementor-widget elementor-widget-text-editor\" data-id=\"941a295\" data-element_type=\"widget\" data-widget_type=\"text-editor.default\">\n\t\t\t\t<div class=\"elementor-widget-container\">\n\t\t\t\t\t\t\t<h3>P\u00f3s-gradua\u00e7\u00e3o<\/h3><p>O ProxyMar possui vagas para candatida(o)s interessada(o)s em desenvolver projetos de Mestrado Acad\u00eamico e Doutorado nos Programas de P\u00f3s-Gradua\u00e7\u00e3o em Oceanografia (USP) e em Sistemas Costeiros e Oce\u00e2nicos (UFPR).\u00a0 A(O)s aluna(o)s que ingressarem no laborat\u00f3rio ter\u00e3o oportunidade de se envolver em projetos de pesquisa nas linhas de pesquisa desenvolvidas no ProxyMar, com atividades que incluem sa\u00eddas de campo, pr\u00e1ticas no laborat\u00f3rio e an\u00e1lise de dados.<\/p>\t\t\t\t\t\t<\/div>\n\t\t\t\t<\/div>\n\t\t\t\t<\/div>\n\t\t\t\t\t<\/div>\n\t\t\t\t<\/div>\n\t\t<div class=\"elementor-element elementor-element-b6f8a05 e-flex e-con-boxed e-con e-parent\" data-id=\"b6f8a05\" data-element_type=\"container\">\n\t\t\t\t\t<div class=\"e-con-inner\">\n\t\t\t\t<div class=\"elementor-element elementor-element-139127b elementor-widget-divider--view-line elementor-widget elementor-widget-divider\" data-id=\"139127b\" data-element_type=\"widget\" data-widget_type=\"divider.default\">\n\t\t\t\t<div class=\"elementor-widget-container\">\n\t\t\t\t\t<div class=\"elementor-divider\">\n\t\t\t<span class=\"elementor-divider-separator\">\n\t\t\t\t\t\t<\/span>\n\t\t<\/div>\n\t\t\t\t<\/div>\n\t\t\t\t<\/div>\n\t\t\t\t\t<\/div>\n\t\t\t\t<\/div>\n\t\t<div class=\"elementor-element elementor-element-a4dbce0 e-flex e-con-boxed e-con e-parent\" data-id=\"a4dbce0\" data-element_type=\"container\">\n\t\t\t\t\t<div class=\"e-con-inner\">\n\t\t<div class=\"elementor-element elementor-element-baf8b31 e-con-full e-flex e-con e-child\" data-id=\"baf8b31\" data-element_type=\"container\">\n\t\t\t\t<div class=\"elementor-element elementor-element-48fa2a7 elementor-widget elementor-widget-text-editor\" data-id=\"48fa2a7\" data-element_type=\"widget\" data-widget_type=\"text-editor.default\">\n\t\t\t\t<div class=\"elementor-widget-container\">\n\t\t\t\t\t\t\t<h3>Pos-docs<\/h3><p>O ProxyMar est\u00e1 buscando pesquisadora(e)s entusiastas de p\u00f3s-doutorado. O laborat\u00f3rio oferece um ambiente estimulante e colaborativo apoiado por \u00f3tima infraestrutura e recursos, proporcionando uma plataforma din\u00e2mica para pesquisas inovadoras no campo da Oceanografia geol\u00f3gica. Ao ingressar no ProxyMar, p\u00f3s-doutoranda(o)s ter\u00e3o a oportunidade de contribuir com projetos inovadores, avan\u00e7ar no conhecimento cient\u00edfico e dar passos significativos para melhorar nossa compreens\u00e3o sobre o Oceano e suas respostas a mudan\u00e7as clim\u00e1ticas e a a\u00e7\u00e3o humana.<\/p>\t\t\t\t\t\t<\/div>\n\t\t\t\t<\/div>\n\t\t\t\t<\/div>\n\t\t<div class=\"elementor-element elementor-element-f8bacaf e-con-full e-flex e-con e-child\" data-id=\"f8bacaf\" data-element_type=\"container\">\n\t\t\t\t<div class=\"elementor-element elementor-element-236bd50 elementor-widget elementor-widget-image\" data-id=\"236bd50\" data-element_type=\"widget\" data-widget_type=\"image.default\">\n\t\t\t\t<div class=\"elementor-widget-container\">\n\t\t\t\t\t\t\t\t\t\t\t\t\t<img decoding=\"async\" width=\"336\" height=\"321\" src=\"https:\/\/sites.usp.br\/proxymar\/wp-content\/uploads\/sites\/1359\/2024\/04\/icone3.png\" class=\"attachment-large size-large wp-image-346\" alt=\"\" srcset=\"https:\/\/sites.usp.br\/proxymar\/wp-content\/uploads\/sites\/1359\/2024\/04\/icone3.png 336w, https:\/\/sites.usp.br\/proxymar\/wp-content\/uploads\/sites\/1359\/2024\/04\/icone3-300x287.png 300w\" sizes=\"(max-width: 336px) 100vw, 336px\" \/>\t\t\t\t\t\t\t\t\t\t\t\t\t<\/div>\n\t\t\t\t<\/div>\n\t\t\t\t<\/div>\n\t\t<div class=\"elementor-element elementor-element-469ed1d e-con-full e-flex e-con e-child\" data-id=\"469ed1d\" data-element_type=\"container\">\n\t\t\t\t<\/div>\n\t\t\t\t\t<\/div>\n\t\t\t\t<\/div>\n\t\t<div class=\"elementor-element elementor-element-f890274 e-flex e-con-boxed e-con e-parent\" data-id=\"f890274\" data-element_type=\"container\">\n\t\t\t\t\t<div class=\"e-con-inner\">\n\t\t\t\t<div class=\"elementor-element elementor-element-269c3fe elementor-widget-divider--view-line elementor-widget elementor-widget-divider\" data-id=\"269c3fe\" data-element_type=\"widget\" data-widget_type=\"divider.default\">\n\t\t\t\t<div class=\"elementor-widget-container\">\n\t\t\t\t\t<div class=\"elementor-divider\">\n\t\t\t<span class=\"elementor-divider-separator\">\n\t\t\t\t\t\t<\/span>\n\t\t<\/div>\n\t\t\t\t<\/div>\n\t\t\t\t<\/div>\n\t\t\t\t\t<\/div>\n\t\t\t\t<\/div>\n\t\t<div class=\"elementor-element elementor-element-edb1634 e-flex e-con-boxed e-con e-parent\" data-id=\"edb1634\" data-element_type=\"container\">\n\t\t\t\t\t<div class=\"e-con-inner\">\n\t\t<div class=\"elementor-element elementor-element-18da404 e-con-full e-flex e-con e-child\" data-id=\"18da404\" data-element_type=\"container\">\n\t\t\t\t<\/div>\n\t\t<div class=\"elementor-element elementor-element-83bd04e e-con-full e-flex e-con e-child\" data-id=\"83bd04e\" data-element_type=\"container\">\n\t\t\t\t<div class=\"elementor-element elementor-element-d7d773b elementor-widget elementor-widget-text-editor\" data-id=\"d7d773b\" data-element_type=\"widget\" data-widget_type=\"text-editor.default\">\n\t\t\t\t<div class=\"elementor-widget-container\">\n\t\t\t\t\t\t\t<h3>Junte se ao ProxyMar!<\/h3><p>Mande um e-mail para a Profa. Dra. Renata H. Nagai &lt;<a href=\"mailto:renatanagai@usp.br\">renatanagai@usp.br<\/a>&gt; e agende uma conversa.<\/p>\t\t\t\t\t\t<\/div>\n\t\t\t\t<\/div>\n\t\t\t\t<\/div>\n\t\t<div class=\"elementor-element elementor-element-4f41b7a e-con-full e-flex e-con e-child\" data-id=\"4f41b7a\" data-element_type=\"container\">\n\t\t\t\t<\/div>\n\t\t<div class=\"elementor-element elementor-element-ce844a0 e-con-full e-flex e-con e-child\" data-id=\"ce844a0\" data-element_type=\"container\">\n\t\t\t\t<\/div>\n\t\t\t\t\t<\/div>\n\t\t\t\t<\/div>\n\t\t\t\t<\/div>\n\t\t","protected":false},"excerpt":{"rendered":"<p>Venha fazer parte da equipe ProxyMar Gradua\u00e7\u00e3o O ProxyMar tem o prazer de abrir suas portas para estudantes de gradua\u00e7\u00e3o que querem se envolver no mundo da pesquisa cient\u00edfica. Como estudante de gradua\u00e7\u00e3o, voc\u00ea ter\u00e1 a oportunidade \u00fanica de embarcar em uma jornada de descoberta nos campos da paleoceanografia e micropl\u00e1sticos. Al\u00e9m disso, voc\u00ea ser\u00e1 [&hellip;]<\/p>\n","protected":false},"author":23781,"featured_media":0,"parent":31,"menu_order":0,"comment_status":"closed","ping_status":"closed","template":"","meta":{"ocean_post_layout":"","ocean_both_sidebars_style":"","ocean_both_sidebars_content_width":0,"ocean_both_sidebars_sidebars_width":0,"ocean_sidebar":"0","ocean_second_sidebar":"0","ocean_disable_margins":"enable","ocean_add_body_class":"","ocean_shortcode_before_top_bar":"","ocean_shortcode_after_top_bar":"","ocean_shortcode_before_header":"","ocean_shortcode_after_header":"","ocean_has_shortcode":"","ocean_shortcode_after_title":"","ocean_shortcode_before_footer_widgets":"","ocean_shortcode_after_footer_widgets":"","ocean_shortcode_before_footer_bottom":"","ocean_shortcode_after_footer_bottom":"","ocean_display_top_bar":"default","ocean_display_header":"default","ocean_header_style":"","ocean_center_header_left_menu":"0","ocean_custom_header_template":"0","ocean_custom_logo":0,"ocean_custom_retina_logo":0,"ocean_custom_logo_max_width":0,"ocean_custom_logo_tablet_max_width":0,"ocean_custom_logo_mobile_max_width":0,"ocean_custom_logo_max_height":0,"ocean_custom_logo_tablet_max_height":0,"ocean_custom_logo_mobile_max_height":0,"ocean_header_custom_menu":"","ocean_menu_typo_font_family":"0","ocean_menu_typo_font_subset":"","ocean_menu_typo_font_size":0,"ocean_menu_typo_font_size_tablet":0,"ocean_menu_typo_font_size_mobile":0,"ocean_menu_typo_font_size_unit":"px","ocean_menu_typo_font_weight":"","ocean_menu_typo_font_weight_tablet":"","ocean_menu_typo_font_weight_mobile":"","ocean_menu_typo_transform":"","ocean_menu_typo_transform_tablet":"","ocean_menu_typo_transform_mobile":"","ocean_menu_typo_line_height":0,"ocean_menu_typo_line_height_tablet":0,"ocean_menu_typo_line_height_mobile":0,"ocean_menu_typo_line_height_unit":"","ocean_menu_typo_spacing":0,"ocean_menu_typo_spacing_tablet":0,"ocean_menu_typo_spacing_mobile":0,"ocean_menu_typo_spacing_unit":"","ocean_menu_link_color":"","ocean_menu_link_color_hover":"","ocean_menu_link_color_active":"","ocean_menu_link_background":"","ocean_menu_link_hover_background":"","ocean_menu_link_active_background":"","ocean_menu_social_links_bg":"","ocean_menu_social_hover_links_bg":"","ocean_menu_social_links_color":"","ocean_menu_social_hover_links_color":"","ocean_disable_title":"default","ocean_disable_heading":"default","ocean_post_title":"","ocean_post_subheading":"","ocean_post_title_style":"","ocean_post_title_background_color":"","ocean_post_title_background":0,"ocean_post_title_bg_image_position":"","ocean_post_title_bg_image_attachment":"","ocean_post_title_bg_image_repeat":"","ocean_post_title_bg_image_size":"","ocean_post_title_height":0,"ocean_post_title_bg_overlay":0.5,"ocean_post_title_bg_overlay_color":"","ocean_disable_breadcrumbs":"default","ocean_breadcrumbs_color":"","ocean_breadcrumbs_separator_color":"","ocean_breadcrumbs_links_color":"","ocean_breadcrumbs_links_hover_color":"","ocean_display_footer_widgets":"default","ocean_display_footer_bottom":"default","ocean_custom_footer_template":"0","footnotes":"","_links_to":"","_links_to_target":""},"class_list":["post-334","page","type-page","status-publish","hentry","entry"],"_links":{"self":[{"href":"https:\/\/sites.usp.br\/proxymar\/wp-json\/wp\/v2\/pages\/334","targetHints":{"allow":["GET"]}}],"collection":[{"href":"https:\/\/sites.usp.br\/proxymar\/wp-json\/wp\/v2\/pages"}],"about":[{"href":"https:\/\/sites.usp.br\/proxymar\/wp-json\/wp\/v2\/types\/page"}],"author":[{"embeddable":true,"href":"https:\/\/sites.usp.br\/proxymar\/wp-json\/wp\/v2\/users\/23781"}],"replies":[{"embeddable":true,"href":"https:\/\/sites.usp.br\/proxymar\/wp-json\/wp\/v2\/comments?post=334"}],"version-history":[{"count":4,"href":"https:\/\/sites.usp.br\/proxymar\/wp-json\/wp\/v2\/pages\/334\/revisions"}],"predecessor-version":[{"id":355,"href":"https:\/\/sites.usp.br\/proxymar\/wp-json\/wp\/v2\/pages\/334\/revisions\/355"}],"up":[{"embeddable":true,"href":"https:\/\/sites.usp.br\/proxymar\/wp-json\/wp\/v2\/pages\/31"}],"wp:attachment":[{"href":"https:\/\/sites.usp.br\/proxymar\/wp-json\/wp\/v2\/media?parent=334"}],"curies":[{"name":"wp","href":"https:\/\/api.w.org\/{rel}","templated":true}]}}