{"id":35,"date":"2023-09-18T18:09:51","date_gmt":"2023-09-18T21:09:51","guid":{"rendered":"https:\/\/sites.usp.br\/proxymar\/?page_id=35"},"modified":"2024-10-22T16:43:42","modified_gmt":"2024-10-22T19:43:42","slug":"projetos-de-extensao","status":"publish","type":"page","link":"https:\/\/sites.usp.br\/proxymar\/acoes-de-divulgacao-cientifica\/projetos-de-extensao\/","title":{"rendered":"Projetos de Extens\u00e3o"},"content":{"rendered":"\t\t<div data-elementor-type=\"wp-page\" data-elementor-id=\"35\" class=\"elementor elementor-35\">\n\t\t\t\t<div class=\"elementor-element elementor-element-01a74d9 e-flex e-con-boxed e-con e-parent\" data-id=\"01a74d9\" data-element_type=\"container\">\n\t\t\t\t\t<div class=\"e-con-inner\">\n\t\t<div class=\"elementor-element elementor-element-2c556ca e-con-full e-flex e-con e-child\" data-id=\"2c556ca\" data-element_type=\"container\">\n\t\t\t\t<div class=\"elementor-element elementor-element-455134c elementor-widget elementor-widget-text-editor\" data-id=\"455134c\" data-element_type=\"widget\" data-widget_type=\"text-editor.default\">\n\t\t\t\t<div class=\"elementor-widget-container\">\n\t\t\t\t\t\t\t<p>O Boletim Conex\u00e3o Oceano tem como objetivo principal promover a Cultura Oce\u00e2nica por meio de um canal de comunica\u00e7\u00e3o digital, conectando a sociedade (foco nas comunidades escolares) com a\u00e7\u00f5es da universidade, iniciativas da D\u00e9cada do Oceano.<\/p><p>O boletim faz parte do Projeto de Extens\u00e3o &#8220;Conectando Etecs e Fatecs do estado de S\u00e3o Paulo com a D\u00e9cada do Oceano&#8221; em desenvolvimento pela Gabriela Borges Franca, aluna do curso de gradua\u00e7\u00e3o em Oceanografia e bolsista PUB Extens\u00e3o 2024.<\/p><p>Se inscreva para receber o boletim diretamente no seu e-mail:<\/p>\t\t\t\t\t\t<\/div>\n\t\t\t\t<\/div>\n\t\t\t\t<div class=\"elementor-element elementor-element-60c8082 elementor-align-center elementor-widget elementor-widget-button\" data-id=\"60c8082\" data-element_type=\"widget\" data-widget_type=\"button.default\">\n\t\t\t\t<div class=\"elementor-widget-container\">\n\t\t\t\t\t\t\t<div class=\"elementor-button-wrapper\">\n\t\t\t\t\t<a class=\"elementor-button elementor-button-link elementor-size-sm\" href=\"https:\/\/conexaoceano.substack.com\/?r=4ff8zp&#038;utm_campaign=subscribe-page-share-screen&#038;utm_medium=web\">\n\t\t\t\t\t\t<span class=\"elementor-button-content-wrapper\">\n\t\t\t\t\t\t\t\t\t<span class=\"elementor-button-text\">Se inscreva aqui<\/span>\n\t\t\t\t\t<\/span>\n\t\t\t\t\t<\/a>\n\t\t\t\t<\/div>\n\t\t\t\t\t\t<\/div>\n\t\t\t\t<\/div>\n\t\t\t\t<\/div>\n\t\t<div class=\"elementor-element elementor-element-30ba2a3 e-con-full e-flex e-con e-child\" data-id=\"30ba2a3\" data-element_type=\"container\">\n\t\t\t\t<div class=\"elementor-element elementor-element-b5f2424 elementor-widget elementor-widget-image\" data-id=\"b5f2424\" data-element_type=\"widget\" data-widget_type=\"image.default\">\n\t\t\t\t<div class=\"elementor-widget-container\">\n\t\t\t\t\t\t\t\t\t\t\t\t\t<img fetchpriority=\"high\" decoding=\"async\" width=\"843\" height=\"421\" src=\"https:\/\/sites.usp.br\/proxymar\/wp-content\/uploads\/sites\/1359\/2024\/10\/boletim_conexao_Oceano.png\" class=\"attachment-large size-large wp-image-398\" alt=\"\" srcset=\"https:\/\/sites.usp.br\/proxymar\/wp-content\/uploads\/sites\/1359\/2024\/10\/boletim_conexao_Oceano.png 843w, https:\/\/sites.usp.br\/proxymar\/wp-content\/uploads\/sites\/1359\/2024\/10\/boletim_conexao_Oceano-300x150.png 300w, https:\/\/sites.usp.br\/proxymar\/wp-content\/uploads\/sites\/1359\/2024\/10\/boletim_conexao_Oceano-768x384.png 768w\" sizes=\"(max-width: 843px) 100vw, 843px\" \/>\t\t\t\t\t\t\t\t\t\t\t\t\t<\/div>\n\t\t\t\t<\/div>\n\t\t\t\t<\/div>\n\t\t\t\t\t<\/div>\n\t\t\t\t<\/div>\n\t\t<div class=\"elementor-element elementor-element-99613cd e-flex e-con-boxed e-con e-parent\" data-id=\"99613cd\" data-element_type=\"container\">\n\t\t\t\t\t<div class=\"e-con-inner\">\n\t\t\t\t<div class=\"elementor-element elementor-element-fc604a5 elementor-widget-divider--view-line elementor-widget elementor-widget-divider\" data-id=\"fc604a5\" data-element_type=\"widget\" data-widget_type=\"divider.default\">\n\t\t\t\t<div class=\"elementor-widget-container\">\n\t\t\t\t\t<div class=\"elementor-divider\">\n\t\t\t<span class=\"elementor-divider-separator\">\n\t\t\t\t\t\t<\/span>\n\t\t<\/div>\n\t\t\t\t<\/div>\n\t\t\t\t<\/div>\n\t\t\t\t\t<\/div>\n\t\t\t\t<\/div>\n\t\t<div class=\"elementor-element elementor-element-27b3e75 e-flex e-con-boxed e-con e-parent\" data-id=\"27b3e75\" data-element_type=\"container\">\n\t\t\t\t\t<div class=\"e-con-inner\">\n\t\t<div class=\"elementor-element elementor-element-06eacf4 e-con-full e-flex e-con e-child\" data-id=\"06eacf4\" data-element_type=\"container\">\n\t\t\t\t<div class=\"elementor-element elementor-element-59cac66 elementor-widget elementor-widget-image\" data-id=\"59cac66\" data-element_type=\"widget\" data-widget_type=\"image.default\">\n\t\t\t\t<div class=\"elementor-widget-container\">\n\t\t\t\t\t\t\t\t\t\t\t\t\t<img decoding=\"async\" width=\"824\" height=\"821\" src=\"https:\/\/sites.usp.br\/proxymar\/wp-content\/uploads\/sites\/1359\/2023\/10\/Coalizao_PR_pela_Decada_do_Oceano.png\" class=\"attachment-large size-large wp-image-192\" alt=\"\" srcset=\"https:\/\/sites.usp.br\/proxymar\/wp-content\/uploads\/sites\/1359\/2023\/10\/Coalizao_PR_pela_Decada_do_Oceano.png 824w, https:\/\/sites.usp.br\/proxymar\/wp-content\/uploads\/sites\/1359\/2023\/10\/Coalizao_PR_pela_Decada_do_Oceano-300x300.png 300w, https:\/\/sites.usp.br\/proxymar\/wp-content\/uploads\/sites\/1359\/2023\/10\/Coalizao_PR_pela_Decada_do_Oceano-150x150.png 150w, https:\/\/sites.usp.br\/proxymar\/wp-content\/uploads\/sites\/1359\/2023\/10\/Coalizao_PR_pela_Decada_do_Oceano-768x765.png 768w, https:\/\/sites.usp.br\/proxymar\/wp-content\/uploads\/sites\/1359\/2023\/10\/Coalizao_PR_pela_Decada_do_Oceano-45x45.png 45w\" sizes=\"(max-width: 824px) 100vw, 824px\" \/>\t\t\t\t\t\t\t\t\t\t\t\t\t<\/div>\n\t\t\t\t<\/div>\n\t\t\t\t<\/div>\n\t\t<div class=\"elementor-element elementor-element-838f494 e-con-full e-flex e-con e-child\" data-id=\"838f494\" data-element_type=\"container\">\n\t\t\t\t<div class=\"elementor-element elementor-element-46ee5a9 elementor-widget elementor-widget-text-editor\" data-id=\"46ee5a9\" data-element_type=\"widget\" data-widget_type=\"text-editor.default\">\n\t\t\t\t<div class=\"elementor-widget-container\">\n\t\t\t\t\t\t\t<p>\u00a0<\/p><p>Uma rede colaborativa de divulga\u00e7\u00e3o cient\u00edfica sobre ci\u00eancia oce\u00e2nica do litoral do Paran\u00e1.<\/p><p>O objetivo \u00e9 promover a\u00e7\u00f5es em rede para compartilhamento de conhecimento cient\u00edfico, integra\u00e7\u00e3o entre ci\u00eancia-sociedade-gest\u00e3o, fortalecendo a sociedade por meio da valoriza\u00e7\u00e3o da cultura oce\u00e2nica para o desenvolvimento sustent\u00e1vel.<\/p><p>Conhe\u00e7a o projeto, siga as redes sociais e venha fazer parte desta rede colaborativa pelo oceano!!<\/p>\t\t\t\t\t\t<\/div>\n\t\t\t\t<\/div>\n\t\t\t\t<div class=\"elementor-element elementor-element-30bb381 elementor-shape-rounded elementor-grid-0 e-grid-align-center elementor-widget elementor-widget-social-icons\" data-id=\"30bb381\" data-element_type=\"widget\" data-widget_type=\"social-icons.default\">\n\t\t\t\t<div class=\"elementor-widget-container\">\n\t\t\t\t\t<div class=\"elementor-social-icons-wrapper elementor-grid\">\n\t\t\t\t\t\t\t<span class=\"elementor-grid-item\">\n\t\t\t\t\t<a class=\"elementor-icon elementor-social-icon elementor-social-icon-instagram elementor-repeater-item-11458b1\" href=\"https:\/\/www.instagram.com\/decadaoceanopr\/?img_index=1#\" target=\"_blank\">\n\t\t\t\t\t\t<span class=\"elementor-screen-only\">Instagram<\/span>\n\t\t\t\t\t\t<i class=\"fab fa-instagram\"><\/i>\t\t\t\t\t<\/a>\n\t\t\t\t<\/span>\n\t\t\t\t\t<\/div>\n\t\t\t\t<\/div>\n\t\t\t\t<\/div>\n\t\t\t\t<\/div>\n\t\t\t\t\t<\/div>\n\t\t\t\t<\/div>\n\t\t<div class=\"elementor-element elementor-element-6aa5f5a e-flex e-con-boxed e-con e-parent\" data-id=\"6aa5f5a\" data-element_type=\"container\">\n\t\t\t\t\t<div class=\"e-con-inner\">\n\t\t\t\t<div class=\"elementor-element elementor-element-b591d04 elementor-widget-divider--view-line elementor-widget elementor-widget-divider\" data-id=\"b591d04\" data-element_type=\"widget\" data-widget_type=\"divider.default\">\n\t\t\t\t<div class=\"elementor-widget-container\">\n\t\t\t\t\t<div class=\"elementor-divider\">\n\t\t\t<span class=\"elementor-divider-separator\">\n\t\t\t\t\t\t<\/span>\n\t\t<\/div>\n\t\t\t\t<\/div>\n\t\t\t\t<\/div>\n\t\t\t\t\t<\/div>\n\t\t\t\t<\/div>\n\t\t<div class=\"elementor-element elementor-element-8413f27 e-flex e-con-boxed e-con e-parent\" data-id=\"8413f27\" data-element_type=\"container\">\n\t\t\t\t\t<div class=\"e-con-inner\">\n\t\t<div class=\"elementor-element elementor-element-b513cb4 e-con-full e-flex e-con e-child\" data-id=\"b513cb4\" data-element_type=\"container\">\n\t\t\t\t<div class=\"elementor-element elementor-element-af548ec elementor-widget elementor-widget-text-editor\" data-id=\"af548ec\" data-element_type=\"widget\" data-widget_type=\"text-editor.default\">\n\t\t\t\t<div class=\"elementor-widget-container\">\n\t\t\t\t\t\t\t<p>O projeto objetiva organizar e classificar o acervo, visando a cria\u00e7\u00e3o da &#8220;Cole\u00e7\u00e3o de rochas Prof. Dr. Carlos Roberto Soares (in memoriam)&#8221; e sua disponibiliza\u00e7\u00e3o para fins did\u00e1ticos e para fins de exposi\u00e7\u00e3o nos corredores do CPP-CEM.\u00a0<\/p><p>O acervo de rochas ser\u00e1 tamb\u00e9m fotografado e disponibilizado como cole\u00e7\u00e3o virtual.\u00a0<\/p><p>Acompanhe o projeto:\u00a0<span class=\"wixui-rich-text__text\"><span class=\"color_17 wixui-rich-text__text\"><a class=\"wixui-rich-text__text\" href=\"https:\/\/www.labpaleo2.com\/blog-labpaleo2\" target=\"_self\">Di\u00e1rio de Campo<\/a><\/span><\/span><\/p>\t\t\t\t\t\t<\/div>\n\t\t\t\t<\/div>\n\t\t\t\t<\/div>\n\t\t<div class=\"elementor-element elementor-element-8bdc967 e-con-full e-flex e-con e-child\" data-id=\"8bdc967\" data-element_type=\"container\">\n\t\t\t\t<div class=\"elementor-element elementor-element-6d5b0d4 elementor-widget elementor-widget-image\" data-id=\"6d5b0d4\" data-element_type=\"widget\" data-widget_type=\"image.default\">\n\t\t\t\t<div class=\"elementor-widget-container\">\n\t\t\t\t\t\t\t\t\t\t\t\t\t<img decoding=\"async\" src=\"https:\/\/static.wixstatic.com\/media\/84c331_90e5e74d59394da49cce0027e854b0cc~mv2.png\/v1\/fill\/w_707,h_472,al_c,q_85,usm_0.66_1.00_0.01,enc_auto\/84c331_90e5e74d59394da49cce0027e854b0cc~mv2.png\" title=\"\" alt=\"\" loading=\"lazy\" \/>\t\t\t\t\t\t\t\t\t\t\t\t\t<\/div>\n\t\t\t\t<\/div>\n\t\t\t\t<\/div>\n\t\t\t\t\t<\/div>\n\t\t\t\t<\/div>\n\t\t<div class=\"elementor-element elementor-element-e26363b e-flex e-con-boxed e-con e-parent\" data-id=\"e26363b\" data-element_type=\"container\">\n\t\t\t\t\t<div class=\"e-con-inner\">\n\t\t\t\t<div class=\"elementor-element elementor-element-00d26ec elementor-widget-divider--view-line elementor-widget elementor-widget-divider\" data-id=\"00d26ec\" data-element_type=\"widget\" data-widget_type=\"divider.default\">\n\t\t\t\t<div class=\"elementor-widget-container\">\n\t\t\t\t\t<div class=\"elementor-divider\">\n\t\t\t<span class=\"elementor-divider-separator\">\n\t\t\t\t\t\t<\/span>\n\t\t<\/div>\n\t\t\t\t<\/div>\n\t\t\t\t<\/div>\n\t\t\t\t\t<\/div>\n\t\t\t\t<\/div>\n\t\t<div class=\"elementor-element elementor-element-cb86838 e-flex e-con-boxed e-con e-parent\" data-id=\"cb86838\" data-element_type=\"container\">\n\t\t\t\t\t<div class=\"e-con-inner\">\n\t\t\t\t\t<\/div>\n\t\t\t\t<\/div>\n\t\t\t\t<\/div>\n\t\t","protected":false},"excerpt":{"rendered":"<p>O Boletim Conex\u00e3o Oceano tem como objetivo principal promover a Cultura Oce\u00e2nica por meio de um canal de comunica\u00e7\u00e3o digital, conectando a sociedade (foco nas comunidades escolares) com a\u00e7\u00f5es da universidade, iniciativas da D\u00e9cada do Oceano. O boletim faz parte do Projeto de Extens\u00e3o &#8220;Conectando Etecs e Fatecs do estado de S\u00e3o Paulo com a [&hellip;]<\/p>\n","protected":false},"author":23781,"featured_media":0,"parent":27,"menu_order":0,"comment_status":"closed","ping_status":"closed","template":"","meta":{"ocean_post_layout":"","ocean_both_sidebars_style":"","ocean_both_sidebars_content_width":0,"ocean_both_sidebars_sidebars_width":0,"ocean_sidebar":"0","ocean_second_sidebar":"0","ocean_disable_margins":"enable","ocean_add_body_class":"","ocean_shortcode_before_top_bar":"","ocean_shortcode_after_top_bar":"","ocean_shortcode_before_header":"","ocean_shortcode_after_header":"","ocean_has_shortcode":"","ocean_shortcode_after_title":"","ocean_shortcode_before_footer_widgets":"","ocean_shortcode_after_footer_widgets":"","ocean_shortcode_before_footer_bottom":"","ocean_shortcode_after_footer_bottom":"","ocean_display_top_bar":"default","ocean_display_header":"default","ocean_header_style":"","ocean_center_header_left_menu":"0","ocean_custom_header_template":"0","ocean_custom_logo":0,"ocean_custom_retina_logo":0,"ocean_custom_logo_max_width":0,"ocean_custom_logo_tablet_max_width":0,"ocean_custom_logo_mobile_max_width":0,"ocean_custom_logo_max_height":0,"ocean_custom_logo_tablet_max_height":0,"ocean_custom_logo_mobile_max_height":0,"ocean_header_custom_menu":"0","ocean_menu_typo_font_family":"0","ocean_menu_typo_font_subset":"","ocean_menu_typo_font_size":0,"ocean_menu_typo_font_size_tablet":0,"ocean_menu_typo_font_size_mobile":0,"ocean_menu_typo_font_size_unit":"px","ocean_menu_typo_font_weight":"","ocean_menu_typo_font_weight_tablet":"","ocean_menu_typo_font_weight_mobile":"","ocean_menu_typo_transform":"","ocean_menu_typo_transform_tablet":"","ocean_menu_typo_transform_mobile":"","ocean_menu_typo_line_height":0,"ocean_menu_typo_line_height_tablet":0,"ocean_menu_typo_line_height_mobile":0,"ocean_menu_typo_line_height_unit":"","ocean_menu_typo_spacing":0,"ocean_menu_typo_spacing_tablet":0,"ocean_menu_typo_spacing_mobile":0,"ocean_menu_typo_spacing_unit":"","ocean_menu_link_color":"","ocean_menu_link_color_hover":"","ocean_menu_link_color_active":"","ocean_menu_link_background":"","ocean_menu_link_hover_background":"","ocean_menu_link_active_background":"","ocean_menu_social_links_bg":"","ocean_menu_social_hover_links_bg":"","ocean_menu_social_links_color":"","ocean_menu_social_hover_links_color":"","ocean_disable_title":"default","ocean_disable_heading":"default","ocean_post_title":"","ocean_post_subheading":"","ocean_post_title_style":"","ocean_post_title_background_color":"","ocean_post_title_background":0,"ocean_post_title_bg_image_position":"","ocean_post_title_bg_image_attachment":"","ocean_post_title_bg_image_repeat":"","ocean_post_title_bg_image_size":"","ocean_post_title_height":0,"ocean_post_title_bg_overlay":0.5,"ocean_post_title_bg_overlay_color":"","ocean_disable_breadcrumbs":"default","ocean_breadcrumbs_color":"","ocean_breadcrumbs_separator_color":"","ocean_breadcrumbs_links_color":"","ocean_breadcrumbs_links_hover_color":"","ocean_display_footer_widgets":"default","ocean_display_footer_bottom":"default","ocean_custom_footer_template":"0","footnotes":"","_links_to":"","_links_to_target":""},"class_list":["post-35","page","type-page","status-publish","hentry","entry"],"_links":{"self":[{"href":"https:\/\/sites.usp.br\/proxymar\/wp-json\/wp\/v2\/pages\/35","targetHints":{"allow":["GET"]}}],"collection":[{"href":"https:\/\/sites.usp.br\/proxymar\/wp-json\/wp\/v2\/pages"}],"about":[{"href":"https:\/\/sites.usp.br\/proxymar\/wp-json\/wp\/v2\/types\/page"}],"author":[{"embeddable":true,"href":"https:\/\/sites.usp.br\/proxymar\/wp-json\/wp\/v2\/users\/23781"}],"replies":[{"embeddable":true,"href":"https:\/\/sites.usp.br\/proxymar\/wp-json\/wp\/v2\/comments?post=35"}],"version-history":[{"count":4,"href":"https:\/\/sites.usp.br\/proxymar\/wp-json\/wp\/v2\/pages\/35\/revisions"}],"predecessor-version":[{"id":449,"href":"https:\/\/sites.usp.br\/proxymar\/wp-json\/wp\/v2\/pages\/35\/revisions\/449"}],"up":[{"embeddable":true,"href":"https:\/\/sites.usp.br\/proxymar\/wp-json\/wp\/v2\/pages\/27"}],"wp:attachment":[{"href":"https:\/\/sites.usp.br\/proxymar\/wp-json\/wp\/v2\/media?parent=35"}],"curies":[{"name":"wp","href":"https:\/\/api.w.org\/{rel}","templated":true}]}}