{"id":8,"date":"2023-09-18T17:45:29","date_gmt":"2023-09-18T20:45:29","guid":{"rendered":"https:\/\/sites.usp.br\/proxymar\/?page_id=8"},"modified":"2024-03-08T13:49:38","modified_gmt":"2024-03-08T16:49:38","slug":"pesquisa","status":"publish","type":"page","link":"https:\/\/sites.usp.br\/proxymar\/pesquisa\/","title":{"rendered":"Pesquisa"},"content":{"rendered":"<p><i>Linhas de Pesquisa do ProxyMar<\/i><\/p>\n<p><b>Paleoceanografia e Mudan\u00e7as Clim\u00e1ticas:<\/b>\u00a0linha de pesquisa central do laborat\u00f3rio envolve a investiga\u00e7\u00e3o e entendimento da conex\u00e3o entre o Oceano e mudan\u00e7as clim\u00e1ticas no passado. N\u00f3s investigamos mudan\u00e7as nos padr\u00f5es hidrogr\u00e1ficos e hidrodin\u00e2micos marinhos em m\u00faltiplas escalas espaciais e temporais em resposta a mudan\u00e7as no clima do Sistema Terra e suas implica\u00e7\u00f5es para cen\u00e1rios clim\u00e1ticos futuros, por meio de proxies paleoceanogr\u00e1ficos.<\/p>\n<p><b>Desenvolvimento e calibra\u00e7\u00e3o de proxies<\/b>: O ProxyMar concentra-se no desenvolvimento e valida\u00e7\u00e3o de proxies marinhos, incluindo, entre outros, foramin\u00edferos, indicadores sedimentol\u00f3gicos e tra\u00e7adores geoqu\u00edmicos. N\u00f3s\u00a0 trabalhamos para melhorar a exatid\u00e3o e a precis\u00e3o desses proxies aumentando a confiabilidade de reconstru\u00e7\u00f5es das condi\u00e7\u00f5es do Oceano no passado.<\/p>\n<p><b>Micropl\u00e1sticos e Impacto Ambiental:\u00a0<\/b>Em resposta \u00e0 crescente preocupa\u00e7\u00e3o com a polui\u00e7\u00e3o por micropl\u00e1sticos nos oceanos, o laborat\u00f3rio realiza pesquisas sobre a presen\u00e7a, distribui\u00e7\u00e3o, e destino dos micropl\u00e1sticos em ambientes deposicionais costeiros e marinhos. Isto inclui a aplica\u00e7\u00e3o desse poluente emergente como proxy para avaliar a hist\u00f3ria e os impactos das atividades humanas no Oceano.<\/p>\n<p><b>Fortalecimento de previs\u00f5es futuras para o oceano<\/b>: Utilizando o conhecimento adquirido a partir de reconstru\u00e7\u00f5es do passado baseadas em proxies, o ProxyMar procura fornecer dados de base no tempo para fomentar e auxiliar na calibra\u00e7\u00e3o de modelos de previs\u00e3o sobre as condi\u00e7\u00f5es futuras do oceano sob os v\u00e1rios cen\u00e1rios de altera\u00e7\u00f5es clim\u00e1ticas<\/p>\n","protected":false},"excerpt":{"rendered":"<p>Linhas de Pesquisa do ProxyMar Paleoceanografia e Mudan\u00e7as Clim\u00e1ticas:\u00a0linha de pesquisa central do laborat\u00f3rio envolve a investiga\u00e7\u00e3o e entendimento da conex\u00e3o entre o Oceano e mudan\u00e7as clim\u00e1ticas no passado. N\u00f3s investigamos mudan\u00e7as nos padr\u00f5es hidrogr\u00e1ficos e hidrodin\u00e2micos marinhos em m\u00faltiplas escalas espaciais e temporais em resposta a mudan\u00e7as no clima do Sistema Terra e suas [&hellip;]<\/p>\n","protected":false},"author":23781,"featured_media":0,"parent":0,"menu_order":0,"comment_status":"closed","ping_status":"closed","template":"","meta":{"ocean_post_layout":"","ocean_both_sidebars_style":"","ocean_both_sidebars_content_width":0,"ocean_both_sidebars_sidebars_width":0,"ocean_sidebar":"0","ocean_second_sidebar":"0","ocean_disable_margins":"enable","ocean_add_body_class":"","ocean_shortcode_before_top_bar":"","ocean_shortcode_after_top_bar":"","ocean_shortcode_before_header":"","ocean_shortcode_after_header":"","ocean_has_shortcode":"","ocean_shortcode_after_title":"","ocean_shortcode_before_footer_widgets":"","ocean_shortcode_after_footer_widgets":"","ocean_shortcode_before_footer_bottom":"","ocean_shortcode_after_footer_bottom":"","ocean_display_top_bar":"default","ocean_display_header":"default","ocean_header_style":"","ocean_center_header_left_menu":"0","ocean_custom_header_template":"0","ocean_custom_logo":0,"ocean_custom_retina_logo":0,"ocean_custom_logo_max_width":0,"ocean_custom_logo_tablet_max_width":0,"ocean_custom_logo_mobile_max_width":0,"ocean_custom_logo_max_height":0,"ocean_custom_logo_tablet_max_height":0,"ocean_custom_logo_mobile_max_height":0,"ocean_header_custom_menu":"0","ocean_menu_typo_font_family":"0","ocean_menu_typo_font_subset":"","ocean_menu_typo_font_size":0,"ocean_menu_typo_font_size_tablet":0,"ocean_menu_typo_font_size_mobile":0,"ocean_menu_typo_font_size_unit":"px","ocean_menu_typo_font_weight":"","ocean_menu_typo_font_weight_tablet":"","ocean_menu_typo_font_weight_mobile":"","ocean_menu_typo_transform":"","ocean_menu_typo_transform_tablet":"","ocean_menu_typo_transform_mobile":"","ocean_menu_typo_line_height":0,"ocean_menu_typo_line_height_tablet":0,"ocean_menu_typo_line_height_mobile":0,"ocean_menu_typo_line_height_unit":"","ocean_menu_typo_spacing":0,"ocean_menu_typo_spacing_tablet":0,"ocean_menu_typo_spacing_mobile":0,"ocean_menu_typo_spacing_unit":"","ocean_menu_link_color":"","ocean_menu_link_color_hover":"","ocean_menu_link_color_active":"","ocean_menu_link_background":"","ocean_menu_link_hover_background":"","ocean_menu_link_active_background":"","ocean_menu_social_links_bg":"","ocean_menu_social_hover_links_bg":"","ocean_menu_social_links_color":"","ocean_menu_social_hover_links_color":"","ocean_disable_title":"default","ocean_disable_heading":"default","ocean_post_title":"","ocean_post_subheading":"","ocean_post_title_style":"","ocean_post_title_background_color":"","ocean_post_title_background":0,"ocean_post_title_bg_image_position":"","ocean_post_title_bg_image_attachment":"","ocean_post_title_bg_image_repeat":"","ocean_post_title_bg_image_size":"","ocean_post_title_height":0,"ocean_post_title_bg_overlay":0.5,"ocean_post_title_bg_overlay_color":"","ocean_disable_breadcrumbs":"default","ocean_breadcrumbs_color":"","ocean_breadcrumbs_separator_color":"","ocean_breadcrumbs_links_color":"","ocean_breadcrumbs_links_hover_color":"","ocean_display_footer_widgets":"default","ocean_display_footer_bottom":"default","ocean_custom_footer_template":"0","footnotes":"","_links_to":"","_links_to_target":""},"class_list":["post-8","page","type-page","status-publish","hentry","entry"],"_links":{"self":[{"href":"https:\/\/sites.usp.br\/proxymar\/wp-json\/wp\/v2\/pages\/8","targetHints":{"allow":["GET"]}}],"collection":[{"href":"https:\/\/sites.usp.br\/proxymar\/wp-json\/wp\/v2\/pages"}],"about":[{"href":"https:\/\/sites.usp.br\/proxymar\/wp-json\/wp\/v2\/types\/page"}],"author":[{"embeddable":true,"href":"https:\/\/sites.usp.br\/proxymar\/wp-json\/wp\/v2\/users\/23781"}],"replies":[{"embeddable":true,"href":"https:\/\/sites.usp.br\/proxymar\/wp-json\/wp\/v2\/comments?post=8"}],"version-history":[{"count":3,"href":"https:\/\/sites.usp.br\/proxymar\/wp-json\/wp\/v2\/pages\/8\/revisions"}],"predecessor-version":[{"id":333,"href":"https:\/\/sites.usp.br\/proxymar\/wp-json\/wp\/v2\/pages\/8\/revisions\/333"}],"wp:attachment":[{"href":"https:\/\/sites.usp.br\/proxymar\/wp-json\/wp\/v2\/media?parent=8"}],"curies":[{"name":"wp","href":"https:\/\/api.w.org\/{rel}","templated":true}]}}