{"id":4864,"date":"2019-11-14T16:46:09","date_gmt":"2019-11-14T19:46:09","guid":{"rendered":"http:\/\/sites.usp.br\/prp\/?page_id=4864"},"modified":"2019-11-14T16:46:09","modified_gmt":"2019-11-14T19:46:09","slug":"pre-iniciacao-cientifica-e-tecnologia","status":"publish","type":"page","link":"https:\/\/sites.usp.br\/prp\/pre-iniciacao-cientifica-e-tecnologia","title":{"rendered":"Pr\u00e9-inicia\u00e7\u00e3o Cient\u00edfica e Tecnologia"},"content":{"rendered":"","protected":false},"excerpt":{"rendered":"","protected":false},"author":57,"featured_media":0,"parent":0,"menu_order":0,"comment_status":"closed","ping_status":"closed","template":"","meta":{"footnotes":"","_links_to":"","_links_to_target":""},"class_list":["post-4864","page","type-page","status-publish","hentry"],"_links":{"self":[{"href":"https:\/\/sites.usp.br\/prp\/wp-json\/wp\/v2\/pages\/4864","targetHints":{"allow":["GET"]}}],"collection":[{"href":"https:\/\/sites.usp.br\/prp\/wp-json\/wp\/v2\/pages"}],"about":[{"href":"https:\/\/sites.usp.br\/prp\/wp-json\/wp\/v2\/types\/page"}],"author":[{"embeddable":true,"href":"https:\/\/sites.usp.br\/prp\/wp-json\/wp\/v2\/users\/57"}],"replies":[{"embeddable":true,"href":"https:\/\/sites.usp.br\/prp\/wp-json\/wp\/v2\/comments?post=4864"}],"version-history":[{"count":1,"href":"https:\/\/sites.usp.br\/prp\/wp-json\/wp\/v2\/pages\/4864\/revisions"}],"predecessor-version":[{"id":4911,"href":"https:\/\/sites.usp.br\/prp\/wp-json\/wp\/v2\/pages\/4864\/revisions\/4911"}],"wp:attachment":[{"href":"https:\/\/sites.usp.br\/prp\/wp-json\/wp\/v2\/media?parent=4864"}],"curies":[{"name":"wp","href":"https:\/\/api.w.org\/{rel}","templated":true}]}}