{"id":1207,"date":"2016-08-01T15:40:53","date_gmt":"2016-08-01T18:40:53","guid":{"rendered":"http:\/\/sites.usp.br\/prpg\/?page_id=1207"},"modified":"2021-03-25T18:47:42","modified_gmt":"2021-03-25T21:47:42","slug":"orientadores","status":"publish","type":"page","link":"https:\/\/sites.usp.br\/prpg\/en\/orientadores\/","title":{"rendered":"Advisors"},"content":{"rendered":"<p><\/p>\n<h5><\/h5>\n<article class=\"page\">\n<table style=\"height: 4251px;\" border=\"1\" width=\"1153\" cellspacing=\"4\" cellpadding=\"4\" align=\"left\">\n<tbody>\n<tr>\n<td style=\"text-align: left;\"><a href=\"http:\/\/sites.usp.br\/pgcirurgia\/wp-content\/uploads\/sites\/120\/2016\/04\/alfredo.jpg\" rel=\"lightbox[335]\"><img decoding=\"async\" class=\" wp-image-444 aligncenter\" src=\"http:\/\/sites.usp.br\/pgcirurgia\/wp-content\/uploads\/sites\/120\/2016\/04\/alfredo.jpg\" alt=\"alfredo\" width=\"77\" height=\"114\" \/><\/a><\/td>\n<td>\n<table style=\"height: 225px;\" width=\"674\">\n<tbody>\n<tr>\n<td><strong>PROF. DR. ALFREDO JOS\u00c9 RODRIGUES \u2013 Cirurgia Tor\u00e1cica e Cardiovascular<\/strong><\/td>\n<\/tr>\n<tr>\n<td>Fone: <span id=\"skype_c2c_container\" class=\"skype_c2c_container notranslate\" dir=\"ltr\"><span class=\"skype_c2c_highlighting_inactive_common\" dir=\"ltr\"><span id=\"non_free_num_ui\" class=\"skype_c2c_textarea_span\"> <span class=\"skype_c2c_text_span\">(16) 3602-2857<\/span><\/span><\/span><\/span> E-mail: <a>alfredo@fmrp.usp.br<\/a><\/td>\n<\/tr>\n<tr>\n<td><a href=\"http:\/\/lattes.cnpq.br\/3999240391715176\">Curriculum Lattes <\/a> <a href=\"http:\/\/www.ncbi.nlm.nih.gov\/entrez\/query.fcgi?cmd=PureSearch&amp;db=pubmed&amp;details_term=%22rodrigues%20aj%22%5BAuthor%5D%20NOT%20rodrigues%20aj%20jr%5BAuthor%5D\">PubMed<\/a><\/td>\n<\/tr>\n<tr>\n<td><\/td>\n<\/tr>\n<tr>\n<td><strong>Linhas de Pesquisa:<\/strong><\/td>\n<\/tr>\n<tr>\n<td>1) Avalia\u00e7\u00e3o Funcional e Fisioterapia Perioperat\u00f3ria<\/td>\n<\/tr>\n<tr>\n<td>2) Fun\u00e7\u00e3o Vascular<\/td>\n<\/tr>\n<tr>\n<td>3) Estudo da Resposta Org\u00e2nica ao Trauma<\/td>\n<\/tr>\n<\/tbody>\n<\/table>\n<\/td>\n<\/tr>\n<tr>\n<td><a href=\"http:\/\/sites.usp.br\/pgcirurgia\/wp-content\/uploads\/sites\/120\/2016\/04\/colli.jpg\" rel=\"lightbox[335]\"><img decoding=\"async\" class=\" aligncenter\" src=\"http:\/\/sites.usp.br\/pgcirurgia\/wp-content\/uploads\/sites\/120\/2016\/04\/colli.jpg\" alt=\"colli\" width=\"77\" height=\"113\" \/><\/a><\/td>\n<td>\n<table width=\"678\">\n<tbody>\n<tr>\n<td><strong>PROF. DR. BENEDICTO OSCAR COLLI \u2013 Neurocirurgia<\/strong><\/td>\n<\/tr>\n<tr>\n<td>Fone: (<span id=\"skype_c2c_container\" dir=\"ltr\"><span dir=\"ltr\"><span id=\"non_free_num_ui\">16) 3602-2498<\/span><\/span><\/span> E-mail: <a>bocolli@fmrp.usp.br<\/a><\/td>\n<\/tr>\n<tr>\n<td><a href=\"http:\/\/lattes.cnpq.br\/5165901499474673\">Curriculum Lattes<\/a> <a href=\"http:\/\/www.ncbi.nlm.nih.gov\/entrez\/query.fcgi?cmd=PureSearch&amp;db=pubmed&amp;details_term=colli%20bo%5BAuthor%5D\">PubMed<\/a><\/td>\n<\/tr>\n<tr>\n<td><\/td>\n<\/tr>\n<tr>\n<td><strong>Linhas de Pesquisas:<\/strong><\/td>\n<\/tr>\n<tr>\n<td>1) Estudos Morfofuncionais em Cirurgia<\/td>\n<\/tr>\n<tr>\n<td>2) Isquemia e Reperfus\u00e3o<\/td>\n<\/tr>\n<tr>\n<td>3) Oncologia Cir\u00fargica Translacional<\/td>\n<\/tr>\n<\/tbody>\n<\/table>\n<\/td>\n<\/tr>\n<tr>\n<td><a href=\"http:\/\/sites.usp.br\/pgcirurgia\/wp-content\/uploads\/sites\/120\/2016\/04\/CarlosGilbertoCarlottiJunior.jpg\" rel=\"lightbox[335]\"><img decoding=\"async\" class=\" aligncenter\" src=\"http:\/\/sites.usp.br\/pgcirurgia\/wp-content\/uploads\/sites\/120\/2016\/04\/CarlosGilbertoCarlottiJunior.jpg\" alt=\"CarlosGilbertoCarlottiJunior\" width=\"77\" height=\"114\" \/><\/a><\/td>\n<td>\n<table width=\"745\">\n<tbody>\n<tr>\n<td><strong>PROF. DR. CARLOS GILBERTO CARLOTTI JR \u2013 Neurocirurgia<\/strong><\/td>\n<\/tr>\n<tr>\n<td>Fone: <span id=\"skype_c2c_container\" dir=\"ltr\"><span dir=\"ltr\"><span id=\"non_free_num_ui\">(16) 3602-2498<\/span><\/span><\/span> E-mail :<a> carlotti@fmrp.usp.br<\/a><\/td>\n<\/tr>\n<tr>\n<td><a href=\"http:\/\/lattes.cnpq.br\/6739735737794508\">Curriculum Lattes<\/a> <a href=\"http:\/\/www.ncbi.nlm.nih.gov\/sites\/entrez?cmd=PureSearch&amp;db=pubmed&amp;term=carlotti%20junior%20cg%5BAuthor%5D%20OR%20carlotti%20cg%5BAuthor%5D%20OR%20carlotti%20c%20jr%5BAuthor%5D\">PubMed<\/a><\/td>\n<\/tr>\n<tr>\n<td><\/td>\n<\/tr>\n<tr>\n<td><strong>Linhas de Pesquisas:<\/strong><\/td>\n<\/tr>\n<tr>\n<td>1) Estudo da Epilepsia de Dif\u00edcil Controle<\/td>\n<\/tr>\n<tr>\n<td>2) Oncologia Cir\u00fargica Translacional<\/td>\n<\/tr>\n<\/tbody>\n<\/table>\n<\/td>\n<\/tr>\n<tr>\n<td><a href=\"http:\/\/sites.usp.br\/pgcirurgia\/wp-content\/uploads\/sites\/120\/2016\/04\/DanielaPrettidaCunhaTirapelli.jpg\" rel=\"lightbox[335]\"><img loading=\"lazy\" decoding=\"async\" class=\" aligncenter\" src=\"http:\/\/sites.usp.br\/pgcirurgia\/wp-content\/uploads\/sites\/120\/2016\/04\/DanielaPrettidaCunhaTirapelli.jpg\" alt=\"DanielaPrettidaCunhaTirapelli\" width=\"77\" height=\"113\" \/><\/a><\/td>\n<td>\n<table width=\"753\">\n<tbody>\n<tr>\n<td><strong>PROFA. DRA. DANIELA PRETTI DA CUNHA TIRAPELLI \u2013 Anatomia<\/strong><\/td>\n<\/tr>\n<tr>\n<td>Fone: <span id=\"skype_c2c_container\" dir=\"ltr\"><span dir=\"ltr\"><span id=\"non_free_num_ui\">(16) 3315-3305<\/span><\/span><\/span> E-mail : <a>daniela@fmrp.usp.br<\/a><\/td>\n<\/tr>\n<tr>\n<td><a href=\"http:\/\/lattes.cnpq.br\/9348037445179695\">Curriculum Lattes<\/a> <a href=\"http:\/\/www.ncbi.nlm.nih.gov\/pubmed?term=DANIELA%20PRETTI%20DA%20CUNHA%20TIRAPELLI%20\">PubMed<\/a><\/td>\n<\/tr>\n<tr>\n<td><\/td>\n<\/tr>\n<tr>\n<td><strong>Linhas de Pesquisas:<\/strong><\/td>\n<\/tr>\n<tr>\n<td>1) Estudo da Epilepsia de Dif\u00edcil Controle<\/td>\n<\/tr>\n<tr>\n<td>2) Oncologia Cir\u00fargica Translacional<\/td>\n<\/tr>\n<\/tbody>\n<\/table>\n<\/td>\n<\/tr>\n<tr>\n<td><a href=\"http:\/\/sites.usp.br\/pgcirurgia\/wp-content\/uploads\/sites\/120\/2016\/04\/ewaldo.jpg\" rel=\"lightbox[335]\"><img loading=\"lazy\" decoding=\"async\" class=\" aligncenter\" src=\"http:\/\/sites.usp.br\/pgcirurgia\/wp-content\/uploads\/sites\/120\/2016\/04\/ewaldo.jpg\" alt=\"ewaldo\" width=\"77\" height=\"113\" \/><\/a><\/td>\n<td>\n<table width=\"716\">\n<tbody>\n<tr>\n<td><strong>PROF. DR. EDWALDO EDNER JOVILIANO \u2013 Cirurgia Vascular e Endovascular<\/strong><\/td>\n<\/tr>\n<tr>\n<td>Fone: <span id=\"skype_c2c_container\" dir=\"ltr\"><span dir=\"ltr\"><span id=\"non_free_num_ui\">(16) 3602-2406<\/span><\/span><\/span> E-mail : <a>eejov@fmrp.usp.br<\/a><\/td>\n<\/tr>\n<tr>\n<td><a href=\"http:\/\/lattes.cnpq.br\/3774502080794040\">Curriculum Lattes<\/a> <a href=\"http:\/\/www.ncbi.nlm.nih.gov\/pubmed?term=EDWALDO%20EDNER%20JOVILIANO\"> PubMed<\/a><\/td>\n<\/tr>\n<tr>\n<td><\/td>\n<\/tr>\n<tr>\n<td><strong>Linhas de Pesquisas:<\/strong><\/td>\n<\/tr>\n<tr>\n<td>1) Fun\u00e7\u00e3o Vascular<\/td>\n<\/tr>\n<tr>\n<td>2) Isquemia e Reperfus\u00e3o<\/td>\n<\/tr>\n<\/tbody>\n<\/table>\n<\/td>\n<\/tr>\n<tr>\n<td><a href=\"http:\/\/sites.usp.br\/pgcirurgia\/wp-content\/uploads\/sites\/120\/2016\/04\/helio.jpg\" rel=\"lightbox[335]\"><img loading=\"lazy\" decoding=\"async\" class=\" aligncenter\" src=\"http:\/\/sites.usp.br\/pgcirurgia\/wp-content\/uploads\/sites\/120\/2016\/04\/helio.jpg\" alt=\"helio\" width=\"77\" height=\"113\" \/><\/a><\/td>\n<td>\n<table width=\"756\">\n<tbody>\n<tr>\n<td>PROF. DR. H\u00c9LIO RUBENS MACHADO \u2013 Neurocirurgia<\/td>\n<\/tr>\n<tr>\n<td>Fone:<span id=\"skype_c2c_container\" dir=\"ltr\"><span dir=\"ltr\"><span id=\"non_free_num_ui\"> (16) 3602-2498<\/span><\/span><\/span> E-mail : <a>hrmachad@fmrp.usp.br<\/a><\/td>\n<\/tr>\n<tr>\n<td><a href=\"http:\/\/lattes.cnpq.br\/2357165887480846\">Curriculum Lattes<\/a> <a href=\"http:\/\/www.ncbi.nlm.nih.gov\/entrez\/query.fcgi?cmd=PureSearch&amp;db=pubmed&amp;details_term=machado%20hr%5BAuthor%5D%20OR%20machado%20h%5BAuthor%5D\">PubMed<\/a><\/td>\n<\/tr>\n<tr>\n<td><\/td>\n<\/tr>\n<tr>\n<td><strong>Linhas de Pesquisas:<\/strong><\/td>\n<\/tr>\n<tr>\n<td>1) Estudo da Epilepsia de Dif\u00edcil Controle<\/td>\n<\/tr>\n<tr>\n<td>2) Estudos Morfofuncionais em Cirurgia<\/td>\n<\/tr>\n<tr>\n<td>3) Oncologia Cir\u00fargica Translacional<\/td>\n<\/tr>\n<\/tbody>\n<\/table>\n<\/td>\n<\/tr>\n<tr>\n<td><a href=\"http:\/\/sites.usp.br\/pgcirurgia\/wp-content\/uploads\/sites\/120\/2016\/04\/JoseSebastiaodosSantos.jpg\" rel=\"lightbox[335]\"><img loading=\"lazy\" decoding=\"async\" class=\" aligncenter\" src=\"http:\/\/sites.usp.br\/pgcirurgia\/wp-content\/uploads\/sites\/120\/2016\/04\/JoseSebastiaodosSantos.jpg\" alt=\"JoseSebastiaodosSantos\" width=\"77\" height=\"114\" \/><\/a><\/td>\n<td>\n<table style=\"height: 229px;\" width=\"976\">\n<tbody>\n<tr>\n<td><strong>PROF. DR. JOS\u00c9 SEBASTI\u00c3O DOS SANTOS \u2013 Cirurgia Digestiva<\/strong><\/td>\n<\/tr>\n<tr>\n<td>Fone:<span id=\"skype_c2c_container\" dir=\"ltr\"><span dir=\"ltr\"><span id=\"non_free_num_ui\"> (16) 3602-2508<\/span><\/span><\/span> E-mail : <a>jsdsanto@fmrp.usp.br<\/a><\/td>\n<\/tr>\n<tr>\n<td><a href=\"http:\/\/lattes.cnpq.br\/1570824915028727\">Curriculum Lattes <\/a> <a href=\"http:\/\/www.ncbi.nlm.nih.gov\/pubmed?term=Santos%2C%20Jose%20Sebastiao%20Dos%5BFull%20Author%20Name%5D%20OR%20Dos%20Santos%2C%20Jose%20Sebastiao%5BFull%20Author%20Name%5D&amp;cmd=DetailsSearch\">PubMed<\/a><\/td>\n<\/tr>\n<tr>\n<td><\/td>\n<\/tr>\n<tr>\n<td><strong>Linhas de Pesquisas: <\/strong><\/td>\n<\/tr>\n<tr>\n<td>1) An\u00e1lise Cr\u00edtica das Abordagens Diagn\u00f3sticas e Terap\u00eauticas das Afec\u00e7\u00f5es do Tracto Digestivo, Via Biliar, P\u00e2ncreas e Parede Abdominal<\/td>\n<\/tr>\n<tr>\n<td>2) Estudo de Estrat\u00e9gias de Organiza\u00e7\u00e3o de Ssitemas e Servi\u00e7o de Sa\u00fade<\/td>\n<\/tr>\n<\/tbody>\n<\/table>\n<\/td>\n<\/tr>\n<tr>\n<td><a href=\"http:\/\/sites.usp.br\/pgcirurgia\/wp-content\/uploads\/sites\/120\/2016\/04\/Louren%C3%A7oSbragiaNeto.jpg\" rel=\"lightbox[335]\"><img loading=\"lazy\" decoding=\"async\" class=\" aligncenter\" src=\"http:\/\/sites.usp.br\/pgcirurgia\/wp-content\/uploads\/sites\/120\/2016\/04\/Louren%C3%A7oSbragiaNeto.jpg\" alt=\"Louren\u00e7oSbragiaNeto\" width=\"77\" height=\"112\" \/><\/a><\/td>\n<td>\n<table style=\"height: 235px;\" width=\"960\">\n<tbody>\n<tr>\n<td><strong>PROF. DR. LOUREN\u00c7O SBRAGIA NETO \u2013 Cirurgia Pedi\u00e1trica<\/strong><\/td>\n<\/tr>\n<tr>\n<td>Fone: <span id=\"skype_c2c_container\" dir=\"ltr\"><span dir=\"ltr\"><span id=\"non_free_num_ui\">(16) 3602-2501<\/span><\/span><\/span> E-mail : <a>sbragia@fmrp.usp.br<\/a><\/td>\n<\/tr>\n<tr>\n<td><a href=\"http:\/\/lattes.cnpq.br\/2268503950431499\">Curriculum Lattes<\/a> <a href=\"http:\/\/www.ncbi.nlm.nih.gov\/pubmed?term=LOUREN%C3%87O%20SBRAGIA%20NETO\"> PubMed<\/a><\/td>\n<\/tr>\n<tr>\n<td><\/td>\n<\/tr>\n<tr>\n<td><strong>Linha de Pesquisa:<\/strong><\/td>\n<\/tr>\n<tr>\n<td>1) Estudos Morfofuncionais em Cirurgia<\/td>\n<\/tr>\n<tr>\n<td>2) Fun\u00e7\u00e3o Vascular<\/td>\n<\/tr>\n<tr>\n<td>3) Isquemia e Reperfus\u00e3o<\/td>\n<\/tr>\n<\/tbody>\n<\/table>\n<\/td>\n<\/tr>\n<tr>\n<td><a href=\"http:\/\/sites.usp.br\/pgcirurgia\/wp-content\/uploads\/sites\/120\/2016\/04\/LuisFernandoTirapelli.jpg\" rel=\"lightbox[335]\"><img loading=\"lazy\" decoding=\"async\" class=\" aligncenter\" src=\"http:\/\/sites.usp.br\/pgcirurgia\/wp-content\/uploads\/sites\/120\/2016\/04\/LuisFernandoTirapelli.jpg\" alt=\"LuisFernandoTirapelli\" width=\"77\" height=\"113\" \/><\/a><\/td>\n<td>\n<table style=\"height: 205px;\" width=\"968\">\n<tbody>\n<tr>\n<td><strong>PROF. DR. LUIS FERNANDO TIRAPELLI \u2013 Anatomia<\/strong><\/td>\n<\/tr>\n<tr>\n<td>Fone:<span id=\"skype_c2c_container\" dir=\"ltr\"><span dir=\"ltr\"><span id=\"non_free_num_ui\"> (16) 3315-4996<\/span><\/span><\/span> \/ 3315-3305 E-mail: <a>tirapeli@fmrp.usp.br<\/a><\/td>\n<\/tr>\n<tr>\n<td><a href=\"http:\/\/lattes.cnpq.br\/1807451708352663\">Curriculum Lattes<\/a> <a href=\"http:\/\/www.ncbi.nlm.nih.gov\/entrez\/query.fcgi?cmd=PureSearch&amp;db=pubmed&amp;details_term=tirapelli%20lf%5BAuthor%5D\">PubMed<\/a><\/td>\n<\/tr>\n<tr>\n<td><\/td>\n<\/tr>\n<tr>\n<td><strong>Linhas de Pesquisas:<\/strong><\/td>\n<\/tr>\n<tr>\n<td>1) Estudos Morfofuncionais em Cirurgia<\/td>\n<\/tr>\n<tr>\n<td>2) Isquemia e Reperfus\u00e3o<\/td>\n<\/tr>\n<\/tbody>\n<\/table>\n<\/td>\n<\/tr>\n<tr>\n<td><a href=\"http:\/\/sites.usp.br\/pgcirurgia\/wp-content\/uploads\/sites\/120\/2016\/04\/luiza.jpg\" rel=\"lightbox[335]\"><img loading=\"lazy\" decoding=\"async\" class=\" aligncenter\" src=\"http:\/\/sites.usp.br\/pgcirurgia\/wp-content\/uploads\/sites\/120\/2016\/04\/luiza.jpg\" alt=\"luiza\" width=\"77\" height=\"113\" \/><\/a><\/td>\n<td>\n<table style=\"height: 205px;\" width=\"972\">\n<tbody>\n<tr>\n<td><strong>PROFA. DRA. LUIZA DA SILVA LOPES \u2013 Anatomia<\/strong><\/td>\n<\/tr>\n<tr>\n<td><span id=\"skype_c2c_container\" dir=\"ltr\"><span dir=\"ltr\"><span id=\"non_free_num_ui\">Fone: (16) 3315-4690<\/span><\/span><\/span> e-mail: <a>luslopes@fmrp.usp.br<\/a><\/td>\n<\/tr>\n<tr>\n<td><a href=\"http:\/\/lattes.cnpq.br\/4288840795411544\">Curriculum Lattes<\/a> <a href=\"http:\/\/www.ncbi.nlm.nih.gov\/entrez\/query.fcgi?cmd=PureSearch&amp;db=pubmed&amp;details_term=lopes%20ls%5BAuthor%5D\">PubMed<\/a><\/td>\n<\/tr>\n<tr>\n<td><\/td>\n<\/tr>\n<tr>\n<td><strong>Linha de Pesquisa:<\/strong><\/td>\n<\/tr>\n<tr>\n<td>1) Estudo da Resposta Org\u00e2nica ao Trauma<\/td>\n<\/tr>\n<tr>\n<td>2) Regenera\u00e7\u00e3o e Reconstru\u00e7\u00e3o Tecidual<\/td>\n<\/tr>\n<\/tbody>\n<\/table>\n<\/td>\n<\/tr>\n<tr>\n<td><a href=\"http:\/\/sites.usp.br\/pgcirurgia\/wp-content\/uploads\/sites\/120\/2016\/04\/omar.jpg\" rel=\"lightbox[335]\"><img loading=\"lazy\" decoding=\"async\" class=\" aligncenter\" src=\"http:\/\/sites.usp.br\/pgcirurgia\/wp-content\/uploads\/sites\/120\/2016\/04\/omar.jpg\" alt=\"omar\" width=\"77\" height=\"113\" \/><\/a><\/td>\n<td>\n<table style=\"height: 235px;\" width=\"978\">\n<tbody>\n<tr>\n<td><strong>PROF. DR. OMAR FERES \u2013 Coloproctologia<\/strong><\/td>\n<\/tr>\n<tr>\n<td>Fone:<span id=\"skype_c2c_container\" dir=\"ltr\"><span dir=\"ltr\"><span id=\"non_free_num_ui\"> (16) 3602-2509<\/span><\/span><\/span> E-mail: <a>omar.feres@hspaulo.com.br<\/a><\/td>\n<\/tr>\n<tr>\n<td><a href=\"http:\/\/lattes.cnpq.br\/7360377721492666\">Curriculum Lattes<\/a> <a href=\"http:\/\/www.ncbi.nlm.nih.gov\/pubmed?term=OMAR%20F%C3%89RES\">PubMed<\/a><\/td>\n<\/tr>\n<tr>\n<td><\/td>\n<\/tr>\n<tr>\n<td><strong>Linhas de Pesquisas:<\/strong><\/td>\n<\/tr>\n<tr>\n<td>1) Isquemia e Reperfus\u00e3o<\/td>\n<\/tr>\n<tr>\n<td>2) Oncologia Cir\u00fargica Translacional<\/td>\n<\/tr>\n<tr>\n<td>3) Regenera\u00e7\u00e3o e Reconstru\u00e7\u00e3o Tecidual<\/td>\n<\/tr>\n<\/tbody>\n<\/table>\n<\/td>\n<\/tr>\n<tr>\n<td><a href=\"http:\/\/sites.usp.br\/pgcirurgia\/wp-content\/uploads\/sites\/120\/2016\/04\/orlando.jpg\" rel=\"lightbox[335]\"><img loading=\"lazy\" decoding=\"async\" class=\" aligncenter\" src=\"http:\/\/sites.usp.br\/pgcirurgia\/wp-content\/uploads\/sites\/120\/2016\/04\/orlando.jpg\" alt=\"orlando\" width=\"77\" height=\"113\" \/><\/a><\/td>\n<td>\n<table style=\"height: 264px;\" width=\"988\">\n<tbody>\n<tr>\n<td><strong>PROF. DR. ORLANDO DE CASTRO E SILVA JR \u2013 Cirurgia Digestiva<\/strong><\/td>\n<\/tr>\n<tr>\n<td>Fone: (<span id=\"skype_c2c_container\" dir=\"ltr\"><span dir=\"ltr\"><span id=\"non_free_num_ui\">16) 3602-2242<\/span><\/span><\/span> E-mail: <a>orlando@fmrp.usp.br<\/a><\/td>\n<\/tr>\n<tr>\n<td><a href=\"http:\/\/lattes.cnpq.br\/8932587836096514\">Curriculum Lattes <\/a> <a href=\"http:\/\/www.ncbi.nlm.nih.gov\/sites\/entrez?cmd=PureSearch&amp;db=pubmed&amp;term=castro-e-silva%20o%5bAuthor%5d%20OR%20SILVA%20Ode%20C%5bAuthor%5d%20OR%20SILVA%20O%20C%5bAuthor%5d%20OR%20silva%20od%20jr%20or%20Silva%20Junior%20Ode%20C\">PubMed<\/a><\/td>\n<\/tr>\n<tr>\n<td><\/td>\n<\/tr>\n<tr>\n<td><strong>Linhas de Pesquisas:<\/strong><\/td>\n<\/tr>\n<tr>\n<td>1) Biologia dos Transplantes de \u00d3rg\u00e3os e Tecidos<\/td>\n<\/tr>\n<tr>\n<td>2) Isquemia e Reperfus\u00e3o<\/td>\n<\/tr>\n<tr>\n<td>3) Nutri\u00e7\u00e3o e Metabolismo em Cirurgia<\/td>\n<\/tr>\n<tr>\n<td>4) Regenera\u00e7\u00e3o e Reconstru\u00e7\u00e3o Tecidual<\/td>\n<\/tr>\n<\/tbody>\n<\/table>\n<\/td>\n<\/tr>\n<tr>\n<td><a href=\"http:\/\/sites.usp.br\/pgcirurgia\/wp-content\/uploads\/sites\/120\/2016\/04\/PauloRobertoBarbosaEvora.jpg\" rel=\"lightbox[335]\"><img loading=\"lazy\" decoding=\"async\" class=\" aligncenter\" src=\"http:\/\/sites.usp.br\/pgcirurgia\/wp-content\/uploads\/sites\/120\/2016\/04\/PauloRobertoBarbosaEvora.jpg\" alt=\"PauloRobertoBarbosaEvora\" width=\"77\" height=\"113\" \/><\/a><\/td>\n<td>\n<table style=\"height: 235px;\" width=\"985\">\n<tbody>\n<tr>\n<td><strong>PROF. DR. PAULO ROBERTO BARBOSA EVORA \u2013 Cirurgia Tor\u00e1cica e Cardiovascular<\/strong><\/td>\n<\/tr>\n<tr>\n<td>Fone: (<span id=\"skype_c2c_container\" dir=\"ltr\"><span dir=\"ltr\"><span id=\"non_free_num_ui\">16) 3602-2857<\/span><\/span><\/span> E-mail: <a>prbevora@fmrp.usp.br<\/a><\/td>\n<\/tr>\n<tr>\n<td><a href=\"http:\/\/lattes.cnpq.br\/1504976388043220\">Curriculum Lattes<\/a> <a href=\"http:\/\/www.ncbi.nlm.nih.gov\/entrez\/query.fcgi?cmd=PureSearch&amp;db=pubmed&amp;details_term=evora%20pr%5BAuthor%5D%20OR%20(evora%20p%5BAuthor%5D%20AND%20(%22verapamil%22%5BMeSH%20Terms%5D%20OR%20verapamil%5BText%20Word%5D))\">PubMed<\/a><\/td>\n<\/tr>\n<tr>\n<td><\/td>\n<\/tr>\n<tr>\n<td><strong>Linhas de Pesquisas:<\/strong><\/td>\n<\/tr>\n<tr>\n<td>1) Avalia\u00e7\u00e3o Funcional e Fisioterapia Perioperat\u00f3ria<\/td>\n<\/tr>\n<tr>\n<td>2) Fun\u00e7\u00e3o Vascular<\/td>\n<\/tr>\n<tr>\n<td>3) Isquemia e Reperfus\u00e3o<\/td>\n<\/tr>\n<\/tbody>\n<\/table>\n<\/td>\n<\/tr>\n<tr>\n<td><a href=\"http:\/\/sites.usp.br\/pgcirurgia\/wp-content\/uploads\/sites\/120\/2016\/04\/RicardoSantosdeOliveira.jpg\" rel=\"lightbox[335]\"><img loading=\"lazy\" decoding=\"async\" src=\"http:\/\/sites.usp.br\/pgcirurgia\/wp-content\/uploads\/sites\/120\/2016\/04\/RicardoSantosdeOliveira.jpg\" alt=\"RicardoSantosdeOliveira\" width=\"77\" height=\"114\" \/><\/a><\/td>\n<td>\n<table style=\"height: 235px;\" width=\"978\">\n<tbody>\n<tr>\n<td><strong>PROF. DR. RICARDO SANTOS DE OLIVEIRA \u2013 Neurocirurgia Pedi\u00e1trica<\/strong><\/td>\n<\/tr>\n<tr>\n<td>Fone: <span id=\"skype_c2c_container\" dir=\"ltr\"><span dir=\"ltr\"><span id=\"non_free_num_ui\">(16) 3602-2593<\/span><\/span><\/span> E-mail: <a>rsoliveira30@gmail.com<\/a><\/td>\n<\/tr>\n<tr>\n<td><a href=\"http:\/\/buscatextual.cnpq.br\/buscatextual\/visualizacv.do?id=K4705623J3\">Curriculum Lattes<\/a> <a href=\"http:\/\/www.ncbi.nlm.nih.gov\/pubmed?term=RICARDO%20SANTOS%20OLIVEIRA\">PubMed<\/a><\/td>\n<\/tr>\n<tr>\n<td><\/td>\n<\/tr>\n<tr>\n<td><strong>Linhas de Pesquisas:<\/strong><\/td>\n<\/tr>\n<tr>\n<td>1) Estudos Morfofuncionais em Cirurgia<\/td>\n<\/tr>\n<tr>\n<td>2) Oncologia Cir\u00fargica Translacional<\/td>\n<\/tr>\n<tr>\n<td>3) Regenera\u00e7\u00e3o e Reconstru\u00e7\u00e3o Tecidual<\/td>\n<\/tr>\n<\/tbody>\n<\/table>\n<\/td>\n<\/tr>\n<tr>\n<td><a href=\"http:\/\/sites.usp.br\/pgcirurgia\/wp-content\/uploads\/sites\/120\/2016\/04\/rodolfo.jpg\" rel=\"lightbox[335]\"><img loading=\"lazy\" decoding=\"async\" src=\"http:\/\/sites.usp.br\/pgcirurgia\/wp-content\/uploads\/sites\/120\/2016\/04\/rodolfo.jpg\" alt=\"rodolfo\" width=\"77\" height=\"113\" \/><\/a><\/td>\n<td>\n<table style=\"height: 235px;\" width=\"996\">\n<tbody>\n<tr>\n<td><strong>PROF. DR. RODOLFO BORGES DOS REIS \u2013 Urologia<\/strong><\/td>\n<\/tr>\n<tr>\n<td>Fone: <span id=\"skype_c2c_container\" dir=\"ltr\"><span dir=\"ltr\"><span id=\"non_free_num_ui\">(16) 3602-2506<\/span><\/span><\/span> E-mail: <a>rodolforeis@fmrp.usp.br<\/a><\/td>\n<\/tr>\n<tr>\n<td><a href=\"http:\/\/lattes.cnpq.br\/8812763405170343\">Curriculum Lattes<\/a> <a href=\"http:\/\/www.ncbi.nlm.nih.gov\/entrez\/query.fcgi?cmd=PureSearch&amp;db=pubmed&amp;details_term=tirapelli%20lf%5BAuthor%5D\">PubMed<\/a><\/td>\n<\/tr>\n<tr>\n<td><\/td>\n<\/tr>\n<tr>\n<td><strong>Linhas de Pesquisas:<\/strong><\/td>\n<\/tr>\n<tr>\n<td>1) Marcadores Tumorais Urin\u00e1rios e Teciduais<\/td>\n<\/tr>\n<tr>\n<td>2) Altera\u00e7\u00f5es do Genoma e Metabolismo Mitocondrial no C\u00e2ncer<\/td>\n<\/tr>\n<tr>\n<td>3) Aspectos Cir\u00fargicos e Cl\u00ednicos do C\u00e2ncer Urol\u00f3gico<\/td>\n<\/tr>\n<\/tbody>\n<\/table>\n<\/td>\n<\/tr>\n<tr>\n<td><a href=\"http:\/\/sites.usp.br\/pgcirurgia\/wp-content\/uploads\/sites\/120\/2016\/04\/silvio.jpg\" rel=\"lightbox[335]\"><img loading=\"lazy\" decoding=\"async\" src=\"http:\/\/sites.usp.br\/pgcirurgia\/wp-content\/uploads\/sites\/120\/2016\/04\/silvio.jpg\" alt=\"silvio\" width=\"77\" height=\"113\" \/><\/a><\/td>\n<td>\n<table style=\"height: 235px;\" width=\"1016\">\n<tbody>\n<tr>\n<td><strong>PROF. DR. SILVIO TUCCI JUNIOR \u2013 Urologia<\/strong><\/td>\n<\/tr>\n<tr>\n<td>Fone: <span id=\"skype_c2c_container\" dir=\"ltr\"><span dir=\"ltr\"><span id=\"non_free_num_ui\">(16) 3602-2453<\/span><\/span><\/span> E-mail : <a>stucci49@gmail.com <\/a><\/td>\n<\/tr>\n<tr>\n<td><a href=\"http:\/\/lattes.cnpq.br\/8998761763311100\">Curriculum Lattes<\/a> <a href=\"http:\/\/www.ncbi.nlm.nih.gov\/entrez\/query.fcgi?cmd=PureSearch&amp;db=pubmed&amp;details_term=%28tucci%20jr%5BAuthor%5D%20AND%20s%5BAll%20Fields%5D%29%20OR%20tucci%20s%5BAuthor%5D\">PubMed<\/a><\/td>\n<\/tr>\n<tr>\n<td><\/td>\n<\/tr>\n<tr>\n<td><strong>Linha de Pesquisa:<\/strong><\/td>\n<\/tr>\n<tr>\n<td>1) Biologia dos Transplantes de \u00d3rg\u00e3os e Tecidos<\/td>\n<\/tr>\n<tr>\n<td>2) Estudo da Resposta Org\u00e2nica ao Trauma<\/td>\n<\/tr>\n<tr>\n<td>3) Isquemia e Reperfus\u00e3o<\/td>\n<\/tr>\n<\/tbody>\n<\/table>\n<\/td>\n<\/tr>\n<tr>\n<td><a href=\"http:\/\/sites.usp.br\/pgcirurgia\/wp-content\/uploads\/sites\/120\/2016\/04\/walter.jpg\" rel=\"lightbox[335]\"><img loading=\"lazy\" decoding=\"async\" src=\"http:\/\/sites.usp.br\/pgcirurgia\/wp-content\/uploads\/sites\/120\/2016\/04\/walter.jpg\" alt=\"walter\" width=\"77\" height=\"113\" \/><\/a><\/td>\n<td>\n<table style=\"height: 200px;\" width=\"1000\">\n<tbody>\n<tr>\n<td><strong>PROF. DR. WALTER VILLELA DE ANDRADE VICENTE \u2013 Cirurgia Tor\u00e1cica e Cardiovascular<\/strong><\/td>\n<\/tr>\n<tr>\n<td><span id=\"skype_c2c_container\" dir=\"ltr\"><span dir=\"ltr\"><span id=\"non_free_num_ui\">Fone: (16) 3602-2857<\/span><\/span><\/span> e-mail : <a>wvvicent@fmrp.usp.br<\/a><\/td>\n<\/tr>\n<tr>\n<td><a href=\"http:\/\/buscatextual.cnpq.br\/buscatextual\/visualizacv.do?id=K4788044J3\">Curriculum Lattes <\/a> <a href=\"http:\/\/www.ncbi.nlm.nih.gov\/pubmed?term=Vicente%2C%20Walter%20Villela%20De%20Andrade%5BFull%20Author%20Name%5D%20OR%20De%20Andrade%20Vicente%2C%20Walter%20Villela%5BFull%20Author%20Name%5D&amp;cmd=DetailsSearc\">PubMed<\/a><\/td>\n<\/tr>\n<tr>\n<td><\/td>\n<\/tr>\n<tr>\n<td><strong>Linha de Pesquisa:<\/strong><\/td>\n<\/tr>\n<tr>\n<td>1) Estudos Morfofuncionais em Cirurgia<\/td>\n<\/tr>\n<\/tbody>\n<\/table>\n<\/td>\n<\/tr>\n<tr>\n<td><a href=\"http:\/\/sites.usp.br\/pgcirurgia\/wp-content\/uploads\/sites\/120\/2016\/04\/WilsonSalgadoJr.jpg\" rel=\"lightbox[335]\"><img loading=\"lazy\" decoding=\"async\" src=\"http:\/\/sites.usp.br\/pgcirurgia\/wp-content\/uploads\/sites\/120\/2016\/04\/WilsonSalgadoJr.jpg\" alt=\"WilsonSalgadoJr\" width=\"77\" height=\"114\" \/><\/a><\/td>\n<td>\n<table style=\"height: 200px;\" width=\"976\">\n<tbody>\n<tr>\n<td><strong>PROF. DR. WILSON SALGADO JUNIOR \u2013 N\u00facleo de Assist\u00eancia a Cirurgia Prim\u00e1ria e Secund\u00e1ria<\/strong><\/td>\n<\/tr>\n<tr>\n<td>Fone:(16) 3602-2593 E-mail : <a>wsalgado@fmrp.usp.br<\/a><\/td>\n<\/tr>\n<tr>\n<td><a href=\"http:\/\/lattes.cnpq.br\/1703347592131161\">Curriculum Lattes<\/a> <a href=\"http:\/\/www.ncbi.nlm.nih.gov\/pubmed?term=WILSON%20SALGADO%20JUNIOR\">PubMed<\/a><\/td>\n<\/tr>\n<tr>\n<td><\/td>\n<\/tr>\n<tr>\n<td><strong>Linhas de Pesquisa:<\/strong><\/td>\n<\/tr>\n<tr>\n<td>1) Nutri\u00e7\u00e3o e Metabolismo em Cirurgia<\/td>\n<\/tr>\n<\/tbody>\n<\/table>\n<\/td>\n<\/tr>\n<\/tbody>\n<\/table>\n<\/article>\n<p><\/p>","protected":false},"excerpt":{"rendered":"<p>PROF. DR. ALFREDO JOS\u00c9 RODRIGUES \u2013 Cirurgia Tor\u00e1cica e Cardiovascular Fone: (16) 3602-2857 E-mail: alfredo@fmrp.usp.br Curriculum Lattes PubMed Linhas de Pesquisa: 1) Avalia\u00e7\u00e3o Funcional e Fisioterapia Perioperat\u00f3ria 2) Fun\u00e7\u00e3o Vascular 3) Estudo da Resposta Org\u00e2nica ao Trauma PROF. DR. BENEDICTO OSCAR COLLI \u2013 Neurocirurgia Fone: (16) 3602-2498 E-mail: bocolli@fmrp.usp.br Curriculum Lattes PubMed Linhas de Pesquisas: 1) Estudos Morfofuncionais em Cirurgia 2) Isquemia e Reperfus\u00e3o 3) Oncologia Cir\u00fargica Translacional PROF. DR. CARLOS GILBERTO CARLOTTI JR \u2013 Neurocirurgia Fone: (16) 3602-2498 E-mail : carlotti@fmrp.usp.br Curriculum Lattes PubMed Linhas de Pesquisas: 1) Estudo da Epilepsia de Dif\u00edcil Controle 2) Oncologia Cir\u00fargica Translacional PROFA. DRA. DANIELA PRETTI DA CUNHA TIRAPELLI \u2013 Anatomia Fone: (16) 3315-3305 E-mail : daniela@fmrp.usp.br Curriculum Lattes PubMed Linhas de Pesquisas: 1) Estudo da Epilepsia de Dif\u00edcil Controle 2) Oncologia Cir\u00fargica Translacional PROF. DR. EDWALDO EDNER JOVILIANO \u2013 Cirurgia Vascular e Endovascular Fone: (16) 3602-2406 E-mail : eejov@fmrp.usp.br Curriculum Lattes PubMed Linhas de Pesquisas: 1) Fun\u00e7\u00e3o Vascular 2) Isquemia e Reperfus\u00e3o PROF. DR. H\u00c9LIO RUBENS MACHADO \u2013 Neurocirurgia Fone: (16) 3602-2498 E-mail : hrmachad@fmrp.usp.br Curriculum Lattes PubMed Linhas de Pesquisas: 1) Estudo da Epilepsia de Dif\u00edcil Controle 2) Estudos Morfofuncionais em Cirurgia 3) Oncologia Cir\u00fargica Translacional PROF. DR. JOS\u00c9 SEBASTI\u00c3O DOS [&#8230;]<\/p>\n","protected":false},"author":148,"featured_media":0,"parent":0,"menu_order":0,"comment_status":"closed","ping_status":"closed","template":"","meta":{"footnotes":"","_links_to":"","_links_to_target":""},"class_list":["post-1207","page","type-page","status-publish","hentry"],"_links":{"self":[{"href":"https:\/\/sites.usp.br\/prpg\/en\/wp-json\/wp\/v2\/pages\/1207","targetHints":{"allow":["GET"]}}],"collection":[{"href":"https:\/\/sites.usp.br\/prpg\/en\/wp-json\/wp\/v2\/pages"}],"about":[{"href":"https:\/\/sites.usp.br\/prpg\/en\/wp-json\/wp\/v2\/types\/page"}],"author":[{"embeddable":true,"href":"https:\/\/sites.usp.br\/prpg\/en\/wp-json\/wp\/v2\/users\/148"}],"replies":[{"embeddable":true,"href":"https:\/\/sites.usp.br\/prpg\/en\/wp-json\/wp\/v2\/comments?post=1207"}],"version-history":[{"count":4,"href":"https:\/\/sites.usp.br\/prpg\/en\/wp-json\/wp\/v2\/pages\/1207\/revisions"}],"predecessor-version":[{"id":2650,"href":"https:\/\/sites.usp.br\/prpg\/en\/wp-json\/wp\/v2\/pages\/1207\/revisions\/2650"}],"wp:attachment":[{"href":"https:\/\/sites.usp.br\/prpg\/en\/wp-json\/wp\/v2\/media?parent=1207"}],"curies":[{"name":"wp","href":"https:\/\/api.w.org\/{rel}","templated":true}]}}