{"id":1257,"date":"2016-08-02T11:24:34","date_gmt":"2016-08-02T14:24:34","guid":{"rendered":"http:\/\/sites.usp.br\/prpg\/?page_id=1257"},"modified":"2021-03-25T18:41:41","modified_gmt":"2021-03-25T21:41:41","slug":"formularios-2","status":"publish","type":"page","link":"https:\/\/sites.usp.br\/prpg\/en\/formularios-2\/","title":{"rendered":"Forms"},"content":{"rendered":"<p><\/p>\n<h3>Form for students<\/h3>\n<ul>\n<li><a href=\"http:\/\/www.poli.usp.br\/images\/stories\/media\/download\/posgraduacao\/FormsAlunos\/ficha-cadastral-dados-pessoais.docx\" target=\"_blank\" rel=\"noopener noreferrer\">Ficha Cadastral para atualiza\u00e7\u00e3o dos dados pessoais<\/a><\/li>\n<li><a href=\"http:\/\/www.poli.usp.br\/images\/stories\/media\/download\/posgraduacao\/FormsAlunos\/1-RequerimentoMatricula.doc\">Requerimento de matr\u00edcula<\/a><\/li>\n<li><a href=\"http:\/\/www.poli.usp.br\/images\/stories\/media\/download\/posgraduacao\/FormsAlunos\/2-AlteracaoMatricula-ExclusaoDisciplinas.doc\">Altera\u00e7\u00e3o de matr\u00edcula &#8211; exclus\u00e3o de disciplinas<\/a><\/li>\n<li><a href=\"http:\/\/www.poli.usp.br\/images\/stories\/media\/download\/posgraduacao\/FormsAlunos\/3-AlteracaoMatricula-InclusaoDisciplinas.doc\">Altera\u00e7\u00e3o de matr\u00edcula &#8211; inclus\u00e3o de disciplinas<\/a><\/li>\n<li><a href=\"http:\/\/www.poli.usp.br\/images\/stories\/media\/download\/posgraduacao\/FormsAlunos\/4-SolicitacaoAproveitamentoCreditos-DiciplinasCursadasForaUSP.doc\">Solicita\u00e7\u00e3o de aproveitamento de cr\u00e9ditos de diciplinas cursadas fora da USP<\/a><\/li>\n<li><a href=\"http:\/\/www.poli.usp.br\/images\/stories\/media\/download\/posgraduacao\/FormsAlunos\/5-SolicitacaoAproveitamentoCreditos-CursadosComoAlunoEspecial.doc\">Solicita\u00e7\u00e3o de aproveitamento de cr\u00e9ditos cursados como aluno especial<\/a><\/li>\n<li><a href=\"http:\/\/www.poli.usp.br\/images\/stories\/media\/download\/posgraduacao\/FormsAlunos\/7-SolicitacaoAuxilioAluno.doc\">Solicita\u00e7\u00e3o de aux\u00edlio aluno<\/a><\/li>\n<li><a href=\"http:\/\/www.poli.usp.br\/images\/stories\/media\/download\/posgraduacao\/FormsAlunos\/8-TransferenciaOrientador.doc\">Transfer\u00eancia do orientador<\/a><\/li>\n<li><a href=\"http:\/\/www.poli.usp.br\/images\/stories\/media\/download\/posgraduacao\/FormsAlunos\/12-SolicitacaoTrancamento.doc\">Solicita\u00e7\u00e3o de trancamento<\/a><\/li>\n<li><a href=\"http:\/\/www.poli.usp.br\/images\/stories\/media\/download\/posgraduacao\/FormsAlunos\/13-SolicitacaoDesligamentoPrograma.doc\">Solicita\u00e7\u00e3o de desligamento do programa<\/a><\/li>\n<li><a href=\"http:\/\/www.poli.usp.br\/pt\/ensino\/pos-graduacao\/cpg\/criterios-para-padronizacao-dos-exemplares-de-dissertacoes-e-teses.html\">Padroniza\u00e7\u00e3o dos exemplares de disserta\u00e7\u00e3o e tese<\/a><\/li>\n<li><a href=\"http:\/\/www.teses.usp.br\/index.php?option=com_phocadownload&amp;view=category&amp;id=1%3Aautorizao&amp;download=1%3Aautorizao&amp;Itemid=124&amp;lang=en\">Formul\u00e1rio de autoriza\u00e7\u00e3o para submiss\u00e3o<\/a><\/li>\n<li><a href=\"http:\/\/www.teses.usp.br\/index.php?option=com_phocadownload&amp;view=category&amp;id=1%3Aautorizao&amp;download=3%3Adados-de-teses-e-dissertaes&amp;Itemid=124&amp;lang=en\">Formul\u00e1rio contendo dados da tese ou disserta\u00e7\u00e3o<\/a><\/li>\n<li><a href=\"http:\/\/www.poli.usp.br\/images\/stories\/media\/download\/posgraduacao\/FormsAlunos\/Edicao-Revisada-Teses-Dissertacoes.doc\" target=\"_blank\" rel=\"noopener noreferrer\">Procedimentos para a Edi\u00e7\u00e3o Revisada de Teses e Disserta\u00e7\u00f5es<\/a><\/li>\n<li><a href=\"http:\/\/www.poli.usp.br\/images\/stories\/media\/download\/posgraduacao\/FormsAlunos\/form-deposito-dissertacao-mecanica.docx\" target=\"_blank\" rel=\"noopener noreferrer\">Formul\u00e1rio de dep\u00f3sito de disserta\u00e7\u00e3o &#8211; Eng. Mec\u00e2nica<\/a><\/li>\n<li><a href=\"http:\/\/www.poli.usp.br\/images\/stories\/media\/download\/posgraduacao\/FormsAlunos\/form-deposito-tese-mecanica.docx\" target=\"_blank\" rel=\"noopener noreferrer\">Formul\u00e1rio de dep\u00f3sito de tese &#8211; Eng. Mec\u00e2nica<\/a><\/li>\n<li><a href=\"http:\/\/www.poli.usp.br\/images\/stories\/media\/download\/posgraduacao\/FormsAlunos\/form-deposito-eng-eletrica.doc\" target=\"_blank\" rel=\"noopener noreferrer\">Formul\u00e1rio de dep\u00f3sito &#8211; Eng. El\u00e9trica<\/a><\/li>\n<li><a href=\"http:\/\/www.poli.usp.br\/images\/stories\/media\/download\/posgraduacao\/FormsAlunos\/form-deposito-tese-naval-transportes.doc\" target=\"_blank\" rel=\"noopener noreferrer\">Formul\u00e1rio de dep\u00f3sito &#8211; Eng. Naval e Transportes<\/a><\/li>\n<li><a href=\"http:\/\/www.poli.usp.br\/images\/stories\/media\/download\/posgraduacao\/FormsAlunos\/form-deposito-tese-hidraulica.doc\" target=\"_blank\" rel=\"noopener noreferrer\">Formul\u00e1rio de deposito &#8211; Eng. Hidr\u00e1ulica<\/a><\/li>\n<li><a href=\"http:\/\/www.poli.usp.br\/images\/stories\/media\/download\/posgraduacao\/FormsAlunos\/Deposito-Eng-Mineral.docx\" target=\"_blank\" rel=\"noopener noreferrer\">Formul\u00e1rio de deposito &#8211; Eng. Mineral<\/a><\/li>\n<li><a href=\"http:\/\/www.poli.usp.br\/images\/stories\/media\/download\/posgraduacao\/FormsAlunos\/form-deposito-tese-demais-areas.doc\" target=\"_blank\" rel=\"noopener noreferrer\">Formul\u00e1rio de deposito &#8211; Demais \u00e1reas<\/a><\/li>\n<\/ul>\n<p><\/p>","protected":false},"excerpt":{"rendered":"<p>Form for students Ficha Cadastral para atualiza\u00e7\u00e3o dos dados pessoais Requerimento de matr\u00edcula Altera\u00e7\u00e3o de matr\u00edcula &#8211; exclus\u00e3o de disciplinas Altera\u00e7\u00e3o de matr\u00edcula &#8211; inclus\u00e3o de disciplinas Solicita\u00e7\u00e3o de aproveitamento de cr\u00e9ditos de diciplinas cursadas fora da USP Solicita\u00e7\u00e3o de aproveitamento de cr\u00e9ditos cursados como aluno especial Solicita\u00e7\u00e3o de aux\u00edlio aluno Transfer\u00eancia do orientador Solicita\u00e7\u00e3o de trancamento Solicita\u00e7\u00e3o de desligamento do programa Padroniza\u00e7\u00e3o dos exemplares de disserta\u00e7\u00e3o e tese Formul\u00e1rio de autoriza\u00e7\u00e3o para submiss\u00e3o Formul\u00e1rio contendo dados da tese ou disserta\u00e7\u00e3o Procedimentos para a Edi\u00e7\u00e3o Revisada de Teses e Disserta\u00e7\u00f5es Formul\u00e1rio de dep\u00f3sito de disserta\u00e7\u00e3o &#8211; Eng. Mec\u00e2nica Formul\u00e1rio de dep\u00f3sito de tese &#8211; Eng. Mec\u00e2nica Formul\u00e1rio de dep\u00f3sito &#8211; Eng. El\u00e9trica Formul\u00e1rio de dep\u00f3sito &#8211; Eng. Naval e Transportes Formul\u00e1rio de deposito &#8211; Eng. Hidr\u00e1ulica Formul\u00e1rio de deposito &#8211; Eng. Mineral Formul\u00e1rio de deposito &#8211; Demais \u00e1reas<\/p>\n","protected":false},"author":148,"featured_media":0,"parent":0,"menu_order":0,"comment_status":"closed","ping_status":"closed","template":"","meta":{"footnotes":"","_links_to":"","_links_to_target":""},"class_list":["post-1257","page","type-page","status-publish","hentry"],"_links":{"self":[{"href":"https:\/\/sites.usp.br\/prpg\/en\/wp-json\/wp\/v2\/pages\/1257","targetHints":{"allow":["GET"]}}],"collection":[{"href":"https:\/\/sites.usp.br\/prpg\/en\/wp-json\/wp\/v2\/pages"}],"about":[{"href":"https:\/\/sites.usp.br\/prpg\/en\/wp-json\/wp\/v2\/types\/page"}],"author":[{"embeddable":true,"href":"https:\/\/sites.usp.br\/prpg\/en\/wp-json\/wp\/v2\/users\/148"}],"replies":[{"embeddable":true,"href":"https:\/\/sites.usp.br\/prpg\/en\/wp-json\/wp\/v2\/comments?post=1257"}],"version-history":[{"count":4,"href":"https:\/\/sites.usp.br\/prpg\/en\/wp-json\/wp\/v2\/pages\/1257\/revisions"}],"predecessor-version":[{"id":2642,"href":"https:\/\/sites.usp.br\/prpg\/en\/wp-json\/wp\/v2\/pages\/1257\/revisions\/2642"}],"wp:attachment":[{"href":"https:\/\/sites.usp.br\/prpg\/en\/wp-json\/wp\/v2\/media?parent=1257"}],"curies":[{"name":"wp","href":"https:\/\/api.w.org\/{rel}","templated":true}]}}