{"id":1314,"date":"2016-08-03T12:00:00","date_gmt":"2016-08-03T15:00:00","guid":{"rendered":"http:\/\/sites.usp.br\/prpg\/?page_id=1314"},"modified":"2021-03-25T19:03:04","modified_gmt":"2021-03-25T22:03:04","slug":"para-orientadores","status":"publish","type":"page","link":"https:\/\/sites.usp.br\/prpg\/en\/para-orientadores\/","title":{"rendered":"Advisors"},"content":{"rendered":"<p>Coorientadores<br \/>\nCredenciamento e recredenciamento de orientadores<br \/>\nFormul\u00e1rio de proposta de disciplina<br \/>\nFormul\u00e1rio para parecer de equival\u00eancia de t<\/p>","protected":false},"excerpt":{"rendered":"<p>Coorientadores Credenciamento e recredenciamento de orientadores Formul\u00e1rio de proposta de disciplina Formul\u00e1rio para parecer de equival\u00eancia de t<\/p>\n","protected":false},"author":148,"featured_media":0,"parent":0,"menu_order":0,"comment_status":"closed","ping_status":"closed","template":"","meta":{"footnotes":"","_links_to":"","_links_to_target":""},"class_list":["post-1314","page","type-page","status-publish","hentry"],"_links":{"self":[{"href":"https:\/\/sites.usp.br\/prpg\/en\/wp-json\/wp\/v2\/pages\/1314","targetHints":{"allow":["GET"]}}],"collection":[{"href":"https:\/\/sites.usp.br\/prpg\/en\/wp-json\/wp\/v2\/pages"}],"about":[{"href":"https:\/\/sites.usp.br\/prpg\/en\/wp-json\/wp\/v2\/types\/page"}],"author":[{"embeddable":true,"href":"https:\/\/sites.usp.br\/prpg\/en\/wp-json\/wp\/v2\/users\/148"}],"replies":[{"embeddable":true,"href":"https:\/\/sites.usp.br\/prpg\/en\/wp-json\/wp\/v2\/comments?post=1314"}],"version-history":[{"count":4,"href":"https:\/\/sites.usp.br\/prpg\/en\/wp-json\/wp\/v2\/pages\/1314\/revisions"}],"predecessor-version":[{"id":2664,"href":"https:\/\/sites.usp.br\/prpg\/en\/wp-json\/wp\/v2\/pages\/1314\/revisions\/2664"}],"wp:attachment":[{"href":"https:\/\/sites.usp.br\/prpg\/en\/wp-json\/wp\/v2\/media?parent=1314"}],"curies":[{"name":"wp","href":"https:\/\/api.w.org\/{rel}","templated":true}]}}