{"id":1604,"date":"2016-10-27T15:06:55","date_gmt":"2016-10-27T17:06:55","guid":{"rendered":"http:\/\/sites.usp.br\/prpg\/?page_id=1604"},"modified":"2019-10-31T12:17:01","modified_gmt":"2019-10-31T15:17:01","slug":"aluno-regular","status":"publish","type":"page","link":"https:\/\/sites.usp.br\/prpg\/en\/aluno-regular\/","title":{"rendered":"Regular student"},"content":{"rendered":"<p><\/p>\n<table style=\"height: 42px;\" border=\"0\" width=\"468\" cellspacing=\"3\" cellpadding=\"5\">\n<tbody>\n<tr>\n<td bgcolor=\"#990000\">\n<div align=\"center\"><strong><span style=\"color: #ffffff;\">Ingresso de alunos regulares<\/span><\/strong><\/div>\n<\/td>\n<\/tr>\n<\/tbody>\n<\/table>\n<p align=\"justify\">Os interessados em ingressar no programa de P\u00f3s-Gradua\u00e7\u00e3o da Faculdade de Direito da USP dever\u00e3o ser aprovados em processo seletivo de ingresso, aberto anualmente conforme edital da Comiss\u00e3o de P\u00f3s-Gradua\u00e7\u00e3o. Os candidatos dever\u00e3o passar por tr\u00eas etapas eliminat\u00f3rias: prova de profici\u00eancia em idioma estrangeiro; prova dissertativa na \u00e1rea de concentra\u00e7\u00e3o escolhida e, finalmente, provas ou entrevistas com o professor orientador pretendido. Maiores detalhes clicar em <strong><a class=\"link3\" href=\"http:\/\/www.direito.usp.br\/pos\/arquivos\/edital_fd_pos_sel_02_2008.pdf\">EDITAL DAS PR\u00d3XIMAS FASES <\/a>(pdf)<\/strong><\/p>\n<p><strong>Profici\u00eancia em idiomas<\/strong><br \/>\nO candidato dever\u00e1 demonstrar profici\u00eancia em uma e duas l\u00ednguas estrangeiras para o Mestrado e Doutorado, respectivamente. Para esse fim, ser\u00e3o considerados somente os seguintes idiomas: ingl\u00eas, franc\u00eas, italiano e alem\u00e3o. N\u00e3o haver\u00e1 revis\u00e3o de prova de profici\u00eancia. Os candidatos estrangeiros dever\u00e3o comprovar profici\u00eancia na l\u00edngua portuguesa, al\u00e9m das profici\u00eancias em idioma estrangeiro.<\/p>\n<p>Os detalhes sobre as provas de profici\u00eancia em idiomas ser\u00e3o definidos em edital pr\u00f3prio divulgado anualmente pela Secretaria. Ver a se\u00e7\u00e3o <strong><a class=\"link3\" href=\"http:\/\/www.direito.usp.br\/pos\/pos_stricto_editais_01.php\">EDITAIS<\/a><\/strong> para maiores informa\u00e7\u00f5es.<\/p>\n<p align=\"justify\"><strong>Prova dissertativa<\/strong><br \/>\nOs candidatos a uma vaga de aluno regular que forem aprovados na prova ou provas de profici\u00eancia em idioma estrangeiro, ser\u00e3o submetidos a uma prova dissertativa de conhecimentos jur\u00eddicos na \u00e1rea de concentra\u00e7\u00e3o para a qual se inscreveram. Os detalhes sobre as provas ser\u00e3o definidos anualmente em edital pr\u00f3prio divulgado pela Secretaria de P\u00f3s-Gradua\u00e7\u00e3o. Ver a se\u00e7\u00e3o <strong><a class=\"link3\" href=\"http:\/\/www.direito.usp.br\/pos\/pos_stricto_editais_01.php\">EDITAIS<\/a><\/strong> para maiores informa\u00e7\u00f5es.<\/p>\n<p align=\"justify\"><strong>Fase de escolha pelo orientador<\/strong><br \/>\nOs candidatos a uma vaga de aluno regular que forem aprovados na prova dissertativa de conhecimentos jur\u00eddicos ser\u00e3o, finalmente, submetidos \u00e0 avalia\u00e7\u00e3o pelo orientador pretendido.<\/p>\n<p>O orientador poder\u00e1 aplicar novas provas espec\u00edficas, realizar entrevistas, analisar o projeto de pesquisa e o curr\u00edculo do interessado, para determinar os candidatos que ser\u00e3o aceitos para suas vagas no mestrado e doutorado.<\/p>\n<p>Para participar da terceira fase do processo seletivo, o candidato dever\u00e1 entregar os documentos exigidos pelo edital, incluindo um <a class=\"link3\" href=\"http:\/\/www.direito.usp.br\/pos\/pos_stricto_normas_01_2002_01.php\"><strong>projeto de pesquisa<\/strong><\/a> contendo os seguintes elementos: tema a ser desenvolvido e suas delimita\u00e7\u00f5es; justificativa da import\u00e2ncia do tema; as principais quest\u00f5es a serem analisadas; bibliografia preliminar. Nesta fase, o candidato tamb\u00e9m dever\u00e1 indicar a linha de pesquisa e o projeto acad\u00eamico no qual seu projeto individual de pesquisa se inclui.<\/p>\n<p>Os detalhes sobre a fase de escolha pelo orientador, bem como a lista de vagas dispon\u00edveis, ser\u00e3o divulgados oportunamente pela Secretaria de P\u00f3s-Gradua\u00e7\u00e3o. Ver a se\u00e7\u00e3o <strong><a class=\"link3\" href=\"http:\/\/www.direito.usp.br\/pos\/pos_stricto_editais_01.php\">EDITAIS<\/a><\/strong> para maiores informa\u00e7\u00f5es.<\/p>","protected":false},"excerpt":{"rendered":"<p>Ingresso de alunos regulares Os interessados em ingressar no programa de P\u00f3s-Gradua\u00e7\u00e3o da Faculdade de Direito da USP dever\u00e3o ser aprovados em processo seletivo de ingresso, aberto anualmente conforme edital da Comiss\u00e3o de P\u00f3s-Gradua\u00e7\u00e3o. Os candidatos dever\u00e3o passar por tr\u00eas etapas eliminat\u00f3rias: prova de profici\u00eancia em idioma estrangeiro; prova dissertativa na \u00e1rea de concentra\u00e7\u00e3o escolhida e, finalmente, provas ou entrevistas com o professor orientador pretendido. Maiores detalhes clicar em EDITAL DAS PR\u00d3XIMAS FASES (pdf) Profici\u00eancia em idiomas O candidato dever\u00e1 demonstrar profici\u00eancia em uma e duas l\u00ednguas estrangeiras para o Mestrado e Doutorado, respectivamente. Para esse fim, ser\u00e3o considerados somente os seguintes idiomas: ingl\u00eas, franc\u00eas, italiano e alem\u00e3o. N\u00e3o haver\u00e1 revis\u00e3o de prova de profici\u00eancia. Os candidatos estrangeiros dever\u00e3o comprovar profici\u00eancia na l\u00edngua portuguesa, al\u00e9m das profici\u00eancias em idioma estrangeiro. Os detalhes sobre as provas de profici\u00eancia em idiomas ser\u00e3o definidos em edital pr\u00f3prio divulgado anualmente pela Secretaria. Ver a se\u00e7\u00e3o EDITAIS para maiores informa\u00e7\u00f5es. Prova dissertativa Os candidatos a uma vaga de aluno regular que forem aprovados na prova ou provas de profici\u00eancia em idioma estrangeiro, ser\u00e3o submetidos a uma prova dissertativa de conhecimentos jur\u00eddicos na \u00e1rea de concentra\u00e7\u00e3o para a qual se inscreveram. Os detalhes sobre as provas [&#8230;]<\/p>\n","protected":false},"author":148,"featured_media":0,"parent":0,"menu_order":0,"comment_status":"closed","ping_status":"closed","template":"","meta":{"footnotes":"","_links_to":"","_links_to_target":""},"class_list":["post-1604","page","type-page","status-publish","hentry"],"_links":{"self":[{"href":"https:\/\/sites.usp.br\/prpg\/en\/wp-json\/wp\/v2\/pages\/1604","targetHints":{"allow":["GET"]}}],"collection":[{"href":"https:\/\/sites.usp.br\/prpg\/en\/wp-json\/wp\/v2\/pages"}],"about":[{"href":"https:\/\/sites.usp.br\/prpg\/en\/wp-json\/wp\/v2\/types\/page"}],"author":[{"embeddable":true,"href":"https:\/\/sites.usp.br\/prpg\/en\/wp-json\/wp\/v2\/users\/148"}],"replies":[{"embeddable":true,"href":"https:\/\/sites.usp.br\/prpg\/en\/wp-json\/wp\/v2\/comments?post=1604"}],"version-history":[{"count":4,"href":"https:\/\/sites.usp.br\/prpg\/en\/wp-json\/wp\/v2\/pages\/1604\/revisions"}],"predecessor-version":[{"id":2188,"href":"https:\/\/sites.usp.br\/prpg\/en\/wp-json\/wp\/v2\/pages\/1604\/revisions\/2188"}],"wp:attachment":[{"href":"https:\/\/sites.usp.br\/prpg\/en\/wp-json\/wp\/v2\/media?parent=1604"}],"curies":[{"name":"wp","href":"https:\/\/api.w.org\/{rel}","templated":true}]}}