{"id":1608,"date":"2016-10-27T15:08:36","date_gmt":"2016-10-27T17:08:36","guid":{"rendered":"http:\/\/sites.usp.br\/prpg\/?page_id=1608"},"modified":"2019-10-31T12:15:06","modified_gmt":"2019-10-31T15:15:06","slug":"aluno-especial","status":"publish","type":"page","link":"https:\/\/sites.usp.br\/prpg\/en\/aluno-especial\/","title":{"rendered":"Special student"},"content":{"rendered":"<p><\/p>\n<h1 class=\"page-title\">Special student<\/h1>\n<div class=\"region region-content\">\n<div id=\"block-system-main\" class=\"block block-system\">\n<div class=\"content\">\n<div class=\"content node-pagina\">\n<div class=\"field field-name-body field-type-text-with-summary field-label-hidden\">\n<div class=\"field-items\">\n<div class=\"field-item even\">\n<p>1. S\u00e3o considerados alunos especiais aqueles que desejem cursar apenas uma disciplina sem se inscrever no programa de p\u00f3s-gradua\u00e7\u00e3o, seja por estarem matriculados em outro programa de p\u00f3s-gradua\u00e7\u00e3o fora da USP, seja por j\u00e1 estarem inseridos no mercado de trabalho, ou ainda por cursarem gradua\u00e7\u00e3o no IFUSP e desejarem enriquecer seus estudos e\/ou projetos de inicia\u00e7\u00e3o cient\u00edfica.<\/p>\n<p>2. Os documentos necess\u00e1rios para a inscri\u00e7\u00e3o como aluno(a) especial s\u00e3o:<\/p>\n<p>&#8211; c\u00f3pia do hist\u00f3rico escolar de gradua\u00e7\u00e3o;<br \/>\n&#8211; c\u00f3pia do diploma de gradua\u00e7\u00e3o;<br \/>\n&#8211; c\u00f3pia da c\u00e9dula de identidade (para estrangeiros, c\u00f3pia do passaporte e do RNE);<br \/>\n&#8211; c\u00f3pia do CPF;<br \/>\n&#8211; carta solicitando a matr\u00edcula na disciplina com justificativa (assinada pelo\/a interessado\/a e pelo\/a orientador\/a, se houver);<br \/>\n&#8211; <strong><a href=\"https:\/\/portal.if.usp.br\/pg\/sites\/portal.if.usp.br.pg\/files\/formulario-matricula-inicial_0.pdf\">formul\u00e1rio de matr\u00edcula inicial<\/a><\/strong> devidamente preenchido;<br \/>\n&#8211; projeto de inicia\u00e7\u00e3o cient\u00edfica assinado pelo(a) interessado(a) e pelo orientador(a) &#8211; no caso de alunos de gradua\u00e7\u00e3o do IFUSP.<\/p>\n<p>Os documentos dever\u00e3o ser entregues pessoalmente \u00e0 CPG ou enviados pelo correio.<\/p>\n<p>Lembramos que a aceita\u00e7\u00e3o passar\u00e1 por an\u00e1lise da Comiss\u00e3o de P\u00f3s-Gradua\u00e7\u00e3o que levar\u00e1 em considera\u00e7\u00e3o, entre outros, fatores como o hist\u00f3rico escolar e o n\u00famero de vagas na disciplina. Com rela\u00e7\u00e3o aos alunos de gradua\u00e7\u00e3o do IFUSP, apenas aqueles com \u00f3timo hist\u00f3rico escolar e fazendo IC poder\u00e3o se matricular em disciplinas da p\u00f3s.<\/p>\n<\/div>\n<\/div>\n<\/div>\n<\/div>\n<\/div>\n<\/div>\n<\/div>\n<p><\/p>","protected":false},"excerpt":{"rendered":"<p>Special student 1. S\u00e3o considerados alunos especiais aqueles que desejem cursar apenas uma disciplina sem se inscrever no programa de p\u00f3s-gradua\u00e7\u00e3o, seja por estarem matriculados em outro programa de p\u00f3s-gradua\u00e7\u00e3o fora da USP, seja por j\u00e1 estarem inseridos no mercado de trabalho, ou ainda por cursarem gradua\u00e7\u00e3o no IFUSP e desejarem enriquecer seus estudos e\/ou projetos de inicia\u00e7\u00e3o cient\u00edfica. 2. Os documentos necess\u00e1rios para a inscri\u00e7\u00e3o como aluno(a) especial s\u00e3o: &#8211; c\u00f3pia do hist\u00f3rico escolar de gradua\u00e7\u00e3o; &#8211; c\u00f3pia do diploma de gradua\u00e7\u00e3o; &#8211; c\u00f3pia da c\u00e9dula de identidade (para estrangeiros, c\u00f3pia do passaporte e do RNE); &#8211; c\u00f3pia do CPF; &#8211; carta solicitando a matr\u00edcula na disciplina com justificativa (assinada pelo\/a interessado\/a e pelo\/a orientador\/a, se houver); &#8211; formul\u00e1rio de matr\u00edcula inicial devidamente preenchido; &#8211; projeto de inicia\u00e7\u00e3o cient\u00edfica assinado pelo(a) interessado(a) e pelo orientador(a) &#8211; no caso de alunos de gradua\u00e7\u00e3o do IFUSP. Os documentos dever\u00e3o ser entregues pessoalmente \u00e0 CPG ou enviados pelo correio. Lembramos que a aceita\u00e7\u00e3o passar\u00e1 por an\u00e1lise da Comiss\u00e3o de P\u00f3s-Gradua\u00e7\u00e3o que levar\u00e1 em considera\u00e7\u00e3o, entre outros, fatores como o hist\u00f3rico escolar e o n\u00famero de vagas na disciplina. Com rela\u00e7\u00e3o aos alunos de gradua\u00e7\u00e3o do IFUSP, apenas aqueles com \u00f3timo hist\u00f3rico escolar [&#8230;]<\/p>\n","protected":false},"author":148,"featured_media":0,"parent":0,"menu_order":0,"comment_status":"closed","ping_status":"closed","template":"page-full.php","meta":{"footnotes":"","_links_to":"","_links_to_target":""},"class_list":["post-1608","page","type-page","status-publish","hentry"],"_links":{"self":[{"href":"https:\/\/sites.usp.br\/prpg\/en\/wp-json\/wp\/v2\/pages\/1608","targetHints":{"allow":["GET"]}}],"collection":[{"href":"https:\/\/sites.usp.br\/prpg\/en\/wp-json\/wp\/v2\/pages"}],"about":[{"href":"https:\/\/sites.usp.br\/prpg\/en\/wp-json\/wp\/v2\/types\/page"}],"author":[{"embeddable":true,"href":"https:\/\/sites.usp.br\/prpg\/en\/wp-json\/wp\/v2\/users\/148"}],"replies":[{"embeddable":true,"href":"https:\/\/sites.usp.br\/prpg\/en\/wp-json\/wp\/v2\/comments?post=1608"}],"version-history":[{"count":4,"href":"https:\/\/sites.usp.br\/prpg\/en\/wp-json\/wp\/v2\/pages\/1608\/revisions"}],"predecessor-version":[{"id":2187,"href":"https:\/\/sites.usp.br\/prpg\/en\/wp-json\/wp\/v2\/pages\/1608\/revisions\/2187"}],"wp:attachment":[{"href":"https:\/\/sites.usp.br\/prpg\/en\/wp-json\/wp\/v2\/media?parent=1608"}],"curies":[{"name":"wp","href":"https:\/\/api.w.org\/{rel}","templated":true}]}}