{"id":1195,"date":"2016-08-01T15:39:07","date_gmt":"2016-08-01T18:39:07","guid":{"rendered":"http:\/\/sites.usp.br\/prpg\/?page_id=1195"},"modified":"2019-10-31T12:21:22","modified_gmt":"2019-10-31T15:21:22","slug":"apresentacao-2","status":"publish","type":"page","link":"https:\/\/sites.usp.br\/prpg\/apresentacao-2\/","title":{"rendered":"Apresenta\u00e7\u00e3o"},"content":{"rendered":"<p>Apresenta\u00e7\u00e3o<\/p>","protected":false},"excerpt":{"rendered":"<p>Apresenta\u00e7\u00e3o<\/p>\n","protected":false},"author":148,"featured_media":0,"parent":0,"menu_order":0,"comment_status":"closed","ping_status":"closed","template":"","meta":{"footnotes":"","_links_to":"","_links_to_target":""},"class_list":["post-1195","page","type-page","status-publish","hentry"],"_links":{"self":[{"href":"https:\/\/sites.usp.br\/prpg\/wp-json\/wp\/v2\/pages\/1195","targetHints":{"allow":["GET"]}}],"collection":[{"href":"https:\/\/sites.usp.br\/prpg\/wp-json\/wp\/v2\/pages"}],"about":[{"href":"https:\/\/sites.usp.br\/prpg\/wp-json\/wp\/v2\/types\/page"}],"author":[{"embeddable":true,"href":"https:\/\/sites.usp.br\/prpg\/wp-json\/wp\/v2\/users\/148"}],"replies":[{"embeddable":true,"href":"https:\/\/sites.usp.br\/prpg\/wp-json\/wp\/v2\/comments?post=1195"}],"version-history":[{"count":4,"href":"https:\/\/sites.usp.br\/prpg\/wp-json\/wp\/v2\/pages\/1195\/revisions"}],"predecessor-version":[{"id":2191,"href":"https:\/\/sites.usp.br\/prpg\/wp-json\/wp\/v2\/pages\/1195\/revisions\/2191"}],"wp:attachment":[{"href":"https:\/\/sites.usp.br\/prpg\/wp-json\/wp\/v2\/media?parent=1195"}],"curies":[{"name":"wp","href":"https:\/\/api.w.org\/{rel}","templated":true}]}}