{"id":1283,"date":"2016-08-03T11:17:10","date_gmt":"2016-08-03T14:17:10","guid":{"rendered":"http:\/\/sites.usp.br\/prpg\/?page_id=1283"},"modified":"2021-03-25T18:43:47","modified_gmt":"2021-03-25T21:43:47","slug":"informacoes-gerais","status":"publish","type":"page","link":"https:\/\/sites.usp.br\/prpg\/informacoes-gerais\/","title":{"rendered":"Informa\u00e7\u00f5es gerais"},"content":{"rendered":"<p>Informa\u00e7\u00f5es gerais<\/p>","protected":false},"excerpt":{"rendered":"<p>Informa\u00e7\u00f5es gerais<\/p>\n","protected":false},"author":148,"featured_media":0,"parent":0,"menu_order":0,"comment_status":"closed","ping_status":"closed","template":"","meta":{"footnotes":"","_links_to":"","_links_to_target":""},"class_list":["post-1283","page","type-page","status-publish","hentry"],"_links":{"self":[{"href":"https:\/\/sites.usp.br\/prpg\/wp-json\/wp\/v2\/pages\/1283","targetHints":{"allow":["GET"]}}],"collection":[{"href":"https:\/\/sites.usp.br\/prpg\/wp-json\/wp\/v2\/pages"}],"about":[{"href":"https:\/\/sites.usp.br\/prpg\/wp-json\/wp\/v2\/types\/page"}],"author":[{"embeddable":true,"href":"https:\/\/sites.usp.br\/prpg\/wp-json\/wp\/v2\/users\/148"}],"replies":[{"embeddable":true,"href":"https:\/\/sites.usp.br\/prpg\/wp-json\/wp\/v2\/comments?post=1283"}],"version-history":[{"count":4,"href":"https:\/\/sites.usp.br\/prpg\/wp-json\/wp\/v2\/pages\/1283\/revisions"}],"predecessor-version":[{"id":2644,"href":"https:\/\/sites.usp.br\/prpg\/wp-json\/wp\/v2\/pages\/1283\/revisions\/2644"}],"wp:attachment":[{"href":"https:\/\/sites.usp.br\/prpg\/wp-json\/wp\/v2\/media?parent=1283"}],"curies":[{"name":"wp","href":"https:\/\/api.w.org\/{rel}","templated":true}]}}