{"id":1299,"date":"2016-08-03T11:23:19","date_gmt":"2016-08-03T14:23:19","guid":{"rendered":"http:\/\/sites.usp.br\/prpg\/?page_id=1299"},"modified":"2021-03-25T18:45:18","modified_gmt":"2021-03-25T21:45:18","slug":"localizacao-e-equipe","status":"publish","type":"page","link":"https:\/\/sites.usp.br\/prpg\/localizacao-e-equipe\/","title":{"rendered":"Localiza\u00e7\u00e3o e Equipe"},"content":{"rendered":"<p><span style=\"color: #ff6600;\"><strong>Location<\/strong><\/span><\/p>\n<p>Rua do Mat\u00e3o, 1371<br \/>\nCEP 05508-090 &#8211; Cidade Universit\u00e1ria, S\u00e3o Paulo &#8211; Brasil<br \/>\nFone: (11) 3091-6901 Fax: (11) 3091-6700<br \/>\nE-mail: cpgusp@if.usp.br<\/p>\n<p><span style=\"color: #ff6600;\"><strong>Contato<\/strong><\/span><\/p>\n<p><span style=\"color: #ff0000;\"><strong><span style=\"color: #000000;\">Geral<\/span><\/strong><br \/>\n<\/span>Cl\u00e1udia Conde Barioni (cpgusp@if.usp.br);<\/p>\n<p><span style=\"color: #000000;\"><strong>Atendimento a alunos e orientadores, informa\u00e7\u00e3o sobre ingresso, matr\u00edculas, bolsas CAPES e CNPq, relat\u00f3rios anuais de atividades dos alunos e solicita\u00e7\u00e3o de emiss\u00e3o de atestados e declara\u00e7\u00f5es<\/strong><\/span><br \/>\nAndrea Wirkus (cpgaluno@if.usp.br) e \u00c9ber De Patto Lima (pgatende@if.usp.br);<\/p>\n<p><span style=\"color: #000000;\"><strong>PAE (Programa de Aperfei\u00e7oamento de Ensino)<\/strong><\/span><br \/>\nAndrea Wirkus (cpgaluno@if.usp.br);<\/p>\n<p><span style=\"color: #000000;\"><strong>Aux\u00edlios financeiros para participa\u00e7\u00e3o em eventos<\/strong><\/span><br \/>\n\u00c9ber De Patto Lima (pgatende@if.usp.br);<\/p>\n<p><span style=\"color: #000000;\"><strong>Coleta CAPES e contato com docentes sobre relat\u00f3rios anuais de atividades dos alunos<\/strong><\/span><br \/>\nAdriana No\u00e7ais Scatolin (cpgcapes@if.usp.br);<\/p>\n<p><span style=\"color: #000000;\"><strong>Dep\u00f3sitos e defesas de teses e disserta\u00e7\u00f5es<\/strong><\/span><br \/>\nPaula Cristina Rodrigues Mondini (cpgbanca@if.usp.br);<\/p>\n<p><span style=\"color: #000000;\"><strong>Exame de ingresso (EUF), coopera\u00e7\u00e3o internacional, editais da CPG, bolsas CNEN e PNPD\/CAPES<\/strong><\/span><br \/>\nRenata Matsumoto (cpgif@if.usp.br).<\/p>\n<p><span style=\"color: #ff6600;\"><strong>Hor\u00e1rio de Atendimento no Balc\u00e3o<\/strong><\/span><\/p>\n<p>Das 11h00 \u00e0s 11h30<br \/>\nDas 14h00 \u00e0s 15h00<\/p>","protected":false},"excerpt":{"rendered":"<p>Location Rua do Mat\u00e3o, 1371 CEP 05508-090 &#8211; Cidade Universit\u00e1ria, S\u00e3o Paulo &#8211; Brasil Fone: (11) 3091-6901 Fax: (11) 3091-6700 E-mail: cpgusp@if.usp.br Contato Geral Cl\u00e1udia Conde Barioni (cpgusp@if.usp.br); Atendimento a alunos e orientadores, informa\u00e7\u00e3o sobre ingresso, matr\u00edculas, bolsas CAPES e CNPq, relat\u00f3rios anuais de atividades dos alunos e solicita\u00e7\u00e3o de emiss\u00e3o de atestados e declara\u00e7\u00f5es Andrea Wirkus (cpgaluno@if.usp.br) e \u00c9ber De Patto Lima (pgatende@if.usp.br); PAE (Programa de Aperfei\u00e7oamento de Ensino) Andrea Wirkus (cpgaluno@if.usp.br); Aux\u00edlios financeiros para participa\u00e7\u00e3o em eventos \u00c9ber De Patto Lima (pgatende@if.usp.br); Coleta CAPES e contato com docentes sobre relat\u00f3rios anuais de atividades dos alunos Adriana No\u00e7ais Scatolin (cpgcapes@if.usp.br); Dep\u00f3sitos e defesas de teses e disserta\u00e7\u00f5es Paula Cristina Rodrigues Mondini (cpgbanca@if.usp.br); Exame de ingresso (EUF), coopera\u00e7\u00e3o internacional, editais da CPG, bolsas CNEN e PNPD\/CAPES Renata Matsumoto (cpgif@if.usp.br). Hor\u00e1rio de Atendimento no Balc\u00e3o Das 11h00 \u00e0s 11h30 Das 14h00 \u00e0s 15h00<\/p>\n","protected":false},"author":148,"featured_media":0,"parent":0,"menu_order":0,"comment_status":"closed","ping_status":"closed","template":"","meta":{"footnotes":"","_links_to":"","_links_to_target":""},"class_list":["post-1299","page","type-page","status-publish","hentry"],"_links":{"self":[{"href":"https:\/\/sites.usp.br\/prpg\/wp-json\/wp\/v2\/pages\/1299","targetHints":{"allow":["GET"]}}],"collection":[{"href":"https:\/\/sites.usp.br\/prpg\/wp-json\/wp\/v2\/pages"}],"about":[{"href":"https:\/\/sites.usp.br\/prpg\/wp-json\/wp\/v2\/types\/page"}],"author":[{"embeddable":true,"href":"https:\/\/sites.usp.br\/prpg\/wp-json\/wp\/v2\/users\/148"}],"replies":[{"embeddable":true,"href":"https:\/\/sites.usp.br\/prpg\/wp-json\/wp\/v2\/comments?post=1299"}],"version-history":[{"count":4,"href":"https:\/\/sites.usp.br\/prpg\/wp-json\/wp\/v2\/pages\/1299\/revisions"}],"predecessor-version":[{"id":2646,"href":"https:\/\/sites.usp.br\/prpg\/wp-json\/wp\/v2\/pages\/1299\/revisions\/2646"}],"wp:attachment":[{"href":"https:\/\/sites.usp.br\/prpg\/wp-json\/wp\/v2\/media?parent=1299"}],"curies":[{"name":"wp","href":"https:\/\/api.w.org\/{rel}","templated":true}]}}